{"id":13729,"date":"2024-11-23T21:21:19","date_gmt":"2024-11-23T13:21:19","guid":{"rendered":"https:\/\/shop.yipinqian.com\/crafted-as-lion-pendant-on-natural-type-a-jadeite-jade-with-qic-approved-labs-certificate-weighs-14-65-grams-measurement-28-1-14-8-15-mm-pendant348\/"},"modified":"2025-01-09T01:13:19","modified_gmt":"2025-01-08T17:13:19","slug":"crafted-as-lion-pendant-on-natural-type-a-jadeite-jade-with-qic-approved-labs-certificate-weighs-14-65-grams-measurement-28-1-14-8-15-mm-pendant348","status":"publish","type":"product","link":"https:\/\/shop.yipinqian.com\/pt\/produto\/crafted-as-lion-pendant-on-natural-type-a-jadeite-jade-with-qic-approved-labs-certificate-weighs-14-65-grams-measurement-28-1-14-8-15-mm-pendant348\/","title":{"rendered":"Feito como pingente de le\u00e3o em jade natural tipo A com certificado de laborat\u00f3rio aprovado pela QIC, pesa 14,65 gramas, medindo 28,1 * 14,8 * 15 mm (pendant348)"},"content":{"rendered":"<p>Este pingente de le\u00e3o feito de jade natural tipo A \u00e9 uma joia deslumbrante que exala eleg\u00e2ncia e sofistica\u00e7\u00e3o.<\/p>\n<p><\/p>\n<p>N\u00fameros de certificado: 5924022002372<\/p>\n<p><img fetchpriority=\"high\" decoding=\"async\" src=\"https:\/\/shop.yipinqian.com\/wp-content\/uploads\/2024\/11\/0049608f2a08437ea773b6ea7075d811tplv-aphluv4xwc-origin-jpeg.jpeg?dr=15568&#038;nonce=93261&#038;refresh_token=2913d76f6e0afa0f042a93dbc76f57ac&#038;from=476444299&#038;idc=my2&#038;ps=933b5bde&#038;shcp=9b759fb9&#038;shp=1c65f68b&#038;t=555f072d\" width=\"1200\" height=\"1600\"><\/p>\n<ul>\n<li>\n<strong>Peso e Medidas:<\/strong> Pesando 14,65 gramas, este pingente tem dimens\u00f5es de 28,1 * 14,8 * 15 mm, o que o torna um acess\u00f3rio substancial e us\u00e1vel.<\/li>\n<li>\n<strong>Qualidade garantida:<\/strong> Este pingente requintado vem com um certificado de laborat\u00f3rios aprovados pela QIC, garantindo sua autenticidade e qualidade.<\/li>\n<li>\n<strong>Origem do Jade:<\/strong> Origin\u00e1ria de Mianmar, esta pe\u00e7a mostra a beleza do artesanato em jade birman\u00eas.<\/li>\n<\/ul>\n<p><img decoding=\"async\" src=\"https:\/\/shop.yipinqian.com\/wp-content\/uploads\/2024\/11\/5385a407987346fabf9e138d0c816ce3tplv-aphluv4xwc-origin-jpeg.jpeg?dr=15568&#038;nonce=97594&#038;refresh_token=1b7e27ecd29416213beb56f8a199182e&#038;from=476444299&#038;idc=my2&#038;ps=933b5bde&#038;shcp=9b759fb9&#038;shp=1c65f68b&#038;t=555f072d\" width=\"1536\" height=\"2048\"><\/p>\n<p>Adequado para uso di\u00e1rio, este Pingente de Le\u00e3o em Jade\u00edte Natural Tipo A Jade \u00e9 projetado para complementar qualquer roupa sem esfor\u00e7o. O design unissex o torna um acess\u00f3rio vers\u00e1til para qualquer pessoa que queira adicionar um toque de sofistica\u00e7\u00e3o ao seu conjunto sem comprometer o estilo.<\/p>\n<ul>\n<li>\n<strong>Tipo de Jade:<\/strong> Feito de jade\u00edta de alta qualidade, conhecido por suas cores deslumbrantes e durabilidade<\/li>\n<li><strong>Estilo de colar:<\/strong><\/li>\n<\/ul>\n<p><strong>A jade\u00edta natural n\u00e3o \u00e9 perfeita, apenas um lembrete gentil, nossa jade\u00edta natural, como todas as coisas bonitas da natureza, vem com suas caracter\u00edsticas e varia\u00e7\u00f5es \u00fanicas. Convidamos nossos valiosos clientes a abra\u00e7ar essas varia\u00e7\u00f5es naturais. Boas compras!<\/strong><\/p>\n<p><\/p>\n<p><strong><u>Nenhuma das fotos e filmagens de v\u00eddeo foram filtradas. Incentivamos nossos clientes a tamb\u00e9m assistirem aos v\u00eddeos que os acompanham para uma vis\u00e3o mais abrangente de nossos produtos<\/u><\/strong><\/p>\n<p><\/p>\n<ul>\n<li>Diferentes plataformas s\u00f3 podem visualizar v\u00eddeos por meio do Desktop<\/li>\n<\/ul>","protected":false},"excerpt":{"rendered":"<p>This Lion Pendant crafted on Natural Type A Jadeite Jade is a stunning piece of jewelry that exudes elegance and sophistication. Certificate numbers: 5924022002372 Weight and Measurement: Weighing 14.65 grams, this pendant has dimensions of 28.1 * 14.8 * 15 mm, making it a substantial yet wearable accessory. Quality Assured: This exquisite pendant comes with [&hellip;]<\/p>","protected":false},"featured_media":13774,"comment_status":"open","ping_status":"closed","template":"","meta":[],"product_brand":[],"product_cat":[83,126,48],"product_tag":[139,52,55,175,58,73,74,60,61],"class_list":{"0":"post-13729","1":"product","2":"type-product","3":"status-publish","4":"has-post-thumbnail","6":"product_cat-jade-necklaces-pendants","7":"product_cat-new-arrivals","8":"product_cat-pendants","9":"product_tag-brown","10":"product_tag-certified","11":"product_tag-jadeite","12":"product_tag-lion","13":"product_tag-new-arrivals","14":"product_tag-pendant","15":"product_tag-qic-approved-certificate","16":"product_tag-type-a-jadeite","17":"product_tag-unisex","19":"first","20":"instock","21":"sale","22":"shipping-taxable","23":"purchasable","24":"product-type-simple"},"_links":{"self":[{"href":"https:\/\/shop.yipinqian.com\/pt\/wp-json\/wp\/v2\/product\/13729","targetHints":{"allow":["GET"]}}],"collection":[{"href":"https:\/\/shop.yipinqian.com\/pt\/wp-json\/wp\/v2\/product"}],"about":[{"href":"https:\/\/shop.yipinqian.com\/pt\/wp-json\/wp\/v2\/types\/product"}],"replies":[{"embeddable":true,"href":"https:\/\/shop.yipinqian.com\/pt\/wp-json\/wp\/v2\/comments?post=13729"}],"version-history":[{"count":0,"href":"https:\/\/shop.yipinqian.com\/pt\/wp-json\/wp\/v2\/product\/13729\/revisions"}],"wp:featuredmedia":[{"embeddable":true,"href":"https:\/\/shop.yipinqian.com\/pt\/wp-json\/wp\/v2\/media\/13774"}],"wp:attachment":[{"href":"https:\/\/shop.yipinqian.com\/pt\/wp-json\/wp\/v2\/media?parent=13729"}],"wp:term":[{"taxonomy":"product_brand","embeddable":true,"href":"https:\/\/shop.yipinqian.com\/pt\/wp-json\/wp\/v2\/product_brand?post=13729"},{"taxonomy":"product_cat","embeddable":true,"href":"https:\/\/shop.yipinqian.com\/pt\/wp-json\/wp\/v2\/product_cat?post=13729"},{"taxonomy":"product_tag","embeddable":true,"href":"https:\/\/shop.yipinqian.com\/pt\/wp-json\/wp\/v2\/product_tag?post=13729"}],"curies":[{"name":"wp","href":"https:\/\/api.w.org\/{rel}","templated":true}]}}