{"id":13727,"date":"2024-11-23T21:21:16","date_gmt":"2024-11-23T13:21:16","guid":{"rendered":"https:\/\/shop.yipinqian.com\/crafted-as-bean-pendant-on-natural-type-a-jadeite-jade-certificate-weighs-8-99-grams-measurement-45-3-17-5-6-7-mm-pendant347-5\/"},"modified":"2025-02-24T01:17:24","modified_gmt":"2025-02-23T17:17:24","slug":"crafted-as-bean-pendant-on-natural-type-a-jadeite-jade-certificate-weighs-8-99-grams-measurement-45-3-17-5-6-7-mm-pendant347-5","status":"publish","type":"product","link":"https:\/\/shop.yipinqian.com\/pt\/produto\/crafted-as-bean-pendant-on-natural-type-a-jadeite-jade-certificate-weighs-8-99-grams-measurement-45-3-17-5-6-7-mm-pendant347-5\/","title":{"rendered":"Feito como pingente de feij\u00e3o em jade natural tipo A, o certificado pesa 8,99 gramas, medindo 45,3 * 17,5 * 6,7 mm (pendant347 - #5)"},"content":{"rendered":"<p>Este Bean Pendant \u00e9 feito de Jade\u00edte Natural Tipo A, origin\u00e1rio de Myanmar. Ele vem com um certificado garantindo sua autenticidade, pesando 8,99 gramas e medindo 45,3 * 17,5 * 6,7 mm.<\/p>\n<p><\/p>\n<p>N\u00fameros de certificado: GD2204H002691<\/p>\n<p><img fetchpriority=\"high\" decoding=\"async\" src=\"https:\/\/shop.yipinqian.com\/wp-content\/uploads\/2024\/11\/d049daef1a264e8d9bdc9e6d40a75f41tplv-aphluv4xwc-origin-jpeg.jpeg?dr=15568&#038;nonce=94343&#038;refresh_token=417a9cc9a9d035da364a5d33b208f8b8&#038;from=476444299&#038;idc=my2&#038;ps=933b5bde&#038;shcp=9b759fb9&#038;shp=1c65f68b&#038;t=555f072d\" width=\"1536\" height=\"2048\"><\/p>\n<ul>\n<li>\n<strong>Material:<\/strong> Jade\u00edta Natural Tipo A Jade<\/li>\n<li>\n<strong>Peso:<\/strong> 8,99 gramas<\/li>\n<li>\n<strong>Medi\u00e7\u00e3o:<\/strong> 45,3 * 17,5 * 6,7 mil\u00edmetros<\/li>\n<li>\n<strong>Certificado:<\/strong> Sim<\/li>\n<li>\n<strong>Tipo de Jade:<\/strong> Jade\u00edta<\/li>\n<\/ul>\n<p><img decoding=\"async\" src=\"https:\/\/shop.yipinqian.com\/wp-content\/uploads\/2024\/11\/3697845ec7d7420c8c26b594c6499625tplv-aphluv4xwc-origin-jpeg.jpeg?dr=15568&#038;nonce=12985&#038;refresh_token=42d226b92c340b56c2a3f89ca44714c3&#038;from=476444299&#038;idc=my2&#038;ps=933b5bde&#038;shcp=9b759fb9&#038;shp=1c65f68b&#038;t=555f072d\" width=\"1536\" height=\"2048\"><\/p>\n<p>Este pingente unissex \u00e9 perfeito para uso di\u00e1rio, apresentando um estilo de colar casual que adiciona um toque de eleg\u00e2ncia a qualquer roupa.<\/p>\n<ul>\n<li>\n<strong>Ocasi\u00e3o: <\/strong>Di\u00e1rio<\/li>\n<\/ul>\n<p>Yi Pin Qian \u2013 Um negociante de pedras preciosas e metais preciosos em Cingapura \u2013 N\u00famero de licen\u00e7a PS20190000031<\/p>\n<p><\/p>\n<p>*Todos os Jadeites comprados de Yi Pin Qian em Cingapura, os clientes podem reservar hor\u00e1rios para polimento ou pequenos reparos por manuseio incorreto - taxas se aplicam e somente para clientes de Yi Pin Qian em Cingapura*<\/p>\n<p><\/p>\n<p><strong>**Tipos de Certificados**<\/strong><\/p>\n<p><\/p>\n<p><strong>NGI (Nan Yang Gemol\u00f3gico)<\/strong><\/p>\n<p>ou <strong>Certificados no exterior <\/strong>(Yi Pin Qian usa apenas certificados aut\u00eanticos de laborat\u00f3rios estrangeiros e tamb\u00e9m controla a qualidade de cada um dos nossos produtos antes de coloc\u00e1-los \u00e0 venda em Cingapura)<\/p>\n<p><\/p>\n<p>Cada produto no TikTok ter\u00e1 o tipo de certificado fornecido indicado na descri\u00e7\u00e3o. Para qualquer cliente que deseje enviar seu pedido para a NGI Singapore, haver\u00e1 um tempo de espera para entrega do pedido estimado em torno de 4 semanas para receber seu pedido. <strong>As solicita\u00e7\u00f5es de relat\u00f3rios de pedras preciosas da NGI precisam ser feitas por mensagem.<\/strong> Obrigado, <strong><u>taxas extras se aplicam<\/u><\/strong>.<\/p>\n<p><\/p>\n<p><strong>A jade\u00edta natural n\u00e3o \u00e9 perfeita, apenas um lembrete gentil, nossa jade\u00edta natural, como todas as coisas bonitas da natureza, vem com suas caracter\u00edsticas e varia\u00e7\u00f5es \u00fanicas. Convidamos nossos valiosos clientes a abra\u00e7ar essas varia\u00e7\u00f5es naturais. Boas compras!<\/strong><\/p>\n<p><\/p>\n<p><strong><u>Nenhuma das fotos e filmagens de v\u00eddeo foram filtradas. Incentivamos nossos clientes a tamb\u00e9m assistirem aos v\u00eddeos que os acompanham para uma vis\u00e3o mais abrangente de nossos produtos<\/u><\/strong><\/p>\n<p><\/p>\n<ul>\n<li>Diferentes plataformas s\u00f3 podem visualizar v\u00eddeos por meio do Desktop<\/li>\n<\/ul>\n<p><\/p>\n<p>.<\/p>","protected":false},"excerpt":{"rendered":"<p>Este pingente de feij\u00e3o \u00e9 feito de jade natural tipo A, origin\u00e1rio de Mianmar. Ele vem com um certificado garantindo sua autenticidade, pesando 8,99 gramas e medindo 45,3 * 17,5 * 6,7 mm. N\u00fameros do certificado: GD2204H002691 Material: Jade natural tipo A Peso: 8,99 gramas Medida: 45,3 * 17,5 * 6,7 mm Certificado: Sim Jade [\u2026]<\/p>","protected":false},"featured_media":13761,"comment_status":"open","ping_status":"closed","template":"","meta":[],"product_brand":[],"product_cat":[195],"product_tag":[52,53,112,55,56,58,73,75,59,60,61,62],"class_list":{"0":"post-13727","1":"product","2":"type-product","3":"status-publish","4":"has-post-thumbnail","6":"product_cat-heirloom-grade","7":"product_tag-certified","8":"product_tag-fine-quality","9":"product_tag-french-bean","10":"product_tag-jadeite","11":"product_tag-limited-editions","12":"product_tag-new-arrivals","13":"product_tag-pendant","14":"product_tag-traditional","15":"product_tag-translucent","16":"product_tag-type-a-jadeite","17":"product_tag-unisex","18":"product_tag-yi-pin-qian-exclusive","20":"first","21":"instock","22":"sale","23":"shipping-taxable","24":"purchasable","25":"product-type-simple"},"_links":{"self":[{"href":"https:\/\/shop.yipinqian.com\/pt\/wp-json\/wp\/v2\/product\/13727","targetHints":{"allow":["GET"]}}],"collection":[{"href":"https:\/\/shop.yipinqian.com\/pt\/wp-json\/wp\/v2\/product"}],"about":[{"href":"https:\/\/shop.yipinqian.com\/pt\/wp-json\/wp\/v2\/types\/product"}],"replies":[{"embeddable":true,"href":"https:\/\/shop.yipinqian.com\/pt\/wp-json\/wp\/v2\/comments?post=13727"}],"version-history":[{"count":0,"href":"https:\/\/shop.yipinqian.com\/pt\/wp-json\/wp\/v2\/product\/13727\/revisions"}],"wp:featuredmedia":[{"embeddable":true,"href":"https:\/\/shop.yipinqian.com\/pt\/wp-json\/wp\/v2\/media\/13761"}],"wp:attachment":[{"href":"https:\/\/shop.yipinqian.com\/pt\/wp-json\/wp\/v2\/media?parent=13727"}],"wp:term":[{"taxonomy":"product_brand","embeddable":true,"href":"https:\/\/shop.yipinqian.com\/pt\/wp-json\/wp\/v2\/product_brand?post=13727"},{"taxonomy":"product_cat","embeddable":true,"href":"https:\/\/shop.yipinqian.com\/pt\/wp-json\/wp\/v2\/product_cat?post=13727"},{"taxonomy":"product_tag","embeddable":true,"href":"https:\/\/shop.yipinqian.com\/pt\/wp-json\/wp\/v2\/product_tag?post=13727"}],"curies":[{"name":"wp","href":"https:\/\/api.w.org\/{rel}","templated":true}]}}