{"id":1363,"date":"2024-10-24T23:18:41","date_gmt":"2024-10-24T15:18:41","guid":{"rendered":"https:\/\/shop.yipinqian.com\/product\/good-quality-light-green-natural-type-a-jadeite-jade-crafted-as-cabbage-symbols-of-lucks-with-money-as-pendant-certificate-weighs-36-65-grams-measurement-62-5-28-6-13-1-mm-pendant267\/"},"modified":"2025-02-24T00:49:56","modified_gmt":"2025-02-23T16:49:56","slug":"good-quality-light-green-natural-type-a-jadeite-jade-crafted-as-cabbage-symbols-of-lucks-with-money-as-pendant-certificate-weighs-36-65-grams-measurement-62-5-28-6-13-1-mm-pendant267","status":"publish","type":"product","link":"https:\/\/shop.yipinqian.com\/pt\/produto\/good-quality-light-green-natural-type-a-jadeite-jade-crafted-as-cabbage-symbols-of-lucks-with-money-as-pendant-certificate-weighs-36-65-grams-measurement-62-5-28-6-13-1-mm-pendant267\/","title":{"rendered":"#Sold &#8211; Good Quality Light Green Natural Type A Jadeite Jade crafted as Cabbage symbols of Lucks with Money as Pendant, certificate weighs 36.65 grams, measurement 62.5 * 28.6 * 13.1 mm (pendant267)"},"content":{"rendered":"<p>#SOld &#8211; crafted as Cabbage symbols of Lucks<\/p>\n<p>Este pingente de jade\u00edta natural tipo A verde-claro de boa qualidade \u00e9 feito no formato de repolho, s\u00edmbolo da sorte com dinheiro, o que o torna uma pe\u00e7a \u00fanica e significativa.<\/p>\n<p>N\u00fameros de certificado: 910569044043<\/p>\n<p><img fetchpriority=\"high\" decoding=\"async\" class=\"alignnone\" src=\"https:\/\/shop.yipinqian.com\/wp-content\/uploads\/2024\/10\/079195461d018d0e0025d533c39da192.jpg?from=476444299\" alt=\"crafted as Cabbage symbols of Lucks\" width=\"1080\" height=\"1080\" \/><\/p>\n<ul>\n<li>Com um peso de 36,65 gramas, este pingente exibe um artesanato requintado.<\/li>\n<li>As medidas de 62,5 * 28,6 * 13,1 mm (pendant267) fazem dele um acess\u00f3rio substancial e atraente.<\/li>\n<\/ul>\n<p>Origin\u00e1ria de Mianmar, esta pe\u00e7a vem com um Certificado de autenticidade e garantia de qualidade.<\/p>\n<ul>\n<li><strong>Tipo de Jade:<\/strong> Jade\u00edta<\/li>\n<li><strong>Ocasi\u00e3o:<\/strong> Di\u00e1rio<\/li>\n<li>O design unissex o torna adequado para qualquer pessoa que queira adicionar um toque de eleg\u00e2ncia ao seu traje.<\/li>\n<\/ul>\n<p>Eleve seu estilo com este pingente estilo colar casual que exala charme e sofistica\u00e7\u00e3o onde quer que voc\u00ea v\u00e1.<\/p>\n<p><strong>A jade\u00edta natural n\u00e3o \u00e9 perfeita, apenas um lembrete gentil, nossa jade\u00edta natural, como todas as coisas bonitas da natureza, vem com suas caracter\u00edsticas e varia\u00e7\u00f5es \u00fanicas. Convidamos nossos valiosos clientes a abra\u00e7ar essas varia\u00e7\u00f5es naturais. Boas compras!<\/strong><\/p>\n<p><strong><u>Nenhuma das fotos e filmagens de v\u00eddeo foram filtradas. Incentivamos nossos clientes a tamb\u00e9m assistirem aos v\u00eddeos que os acompanham para uma vis\u00e3o mais abrangente de nossos produtos<\/u><\/strong><\/p>","protected":false},"excerpt":{"rendered":"<h5 class=\"serp-title\">#Sold &#8211; Good Quality Light Green Natural Type A Jadeite.<\/h5>","protected":false},"featured_media":3729,"comment_status":"open","ping_status":"closed","template":"","meta":[],"product_brand":[],"product_cat":[194],"product_tag":[],"class_list":{"0":"post-1363","1":"product","2":"type-product","3":"status-publish","4":"has-post-thumbnail","6":"product_cat-value-picks","8":"first","9":"outofstock","10":"sale","11":"shipping-taxable","12":"purchasable","13":"product-type-simple"},"_links":{"self":[{"href":"https:\/\/shop.yipinqian.com\/pt\/wp-json\/wp\/v2\/product\/1363","targetHints":{"allow":["GET"]}}],"collection":[{"href":"https:\/\/shop.yipinqian.com\/pt\/wp-json\/wp\/v2\/product"}],"about":[{"href":"https:\/\/shop.yipinqian.com\/pt\/wp-json\/wp\/v2\/types\/product"}],"replies":[{"embeddable":true,"href":"https:\/\/shop.yipinqian.com\/pt\/wp-json\/wp\/v2\/comments?post=1363"}],"version-history":[{"count":0,"href":"https:\/\/shop.yipinqian.com\/pt\/wp-json\/wp\/v2\/product\/1363\/revisions"}],"wp:featuredmedia":[{"embeddable":true,"href":"https:\/\/shop.yipinqian.com\/pt\/wp-json\/wp\/v2\/media\/3729"}],"wp:attachment":[{"href":"https:\/\/shop.yipinqian.com\/pt\/wp-json\/wp\/v2\/media?parent=1363"}],"wp:term":[{"taxonomy":"product_brand","embeddable":true,"href":"https:\/\/shop.yipinqian.com\/pt\/wp-json\/wp\/v2\/product_brand?post=1363"},{"taxonomy":"product_cat","embeddable":true,"href":"https:\/\/shop.yipinqian.com\/pt\/wp-json\/wp\/v2\/product_cat?post=1363"},{"taxonomy":"product_tag","embeddable":true,"href":"https:\/\/shop.yipinqian.com\/pt\/wp-json\/wp\/v2\/product_tag?post=1363"}],"curies":[{"name":"wp","href":"https:\/\/api.w.org\/{rel}","templated":true}]}}