{"id":1356,"date":"2024-10-24T23:18:38","date_gmt":"2024-10-24T15:18:38","guid":{"rendered":"https:\/\/shop.yipinqian.com\/product\/full-yellow-old-mine-natural-type-a-jadeite-pendant-carved-with-laughing-buddha-represents-tolerance-and-wisdom-humor-happy-spirit-come-with-certificate-weight-35-13-grams-49-30-27-90-14-30-mm-suitabl\/"},"modified":"2025-02-24T01:34:20","modified_gmt":"2025-02-23T17:34:20","slug":"full-yellow-old-mine-natural-type-a-jadeite-pendant-carved-with-laughing-buddha-represents-tolerance-and-wisdom-humor-happy-spirit-come-with-certificate-weight-35-13-grams-49-30-27-90-14-30-mm-suitabl","status":"publish","type":"product","link":"https:\/\/shop.yipinqian.com\/pt\/produto\/full-yellow-old-mine-natural-type-a-jadeite-pendant-carved-with-laughing-buddha-represents-tolerance-and-wisdom-humor-happy-spirit-come-with-certificate-weight-35-13-grams-49-30-27-90-14-30-mm-suitabl\/","title":{"rendered":"Pingente de jade\u00edta natural tipo A de mina antiga amarela completa esculpido com Buda risonho que representa toler\u00e2ncia e sabedoria, humor, esp\u00edrito feliz, vem com certificado, peso 35,13 gramas, 49,30 * 27,90 * 14,30 mm, adequado para uso di\u00e1rio em todas as ocasi\u00f5es (pendant96)"},"content":{"rendered":"<p>Este pingente Full Yellow Old Mine Natural Tipo A Jadeite \u00e9 uma obra-prima que representa a Toler\u00e2ncia e a sabedoria, o humor, o esp\u00edrito feliz do Buda Risonho. Sua escultura intrincada com um peso de 35,13 gramas e dimens\u00f5es 49,30 * 27,90 * 14,30 mm o torna adequado para uso di\u00e1rio em todas as ocasi\u00f5es.<\/p>\n<ul>\n<li><strong>Principais caracter\u00edsticas:<\/strong><\/li>\n<li>Pingente de Jade\u00edta Natural Tipo A Amarelo Antigo Mina<\/li>\n<li>Esculpido com Buda Risonho representando toler\u00e2ncia, sabedoria, humor e esp\u00edrito feliz<\/li>\n<li>Certificado inclu\u00eddo<\/li>\n<li>Design unissex com estilo de colar casual<\/li>\n<\/ul>\n<p><strong>N\u00fameros de certificado: GD2201H013233<\/strong><\/p>\n<p><img fetchpriority=\"high\" decoding=\"async\" height=\"1080\" src=\"https:\/\/shop.yipinqian.com\/wp-content\/uploads\/2024\/10\/bfe7d4a153c384f8a995af80ff842277.jpg?from=476444299\" width=\"1080\"><img decoding=\"async\" height=\"1080\" src=\"https:\/\/shop.yipinqian.com\/wp-content\/uploads\/2024\/10\/b551c64a39fd2ac0c71e94e0be01b897.jpg?from=476444299\" width=\"1080\"><\/p>\n<p>O jade usado neste pingente \u00e9 proveniente de Mianmar (Birm\u00e2nia), pa\u00eds conhecido por produzir alguns dos melhores jades do mundo.<\/p>\n<ul>\n<li><strong>Atributos do produto:<\/strong><\/li>\n<li>Certificado inclu\u00eddo: Sim<\/li>\n<li>Pa\u00eds de origem: Myanmar<\/li>\n<li>Ocasi\u00e3o: Diariamente<\/li>\n<li>Tipo de garantia: Sem garantia\u00a0<\/li>\n<li>G\u00eanero: Unissex<\/li>\n<\/ul>\n<p>\u00a0<\/p>\n<p>Esta pe\u00e7a requintada n\u00e3o s\u00f3 acrescenta eleg\u00e2ncia ao seu traje, mas tamb\u00e9m serve como um lembrete para permanecer feliz e s\u00e1bio, mesmo em tempos dif\u00edceis.<\/p>\n<p>\u00a0<\/p>\n<p>Yi Pin Qian \u2013 Um negociante de pedras preciosas e metais preciosos em Cingapura \u2013 N\u00famero de licen\u00e7a PS20190000031<\/p>\n<p>\u00a0<\/p>\n<p>*Todos os Jadeites comprados de Yi Pin Qian em Cingapura, os clientes podem reservar hor\u00e1rios para polimento ou pequenos reparos por manuseio incorreto - taxas se aplicam e somente para clientes de Yi Pin Qian em Cingapura*<\/p>\n<p>\u00a0<\/p>\n<p><strong>**Tipos de Certificados**<\/strong><\/p>\n<p>\u00a0<\/p>\n<p><strong>NGI (Nan Yang Gemol\u00f3gico)<\/strong><\/p>\n<p>ou <strong>Certificados no exterior <\/strong>(Yi Pin Qian usa apenas certificados aut\u00eanticos de laborat\u00f3rios estrangeiros e tamb\u00e9m controla a qualidade de cada um dos nossos produtos antes de coloc\u00e1-los \u00e0 venda em Cingapura)<\/p>\n<p>\u00a0<\/p>\n<p>Cada produto no TikTok ter\u00e1 o tipo de certificado fornecido indicado na descri\u00e7\u00e3o. Para qualquer cliente que deseje enviar seu pedido para a NGI Singapore, haver\u00e1 um tempo de espera para entrega do pedido estimado em torno de 4 semanas para receber seu pedido. <strong>As solicita\u00e7\u00f5es de relat\u00f3rios da NGI Gemstone precisam ser feitas por mensagem para a loja Yi Pin Qian TikTok.<\/strong> Obrigado, <strong><u>taxas extras se aplicam<\/u><\/strong>.<\/p>","protected":false},"excerpt":{"rendered":"<p>Este pingente de Jade\u00edta Natural Tipo A Full Yellow Old Mine \u00e9 uma obra-prima que representa a Toler\u00e2ncia e a sabedoria, o humor e o esp\u00edrito feliz do Buda Risonho. Sua escultura intrincada com um peso de 35,13 gramas e dimens\u00f5es de 49,30 * 27,90 * 14,30 mm o torna adequado para uso di\u00e1rio em todas as ocasi\u00f5es. Principais Caracter\u00edsticas: Full Yellow [\u2026]<\/p>","protected":false},"featured_media":3650,"comment_status":"open","ping_status":"closed","template":"","meta":[],"product_brand":[],"product_cat":[196],"product_tag":[],"class_list":{"0":"post-1356","1":"product","2":"type-product","3":"status-publish","4":"has-post-thumbnail","6":"product_cat-vault-collection","8":"first","9":"instock","10":"sale","11":"shipping-taxable","12":"purchasable","13":"product-type-simple"},"_links":{"self":[{"href":"https:\/\/shop.yipinqian.com\/pt\/wp-json\/wp\/v2\/product\/1356","targetHints":{"allow":["GET"]}}],"collection":[{"href":"https:\/\/shop.yipinqian.com\/pt\/wp-json\/wp\/v2\/product"}],"about":[{"href":"https:\/\/shop.yipinqian.com\/pt\/wp-json\/wp\/v2\/types\/product"}],"replies":[{"embeddable":true,"href":"https:\/\/shop.yipinqian.com\/pt\/wp-json\/wp\/v2\/comments?post=1356"}],"version-history":[{"count":0,"href":"https:\/\/shop.yipinqian.com\/pt\/wp-json\/wp\/v2\/product\/1356\/revisions"}],"wp:featuredmedia":[{"embeddable":true,"href":"https:\/\/shop.yipinqian.com\/pt\/wp-json\/wp\/v2\/media\/3650"}],"wp:attachment":[{"href":"https:\/\/shop.yipinqian.com\/pt\/wp-json\/wp\/v2\/media?parent=1356"}],"wp:term":[{"taxonomy":"product_brand","embeddable":true,"href":"https:\/\/shop.yipinqian.com\/pt\/wp-json\/wp\/v2\/product_brand?post=1356"},{"taxonomy":"product_cat","embeddable":true,"href":"https:\/\/shop.yipinqian.com\/pt\/wp-json\/wp\/v2\/product_cat?post=1356"},{"taxonomy":"product_tag","embeddable":true,"href":"https:\/\/shop.yipinqian.com\/pt\/wp-json\/wp\/v2\/product_tag?post=1356"}],"curies":[{"name":"wp","href":"https:\/\/api.w.org\/{rel}","templated":true}]}}