{"id":1352,"date":"2024-10-24T23:18:37","date_gmt":"2024-10-24T15:18:37","guid":{"rendered":"https:\/\/shop.yipinqian.com\/product\/floating-red-and-tea-yellow-natural-type-a-jadeite-pendant-crafted-as-sailboat-meaning-smooth-sailing-in-everything-persistence-and-courage-with-certificate-weight-18-88-grams-58-50-30-80-6-20-mm-pend\/"},"modified":"2025-02-24T00:49:58","modified_gmt":"2025-02-23T16:49:58","slug":"floating-red-and-tea-yellow-natural-type-a-jadeite-pendant-crafted-as-sailboat-meaning-smooth-sailing-in-everything-persistence-and-courage-with-certificate-weight-18-88-grams-58-50-30-80-6-20-mm-pend","status":"publish","type":"product","link":"https:\/\/shop.yipinqian.com\/pt\/produto\/floating-red-and-tea-yellow-natural-type-a-jadeite-pendant-crafted-as-sailboat-meaning-smooth-sailing-in-everything-persistence-and-courage-with-certificate-weight-18-88-grams-58-50-30-80-6-20-mm-pend\/","title":{"rendered":"Pingente de Jade\u00edta Natural Tipo A Flutuante Vermelho e Amarelo Ch\u00e1, criado como Veleiro, significando Navega\u00e7\u00e3o tranquila em tudo, persist\u00eancia e coragem, com peso de certificado de 18,88 gramas, 58,50 * 30,80 * 6,20 mm (pendant109)"},"content":{"rendered":"<p>This Floating Red and Tea Yellow Natural Type A Jadeite Pendant is exquisitely crafted as a sailboat, symbolizing smooth sailing in everything, persistence, and courage.<\/p>\n<ul>\n<li>\n<strong>Design exclusivo:<\/strong> The unique design of the sailboat pendant makes it stand out from other jewelry accessories.<\/li>\n<li>\n<strong>Qualidade Premium:<\/strong> Made from 100% natural Type A Jadeite with a weight of 18.88 grams and dimensions of 58.50 * 30.80 *6.20 mm<\/li>\n<li>\n<strong>Certificado inclu\u00eddo:<\/strong> Comes with a certificate to ensure authenticity<\/li>\n<\/ul>\n<p><strong>Certificate numbers: SJ2308015596<\/strong><\/p>\n<p><img fetchpriority=\"high\" decoding=\"async\" height=\"1080\" src=\"https:\/\/shop.yipinqian.com\/wp-content\/uploads\/2024\/10\/6545ff361bd29ea408a28f215dc07ea4.jpg?from=476444299\" width=\"1080\"><\/p>\n<p>This unisex pendant is suitable for daily wear whether going to work or casual outings.<\/p>\n<ul>\n<li>\n<strong>Estilo de colar e pingente de jade:<\/strong>Casual style necklace that can be paired with other accessories for an elegant look.<\/li>\n<\/ul>\n<p>Proudly originating from Myanmar, this pendant makes the perfect gift for loved ones who appreciate unique jewelry pieces that speak volumes about their personality and style<\/p>\n<p>.<\/p>\n<p>Yi Pin Qian \u2013 Um negociante de pedras preciosas e metais preciosos em Cingapura \u2013 N\u00famero de licen\u00e7a PS20190000031<\/p>\n<p>\u00a0<\/p>\n<p>*Todos os Jadeites comprados de Yi Pin Qian em Cingapura, os clientes podem reservar hor\u00e1rios para polimento ou pequenos reparos por manuseio incorreto - taxas se aplicam e somente para clientes de Yi Pin Qian em Cingapura*<\/p>\n<p>\u00a0<\/p>\n<p><strong>**Tipos de Certificados**<\/strong><\/p>\n<p>\u00a0<\/p>\n<p><strong>NGI (Nan Yang Gemol\u00f3gico)<\/strong><\/p>\n<p>ou <strong>Certificados no exterior <\/strong>(Yi Pin Qian usa apenas certificados aut\u00eanticos de laborat\u00f3rios estrangeiros e tamb\u00e9m controla a qualidade de cada um dos nossos produtos antes de coloc\u00e1-los \u00e0 venda em Cingapura)<\/p>\n<p>\u00a0<\/p>\n<p>Cada produto no TikTok ter\u00e1 o tipo de certificado fornecido indicado na descri\u00e7\u00e3o. Para qualquer cliente que deseje enviar seu pedido para a NGI Singapore, haver\u00e1 um tempo de espera para entrega do pedido estimado em torno de 4 semanas para receber seu pedido. <strong>As solicita\u00e7\u00f5es de relat\u00f3rios da NGI Gemstone precisam ser feitas por mensagem para a loja Yi Pin Qian TikTok.<\/strong> Obrigado, <strong><u>taxas extras se aplicam<\/u><\/strong>.<\/p>","protected":false},"excerpt":{"rendered":"<p>This Floating Red and Tea Yellow Natural Type A Jadeite Pendant is exquisitely crafted as a sailboat, symbolizing smooth sailing in everything, persistence, and courage. Unique Design: The unique design of the sailboat pendant makes it stand out from other jewelry accessories. Premium Quality: Made from 100% natural Type A Jadeite with a weight of [&hellip;]<\/p>","protected":false},"featured_media":3618,"comment_status":"open","ping_status":"closed","template":"","meta":[],"product_brand":[],"product_cat":[194],"product_tag":[],"class_list":{"0":"post-1352","1":"product","2":"type-product","3":"status-publish","4":"has-post-thumbnail","6":"product_cat-value-picks","8":"first","9":"instock","10":"sale","11":"shipping-taxable","12":"purchasable","13":"product-type-simple"},"_links":{"self":[{"href":"https:\/\/shop.yipinqian.com\/pt\/wp-json\/wp\/v2\/product\/1352","targetHints":{"allow":["GET"]}}],"collection":[{"href":"https:\/\/shop.yipinqian.com\/pt\/wp-json\/wp\/v2\/product"}],"about":[{"href":"https:\/\/shop.yipinqian.com\/pt\/wp-json\/wp\/v2\/types\/product"}],"replies":[{"embeddable":true,"href":"https:\/\/shop.yipinqian.com\/pt\/wp-json\/wp\/v2\/comments?post=1352"}],"version-history":[{"count":0,"href":"https:\/\/shop.yipinqian.com\/pt\/wp-json\/wp\/v2\/product\/1352\/revisions"}],"wp:featuredmedia":[{"embeddable":true,"href":"https:\/\/shop.yipinqian.com\/pt\/wp-json\/wp\/v2\/media\/3618"}],"wp:attachment":[{"href":"https:\/\/shop.yipinqian.com\/pt\/wp-json\/wp\/v2\/media?parent=1352"}],"wp:term":[{"taxonomy":"product_brand","embeddable":true,"href":"https:\/\/shop.yipinqian.com\/pt\/wp-json\/wp\/v2\/product_brand?post=1352"},{"taxonomy":"product_cat","embeddable":true,"href":"https:\/\/shop.yipinqian.com\/pt\/wp-json\/wp\/v2\/product_cat?post=1352"},{"taxonomy":"product_tag","embeddable":true,"href":"https:\/\/shop.yipinqian.com\/pt\/wp-json\/wp\/v2\/product_tag?post=1352"}],"curies":[{"name":"wp","href":"https:\/\/api.w.org\/{rel}","templated":true}]}}