{"id":1342,"date":"2024-10-24T23:18:32","date_gmt":"2024-10-24T15:18:32","guid":{"rendered":"https:\/\/shop.yipinqian.com\/product\/dual-tone-bamboo-with-kirin-natural-type-a-jadeite-pendant-with-gemstone-report-from-ngi-weighs-at-253-32-grams-60-70-33-75-12-81-mm-translucent-light-lavender-with-light-green-patches-pendant-for-you\/"},"modified":"2025-07-08T08:24:52","modified_gmt":"2025-07-08T00:24:52","slug":"dual-tone-bamboo-with-kirin-natural-type-a-jadeite-pendant-with-gemstone-report-from-ngi-weighs-at-253-32-grams-60-70-33-75-12-81-mm-translucent-light-lavender-with-light-green-patches-pendant-for-you","status":"publish","type":"product","link":"https:\/\/shop.yipinqian.com\/pt\/produto\/dual-tone-bamboo-with-kirin-natural-type-a-jadeite-pendant-with-gemstone-report-from-ngi-weighs-at-253-32-grams-60-70-33-75-12-81-mm-translucent-light-lavender-with-light-green-patches-pendant-for-you\/","title":{"rendered":"O pingente de jade\u00edte natural tipo A de bambu de dois tons com Kirin com relat\u00f3rio de pedra preciosa da NGI pesa 253,32 gramas, 60,70 * 33,75 * 12,81 mm, pingente transl\u00facido de lavanda clara com manchas verde-claras para suas cole\u00e7\u00f5es (pendant149)"},"content":{"rendered":"<h2>Dual Tone Bamboo with Kirin Natural Type A Jadeite<br \/>\n<iframe title=\"Dual Tone Bamboo with Kirin Natural Type A Jadeite\" src=\"https:\/\/youtube.com\/embed\/mQbW5Gz81FE\/\" width=\"330\" height=\"300\"><\/iframe><\/h2>\n<p>This Dual Tone Bamboo with Kirin Natural Type A Jadeite Pendant is a striking addition to any jewelry collection. Weighing in at 253.32 grams and measuring 60.70 * 33.75 * 12.81 mm, this pendant showcases a translucent light lavender color with light green patches.<\/p>\n<p><strong>NGI Report Numbers: 63836504<\/strong><\/p>\n<ul>\n<li><strong>Lindamente trabalhado:<\/strong> Made of natural Type A Jadeite, this pendant is intricately designed with dual-tone bamboo.<\/li>\n<li><strong>Gemstone Report:<\/strong> This stunning pendant comes with a Gemstone report from NGI for authenticity.<\/li>\n<li><strong>Certificado inclu\u00eddo:<\/strong> With the certificate provided in the package, you can be sure that you are getting an authentic piece of jewelry.<\/li>\n<\/ul>\n<p>This unisex pendant is perfect for daily wear and has a casual style that can be paired easily with any outfit you choose to wear it with! So get your hands on this gorgeous piece today!<\/p>\n<p><img fetchpriority=\"high\" decoding=\"async\" class=\"alignnone\" src=\"https:\/\/shop.yipinqian.com\/wp-content\/uploads\/2024\/10\/ad786f97316af36d38f7f0581b18af77.jpg?from=476444299\" alt=\"Dual Tone Bamboo with Kirin Natural Type A Jadeite\" width=\"1080\" height=\"1080\" \/><\/p>\n<p>Yi Pin Qian \u2013 Um negociante de pedras preciosas e metais preciosos em Cingapura \u2013 N\u00famero de licen\u00e7a PS20190000031<\/p>\n<p>*Todos os Jadeites comprados de Yi Pin Qian em Cingapura, os clientes podem reservar hor\u00e1rios para polimento ou pequenos reparos por manuseio incorreto - taxas se aplicam e somente para clientes de Yi Pin Qian em Cingapura*<\/p>\n<ul>\n<li><\/li>\n<\/ul>\n<p>NGI (Nan Yang Gemol\u00f3gico)<\/p>\n<p>ou certificados estrangeiros (Yi Pin Qian usa apenas certificados aut\u00eanticos de laborat\u00f3rios estrangeiros e tamb\u00e9m controla a qualidade de cada um dos nossos produtos antes de coloc\u00e1-los \u00e0 venda em Cingapura)<\/p>\n<p>Cada produto no TikTok ter\u00e1 o tipo de certificado fornecido indicado na descri\u00e7\u00e3o. Para qualquer cliente que deseje enviar seu pedido para a NGI Singapore, haver\u00e1 um tempo de espera para entrega do pedido estimado em cerca de 4 semanas para receber seu pedido. As solicita\u00e7\u00f5es de relat\u00f3rio da NGI Gemstone precisam ser feitas por mensagem para a loja Yi Pin Qian TikTok. Obrigado, taxas extras s\u00e3o aplic\u00e1veis.<\/p>","protected":false},"excerpt":{"rendered":"<p>Dual Tone Bamboo with Kirin Natural Type A Jadeite<img decoding=\"async\" class=\"aligncenter size-medium wp-image-22198\" src=\"https:\/\/shop.yipinqian.com\/wp-content\/uploads\/2024\/10\/WhatsApp-Image-2024-05-07-at-22.32.32_8ba8a1ff-300x300.jpg\" alt=\"Dual Tone Bamboo with Kirin Natural Type A Jadeite\" width=\"300\" height=\"300\" srcset=\"https:\/\/shop.yipinqian.com\/wp-content\/uploads\/2024\/10\/WhatsApp-Image-2024-05-07-at-22.32.32_8ba8a1ff-300x300.jpg 300w, https:\/\/shop.yipinqian.com\/wp-content\/uploads\/2024\/10\/WhatsApp-Image-2024-05-07-at-22.32.32_8ba8a1ff-1024x1024.jpg 1024w, https:\/\/shop.yipinqian.com\/wp-content\/uploads\/2024\/10\/WhatsApp-Image-2024-05-07-at-22.32.32_8ba8a1ff-150x150.jpg 150w, https:\/\/shop.yipinqian.com\/wp-content\/uploads\/2024\/10\/WhatsApp-Image-2024-05-07-at-22.32.32_8ba8a1ff-768x768.jpg 768w, https:\/\/shop.yipinqian.com\/wp-content\/uploads\/2024\/10\/WhatsApp-Image-2024-05-07-at-22.32.32_8ba8a1ff-12x12.jpg 12w, https:\/\/shop.yipinqian.com\/wp-content\/uploads\/2024\/10\/WhatsApp-Image-2024-05-07-at-22.32.32_8ba8a1ff-500x500.jpg 500w, https:\/\/shop.yipinqian.com\/wp-content\/uploads\/2024\/10\/WhatsApp-Image-2024-05-07-at-22.32.32_8ba8a1ff-100x100.jpg 100w, https:\/\/shop.yipinqian.com\/wp-content\/uploads\/2024\/10\/WhatsApp-Image-2024-05-07-at-22.32.32_8ba8a1ff.jpg 1080w\" sizes=\"(max-width: 300px) 100vw, 300px\" \/><\/p>","protected":false},"featured_media":3531,"comment_status":"open","ping_status":"closed","template":"","meta":[],"product_brand":[],"product_cat":[196],"product_tag":[],"class_list":{"0":"post-1342","1":"product","2":"type-product","3":"status-publish","4":"has-post-thumbnail","6":"product_cat-vault-collection","8":"first","9":"instock","10":"sale","11":"shipping-taxable","12":"purchasable","13":"product-type-simple"},"_links":{"self":[{"href":"https:\/\/shop.yipinqian.com\/pt\/wp-json\/wp\/v2\/product\/1342","targetHints":{"allow":["GET"]}}],"collection":[{"href":"https:\/\/shop.yipinqian.com\/pt\/wp-json\/wp\/v2\/product"}],"about":[{"href":"https:\/\/shop.yipinqian.com\/pt\/wp-json\/wp\/v2\/types\/product"}],"replies":[{"embeddable":true,"href":"https:\/\/shop.yipinqian.com\/pt\/wp-json\/wp\/v2\/comments?post=1342"}],"version-history":[{"count":0,"href":"https:\/\/shop.yipinqian.com\/pt\/wp-json\/wp\/v2\/product\/1342\/revisions"}],"wp:featuredmedia":[{"embeddable":true,"href":"https:\/\/shop.yipinqian.com\/pt\/wp-json\/wp\/v2\/media\/3531"}],"wp:attachment":[{"href":"https:\/\/shop.yipinqian.com\/pt\/wp-json\/wp\/v2\/media?parent=1342"}],"wp:term":[{"taxonomy":"product_brand","embeddable":true,"href":"https:\/\/shop.yipinqian.com\/pt\/wp-json\/wp\/v2\/product_brand?post=1342"},{"taxonomy":"product_cat","embeddable":true,"href":"https:\/\/shop.yipinqian.com\/pt\/wp-json\/wp\/v2\/product_cat?post=1342"},{"taxonomy":"product_tag","embeddable":true,"href":"https:\/\/shop.yipinqian.com\/pt\/wp-json\/wp\/v2\/product_tag?post=1342"}],"curies":[{"name":"wp","href":"https:\/\/api.w.org\/{rel}","templated":true}]}}