{"id":13391,"date":"2024-11-22T19:03:41","date_gmt":"2024-11-22T11:03:41","guid":{"rendered":"https:\/\/shop.yipinqian.com\/sg-new-arrival-crafted-as-god-of-fortune-natural-type-a-jadeite-jade-as-pendant-certificate-weighs-16-02-grams-measurement-43-1-27-6-9-1-mm-pendant340\/"},"modified":"2025-02-24T00:49:48","modified_gmt":"2025-02-23T16:49:48","slug":"sg-new-arrival-crafted-as-god-of-fortune-natural-type-a-jadeite-jade-as-pendant-certificate-weighs-16-02-grams-measurement-43-1-27-6-9-1-mm-pendant340","status":"publish","type":"product","link":"https:\/\/shop.yipinqian.com\/pt\/produto\/sg-new-arrival-crafted-as-god-of-fortune-natural-type-a-jadeite-jade-as-pendant-certificate-weighs-16-02-grams-measurement-43-1-27-6-9-1-mm-pendant340\/","title":{"rendered":"Sg Nova Chegada Feito como Deus da Fortuna Jade\u00edta Natural Tipo A como pingente, certificado pesa 16,02 gramas, medida 43,1 * 27,6 * 9,1 mm (pendant340)"},"content":{"rendered":"<p>This stunning pendant features a new arrival of God of Fortune crafted in natural Type A Jadeite Jade, originating from Myanmar.<\/p>\n<p><\/p>\n<p>Certificate numbers: GD2107H003333<\/p>\n<p><img fetchpriority=\"high\" decoding=\"async\" src=\"https:\/\/shop.yipinqian.com\/wp-content\/uploads\/2024\/11\/9016ebf6662f493c89b471d89b3d2485tplv-aphluv4xwc-origin-jpeg.jpeg?dr=15568&#038;nonce=97234&#038;refresh_token=d60cc119f7f30f3f05308100664b75c4&#038;from=476444299&#038;idc=my2&#038;ps=933b5bde&#038;shcp=9b759fb9&#038;shp=1c65f68b&#038;t=555f072d\" width=\"1080\" height=\"1080\"><\/p>\n<ul>\n<li>\n<strong>Peso e Medidas:<\/strong> Weighing 16.02 grams, these pendant measures 43.1 * 27.6 * 9.1 mm (pendant340).<\/li>\n<li>\n<strong>Certificado:<\/strong> This exquisite piece comes with a certificate, ensuring its authenticity.<\/li>\n<li>\n<strong>Occasion and Style:<\/strong> Perfect for auspicious occasions and casual wear, this unisex pendant exudes elegance.<\/li>\n<\/ul>\n<p><strong>A jade\u00edta natural n\u00e3o \u00e9 perfeita, apenas um lembrete gentil, nossa jade\u00edta natural, como todas as coisas bonitas da natureza, vem com suas caracter\u00edsticas e varia\u00e7\u00f5es \u00fanicas. Convidamos nossos valiosos clientes a abra\u00e7ar essas varia\u00e7\u00f5es naturais. Boas compras!<\/strong><\/p>\n<p><\/p>\n<p><strong><u>Nenhuma das fotos e filmagens de v\u00eddeo foram filtradas. Incentivamos nossos clientes a tamb\u00e9m assistirem aos v\u00eddeos que os acompanham para uma vis\u00e3o mais abrangente de nossos produtos<\/u><\/strong><\/p>\n<p><\/p>\n<ul>\n<li>Diferentes plataformas s\u00f3 podem visualizar v\u00eddeos por meio do Desktop<\/li>\n<\/ul>","protected":false},"excerpt":{"rendered":"<p>This stunning pendant features a new arrival of God of Fortune crafted in natural Type A Jadeite Jade, originating from Myanmar. Certificate numbers: GD2107H003333 Weight and Measurement: Weighing 16.02 grams, these pendant measures 43.1 * 27.6 * 9.1 mm (pendant340). Certificate: This exquisite piece comes with a certificate, ensuring its authenticity. Occasion and Style: Perfect [&hellip;]<\/p>","protected":false},"featured_media":13665,"comment_status":"open","ping_status":"closed","template":"","meta":[],"product_brand":[],"product_cat":[194],"product_tag":[139,52,89,173,55,56,58,73,75,60,61,62],"class_list":{"0":"post-13391","1":"product","2":"type-product","3":"status-publish","4":"has-post-thumbnail","6":"product_cat-value-picks","7":"product_tag-brown","8":"product_tag-certified","9":"product_tag-fengshui","10":"product_tag-god-of-fortune","11":"product_tag-jadeite","12":"product_tag-limited-editions","13":"product_tag-new-arrivals","14":"product_tag-pendant","15":"product_tag-traditional","16":"product_tag-type-a-jadeite","17":"product_tag-unisex","18":"product_tag-yi-pin-qian-exclusive","20":"first","21":"instock","22":"sale","23":"shipping-taxable","24":"purchasable","25":"product-type-simple"},"_links":{"self":[{"href":"https:\/\/shop.yipinqian.com\/pt\/wp-json\/wp\/v2\/product\/13391","targetHints":{"allow":["GET"]}}],"collection":[{"href":"https:\/\/shop.yipinqian.com\/pt\/wp-json\/wp\/v2\/product"}],"about":[{"href":"https:\/\/shop.yipinqian.com\/pt\/wp-json\/wp\/v2\/types\/product"}],"replies":[{"embeddable":true,"href":"https:\/\/shop.yipinqian.com\/pt\/wp-json\/wp\/v2\/comments?post=13391"}],"version-history":[{"count":0,"href":"https:\/\/shop.yipinqian.com\/pt\/wp-json\/wp\/v2\/product\/13391\/revisions"}],"wp:featuredmedia":[{"embeddable":true,"href":"https:\/\/shop.yipinqian.com\/pt\/wp-json\/wp\/v2\/media\/13665"}],"wp:attachment":[{"href":"https:\/\/shop.yipinqian.com\/pt\/wp-json\/wp\/v2\/media?parent=13391"}],"wp:term":[{"taxonomy":"product_brand","embeddable":true,"href":"https:\/\/shop.yipinqian.com\/pt\/wp-json\/wp\/v2\/product_brand?post=13391"},{"taxonomy":"product_cat","embeddable":true,"href":"https:\/\/shop.yipinqian.com\/pt\/wp-json\/wp\/v2\/product_cat?post=13391"},{"taxonomy":"product_tag","embeddable":true,"href":"https:\/\/shop.yipinqian.com\/pt\/wp-json\/wp\/v2\/product_tag?post=13391"}],"curies":[{"name":"wp","href":"https:\/\/api.w.org\/{rel}","templated":true}]}}