{"id":13387,"date":"2024-11-22T19:03:19","date_gmt":"2024-11-22T11:03:19","guid":{"rendered":"https:\/\/shop.yipinqian.com\/pair-of-hook-earrings-set-with-18k-gold-on-12-dounut-shape-natural-type-a-jadeite-jade-certificate-weighs-2-84-grams-measurement-7-2mm-18k04\/"},"modified":"2025-02-24T00:49:48","modified_gmt":"2025-02-23T16:49:48","slug":"pair-of-hook-earrings-set-with-18k-gold-on-12-dounut-shape-natural-type-a-jadeite-jade-certificate-weighs-2-84-grams-measurement-7-2mm-18k04","status":"publish","type":"product","link":"https:\/\/shop.yipinqian.com\/pt\/produto\/pair-of-hook-earrings-set-with-18k-gold-on-12-dounut-shape-natural-type-a-jadeite-jade-certificate-weighs-2-84-grams-measurement-7-2mm-18k04\/","title":{"rendered":"Par de brincos de gancho com ouro 18k em 12 donuts em formato de jade\u00edte natural tipo A, certificado pesa 2,84 gramas, medida 7 * 2 mm (18k04)"},"content":{"rendered":"<p>Enhance your look with this exquisite Pair of Hook Earrings crafted with 18k Gold and featuring 12 Dounut shape Natural Type A Jadeite Jade.<\/p>\n<p><\/p>\n<p>Certificate numbers: GD2203H004693<\/p>\n<p>18k Gold: 0.65 grams<\/p>\n<p><img fetchpriority=\"high\" decoding=\"async\" src=\"https:\/\/shop.yipinqian.com\/wp-content\/uploads\/2024\/11\/68166bb1f20943369248d61ba11b46aatplv-aphluv4xwc-origin-jpeg.jpeg?dr=15568&#038;nonce=98615&#038;refresh_token=50240aeec608ec162d3255c57d6601b5&#038;from=476444299&#038;idc=my2&#038;ps=933b5bde&#038;shcp=9b759fb9&#038;shp=1c65f68b&#038;t=555f072d\" width=\"1536\" height=\"2048\"><\/p>\n<ul>\n<li>\n<strong>Material:<\/strong> Set in PT\/Carat Gold, these earrings are a luxurious addition to your collection.<\/li>\n<li>\n<strong>Certificado:<\/strong> Each earring comes with a certificate, ensuring the authenticity of the 2.84 grams of Jade used.<\/li>\n<li>\n<strong>Dimens\u00f5es:<\/strong> Measuring at 7 * 2mm, these earrings exude elegance and style (18k04).<\/li>\n<\/ul>\n<p><img decoding=\"async\" src=\"https:\/\/shop.yipinqian.com\/wp-content\/uploads\/2024\/11\/70767a0d60984383a5603a843428ff17tplv-aphluv4xwc-origin-jpeg.jpeg?dr=15568&#038;nonce=11737&#038;refresh_token=4f26322fffae05d756bc5effed2986d4&#038;from=476444299&#038;idc=my2&#038;ps=933b5bde&#038;shcp=9b759fb9&#038;shp=1c65f68b&#038;t=555f072d\" width=\"1080\" height=\"1080\"><\/p>\n<p>Ideal for daily wear or special occasions, these Casual Earrings are designed for the modern woman. Originating from Myanmar, this piece is a unique and timeless accessory perfect for any female wardrobe.<\/p>\n<ul>\n<li>\n<strong>Estilo de brinco:<\/strong> Casual<\/li>\n<\/ul>\n<p><strong>A jade\u00edta natural n\u00e3o \u00e9 perfeita, apenas um lembrete gentil, nossa jade\u00edta natural, como todas as coisas bonitas da natureza, vem com suas caracter\u00edsticas e varia\u00e7\u00f5es \u00fanicas. Convidamos nossos valiosos clientes a abra\u00e7ar essas varia\u00e7\u00f5es naturais. Boas compras!<\/strong><\/p>\n<p><\/p>\n<p><strong><u>Nenhuma das fotos e filmagens de v\u00eddeo foram filtradas. Incentivamos nossos clientes a tamb\u00e9m assistirem aos v\u00eddeos que os acompanham para uma vis\u00e3o mais abrangente de nossos produtos<\/u><\/strong><\/p>\n<p><\/p>\n<ul>\n<li>Diferentes plataformas s\u00f3 podem visualizar v\u00eddeos por meio do Desktop<\/li>\n<\/ul>","protected":false},"excerpt":{"rendered":"<p>Enhance your look with this exquisite Pair of Hook Earrings crafted with 18k Gold and featuring 12 Dounut shape Natural Type A Jadeite Jade. Certificate numbers: GD2203H004693 18k Gold: 0.65 grams Material: Set in PT\/Carat Gold, these earrings are a luxurious addition to your collection. Certificate: Each earring comes with a certificate, ensuring the authenticity [&hellip;]<\/p>","protected":false},"featured_media":13655,"comment_status":"open","ping_status":"closed","template":"","meta":[],"product_brand":[],"product_cat":[194],"product_tag":[50,52,65,55,58,60,62],"class_list":{"0":"post-13387","1":"product","2":"type-product","3":"status-publish","4":"has-post-thumbnail","6":"product_cat-value-picks","7":"product_tag-18k-gold","8":"product_tag-certified","9":"product_tag-high-quality","10":"product_tag-jadeite","11":"product_tag-new-arrivals","12":"product_tag-type-a-jadeite","13":"product_tag-yi-pin-qian-exclusive","15":"first","16":"instock","17":"sale","18":"shipping-taxable","19":"purchasable","20":"product-type-simple"},"_links":{"self":[{"href":"https:\/\/shop.yipinqian.com\/pt\/wp-json\/wp\/v2\/product\/13387","targetHints":{"allow":["GET"]}}],"collection":[{"href":"https:\/\/shop.yipinqian.com\/pt\/wp-json\/wp\/v2\/product"}],"about":[{"href":"https:\/\/shop.yipinqian.com\/pt\/wp-json\/wp\/v2\/types\/product"}],"replies":[{"embeddable":true,"href":"https:\/\/shop.yipinqian.com\/pt\/wp-json\/wp\/v2\/comments?post=13387"}],"version-history":[{"count":0,"href":"https:\/\/shop.yipinqian.com\/pt\/wp-json\/wp\/v2\/product\/13387\/revisions"}],"wp:featuredmedia":[{"embeddable":true,"href":"https:\/\/shop.yipinqian.com\/pt\/wp-json\/wp\/v2\/media\/13655"}],"wp:attachment":[{"href":"https:\/\/shop.yipinqian.com\/pt\/wp-json\/wp\/v2\/media?parent=13387"}],"wp:term":[{"taxonomy":"product_brand","embeddable":true,"href":"https:\/\/shop.yipinqian.com\/pt\/wp-json\/wp\/v2\/product_brand?post=13387"},{"taxonomy":"product_cat","embeddable":true,"href":"https:\/\/shop.yipinqian.com\/pt\/wp-json\/wp\/v2\/product_cat?post=13387"},{"taxonomy":"product_tag","embeddable":true,"href":"https:\/\/shop.yipinqian.com\/pt\/wp-json\/wp\/v2\/product_tag?post=13387"}],"curies":[{"name":"wp","href":"https:\/\/api.w.org\/{rel}","templated":true}]}}