{"id":13386,"date":"2024-11-22T19:03:15","date_gmt":"2024-11-22T11:03:15","guid":{"rendered":"https:\/\/shop.yipinqian.com\/new-sg-local-high-quality-pair-of-light-lavender-crafted-as-cabochons-on-natural-type-a-jadeite-jade-set-with-18k-gold-certificate-weighs-2-51-grams-18k02\/"},"modified":"2025-02-24T01:17:24","modified_gmt":"2025-02-23T17:17:24","slug":"new-sg-local-high-quality-pair-of-light-lavender-crafted-as-cabochons-on-natural-type-a-jadeite-jade-set-with-18k-gold-certificate-weighs-2-51-grams-18k02","status":"publish","type":"product","link":"https:\/\/shop.yipinqian.com\/pt\/produto\/new-sg-local-high-quality-pair-of-light-lavender-crafted-as-cabochons-on-natural-type-a-jadeite-jade-set-with-18k-gold-certificate-weighs-2-51-grams-18k02\/","title":{"rendered":"Novo par de SG Local de alta qualidade de Lavanda clara trabalhado como caboch\u00f5es em Jade\u00edta Natural Tipo A cravejado com ouro 18k como brincos de pino, certificado pesa 2,51 gramas (18k02)"},"content":{"rendered":"<p>Realce sua eleg\u00e2ncia com estes requintados brincos New SG Local High-Quality Light Lavender Jade. Feitos como caboch\u00f5es em Jade\u00edta Natural Tipo A e cravejados com ouro 18k, estes brincos exalam sofistica\u00e7\u00e3o e charme.<\/p>\n<p><\/p>\n<p>(A primeira foto foi ampliada para mostrar os efeitos de reflex\u00e3o do espelho, assista ao v\u00eddeo para obter indica\u00e7\u00f5es mais claras da qualidade) - Este par de brincos de pino \u00e9 muito bonito<\/p>\n<p><\/p>\n<p>N\u00fameros de certificado: GD2205H004257<\/p>\n<p><strong>Tamanho dos caboch\u00f5es: 8,1 * 7,1 * 2,9 mm \/ 8 * 6,8 * 3 mm<\/strong><\/p>\n<p><strong>Com tamanho de configura\u00e7\u00e3o: 11,4 * 10 * 5,6 mm \/ 11,1 * 9,6 * 6,3 mm<\/strong><\/p>\n<p><strong>Ouro 18k: 1,77 gramas<\/strong><\/p>\n<p><strong>Diamantes: 10 * 0,003<\/strong><\/p>\n<p><img fetchpriority=\"high\" decoding=\"async\" height=\"1080\" width=\"1080\" src=\"https:\/\/shop.yipinqian.com\/wp-content\/uploads\/2024\/11\/d6a153fd50e84118b638e81ce7a4c39dtplv-aphluv4xwc-origin-jpeg.jpeg?dr=15568&#038;nonce=12740&#038;refresh_token=364c979e1d28f6218c2c29dcbbfc1777&#038;from=476444299&#038;idc=my2&#038;ps=933b5bde&#038;shcp=9b759fb9&#038;shp=1c65f68b&#038;t=555f072d\"><\/p>\n<ul>\n<li>\n<strong>Material:<\/strong> Feito com jade natural tipo A e engastado em ouro 18k<\/li>\n<li>\n<strong>Certificado:<\/strong> Vem com um certificado que verifica a autenticidade<\/li>\n<li>\n<strong>Estilo de brinco:<\/strong> Brincos de pino casuais perfeitos para uso di\u00e1rio<\/li>\n<li>\n<strong>Tipo de Jade:<\/strong> Feito de jade\u00edta lavanda de alta qualidade<\/li>\n<li>O material secund\u00e1rio diamante acrescenta um toque de luxo a estes brincos requintados.<\/li>\n<li>Adicione um toque da rica heran\u00e7a de Myanmar \u00e0 sua cole\u00e7\u00e3o de joias. Esses brincos de jade deslumbrantes s\u00e3o perfeitos para qualquer ocasi\u00e3o, adicionando um toque de cor ao seu visual di\u00e1rio.<\/li>\n<li>O material de fixa\u00e7\u00e3o \u00e9 PT\/Ouro Quilate, garantindo durabilidade e beleza duradoura.<\/li>\n<li>O acess\u00f3rio perfeito para a mulher moderna, estes brincos de pino s\u00e3o projetados especificamente para mulheres que apreciam um trabalho artesanal de qualidade.<\/li>\n<li>Eleve seu estilo sem esfor\u00e7o com este par de brincos de pino Light Lavender jade \u2013 o ep\u00edtome do luxo encontra a sofistica\u00e7\u00e3o. Pe\u00e7a o seu hoje!<\/li>\n<\/ul>\n<p><img decoding=\"async\" height=\"1080\" width=\"1080\" src=\"https:\/\/shop.yipinqian.com\/wp-content\/uploads\/2024\/11\/eb56c2568681463ea883e42c1544d6d9tplv-aphluv4xwc-origin-jpeg.jpeg?dr=15568&#038;nonce=7045&#038;refresh_token=5bc5e44780ec240c72bcb9810ac0bdca&#038;from=476444299&#038;idc=my2&#038;ps=933b5bde&#038;shcp=9b759fb9&#038;shp=1c65f68b&#038;t=555f072d\"><\/p>\n<p>Yi Pin Qian \u2013 Um negociante de pedras preciosas e metais preciosos em Cingapura \u2013 N\u00famero de licen\u00e7a PS20190000031<\/p>\n<p><\/p>\n<p>*Todos os Jadeites comprados de Yi Pin Qian em Cingapura, os clientes podem reservar hor\u00e1rios para polimento ou pequenos reparos por manuseio incorreto - taxas se aplicam e somente para clientes de Yi Pin Qian em Cingapura*<\/p>\n<p><\/p>\n<p><strong>**Tipos de Certificados**<\/strong><\/p>\n<p><\/p>\n<p><strong>NGI (Nan Yang Gemol\u00f3gico)<\/strong><\/p>\n<p>ou <strong>Certificados no exterior <\/strong>(Yi Pin Qian usa apenas certificados aut\u00eanticos de laborat\u00f3rios estrangeiros e tamb\u00e9m controla a qualidade de cada um dos nossos produtos antes de coloc\u00e1-los \u00e0 venda em Cingapura)<\/p>\n<p><\/p>\n<p>Cada produto no TikTok ter\u00e1 o tipo de certificado fornecido indicado na descri\u00e7\u00e3o. Para qualquer cliente que deseje enviar seu pedido para a NGI Singapore, haver\u00e1 um tempo de espera para entrega do pedido estimado em torno de 4 semanas para receber seu pedido. <strong>As solicita\u00e7\u00f5es de relat\u00f3rios de pedras preciosas da NGI precisam ser feitas por mensagem.<\/strong> Obrigado, <strong><u>taxas extras se aplicam<\/u><\/strong>.<\/p>\n<p><\/p>\n<p><strong>A jade\u00edta natural n\u00e3o \u00e9 perfeita, apenas um lembrete gentil, nossa jade\u00edta natural, como todas as coisas bonitas da natureza, vem com suas caracter\u00edsticas e varia\u00e7\u00f5es \u00fanicas. Convidamos nossos valiosos clientes a abra\u00e7ar essas varia\u00e7\u00f5es naturais. Boas compras!<\/strong><\/p>\n<p><\/p>\n<p><strong><u>Nenhuma das fotos e filmagens de v\u00eddeo foram filtradas. Incentivamos nossos clientes a tamb\u00e9m assistirem aos v\u00eddeos que os acompanham para uma vis\u00e3o mais abrangente de nossos produtos<\/u><\/strong><\/p>\n<p><\/p>\n<ul>\n<li>Diferentes plataformas s\u00f3 podem visualizar v\u00eddeos por meio do Desktop<\/li>\n<\/ul>","protected":false},"excerpt":{"rendered":"<p>Enhance your elegance with these exquisite New SG Local High-Quality Light Lavender Jade Earrings. Crafted as cabochons on Natural Type A Jadeite Jade and set with 18k gold, these earrings exude sophistication and charm. (The first picture was enlarged to show the mirror reflection effects, please view video for clearer indications of the quality) &#8211; [&hellip;]<\/p>","protected":false},"featured_media":13642,"comment_status":"open","ping_status":"closed","template":"","meta":[],"product_brand":[],"product_cat":[195],"product_tag":[50,64,52,88,171,72,65,108,56,58,60,62],"class_list":{"0":"post-13386","1":"product","2":"type-product","3":"status-publish","4":"has-post-thumbnail","6":"product_cat-heirloom-grade","7":"product_tag-18k-gold","8":"product_tag-cabochon","9":"product_tag-certified","10":"product_tag-diamonds","11":"product_tag-earrings","12":"product_tag-female","13":"product_tag-high-quality","14":"product_tag-light-lavender","15":"product_tag-limited-editions","16":"product_tag-new-arrivals","17":"product_tag-type-a-jadeite","18":"product_tag-yi-pin-qian-exclusive","20":"first","21":"instock","22":"sale","23":"shipping-taxable","24":"purchasable","25":"product-type-simple"},"_links":{"self":[{"href":"https:\/\/shop.yipinqian.com\/pt\/wp-json\/wp\/v2\/product\/13386","targetHints":{"allow":["GET"]}}],"collection":[{"href":"https:\/\/shop.yipinqian.com\/pt\/wp-json\/wp\/v2\/product"}],"about":[{"href":"https:\/\/shop.yipinqian.com\/pt\/wp-json\/wp\/v2\/types\/product"}],"replies":[{"embeddable":true,"href":"https:\/\/shop.yipinqian.com\/pt\/wp-json\/wp\/v2\/comments?post=13386"}],"version-history":[{"count":0,"href":"https:\/\/shop.yipinqian.com\/pt\/wp-json\/wp\/v2\/product\/13386\/revisions"}],"wp:featuredmedia":[{"embeddable":true,"href":"https:\/\/shop.yipinqian.com\/pt\/wp-json\/wp\/v2\/media\/13642"}],"wp:attachment":[{"href":"https:\/\/shop.yipinqian.com\/pt\/wp-json\/wp\/v2\/media?parent=13386"}],"wp:term":[{"taxonomy":"product_brand","embeddable":true,"href":"https:\/\/shop.yipinqian.com\/pt\/wp-json\/wp\/v2\/product_brand?post=13386"},{"taxonomy":"product_cat","embeddable":true,"href":"https:\/\/shop.yipinqian.com\/pt\/wp-json\/wp\/v2\/product_cat?post=13386"},{"taxonomy":"product_tag","embeddable":true,"href":"https:\/\/shop.yipinqian.com\/pt\/wp-json\/wp\/v2\/product_tag?post=13386"}],"curies":[{"name":"wp","href":"https:\/\/api.w.org\/{rel}","templated":true}]}}