{"id":13384,"date":"2024-11-22T19:03:13","date_gmt":"2024-11-22T11:03:13","guid":{"rendered":"https:\/\/shop.yipinqian.com\/new-arrival-sg-local-seller-small-but-good-quality-yellow-natural-type-a-jadeite-jade-crafted-as-milo-buddha-pendant-certificate-weighs-8-52-grams-measurement-22-6-21-4-12-8-mm-pendant346\/"},"modified":"2025-02-24T00:49:48","modified_gmt":"2025-02-23T16:49:48","slug":"new-arrival-sg-local-seller-small-but-good-quality-yellow-natural-type-a-jadeite-jade-crafted-as-milo-buddha-pendant-certificate-weighs-8-52-grams-measurement-22-6-21-4-12-8-mm-pendant346","status":"publish","type":"product","link":"https:\/\/shop.yipinqian.com\/pt\/produto\/new-arrival-sg-local-seller-small-but-good-quality-yellow-natural-type-a-jadeite-jade-crafted-as-milo-buddha-pendant-certificate-weighs-8-52-grams-measurement-22-6-21-4-12-8-mm-pendant346\/","title":{"rendered":"#Sold \u2013 Nova chegada SG Vendedor local Pequeno, mas de boa qualidade Jade\u00edta natural amarela tipo A, feito como pingente de Buda Milo, certificado pesa 8,52 gramas, medida 22,6 * 21,4 * 12,8 mm (pendant346)"},"content":{"rendered":"<p>Apresentando o requintado pingente de Buda Milo de jade natural amarela tipo A, criado com precis\u00e3o por um vendedor local em Cingapura.<\/p>\n<p>&nbsp;<\/p>\n<p>Pequeno, mas de boa qualidade \u2013 Belo reflexo no est\u00f4mago<\/p>\n<p>&nbsp;<\/p>\n<p>N\u00fameros de certificado: GD2110H021238<\/p>\n<p><img fetchpriority=\"high\" decoding=\"async\" class=\"alignnone\" src=\"https:\/\/shop.yipinqian.com\/wp-content\/uploads\/2024\/11\/510224eba54e415ba64cadaf2a9208d6tplv-aphluv4xwc-origin-jpeg.jpeg?dr=15568&amp;nonce=85605&amp;refresh_token=084859c75504616153f9ed9192873e2f&amp;from=476444299&amp;idc=my2&amp;ps=933b5bde&amp;shcp=9b759fb9&amp;shp=1c65f68b&amp;t=555f072d\" alt=\"#Sold - New Arrival SG Local Seller Small but Good Quality Yellow Natural Type A Jadeite Jade crafted as Milo Buddha Pendant\" width=\"1080\" height=\"1080\" \/><\/p>\n<ul>\n<li><strong>Alta qualidade:<\/strong> Feito de jade pequeno, mas de boa qualidade, este pingente exala eleg\u00e2ncia e charme.<\/li>\n<li><strong>Certificado inclu\u00eddo:<\/strong> Este pingente vem com um certificado de autenticidade e tranquilidade.<\/li>\n<li><strong>Medidas precisas:<\/strong> Pesando 8,52 gramas e medindo 22,6 * 21,4 * 12,8 mm, este pingente \u00e9 um acess\u00f3rio perfeito para uso di\u00e1rio.<\/li>\n<\/ul>\n<p><img decoding=\"async\" src=\"https:\/\/shop.yipinqian.com\/wp-content\/uploads\/2024\/11\/8b6244e3b0874ae8bd428f61e14b459btplv-aphluv4xwc-origin-jpeg.jpeg?dr=15568&amp;nonce=86579&amp;refresh_token=f5685d6dcaf46d79473e3eda6d42840a&amp;from=476444299&amp;idc=my2&amp;ps=933b5bde&amp;shcp=9b759fb9&amp;shp=1c65f68b&amp;t=555f072d\" width=\"1200\" height=\"1600\" \/><\/p>\n<p>Proveniente de Mianmar, este pingente de jade tipo A \u00e9 adequado tanto para homens quanto para mulheres que apreciam o artesanato fino em suas joias.<\/p>\n<ul>\n<li><strong>Ocasi\u00e3o:<\/strong> Perfeito para uso di\u00e1rio ou ocasi\u00f5es casuais, este pingente estilo colar adiciona um toque de sofistica\u00e7\u00e3o a qualquer roupa.<\/li>\n<\/ul>","protected":false},"excerpt":{"rendered":"<p>#Sold &#8211; New Arrival SG Local Seller Small but Good Quality Yellow Natural Type A Jadeite Jade crafted as Milo Buddha Pendant &#8211; This laughing milo buddha is a Myanmar High quality yellow with reddish color jadeite jade, it might be small but it is good and will be a very lasting piece that can even pass down to next generation. It is a good buy.<\/p>","protected":false},"featured_media":13629,"comment_status":"open","ping_status":"closed","template":"","meta":[],"product_brand":[],"product_cat":[194],"product_tag":[52,65,55,56,57,58,73,60,61,68,62],"class_list":{"0":"post-13384","1":"product","2":"type-product","3":"status-publish","4":"has-post-thumbnail","6":"product_cat-value-picks","7":"product_tag-certified","8":"product_tag-high-quality","9":"product_tag-jadeite","10":"product_tag-limited-editions","11":"product_tag-milo-buddha","12":"product_tag-new-arrivals","13":"product_tag-pendant","14":"product_tag-type-a-jadeite","15":"product_tag-unisex","16":"product_tag-yellow","17":"product_tag-yi-pin-qian-exclusive","19":"first","20":"outofstock","21":"sale","22":"shipping-taxable","23":"purchasable","24":"product-type-simple"},"_links":{"self":[{"href":"https:\/\/shop.yipinqian.com\/pt\/wp-json\/wp\/v2\/product\/13384","targetHints":{"allow":["GET"]}}],"collection":[{"href":"https:\/\/shop.yipinqian.com\/pt\/wp-json\/wp\/v2\/product"}],"about":[{"href":"https:\/\/shop.yipinqian.com\/pt\/wp-json\/wp\/v2\/types\/product"}],"replies":[{"embeddable":true,"href":"https:\/\/shop.yipinqian.com\/pt\/wp-json\/wp\/v2\/comments?post=13384"}],"version-history":[{"count":0,"href":"https:\/\/shop.yipinqian.com\/pt\/wp-json\/wp\/v2\/product\/13384\/revisions"}],"wp:featuredmedia":[{"embeddable":true,"href":"https:\/\/shop.yipinqian.com\/pt\/wp-json\/wp\/v2\/media\/13629"}],"wp:attachment":[{"href":"https:\/\/shop.yipinqian.com\/pt\/wp-json\/wp\/v2\/media?parent=13384"}],"wp:term":[{"taxonomy":"product_brand","embeddable":true,"href":"https:\/\/shop.yipinqian.com\/pt\/wp-json\/wp\/v2\/product_brand?post=13384"},{"taxonomy":"product_cat","embeddable":true,"href":"https:\/\/shop.yipinqian.com\/pt\/wp-json\/wp\/v2\/product_cat?post=13384"},{"taxonomy":"product_tag","embeddable":true,"href":"https:\/\/shop.yipinqian.com\/pt\/wp-json\/wp\/v2\/product_tag?post=13384"}],"curies":[{"name":"wp","href":"https:\/\/api.w.org\/{rel}","templated":true}]}}