{"id":1338,"date":"2024-10-24T23:18:30","date_gmt":"2024-10-24T15:18:30","guid":{"rendered":"https:\/\/shop.yipinqian.com\/product\/diamond-knot-rope-hand-knotted-rope-13-8-14-2-and-14-6-14-2-jadeite-lu-lu-tong-beads-no-certificate-selling-in-a-pair-bracelet12\/"},"modified":"2025-02-17T00:01:34","modified_gmt":"2025-02-16T16:01:34","slug":"diamond-knot-rope-hand-knotted-rope-13-8-14-2-and-14-6-14-2-jadeite-lu-lu-tong-beads-no-certificate-selling-in-a-pair-bracelet12","status":"publish","type":"product","link":"https:\/\/shop.yipinqian.com\/pt\/produto\/diamond-knot-rope-hand-knotted-rope-13-8-14-2-and-14-6-14-2-jadeite-lu-lu-tong-beads-no-certificate-selling-in-a-pair-bracelet12\/","title":{"rendered":"Corda com n\u00f3 de diamante, corda feita \u00e0 m\u00e3o, 13,8 * 14,2 e 14,6 * 14,2 contas de jade\u00edte Lu Lu Tong (sem certificado), vendida em um par (pulseira 12)"},"content":{"rendered":"<p>Este par de pulseiras de corda com n\u00f3 de diamante fa\u00e7a voc\u00ea mesmo, com contas de jade\u00edta de 13,8 * 14,2 e 14,6 * 14,2 feitas \u00e0 m\u00e3o (sem certificado), \u00e9 uma adi\u00e7\u00e3o \u00fanica a qualquer cole\u00e7\u00e3o de joias.<\/p>\n<ul>\n<li>\n<strong>Design elegante:<\/strong> O design da corda com n\u00f3 de diamante acrescenta um toque de eleg\u00e2ncia a qualquer roupa, enquanto as contas de jade\u00edta oferecem um apelo natural e terroso.<\/li>\n<li>\n<strong>Dur\u00e1vel e duradouro:<\/strong> A constru\u00e7\u00e3o em corda feita \u00e0 m\u00e3o garante que a pulseira seja feita para durar no uso di\u00e1rio.<\/li>\n<\/ul>\n<p>Este tipo de pulseira unissex \u00e9 um presente ideal para quem aprecia a beleza das pedras naturais e das joias artesanais.<\/p>\n<ul>\n<li>\n<strong>Origem original de Mianmar:<\/strong> Este produto vem com origem original de Mianmar, o que agrega valor ao seu design exclusivo.<\/li>\n<li>\n<strong>Adequado para uso di\u00e1rio:<\/strong> Perfeitamente adequado para uso di\u00e1rio casual ou at\u00e9 mesmo ocasi\u00f5es especiais como casamentos ou festas, este par de pulseiras de corda com n\u00f3 de diamante pode complementar v\u00e1rios looks com facilidade!<\/li>\n<\/ul>\n<p>Observe que este produto n\u00e3o vem com certificado, mas sua qualidade artesanal diz muito sobre sua autenticidade!<\/p>\n<ul>\n<li><em>O tipo de garantia deste produto \u00e9 N\u00e3o<\/em><\/li>\n<\/ul>\n<p><em>Nota: Este carrinho \u00e9 para um par de pulseiras<\/em><\/p>\n<p>.<\/p>","protected":false},"excerpt":{"rendered":"<p>Este par de pulseiras DIY Diamond Knot Rope com contas de jade\u00edte 13,8 * 14,2 e 14,6 * 14,2 feitas \u00e0 m\u00e3o (sem certificado) \u00e9 uma adi\u00e7\u00e3o \u00fanica a qualquer cole\u00e7\u00e3o de joias. Design elegante: o design de corda com n\u00f3 de diamante adiciona um toque de eleg\u00e2ncia a qualquer roupa, enquanto as contas de jade\u00edte oferecem um apelo natural e terroso. Dur\u00e1vel e duradouro: [\u2026]<\/p>","protected":false},"featured_media":3487,"comment_status":"open","ping_status":"closed","template":"","meta":[],"product_brand":[],"product_cat":[121,84],"product_tag":[],"class_list":{"0":"post-1338","1":"product","2":"type-product","3":"status-publish","4":"has-post-thumbnail","6":"product_cat-bracelets-bangles","7":"product_cat-charms-and-charm-bracelet","9":"first","10":"instock","11":"sale","12":"shipping-taxable","13":"purchasable","14":"product-type-simple"},"_links":{"self":[{"href":"https:\/\/shop.yipinqian.com\/pt\/wp-json\/wp\/v2\/product\/1338","targetHints":{"allow":["GET"]}}],"collection":[{"href":"https:\/\/shop.yipinqian.com\/pt\/wp-json\/wp\/v2\/product"}],"about":[{"href":"https:\/\/shop.yipinqian.com\/pt\/wp-json\/wp\/v2\/types\/product"}],"replies":[{"embeddable":true,"href":"https:\/\/shop.yipinqian.com\/pt\/wp-json\/wp\/v2\/comments?post=1338"}],"version-history":[{"count":0,"href":"https:\/\/shop.yipinqian.com\/pt\/wp-json\/wp\/v2\/product\/1338\/revisions"}],"wp:featuredmedia":[{"embeddable":true,"href":"https:\/\/shop.yipinqian.com\/pt\/wp-json\/wp\/v2\/media\/3487"}],"wp:attachment":[{"href":"https:\/\/shop.yipinqian.com\/pt\/wp-json\/wp\/v2\/media?parent=1338"}],"wp:term":[{"taxonomy":"product_brand","embeddable":true,"href":"https:\/\/shop.yipinqian.com\/pt\/wp-json\/wp\/v2\/product_brand?post=1338"},{"taxonomy":"product_cat","embeddable":true,"href":"https:\/\/shop.yipinqian.com\/pt\/wp-json\/wp\/v2\/product_cat?post=1338"},{"taxonomy":"product_tag","embeddable":true,"href":"https:\/\/shop.yipinqian.com\/pt\/wp-json\/wp\/v2\/product_tag?post=1338"}],"curies":[{"name":"wp","href":"https:\/\/api.w.org\/{rel}","templated":true}]}}