{"id":13379,"date":"2024-11-22T19:03:05","date_gmt":"2024-11-22T11:03:05","guid":{"rendered":"https:\/\/shop.yipinqian.com\/new-arrival-crafted-as-baby-buddha-on-natural-type-a-jadeite-jade-as-pendant-certificate-weighs3-89-grams-measurement-23-8-21-8-4-8-mm-pendant339\/"},"modified":"2025-01-09T01:16:24","modified_gmt":"2025-01-08T17:16:24","slug":"new-arrival-crafted-as-baby-buddha-on-natural-type-a-jadeite-jade-as-pendant-certificate-weighs3-89-grams-measurement-23-8-21-8-4-8-mm-pendant339","status":"publish","type":"product","link":"https:\/\/shop.yipinqian.com\/pt\/produto\/new-arrival-crafted-as-baby-buddha-on-natural-type-a-jadeite-jade-as-pendant-certificate-weighs3-89-grams-measurement-23-8-21-8-4-8-mm-pendant339\/","title":{"rendered":"Nova chegada trabalhada como Buda beb\u00ea em jade\u00edte natural tipo A como certificado de pingente pesa 3,89 gramas, medindo 23,8 * 21,8 * 4,8 mm (pendant339)"},"content":{"rendered":"<p>Este pingente rec\u00e9m-chegado apresenta um Buda Beb\u00ea trabalhado em jade\u00edta natural Tipo A, o que o torna uma joia \u00fanica e significativa.<\/p>\n<p><\/p>\n<p>N\u00fameros de certificado: 920350023594<\/p>\n<p><img fetchpriority=\"high\" decoding=\"async\" src=\"https:\/\/shop.yipinqian.com\/wp-content\/uploads\/2024\/11\/632f68ab0c0a4961b7a0c00964512a15tplv-aphluv4xwc-origin-jpeg.jpeg?dr=15568&#038;nonce=68643&#038;refresh_token=5fdb1a51882fc8ee1fdb56a004d2769a&#038;from=476444299&#038;idc=my2&#038;ps=933b5bde&#038;shcp=9b759fb9&#038;shp=1c65f68b&#038;t=555f072d\" width=\"1080\" height=\"1080\"><\/p>\n<ul>\n<li>\n<strong>Peso:<\/strong> 3,89 gramas<\/li>\n<li>\n<strong>Medidas:<\/strong> 23,8 * 21,8 * 4,8 mil\u00edmetros<\/li>\n<li>\n<strong>Tipo de Jade:<\/strong> Jade\u00edta<\/li>\n<li>\n<strong>Certificado:<\/strong> Sim<\/li>\n<li><strong>Ocasi\u00e3o: Diariamente<\/strong><\/li>\n<li><strong>Colar de Jade Estilo: Casual<\/strong><\/li>\n<li><strong>O g\u00eanero deste produto \u00e9\/s\u00e3o unissex.<\/strong><\/li>\n<\/ul>\n<p><img decoding=\"async\" src=\"https:\/\/shop.yipinqian.com\/wp-content\/uploads\/2024\/11\/2fe5c463c4654678bde88ec660c3f7bdtplv-aphluv4xwc-origin-jpeg.jpeg?dr=15568&#038;nonce=83455&#038;refresh_token=2e2c0f1f48d88026c2e8967ffbf6577c&#038;from=476444299&#038;idc=my2&#038;ps=933b5bde&#038;shcp=9b759fb9&#038;shp=1c65f68b&#038;t=555f072d\" width=\"1080\" height=\"1080\"><\/p>\n<p><strong>Este pingente, origin\u00e1rio de Myanmar, \u00e9 um acess\u00f3rio perfeito para uso di\u00e1rio e adiciona um toque elegante a qualquer roupa. O artesanato requintado e o material de jade natural fazem dele uma pe\u00e7a de destaque em qualquer cole\u00e7\u00e3o de joias.<\/strong><\/p>\n<p><strong>.<\/strong><\/p>\n<p><strong>A jade\u00edta natural n\u00e3o \u00e9 perfeita, apenas um lembrete gentil, nossa jade\u00edta natural, como todas as coisas bonitas da natureza, vem com suas caracter\u00edsticas e varia\u00e7\u00f5es \u00fanicas. Convidamos nossos valiosos clientes a abra\u00e7ar essas varia\u00e7\u00f5es naturais. Boas compras!<\/strong><\/p>\n<p><\/p>\n<p><strong><u>Nenhuma das fotos e filmagens de v\u00eddeo foram filtradas. Incentivamos nossos clientes a tamb\u00e9m assistirem aos v\u00eddeos que os acompanham para uma vis\u00e3o mais abrangente de nossos produtos<\/u><\/strong><\/p>\n<p><\/p>\n<ul>\n<li>Diferentes plataformas s\u00f3 podem visualizar v\u00eddeos por meio do Desktop<\/li>\n<\/ul>","protected":false},"excerpt":{"rendered":"<p>This New Arrival pendant features a Baby Buddha crafted on natural Type A Jadeite Jade, making it a unique and meaningful piece of jewelry. Certificate numbers: 920350023594 Weight: 3.89 grams Measurements: 23.8 * 21.8 * 4.8 mm Jade Type: Jadeite Certificate: Yes Ocassion: Daily Jade Necklace Style: Casual The Gender of this product is\/are Unisex. [&hellip;]<\/p>","protected":false},"featured_media":13577,"comment_status":"open","ping_status":"closed","template":"","meta":[],"product_brand":[],"product_cat":[83,126,48],"product_tag":[51,52,58,73,60,61,62],"class_list":{"0":"post-13379","1":"product","2":"type-product","3":"status-publish","4":"has-post-thumbnail","6":"product_cat-jade-necklaces-pendants","7":"product_cat-new-arrivals","8":"product_cat-pendants","9":"product_tag-buddha","10":"product_tag-certified","11":"product_tag-new-arrivals","12":"product_tag-pendant","13":"product_tag-type-a-jadeite","14":"product_tag-unisex","15":"product_tag-yi-pin-qian-exclusive","17":"first","18":"instock","19":"sale","20":"shipping-taxable","21":"purchasable","22":"product-type-simple"},"_links":{"self":[{"href":"https:\/\/shop.yipinqian.com\/pt\/wp-json\/wp\/v2\/product\/13379","targetHints":{"allow":["GET"]}}],"collection":[{"href":"https:\/\/shop.yipinqian.com\/pt\/wp-json\/wp\/v2\/product"}],"about":[{"href":"https:\/\/shop.yipinqian.com\/pt\/wp-json\/wp\/v2\/types\/product"}],"replies":[{"embeddable":true,"href":"https:\/\/shop.yipinqian.com\/pt\/wp-json\/wp\/v2\/comments?post=13379"}],"version-history":[{"count":0,"href":"https:\/\/shop.yipinqian.com\/pt\/wp-json\/wp\/v2\/product\/13379\/revisions"}],"wp:featuredmedia":[{"embeddable":true,"href":"https:\/\/shop.yipinqian.com\/pt\/wp-json\/wp\/v2\/media\/13577"}],"wp:attachment":[{"href":"https:\/\/shop.yipinqian.com\/pt\/wp-json\/wp\/v2\/media?parent=13379"}],"wp:term":[{"taxonomy":"product_brand","embeddable":true,"href":"https:\/\/shop.yipinqian.com\/pt\/wp-json\/wp\/v2\/product_brand?post=13379"},{"taxonomy":"product_cat","embeddable":true,"href":"https:\/\/shop.yipinqian.com\/pt\/wp-json\/wp\/v2\/product_cat?post=13379"},{"taxonomy":"product_tag","embeddable":true,"href":"https:\/\/shop.yipinqian.com\/pt\/wp-json\/wp\/v2\/product_tag?post=13379"}],"curies":[{"name":"wp","href":"https:\/\/api.w.org\/{rel}","templated":true}]}}