{"id":13372,"date":"2024-11-22T19:02:47","date_gmt":"2024-11-22T11:02:47","guid":{"rendered":"https:\/\/shop.yipinqian.com\/latest-new-arrival-premium-high-quality-pair-of-green-cabochons-stud-earrings-set-on-18k-gold-on-natural-type-a-jadeite-jade-certificate-weighs-2-19-grams-18kp03\/"},"modified":"2025-02-24T01:34:16","modified_gmt":"2025-02-23T17:34:16","slug":"latest-new-arrival-premium-high-quality-pair-of-green-cabochons-stud-earrings-set-on-18k-gold-on-natural-type-a-jadeite-jade-certificate-weighs-2-19-grams-18kp03","status":"publish","type":"product","link":"https:\/\/shop.yipinqian.com\/pt\/produto\/latest-new-arrival-premium-high-quality-pair-of-green-cabochons-stud-earrings-set-on-18k-gold-on-natural-type-a-jadeite-jade-certificate-weighs-2-19-grams-18kp03\/","title":{"rendered":"\u00daltimos novos brincos de pino premium de alta qualidade com caboch\u00f5es verdes em ouro 18k com certificado de jade natural tipo A e pesa 2,19 gramas (18kp03)"},"content":{"rendered":"<p>Apresentando nossa mais recente novidade: um par de brincos de pino caboch\u00e3o verde premium de alta qualidade, cravejados em ouro 18k, com jade natural tipo A.<\/p>\n<p><\/p>\n<p><strong>N\u00fameros de certificado: GD2110H017972<\/strong><\/p>\n<p><strong>Caboch\u00f5es: 5,6 * 4,8 * 2,2 mm \/ 5,6 * 4,8 * 2,3 mm<\/strong><\/p>\n<p><strong>Com tamanho de configura\u00e7\u00e3o: 10,8 * 9,9 * 6,1 mm \/ 10,6 * 9,8 * 6,3 mm<\/strong><\/p>\n<p><strong>Ouro 18k: 1,63 gramas<\/strong><\/p>\n<p><strong>Diamantes: 28 * 0,02 = 0,56 quilates<\/strong><\/p>\n<p><img fetchpriority=\"high\" decoding=\"async\" src=\"https:\/\/shop.yipinqian.com\/wp-content\/uploads\/2024\/11\/db8055c62ac44eb2b399d3523abfe080tplv-aphluv4xwc-origin-jpeg.jpeg?dr=15568&#038;nonce=79826&#038;refresh_token=881a74e0e0485b0fd6e48315dc5b7e76&#038;from=476444299&#038;idc=my2&#038;ps=933b5bde&#038;shcp=9b759fb9&#038;shp=1c65f68b&#038;t=555f072d\" width=\"1080\" height=\"1080\"><\/p>\n<ul>\n<li>\n<strong>Certificado:<\/strong> Sim<\/li>\n<li>\n<strong>Material secund\u00e1rio:<\/strong> Diamante<\/li>\n<li>\n<strong>Material de configura\u00e7\u00e3o:<\/strong> PT\/Ouro Quilate<\/li>\n<li>\n<strong>Tipo de Jade:<\/strong> Jade\u00edta<\/li>\n<\/ul>\n<p><img decoding=\"async\" src=\"https:\/\/shop.yipinqian.com\/wp-content\/uploads\/2024\/11\/7c452705f02c4b73a24f1567fc6c82d6tplv-aphluv4xwc-origin-jpeg.jpeg?dr=15568&#038;nonce=79806&#038;refresh_token=5269769986e038114fcb777ceace6f1e&#038;from=476444299&#038;idc=my2&#038;ps=933b5bde&#038;shcp=9b759fb9&#038;shp=1c65f68b&#038;t=555f072d\" width=\"1536\" height=\"2048\"><\/p>\n<p>Este requintado par de brincos pesa delicados 2,19 gramas, o que o torna o acess\u00f3rio perfeito para uso di\u00e1rio.<\/p>\n<ul>\n<li>Principais caracter\u00edsticas:<\/li>\n<li>Estilo de brinco elegante para um toque de sofistica\u00e7\u00e3o.&gt; <>Feitos especificamente para mulheres de gosto exigente, crie impress\u00f5es duradouras com estes deslumbrantes brincos de pino caboch\u00e3o verde \u2013 perfeitos para uso di\u00e1rio ou ocasi\u00f5es especiais.<\/li>\n<\/ul>\n<p>Yi Pin Qian \u2013 Um negociante de pedras preciosas e metais preciosos em Cingapura \u2013 N\u00famero de licen\u00e7a PS20190000031<\/p>\n<p><\/p>\n<p>*Todos os Jadeites comprados de Yi Pin Qian em Cingapura, os clientes podem reservar hor\u00e1rios para polimento ou pequenos reparos por manuseio incorreto - taxas se aplicam e somente para clientes de Yi Pin Qian em Cingapura*<\/p>\n<p><\/p>\n<p><strong>**Tipos de Certificados**<\/strong><\/p>\n<p><\/p>\n<p><strong>NGI (Nan Yang Gemol\u00f3gico)<\/strong><\/p>\n<p>ou <strong>Certificados no exterior <\/strong>(Yi Pin Qian usa apenas certificados aut\u00eanticos de laborat\u00f3rios estrangeiros e tamb\u00e9m controla a qualidade de cada um dos nossos produtos antes de coloc\u00e1-los \u00e0 venda em Cingapura)<\/p>\n<p><\/p>\n<p>Cada produto no TikTok ter\u00e1 o tipo de certificado fornecido indicado na descri\u00e7\u00e3o. Para qualquer cliente que deseje enviar seu pedido para a NGI Singapore, haver\u00e1 um tempo de espera para entrega do pedido estimado em torno de 4 semanas para receber seu pedido. <strong>As solicita\u00e7\u00f5es de relat\u00f3rios de pedras preciosas da NGI precisam ser feitas por mensagem.<\/strong> Obrigado, <strong><u>taxas extras se aplicam<\/u><\/strong>.<\/p>\n<p><\/p>\n<p><strong>A jade\u00edta natural n\u00e3o \u00e9 perfeita, apenas um lembrete gentil, nossa jade\u00edta natural, como todas as coisas bonitas da natureza, vem com suas caracter\u00edsticas e varia\u00e7\u00f5es \u00fanicas. Convidamos nossos valiosos clientes a abra\u00e7ar essas varia\u00e7\u00f5es naturais. Boas compras!<\/strong><\/p>\n<p><\/p>\n<p><strong><u>Nenhuma das fotos e filmagens de v\u00eddeo foram filtradas. Incentivamos nossos clientes a tamb\u00e9m assistirem aos v\u00eddeos que os acompanham para uma vis\u00e3o mais abrangente de nossos produtos<\/u><\/strong><\/p>\n<p><\/p>\n<ul>\n<li>Diferentes plataformas s\u00f3 podem visualizar v\u00eddeos por meio do Desktop<\/li>\n<\/ul>","protected":false},"excerpt":{"rendered":"<p>Introducing our Latest New Arrival: a Premium High-Quality Pair of Green Cabochons Stud Earrings set on 18k gold, featuring Natural Type A Jadeite Jade. Certificate numbers: GD2110H017972 Cabochons: 5.6 * 4.8 * 2.2 mm \/ 5.6 * 4.8 * 2.3 mm With Setting Size: 10.8 * 9.9 * 6.1 mm \/ 10.6 * 9.8 * [&hellip;]<\/p>","protected":false},"featured_media":13536,"comment_status":"open","ping_status":"closed","template":"","meta":[],"product_brand":[],"product_cat":[196],"product_tag":[50,64,52,88,171,72,53,70,65,55,56,58,60,62],"class_list":{"0":"post-13372","1":"product","2":"type-product","3":"status-publish","4":"has-post-thumbnail","6":"product_cat-vault-collection","7":"product_tag-18k-gold","8":"product_tag-cabochon","9":"product_tag-certified","10":"product_tag-diamonds","11":"product_tag-earrings","12":"product_tag-female","13":"product_tag-fine-quality","14":"product_tag-green","15":"product_tag-high-quality","16":"product_tag-jadeite","17":"product_tag-limited-editions","18":"product_tag-new-arrivals","19":"product_tag-type-a-jadeite","20":"product_tag-yi-pin-qian-exclusive","22":"first","23":"instock","24":"sale","25":"shipping-taxable","26":"purchasable","27":"product-type-simple"},"_links":{"self":[{"href":"https:\/\/shop.yipinqian.com\/pt\/wp-json\/wp\/v2\/product\/13372","targetHints":{"allow":["GET"]}}],"collection":[{"href":"https:\/\/shop.yipinqian.com\/pt\/wp-json\/wp\/v2\/product"}],"about":[{"href":"https:\/\/shop.yipinqian.com\/pt\/wp-json\/wp\/v2\/types\/product"}],"replies":[{"embeddable":true,"href":"https:\/\/shop.yipinqian.com\/pt\/wp-json\/wp\/v2\/comments?post=13372"}],"version-history":[{"count":0,"href":"https:\/\/shop.yipinqian.com\/pt\/wp-json\/wp\/v2\/product\/13372\/revisions"}],"wp:featuredmedia":[{"embeddable":true,"href":"https:\/\/shop.yipinqian.com\/pt\/wp-json\/wp\/v2\/media\/13536"}],"wp:attachment":[{"href":"https:\/\/shop.yipinqian.com\/pt\/wp-json\/wp\/v2\/media?parent=13372"}],"wp:term":[{"taxonomy":"product_brand","embeddable":true,"href":"https:\/\/shop.yipinqian.com\/pt\/wp-json\/wp\/v2\/product_brand?post=13372"},{"taxonomy":"product_cat","embeddable":true,"href":"https:\/\/shop.yipinqian.com\/pt\/wp-json\/wp\/v2\/product_cat?post=13372"},{"taxonomy":"product_tag","embeddable":true,"href":"https:\/\/shop.yipinqian.com\/pt\/wp-json\/wp\/v2\/product_tag?post=13372"}],"curies":[{"name":"wp","href":"https:\/\/api.w.org\/{rel}","templated":true}]}}