{"id":13361,"date":"2024-11-22T19:02:29","date_gmt":"2024-11-22T11:02:29","guid":{"rendered":"https:\/\/shop.yipinqian.com\/high-quality-light-green-with-green-patches-crafted-as-one-pair-of-gourd-on-natural-type-a-jadeite-jade-as-stud-earrings-certificate-weighs-2-38-grams-18k01\/"},"modified":"2025-02-24T01:17:24","modified_gmt":"2025-02-23T17:17:24","slug":"high-quality-light-green-with-green-patches-crafted-as-one-pair-of-gourd-on-natural-type-a-jadeite-jade-as-stud-earrings-certificate-weighs-2-38-grams-18k01","status":"publish","type":"product","link":"https:\/\/shop.yipinqian.com\/pt\/produto\/high-quality-light-green-with-green-patches-crafted-as-one-pair-of-gourd-on-natural-type-a-jadeite-jade-as-stud-earrings-certificate-weighs-2-38-grams-18k01\/","title":{"rendered":"Verde claro de alta qualidade com manchas verdes, trabalhado como um par de caba\u00e7a em jade\u00edte natural tipo A como brincos de pino, certificado pesa 2,38 gramas (18k01)"},"content":{"rendered":"<p>Melhore sua cole\u00e7\u00e3o de joias com estes requintados brincos de bot\u00e3o tipo caba\u00e7a verde-claro com manchas verdes de alta qualidade, feitos de jade natural tipo A.<\/p>\n<p><\/p>\n<p>N\u00fameros de certificado: GD2111H018867<\/p>\n<p><\/p>\n<p>Tamanhos de Jade\u00edta: 10,1 * 7,7 * 2,7 \/ 10,5 * 7,8 * 3 mm<\/p>\n<p>Tamanho com configura\u00e7\u00e3o: 13,4 * 7,8 * 3,7 mm<\/p>\n<p>Ouro 18k: 1,46 gramas<\/p>\n<p>Diamantes: 24 * 0,003 = 0,072 quilates<\/p>\n<p>Rubi Vermelho: 2 * 0,005<\/p>\n<p><img fetchpriority=\"high\" decoding=\"async\" src=\"https:\/\/shop.yipinqian.com\/wp-content\/uploads\/2024\/11\/91ea309a364948418beced37da570b6btplv-aphluv4xwc-origin-jpeg.jpeg?dr=15568&#038;nonce=98324&#038;refresh_token=35384128e8213137219d9bc0a050a7d3&#038;from=476444299&#038;idc=my2&#038;ps=933b5bde&#038;shcp=9b759fb9&#038;shp=1c65f68b&#038;t=555f072d\" width=\"1536\" height=\"2048\"><\/p>\n<ul>\n<li>\n<strong>Material:<\/strong> Jade\u00edta Natural Tipo A Jade<\/li>\n<li>\n<strong>Projeto:<\/strong> Em forma de caba\u00e7a com detalhes intrincados<\/li>\n<li>\n<strong>Certificado:<\/strong> Sim, certificado incluso<\/li>\n<li>\n<strong>Pesa:<\/strong> 2,38 gramas<\/li>\n<li>Adicione um toque de eleg\u00e2ncia \u00e0s suas roupas di\u00e1rias com estes lindos brincos de pino. O tom verde claro com manchas verdes os torna um acess\u00f3rio \u00fanico e atraente.<\/li>\n<li>Principais caracter\u00edsticas:<\/li>\n<li>Estilo de brinco elegante perfeito para mulheresExtra\u00eddo de Mianmar, exibindo autenticidade e artesanato de qualidade li&gt;Acentos de diamante adicionam um toque de sofistica\u00e7\u00e3o li&gt;Feito de materiais preciosos de configura\u00e7\u00e3o de ouro PT\/quilate para durabilidade<\/li>\n<li>.<\/li>\n<\/ul>\n<p><img decoding=\"async\" src=\"https:\/\/shop.yipinqian.com\/wp-content\/uploads\/2024\/11\/df1afc008b3f4094a149be6cac83824dtplv-aphluv4xwc-origin-jpeg.jpeg?dr=15568&#038;nonce=21730&#038;refresh_token=5a42dedc1d5932d0bcf25b9db5eefd01&#038;from=476444299&#038;idc=my2&#038;ps=933b5bde&#038;shcp=9b759fb9&#038;shp=1c65f68b&#038;t=555f072d\" width=\"1536\" height=\"2048\"><\/p>\n<p>Yi Pin Qian \u2013 Um negociante de pedras preciosas e metais preciosos em Cingapura \u2013 N\u00famero de licen\u00e7a PS20190000031<\/p>\n<p><\/p>\n<p>*Todos os Jadeites comprados de Yi Pin Qian em Cingapura, os clientes podem reservar hor\u00e1rios para polimento ou pequenos reparos por manuseio incorreto - taxas se aplicam e somente para clientes de Yi Pin Qian em Cingapura*<\/p>\n<p><\/p>\n<p><strong>**Tipos de Certificados**<\/strong><\/p>\n<p><\/p>\n<p><strong>NGI (Nan Yang Gemol\u00f3gico)<\/strong><\/p>\n<p>ou <strong>Certificados no exterior <\/strong>(Yi Pin Qian usa apenas certificados aut\u00eanticos de laborat\u00f3rios estrangeiros e tamb\u00e9m controla a qualidade de cada um dos nossos produtos antes de coloc\u00e1-los \u00e0 venda em Cingapura)<\/p>\n<p><\/p>\n<p>Cada produto no TikTok ter\u00e1 o tipo de certificado fornecido indicado na descri\u00e7\u00e3o. Para qualquer cliente que deseje enviar seu pedido para a NGI Singapore, haver\u00e1 um tempo de espera para entrega do pedido estimado em torno de 4 semanas para receber seu pedido. <strong>As solicita\u00e7\u00f5es de relat\u00f3rios de pedras preciosas da NGI precisam ser feitas por mensagem.<\/strong> Obrigado, <strong><u>taxas extras se aplicam<\/u><\/strong>.<\/p>\n<p><\/p>\n<p><strong>A jade\u00edta natural n\u00e3o \u00e9 perfeita, apenas um lembrete gentil, nossa jade\u00edta natural, como todas as coisas bonitas da natureza, vem com suas caracter\u00edsticas e varia\u00e7\u00f5es \u00fanicas. Convidamos nossos valiosos clientes a abra\u00e7ar essas varia\u00e7\u00f5es naturais. Boas compras!<\/strong><\/p>\n<p><\/p>\n<p><strong><u>Nenhuma das fotos e filmagens de v\u00eddeo foram filtradas. Incentivamos nossos clientes a tamb\u00e9m assistirem aos v\u00eddeos que os acompanham para uma vis\u00e3o mais abrangente de nossos produtos<\/u><\/strong><\/p>\n<p><\/p>\n<ul>\n<li>Diferentes plataformas s\u00f3 podem visualizar v\u00eddeos por meio do Desktop<\/li>\n<\/ul>","protected":false},"excerpt":{"rendered":"<p>Enhance your jewelry collection with these exquisite High Quality Light Green with Green Patches Gourd Stud Earrings crafted from Natural Type A Jadeite Jade. Certificate numbers: GD2111H018867 Jadeite Sizes: 10.1 * 7.7 * 2.7 \/ 10.5 * 7.8 * 3 mm Size with Setting: 13.4 * 7.8 * 3.7 mm 18k Gold: 1.46 grams Diamonds: [&hellip;]<\/p>","protected":false},"featured_media":13472,"comment_status":"open","ping_status":"closed","template":"","meta":[],"product_brand":[],"product_cat":[195],"product_tag":[50,52,88,171,53,70,96,55,82,56,58,60,62],"class_list":{"0":"post-13361","1":"product","2":"type-product","3":"status-publish","4":"has-post-thumbnail","6":"product_cat-heirloom-grade","7":"product_tag-18k-gold","8":"product_tag-certified","9":"product_tag-diamonds","10":"product_tag-earrings","11":"product_tag-fine-quality","12":"product_tag-green","13":"product_tag-green-patches","14":"product_tag-jadeite","15":"product_tag-light-green","16":"product_tag-limited-editions","17":"product_tag-new-arrivals","18":"product_tag-type-a-jadeite","19":"product_tag-yi-pin-qian-exclusive","21":"first","22":"instock","23":"sale","24":"shipping-taxable","25":"purchasable","26":"product-type-simple"},"_links":{"self":[{"href":"https:\/\/shop.yipinqian.com\/pt\/wp-json\/wp\/v2\/product\/13361","targetHints":{"allow":["GET"]}}],"collection":[{"href":"https:\/\/shop.yipinqian.com\/pt\/wp-json\/wp\/v2\/product"}],"about":[{"href":"https:\/\/shop.yipinqian.com\/pt\/wp-json\/wp\/v2\/types\/product"}],"replies":[{"embeddable":true,"href":"https:\/\/shop.yipinqian.com\/pt\/wp-json\/wp\/v2\/comments?post=13361"}],"version-history":[{"count":0,"href":"https:\/\/shop.yipinqian.com\/pt\/wp-json\/wp\/v2\/product\/13361\/revisions"}],"wp:featuredmedia":[{"embeddable":true,"href":"https:\/\/shop.yipinqian.com\/pt\/wp-json\/wp\/v2\/media\/13472"}],"wp:attachment":[{"href":"https:\/\/shop.yipinqian.com\/pt\/wp-json\/wp\/v2\/media?parent=13361"}],"wp:term":[{"taxonomy":"product_brand","embeddable":true,"href":"https:\/\/shop.yipinqian.com\/pt\/wp-json\/wp\/v2\/product_brand?post=13361"},{"taxonomy":"product_cat","embeddable":true,"href":"https:\/\/shop.yipinqian.com\/pt\/wp-json\/wp\/v2\/product_cat?post=13361"},{"taxonomy":"product_tag","embeddable":true,"href":"https:\/\/shop.yipinqian.com\/pt\/wp-json\/wp\/v2\/product_tag?post=13361"}],"curies":[{"name":"wp","href":"https:\/\/api.w.org\/{rel}","templated":true}]}}