{"id":13359,"date":"2024-11-22T19:02:24","date_gmt":"2024-11-22T11:02:24","guid":{"rendered":"https:\/\/shop.yipinqian.com\/green-with-yellow-natural-type-a-jadeite-jade-crafted-with-ruyi-and-pixiu-as-pendant-certificate-weighs-16-67-grams-measurement-47-2-19-8-13-3-mm-pendant344\/"},"modified":"2025-02-24T00:49:48","modified_gmt":"2025-02-23T16:49:48","slug":"green-with-yellow-natural-type-a-jadeite-jade-crafted-with-ruyi-and-pixiu-as-pendant-certificate-weighs-16-67-grams-measurement-47-2-19-8-13-3-mm-pendant344","status":"publish","type":"product","link":"https:\/\/shop.yipinqian.com\/pt\/produto\/green-with-yellow-natural-type-a-jadeite-jade-crafted-with-ruyi-and-pixiu-as-pendant-certificate-weighs-16-67-grams-measurement-47-2-19-8-13-3-mm-pendant344\/","title":{"rendered":"Jade\u00edta natural tipo A verde com amarelo, trabalhada com Ruyi e Pixiu como pingente, o certificado pesa 16,67 gramas, medindo 47,2 * 19,8 * 13,3 mm (pendant344)"},"content":{"rendered":"<p>This Green with Yellow Natural Type A Jadeite Jade pendant is a stunning piece of jewelry featuring Ruyi and Pixiu designs, making it a unique and auspicious accessory.<\/p>\n<p><\/p>\n<p>Certificate numbers: SJ2312021880<\/p>\n<p><img fetchpriority=\"high\" decoding=\"async\" src=\"https:\/\/shop.yipinqian.com\/wp-content\/uploads\/2024\/11\/00aee81026fb4e40a2dd034cce6ed9c9tplv-aphluv4xwc-origin-jpeg.jpeg?dr=15568&#038;nonce=19842&#038;refresh_token=66ef920dbbe1ed20d890e057c4cc7a85&#038;from=476444299&#038;idc=my2&#038;ps=933b5bde&#038;shcp=9b759fb9&#038;shp=1c65f68b&#038;t=555f072d\" width=\"1536\" height=\"2048\"><\/p>\n<ul>\n<li>Material: Green with Yellow Natural Type A Jadeite Jade<\/li>\n<li>Design: Ruyi and Pixiu<\/li>\n<li>Weight: 16.67 grams<\/li>\n<li>Measurement: 47.2 * 19.8 * 13.3 mm (pendant344)<\/li>\n<\/ul>\n<p><img decoding=\"async\" src=\"https:\/\/shop.yipinqian.com\/wp-content\/uploads\/2024\/11\/a79b7aff35aa40c897b48cbea7a1c9a7tplv-aphluv4xwc-origin-jpeg.jpeg?dr=15568&#038;nonce=15501&#038;refresh_token=2501ee6785cb869693d76e7d507d4f08&#038;from=476444299&#038;idc=my2&#038;ps=933b5bde&#038;shcp=9b759fb9&#038;shp=1c65f68b&#038;t=555f072d\" width=\"1536\" height=\"2048\"><\/p>\n<p>Crafted with attention to detail, this pendant exudes elegance and charm, perfect for both men and women who appreciate fine jade jewelry.<\/p>\n<ul>\n<li>Certificado inclu\u00eddo: Sim<\/li>\n<li>Regi\u00e3o de origem: Myanmar<\/li>\n<li>Occasion: Auspicious events or casual wear<\/li>\n<li>Tipo de Jade: Jade\u00edta<\/li>\n<\/ul>\n<p>Add a touch of sophistication to your outfit with this exquisite Green with Yellow Natural Type A Jadeite Pendant featuring symbolic Ruyi and Pixiu designs.<\/p>\n<p><\/p>\n<p><strong>A jade\u00edta natural n\u00e3o \u00e9 perfeita, apenas um lembrete gentil, nossa jade\u00edta natural, como todas as coisas bonitas da natureza, vem com suas caracter\u00edsticas e varia\u00e7\u00f5es \u00fanicas. Convidamos nossos valiosos clientes a abra\u00e7ar essas varia\u00e7\u00f5es naturais. Boas compras!<\/strong><\/p>\n<p><\/p>\n<p><strong><u>Nenhuma das fotos e filmagens de v\u00eddeo foram filtradas. Incentivamos nossos clientes a tamb\u00e9m assistirem aos v\u00eddeos que os acompanham para uma vis\u00e3o mais abrangente de nossos produtos<\/u><\/strong><\/p>\n<p><\/p>\n<ul>\n<li>Diferentes plataformas s\u00f3 podem visualizar v\u00eddeos por meio do Desktop<\/li>\n<\/ul>\n<p>.<\/p>","protected":false},"excerpt":{"rendered":"<p>This Green with Yellow Natural Type A Jadeite Jade pendant is a stunning piece of jewelry featuring Ruyi and Pixiu designs, making it a unique and auspicious accessory. Certificate numbers: SJ2312021880 Material: Green with Yellow Natural Type A Jadeite Jade Design: Ruyi and Pixiu Weight: 16.67 grams Measurement: 47.2 * 19.8 * 13.3 mm (pendant344) [&hellip;]<\/p>","protected":false},"featured_media":13461,"comment_status":"open","ping_status":"closed","template":"","meta":[],"product_brand":[],"product_cat":[194],"product_tag":[65,55,58,85,75,60,61,62],"class_list":{"0":"post-13359","1":"product","2":"type-product","3":"status-publish","4":"has-post-thumbnail","6":"product_cat-value-picks","7":"product_tag-high-quality","8":"product_tag-jadeite","9":"product_tag-new-arrivals","10":"product_tag-pixiu","11":"product_tag-traditional","12":"product_tag-type-a-jadeite","13":"product_tag-unisex","14":"product_tag-yi-pin-qian-exclusive","16":"first","17":"instock","18":"sale","19":"shipping-taxable","20":"purchasable","21":"product-type-simple"},"_links":{"self":[{"href":"https:\/\/shop.yipinqian.com\/pt\/wp-json\/wp\/v2\/product\/13359","targetHints":{"allow":["GET"]}}],"collection":[{"href":"https:\/\/shop.yipinqian.com\/pt\/wp-json\/wp\/v2\/product"}],"about":[{"href":"https:\/\/shop.yipinqian.com\/pt\/wp-json\/wp\/v2\/types\/product"}],"replies":[{"embeddable":true,"href":"https:\/\/shop.yipinqian.com\/pt\/wp-json\/wp\/v2\/comments?post=13359"}],"version-history":[{"count":0,"href":"https:\/\/shop.yipinqian.com\/pt\/wp-json\/wp\/v2\/product\/13359\/revisions"}],"wp:featuredmedia":[{"embeddable":true,"href":"https:\/\/shop.yipinqian.com\/pt\/wp-json\/wp\/v2\/media\/13461"}],"wp:attachment":[{"href":"https:\/\/shop.yipinqian.com\/pt\/wp-json\/wp\/v2\/media?parent=13359"}],"wp:term":[{"taxonomy":"product_brand","embeddable":true,"href":"https:\/\/shop.yipinqian.com\/pt\/wp-json\/wp\/v2\/product_brand?post=13359"},{"taxonomy":"product_cat","embeddable":true,"href":"https:\/\/shop.yipinqian.com\/pt\/wp-json\/wp\/v2\/product_cat?post=13359"},{"taxonomy":"product_tag","embeddable":true,"href":"https:\/\/shop.yipinqian.com\/pt\/wp-json\/wp\/v2\/product_tag?post=13359"}],"curies":[{"name":"wp","href":"https:\/\/api.w.org\/{rel}","templated":true}]}}