{"id":13348,"date":"2024-11-22T19:02:09","date_gmt":"2024-11-22T11:02:09","guid":{"rendered":"https:\/\/shop.yipinqian.com\/crafted-as-drips-of-dried-millet-lots-of-rice-on-natural-type-a-jadeite-jade-as-pendant-certificate-weighs-48-4-grams-measurement-46-40-15-8-mm-pendant-337\/"},"modified":"2025-01-09T01:19:41","modified_gmt":"2025-01-08T17:19:41","slug":"crafted-as-drips-of-dried-millet-lots-of-rice-on-natural-type-a-jadeite-jade-as-pendant-certificate-weighs-48-4-grams-measurement-46-40-15-8-mm-pendant-337","status":"publish","type":"product","link":"https:\/\/shop.yipinqian.com\/pt\/produto\/crafted-as-drips-of-dried-millet-lots-of-rice-on-natural-type-a-jadeite-jade-as-pendant-certificate-weighs-48-4-grams-measurement-46-40-15-8-mm-pendant-337\/","title":{"rendered":"Feito como pingente de gotas de milheto seco (muito arroz) em jade natural tipo A como pingente, o certificado pesa 48,4 gramas, medida 46 * 40 * 15,8 mm (pingente 337)"},"content":{"rendered":"<p>Este pingente requintado apresenta um design exclusivo, criado com gotas de pain\u00e7o seco em jade\u00edta natural tipo A, criando uma joia deslumbrante.<\/p>\n<p><\/p>\n<p><strong>Se voc\u00ea precisa de um refor\u00e7o recentemente, que tal experimentar usar isso? Cheio de arroz significa arroz, n\u00e3o \u00e9 caro, experimente antes que algu\u00e9m compre.<\/strong><\/p>\n<p><\/p>\n<p>N\u00fameros de certificado: 910979032962<\/p>\n<p><img fetchpriority=\"high\" decoding=\"async\" src=\"https:\/\/shop.yipinqian.com\/wp-content\/uploads\/2024\/11\/e38eefaead1642ff87da0cc844442e5etplv-aphluv4xwc-origin-jpeg.jpeg?dr=15568&#038;nonce=6316&#038;refresh_token=b83dc462f5eb8106c1ec2e25c47b67ce&#038;from=476444299&#038;idc=my2&#038;ps=933b5bde&#038;shcp=9b759fb9&#038;shp=1c65f68b&#038;t=555f072d\" width=\"1080\" height=\"1080\"><\/p>\n<ul>\n<li>\n<strong>Peso:<\/strong> 48,4 gramas<\/li>\n<li>\n<strong>Medidas:<\/strong> 46 x 40 x 15,8 mm<\/li>\n<li>\n<strong>Certificado:<\/strong> Sim<\/li>\n<li>\n<strong>Tipo de Jade:<\/strong> Jade\u00edta<\/li>\n<li>\n<strong>Regi\u00e3o de origem:<\/strong> Mianmar<\/li>\n<\/ul>\n<p><img decoding=\"async\" src=\"https:\/\/shop.yipinqian.com\/wp-content\/uploads\/2024\/11\/de6024f61b1b42d9bd29b08028aa753ftplv-aphluv4xwc-origin-jpeg.jpeg?dr=15568&#038;nonce=1660&#038;refresh_token=b6eedc5fe1c1d3e60559d0558e8da8f1&#038;from=476444299&#038;idc=my2&#038;ps=933b5bde&#038;shcp=9b759fb9&#038;shp=1c65f68b&#038;t=555f072d\" width=\"1080\" height=\"1080\"><\/p>\n<p>O pingente foi projetado tanto para homens quanto para mulheres, o que o torna um acess\u00f3rio vers\u00e1til adequado para qualquer ocasi\u00e3o.<\/p>\n<ul>\n<li>Roupas para ocasi\u00f5es especiais: perfeitas para eventos especiais ou uso di\u00e1rio.<\/li>\n<li>Estilo de colar casual: ideal para adicionar um toque de eleg\u00e2ncia \u00e0s suas roupas casuais.<\/li>\n<\/ul>\n<p>Adicione este pingente com design intrincado \u00e0 sua cole\u00e7\u00e3o de joias e aproveite a beleza e o simbolismo que ele traz.<\/p>\n<p>.<strong>A jade\u00edta natural n\u00e3o \u00e9 perfeita, apenas um lembrete gentil, nossa jade\u00edta natural, como todas as coisas bonitas da natureza, vem com suas caracter\u00edsticas e varia\u00e7\u00f5es \u00fanicas. Convidamos nossos valiosos clientes a abra\u00e7ar essas varia\u00e7\u00f5es naturais. Boas compras!<\/strong><\/p>\n<p><\/p>\n<p><strong><u>Nenhuma das fotos e filmagens de v\u00eddeo foram filtradas. Incentivamos nossos clientes a tamb\u00e9m assistirem aos v\u00eddeos que os acompanham para uma vis\u00e3o mais abrangente de nossos produtos<\/u><\/strong><\/p>\n<p><\/p>\n<ul>\n<li>Diferentes plataformas s\u00f3 podem visualizar v\u00eddeos por meio do Desktop<\/li>\n<\/ul>","protected":false},"excerpt":{"rendered":"<p>This exquisite pendant features a unique design, crafted as drips of dried millet on natural Type A Jadeite Jade, creating a stunning piece of jewelry. If you need some booster recently, how about try wearing this, Full of Rice means got Rice, not expensive, try it before someone bought it. Certificate numbers: 910979032962 Weight: 48.4 [&hellip;]<\/p>","protected":false},"featured_media":13396,"comment_status":"open","ping_status":"closed","template":"","meta":[],"product_brand":[],"product_cat":[83,126,48],"product_tag":[52,82,58,73,75,60,61,68,62],"class_list":{"0":"post-13348","1":"product","2":"type-product","3":"status-publish","4":"has-post-thumbnail","6":"product_cat-jade-necklaces-pendants","7":"product_cat-new-arrivals","8":"product_cat-pendants","9":"product_tag-certified","10":"product_tag-light-green","11":"product_tag-new-arrivals","12":"product_tag-pendant","13":"product_tag-traditional","14":"product_tag-type-a-jadeite","15":"product_tag-unisex","16":"product_tag-yellow","17":"product_tag-yi-pin-qian-exclusive","19":"first","20":"instock","21":"sale","22":"shipping-taxable","23":"purchasable","24":"product-type-simple"},"_links":{"self":[{"href":"https:\/\/shop.yipinqian.com\/pt\/wp-json\/wp\/v2\/product\/13348","targetHints":{"allow":["GET"]}}],"collection":[{"href":"https:\/\/shop.yipinqian.com\/pt\/wp-json\/wp\/v2\/product"}],"about":[{"href":"https:\/\/shop.yipinqian.com\/pt\/wp-json\/wp\/v2\/types\/product"}],"replies":[{"embeddable":true,"href":"https:\/\/shop.yipinqian.com\/pt\/wp-json\/wp\/v2\/comments?post=13348"}],"version-history":[{"count":0,"href":"https:\/\/shop.yipinqian.com\/pt\/wp-json\/wp\/v2\/product\/13348\/revisions"}],"wp:featuredmedia":[{"embeddable":true,"href":"https:\/\/shop.yipinqian.com\/pt\/wp-json\/wp\/v2\/media\/13396"}],"wp:attachment":[{"href":"https:\/\/shop.yipinqian.com\/pt\/wp-json\/wp\/v2\/media?parent=13348"}],"wp:term":[{"taxonomy":"product_brand","embeddable":true,"href":"https:\/\/shop.yipinqian.com\/pt\/wp-json\/wp\/v2\/product_brand?post=13348"},{"taxonomy":"product_cat","embeddable":true,"href":"https:\/\/shop.yipinqian.com\/pt\/wp-json\/wp\/v2\/product_cat?post=13348"},{"taxonomy":"product_tag","embeddable":true,"href":"https:\/\/shop.yipinqian.com\/pt\/wp-json\/wp\/v2\/product_tag?post=13348"}],"curies":[{"name":"wp","href":"https:\/\/api.w.org\/{rel}","templated":true}]}}