{"id":13343,"date":"2024-11-22T19:02:01","date_gmt":"2024-11-22T11:02:01","guid":{"rendered":"https:\/\/shop.yipinqian.com\/57-8mm-width-13-7-thickness-7-8-mm-peace-bangle-light-green-hue-with-brownish-yellow-natural-type-a-jadeite-jade-certificate-weighs-59-44-grams-bangle20\/"},"modified":"2025-02-24T00:49:48","modified_gmt":"2025-02-23T16:49:48","slug":"57-8mm-width-13-7-thickness-7-8-mm-peace-bangle-light-green-hue-with-brownish-yellow-natural-type-a-jadeite-jade-certificate-weighs-59-44-grams-bangle20","status":"publish","type":"product","link":"https:\/\/shop.yipinqian.com\/pt\/produto\/57-8mm-width-13-7-thickness-7-8-mm-peace-bangle-light-green-hue-with-brownish-yellow-natural-type-a-jadeite-jade-certificate-weighs-59-44-grams-bangle20\/","title":{"rendered":"57,8 mm, largura 13,7 * espessura 7,8 mm Pulseira Peace em tom verde claro com amarelo acastanhado Jade\u00edte natural tipo A O certificado de jade pesa 59,44 gramas (bangle20)"},"content":{"rendered":"<p>This Peace Bangle features a stunning Light Green Hue with Brownish Yellow Natural Type A Jadeite Jade certificate, originating from Myanmar. A perfect accessory for daily wear, this bangle is designed for both men and women.<\/p>\n<p><\/p>\n<p>Certificate numbers: GD2110H002980<\/p>\n<p><img fetchpriority=\"high\" decoding=\"async\" src=\"https:\/\/shop.yipinqian.com\/wp-content\/uploads\/2024\/11\/c77bbcfe1bc041e4848a5091cf6e67a2tplv-aphluv4xwc-origin-jpeg.jpeg?dr=15568&#038;nonce=2800&#038;refresh_token=9c8bdd06c56be537a0e57e0a60470944&#038;from=476444299&#038;idc=my&#038;ps=933b5bde&#038;shcp=9b759fb9&#038;shp=1c65f68b&#038;t=555f072d\" width=\"1080\" height=\"1080\"><\/p>\n<ul>\n<li>\n<strong>Dimens\u00f5es:<\/strong> 57.8mm in diameter, 13.7mm in width, and 7.8mm in thickness<\/li>\n<li>\n<strong>Peso:<\/strong> Weighs 59.44 grams<\/li>\n<li>\n<strong>Tipo de Jade:<\/strong> Jade\u00edte de alta qualidade<\/li>\n<li>\n<strong>Certificado:<\/strong> Vem com um certificado de autenticidade<\/li>\n<\/ul>\n<p><img decoding=\"async\" src=\"https:\/\/shop.yipinqian.com\/wp-content\/uploads\/2024\/11\/61122923b31643b6aa1237f00c2d5519tplv-aphluv4xwc-origin-jpeg.jpeg?dr=15568&#038;nonce=93800&#038;refresh_token=59f0c3a293bca5ea8174474d84601124&#038;from=476444299&#038;idc=my&#038;ps=933b5bde&#038;shcp=9b759fb9&#038;shp=1c65f68b&#038;t=555f072d\" width=\"1536\" height=\"2048\"><\/p>\n<p>Elegantly crafted and exuding natural beauty, this bangle is a timeless piece that adds a touch of sophistication to any outfit.<\/p>\n<p><\/p>\n<p><strong>A jade\u00edta natural n\u00e3o \u00e9 perfeita, apenas um lembrete gentil, nossa jade\u00edta natural, como todas as coisas bonitas da natureza, vem com suas caracter\u00edsticas e varia\u00e7\u00f5es \u00fanicas. Convidamos nossos valiosos clientes a abra\u00e7ar essas varia\u00e7\u00f5es naturais. Boas compras!<\/strong><\/p>\n<p><\/p>\n<p><strong><u>Nenhuma das fotos e filmagens de v\u00eddeo foram filtradas. Incentivamos nossos clientes a tamb\u00e9m assistirem aos v\u00eddeos que os acompanham para uma vis\u00e3o mais abrangente de nossos produtos<\/u><\/strong><\/p>\n<p><\/p>\n<ul>\n<li>Diferentes plataformas s\u00f3 podem visualizar v\u00eddeos por meio do Desktop<\/li>\n<\/ul>","protected":false},"excerpt":{"rendered":"<p>This Peace Bangle features a stunning Light Green Hue with Brownish Yellow Natural Type A Jadeite Jade certificate, originating from Myanmar. A perfect accessory for daily wear, this bangle is designed for both men and women. Certificate numbers: GD2110H002980 Dimensions: 57.8mm in diameter, 13.7mm in width, and 7.8mm in thickness Weight: Weighs 59.44 grams Jade [&hellip;]<\/p>","protected":false},"featured_media":13350,"comment_status":"open","ping_status":"closed","template":"","meta":[],"product_brand":[],"product_cat":[194],"product_tag":[86,102,52,55,82,113,75,60,61,68,62],"class_list":{"0":"post-13343","1":"product","2":"type-product","3":"status-publish","4":"has-post-thumbnail","6":"product_cat-value-picks","7":"product_tag-bangle","8":"product_tag-bracelet","9":"product_tag-certified","10":"product_tag-jadeite","11":"product_tag-light-green","12":"product_tag-peace-bangle","13":"product_tag-traditional","14":"product_tag-type-a-jadeite","15":"product_tag-unisex","16":"product_tag-yellow","17":"product_tag-yi-pin-qian-exclusive","19":"first","20":"instock","21":"sale","22":"shipping-taxable","23":"purchasable","24":"product-type-simple"},"_links":{"self":[{"href":"https:\/\/shop.yipinqian.com\/pt\/wp-json\/wp\/v2\/product\/13343","targetHints":{"allow":["GET"]}}],"collection":[{"href":"https:\/\/shop.yipinqian.com\/pt\/wp-json\/wp\/v2\/product"}],"about":[{"href":"https:\/\/shop.yipinqian.com\/pt\/wp-json\/wp\/v2\/types\/product"}],"replies":[{"embeddable":true,"href":"https:\/\/shop.yipinqian.com\/pt\/wp-json\/wp\/v2\/comments?post=13343"}],"version-history":[{"count":0,"href":"https:\/\/shop.yipinqian.com\/pt\/wp-json\/wp\/v2\/product\/13343\/revisions"}],"wp:featuredmedia":[{"embeddable":true,"href":"https:\/\/shop.yipinqian.com\/pt\/wp-json\/wp\/v2\/media\/13350"}],"wp:attachment":[{"href":"https:\/\/shop.yipinqian.com\/pt\/wp-json\/wp\/v2\/media?parent=13343"}],"wp:term":[{"taxonomy":"product_brand","embeddable":true,"href":"https:\/\/shop.yipinqian.com\/pt\/wp-json\/wp\/v2\/product_brand?post=13343"},{"taxonomy":"product_cat","embeddable":true,"href":"https:\/\/shop.yipinqian.com\/pt\/wp-json\/wp\/v2\/product_cat?post=13343"},{"taxonomy":"product_tag","embeddable":true,"href":"https:\/\/shop.yipinqian.com\/pt\/wp-json\/wp\/v2\/product_tag?post=13343"}],"curies":[{"name":"wp","href":"https:\/\/api.w.org\/{rel}","templated":true}]}}