{"id":1331,"date":"2024-10-24T23:18:26","date_gmt":"2024-10-24T15:18:26","guid":{"rendered":"https:\/\/shop.yipinqian.com\/product\/dark-bluish-green-natural-type-a-jadeite-jade-crafter-with-a-shape-of-cylinder-set-with-18k-gold-clasp-as-pendant-certificate-included-weigh-6-49-grams-measurement-37-6-9-6-6-3-mm-18kp28\/"},"modified":"2025-02-24T00:49:58","modified_gmt":"2025-02-23T16:49:58","slug":"dark-bluish-green-natural-type-a-jadeite-jade-crafter-with-a-shape-of-cylinder-set-with-18k-gold-clasp-as-pendant-certificate-included-weigh-6-49-grams-measurement-37-6-9-6-6-3-mm-18kp28","status":"publish","type":"product","link":"https:\/\/shop.yipinqian.com\/pt\/produto\/dark-bluish-green-natural-type-a-jadeite-jade-crafter-with-a-shape-of-cylinder-set-with-18k-gold-clasp-as-pendant-certificate-included-weigh-6-49-grams-measurement-37-6-9-6-6-3-mm-18kp28\/","title":{"rendered":"Jade\u00edta natural verde-azulada escura tipo A, artes\u00e3o de jade com formato de cilindro, fecho de ouro 18k como pingente, certificado incluso, pesa 6,49 gramas, medida 37,6 * 9,6 * 6,3 mm (18kp28)"},"content":{"rendered":"<p>Melhore seu visual com este deslumbrante pingente de cilindro de jade\u00edte natural tipo A verde-azulado escuro. O pingente vem com um fecho de ouro 18k e pesa 6,49 gramas, medindo 37,6 * 9,6 * 6,3 mm.<\/p>\n<p><\/p>\n<p>N\u00fameros de certificado: GD2112H009374<\/p>\n<ul>\n<li>\n<strong>Autenticidade garantida:<\/strong> Vem com um certificado de autenticidade, garantindo que voc\u00ea est\u00e1 investindo em uma pe\u00e7a genu\u00edna.<\/li>\n<li>\n<strong>Material de qualidade premium:<\/strong> Feito com material PT\/ouro quilate de alta qualidade para garantir longevidade e durabilidade.<\/li>\n<li>\n<strong>Variedade de Jade\u00edta:<\/strong> Feito com jade raro e requintado tipo A de Mianmar, garantindo qualidade de primeira qualidade.<\/li>\n<\/ul>\n<p>Este pingente de jade \u00e9 perfeito para uso di\u00e1rio devido ao seu estilo casual de colar que combina com qualquer roupa sem esfor\u00e7o, independentemente da ocasi\u00e3o! Al\u00e9m disso, seu design unissex o torna uma op\u00e7\u00e3o de presente ideal para voc\u00ea ou seus entes queridos!<\/p>\n<p>Observe que este produto n\u00e3o vem com nenhum tipo de garantia especificada pelo fabricante ou vendedor.\u201d<\/p>\n<p><\/p>\n<p>Yi Pin Qian \u2013 Um negociante de pedras preciosas e metais preciosos em Cingapura \u2013 N\u00famero de licen\u00e7a PS20190000031<\/p>\n<p><\/p>\n<p>*Todos os Jadeites comprados de Yi Pin Qian em Cingapura, os clientes podem reservar hor\u00e1rios para polimento ou pequenos reparos por manuseio incorreto - taxas se aplicam e somente para clientes de Yi Pin Qian em Cingapura*<\/p>\n<p><\/p>\n<p><strong>**Tipos de Certificados**<\/strong><\/p>\n<p><\/p>\n<p><strong>NGI (Nan Yang Gemol\u00f3gico)<\/strong><\/p>\n<p>ou <strong>Certificados no exterior <\/strong>(Yi Pin Qian usa apenas certificados aut\u00eanticos de laborat\u00f3rios estrangeiros e tamb\u00e9m controla a qualidade de cada um dos nossos produtos antes de coloc\u00e1-los \u00e0 venda em Cingapura)<\/p>\n<p><\/p>\n<p>Cada produto no TikTok ter\u00e1 o tipo de certificado fornecido indicado na descri\u00e7\u00e3o. Para qualquer cliente que deseje enviar seu pedido para a NGI Singapore, haver\u00e1 um tempo de espera para entrega do pedido estimado em torno de 4 semanas para receber seu pedido. <strong>As solicita\u00e7\u00f5es de relat\u00f3rios da NGI Gemstone precisam ser feitas por mensagem para a loja Yi Pin Qian TikTok.<\/strong> Obrigado, <strong><u>taxas extras se aplicam<\/u><\/strong>.<\/p>\n<p><\/p>\n<p><strong>A jade\u00edta natural n\u00e3o \u00e9 perfeita, apenas um lembrete gentil, nossa jade\u00edta natural, como todas as coisas bonitas da natureza, vem com suas caracter\u00edsticas e varia\u00e7\u00f5es \u00fanicas. Convidamos nossos valiosos clientes a abra\u00e7ar essas varia\u00e7\u00f5es naturais. Boas compras!<\/strong><\/p>\n<p><\/p>\n<p><strong><u>Nenhuma das fotos e filmagens de v\u00eddeo foram filtradas. Incentivamos nossos clientes a tamb\u00e9m assistirem aos v\u00eddeos que os acompanham para uma vis\u00e3o mais abrangente de nossos produtos<\/u><\/strong><\/p>","protected":false},"excerpt":{"rendered":"<p>Enhance your look with this stunning Dark Bluish Green Natural Type A Jadeite Jade Cylinder Pendant. The pendant comes with an 18k gold clasp and weighs 6.49 grams, measuring at 37.6 * 9.6 * 6.3 mm. Certificate numbers: GD2112H009374 Authenticity Guaranteed: Comes with a certificate of authenticity, ensuring that you&#8217;re investing in a genuine piece. [&hellip;]<\/p>","protected":false},"featured_media":3411,"comment_status":"open","ping_status":"closed","template":"","meta":[],"product_brand":[],"product_cat":[194],"product_tag":[50,69,65,55,56,73,75,62],"class_list":{"0":"post-1331","1":"product","2":"type-product","3":"status-publish","4":"has-post-thumbnail","6":"product_cat-value-picks","7":"product_tag-18k-gold","8":"product_tag-clasp","9":"product_tag-high-quality","10":"product_tag-jadeite","11":"product_tag-limited-editions","12":"product_tag-pendant","13":"product_tag-traditional","14":"product_tag-yi-pin-qian-exclusive","16":"first","17":"instock","18":"sale","19":"shipping-taxable","20":"purchasable","21":"product-type-simple"},"_links":{"self":[{"href":"https:\/\/shop.yipinqian.com\/pt\/wp-json\/wp\/v2\/product\/1331","targetHints":{"allow":["GET"]}}],"collection":[{"href":"https:\/\/shop.yipinqian.com\/pt\/wp-json\/wp\/v2\/product"}],"about":[{"href":"https:\/\/shop.yipinqian.com\/pt\/wp-json\/wp\/v2\/types\/product"}],"replies":[{"embeddable":true,"href":"https:\/\/shop.yipinqian.com\/pt\/wp-json\/wp\/v2\/comments?post=1331"}],"version-history":[{"count":0,"href":"https:\/\/shop.yipinqian.com\/pt\/wp-json\/wp\/v2\/product\/1331\/revisions"}],"wp:featuredmedia":[{"embeddable":true,"href":"https:\/\/shop.yipinqian.com\/pt\/wp-json\/wp\/v2\/media\/3411"}],"wp:attachment":[{"href":"https:\/\/shop.yipinqian.com\/pt\/wp-json\/wp\/v2\/media?parent=1331"}],"wp:term":[{"taxonomy":"product_brand","embeddable":true,"href":"https:\/\/shop.yipinqian.com\/pt\/wp-json\/wp\/v2\/product_brand?post=1331"},{"taxonomy":"product_cat","embeddable":true,"href":"https:\/\/shop.yipinqian.com\/pt\/wp-json\/wp\/v2\/product_cat?post=1331"},{"taxonomy":"product_tag","embeddable":true,"href":"https:\/\/shop.yipinqian.com\/pt\/wp-json\/wp\/v2\/product_tag?post=1331"}],"curies":[{"name":"wp","href":"https:\/\/api.w.org\/{rel}","templated":true}]}}