{"id":1328,"date":"2024-10-24T23:18:25","date_gmt":"2024-10-24T15:18:25","guid":{"rendered":"https:\/\/shop.yipinqian.com\/product\/crafted-with-budai-laughing-buddha-elephant-and-ruyi-premium-semi-icy-natural-type-a-jadeite-with-green-patches-pendant-necklace-with-certificate-weigh-45-38-grams-50-5-44-12-3-mm-pendant160\/"},"modified":"2025-02-24T01:17:33","modified_gmt":"2025-02-23T17:17:33","slug":"crafted-with-budai-laughing-buddha-elephant-and-ruyi-premium-semi-icy-natural-type-a-jadeite-with-green-patches-pendant-necklace-with-certificate-weigh-45-38-grams-50-5-44-12-3-mm-pendant160","status":"publish","type":"product","link":"https:\/\/shop.yipinqian.com\/pt\/produto\/crafted-with-budai-laughing-buddha-elephant-and-ruyi-premium-semi-icy-natural-type-a-jadeite-with-green-patches-pendant-necklace-with-certificate-weigh-45-38-grams-50-5-44-12-3-mm-pendant160\/","title":{"rendered":"Feito com Buda risonho, elefante e jade\u00edta natural semi-gelo premium tipo A de Ruyi com manchas verdes. Colar com pingente com certificado pesa 45,38 gramas, 50,5 * 44 * 12,3 mm (pendant160)"},"content":{"rendered":"<p>Melhore sua cole\u00e7\u00e3o de joias com este requintado colar com pingente de jade\u00edta natural semi-gelada premium tipo A, feito com Budai Laughing Buddha, Elephant e Ruyi. O pingente apresenta manchas verdes em um tamanho de pingente de 50,5 * 44 * 12,3 mm pesando 45,38 gramas.<\/p>\n<p>\u00a0<\/p>\n<p><strong>N\u00fameros de certificado: GD2112H004537<\/strong><\/p>\n<ul>\n<li>\n<strong>Design exclusivo:<\/strong> O pingente apresenta um design exclusivo de Budai Laughing Buddha, Elefante e Ruyi, que s\u00e3o considerados como portadores de boa sorte e prosperidade.<\/li>\n<li>\n<strong>Qualidade Premium:<\/strong> Feito com Jade\u00edta Natural Semi Gelada Tipo A Premium, conhecida por sua durabilidade e beleza.<\/li>\n<li>\n<strong>Certificado inclu\u00eddo:<\/strong> Este requintado colar de jade vem com um certificado que garante sua autenticidade.<\/li>\n<\/ul>\n<p>Este colar de jade \u00e9 perfeito para uso casual e \u00e9 adequado tanto para homens quanto para mulheres, o que o torna ideal como presente em ocasi\u00f5es especiais, como anivers\u00e1rios ou casamentos.<\/p>\n<ul>\n<li>\n<strong>Tipo de Jade: <\/strong>Jade\u00edta<\/li>\n<li>\n<strong>Certificado: <\/strong>Sim<\/li>\n<li>\n<strong>Pa\u00eds de origem: <\/strong>Myanmar<\/li>\n<li>\n<strong>Ocasi\u00e3o: <\/strong>Auspicioso<\/li>\n<li>\n<strong>G\u00eanero: <\/strong>Unissex<\/li>\n<li>\n<strong>Estilo colar:<\/strong> Casual<\/li>\n<\/ul>\n<p>Yi Pin Qian \u2013 Um negociante de pedras preciosas e metais preciosos em Cingapura \u2013 N\u00famero de licen\u00e7a PS20190000031<\/p>\n<p>\u00a0<\/p>\n<p>*Todos os Jadeites comprados de Yi Pin Qian em Cingapura, os clientes podem reservar hor\u00e1rios para polimento ou pequenos reparos por manuseio incorreto - taxas se aplicam e somente para clientes de Yi Pin Qian em Cingapura*<\/p>\n<p>\u00a0<\/p>\n<p><strong>**Tipos de Certificados**<\/strong><\/p>\n<p>\u00a0<\/p>\n<p><strong>NGI (Nan Yang Gemol\u00f3gico)<\/strong><\/p>\n<p>ou <strong>Certificados no exterior <\/strong>(Yi Pin Qian usa apenas certificados aut\u00eanticos de laborat\u00f3rios estrangeiros e tamb\u00e9m controla a qualidade de cada um dos nossos produtos antes de coloc\u00e1-los \u00e0 venda em Cingapura)<\/p>\n<p>\u00a0<\/p>\n<p>Cada produto no TikTok ter\u00e1 o tipo de certificado fornecido indicado na descri\u00e7\u00e3o. Para qualquer cliente que deseje enviar seu pedido para a NGI Singapore, haver\u00e1 um tempo de espera para entrega do pedido estimado em torno de 4 semanas para receber seu pedido. <strong>As solicita\u00e7\u00f5es de relat\u00f3rios da NGI Gemstone precisam ser feitas por mensagem para a loja Yi Pin Qian TikTok.<\/strong> Obrigado, <strong><u>taxas extras se aplicam<\/u><\/strong>.<\/p>\n<p>\u00a0<\/p>\n<p><strong>A jade\u00edta natural n\u00e3o \u00e9 perfeita, apenas um lembrete gentil, nossa jade\u00edta natural, como todas as coisas bonitas da natureza, vem com suas caracter\u00edsticas e varia\u00e7\u00f5es \u00fanicas. Convidamos nossos valiosos clientes a abra\u00e7ar essas varia\u00e7\u00f5es naturais. Boas compras!<\/strong><\/p>\n<p>\u00a0<\/p>\n<p><strong><u>Nenhuma das fotos e filmagens de v\u00eddeo foram filtradas. Incentivamos nossos clientes a tamb\u00e9m assistirem aos v\u00eddeos que os acompanham para uma vis\u00e3o mais abrangente de nossos produtos<\/u><\/strong><\/p>\n<p>\u00a0<\/p>\n<ul>\n<li>\u00a0<\/li>\n<\/ul>","protected":false},"excerpt":{"rendered":"<p>Enhance your jewelry collection with this exquisite Crafted with Budai Laughing Buddha, Elephant, and Ruyi Premium Semi Icy Natural Type A Jadeite Pendant Necklace. The pendant features green patches on a 50.5 * 44 * 12.3 mm pendant size weighing 45.38 grams. \u00a0 Certificate numbers: GD2112H004537 Unique Design: The pendant features a unique design of [&hellip;]<\/p>","protected":false},"featured_media":3300,"comment_status":"open","ping_status":"closed","template":"","meta":[],"product_brand":[],"product_cat":[195],"product_tag":[],"class_list":{"0":"post-1328","1":"product","2":"type-product","3":"status-publish","4":"has-post-thumbnail","6":"product_cat-heirloom-grade","8":"first","9":"instock","10":"sale","11":"shipping-taxable","12":"purchasable","13":"product-type-simple"},"_links":{"self":[{"href":"https:\/\/shop.yipinqian.com\/pt\/wp-json\/wp\/v2\/product\/1328","targetHints":{"allow":["GET"]}}],"collection":[{"href":"https:\/\/shop.yipinqian.com\/pt\/wp-json\/wp\/v2\/product"}],"about":[{"href":"https:\/\/shop.yipinqian.com\/pt\/wp-json\/wp\/v2\/types\/product"}],"replies":[{"embeddable":true,"href":"https:\/\/shop.yipinqian.com\/pt\/wp-json\/wp\/v2\/comments?post=1328"}],"version-history":[{"count":0,"href":"https:\/\/shop.yipinqian.com\/pt\/wp-json\/wp\/v2\/product\/1328\/revisions"}],"wp:featuredmedia":[{"embeddable":true,"href":"https:\/\/shop.yipinqian.com\/pt\/wp-json\/wp\/v2\/media\/3300"}],"wp:attachment":[{"href":"https:\/\/shop.yipinqian.com\/pt\/wp-json\/wp\/v2\/media?parent=1328"}],"wp:term":[{"taxonomy":"product_brand","embeddable":true,"href":"https:\/\/shop.yipinqian.com\/pt\/wp-json\/wp\/v2\/product_brand?post=1328"},{"taxonomy":"product_cat","embeddable":true,"href":"https:\/\/shop.yipinqian.com\/pt\/wp-json\/wp\/v2\/product_cat?post=1328"},{"taxonomy":"product_tag","embeddable":true,"href":"https:\/\/shop.yipinqian.com\/pt\/wp-json\/wp\/v2\/product_tag?post=1328"}],"curies":[{"name":"wp","href":"https:\/\/api.w.org\/{rel}","templated":true}]}}