{"id":1324,"date":"2024-10-24T23:18:24","date_gmt":"2024-10-24T15:18:24","guid":{"rendered":"https:\/\/shop.yipinqian.com\/product\/crafted-as-pixiu-light-green-natural-type-a-jadeite-jade-pendant-necklace-with-certificate-weigh-18-41-grams-measurement-38-3-21-6-11-mm-pendant178\/"},"modified":"2025-01-26T00:00:47","modified_gmt":"2025-01-25T16:00:47","slug":"crafted-as-pixiu-light-green-natural-type-a-jadeite-jade-pendant-necklace-with-certificate-weigh-18-41-grams-measurement-38-3-21-6-11-mm-pendant178","status":"publish","type":"product","link":"https:\/\/shop.yipinqian.com\/pt\/produto\/crafted-as-pixiu-light-green-natural-type-a-jadeite-jade-pendant-necklace-with-certificate-weigh-18-41-grams-measurement-38-3-21-6-11-mm-pendant178\/","title":{"rendered":"Feito como colar com pingente de jade\u00edte natural tipo A verde claro Pixiu com certificado pesando 18,41 gramas, medindo 38,3 * 21,6 * 11 mm (pendant178)"},"content":{"rendered":"<p>Este colar com pingente de jade\u00edte natural tipo A verde claro da Pixiu \u00e9 o acess\u00f3rio perfeito para uso di\u00e1rio. Feito com precis\u00e3o, \u00e9 uma joia requintada que vai real\u00e7ar seu visual.<\/p>\n<p><\/p>\n<p><strong>N\u00fameros de certificado: ZS24031003173<\/strong><\/p>\n<ul>\n<li>\n<strong>Autenticidade:<\/strong> Este colar vem com um certificado de autenticidade para garantir que voc\u00ea est\u00e1 adquirindo um produto aut\u00eantico.<\/li>\n<li>\n<strong>Qualidade:<\/strong> Feito de jade\u00edta natural Tipo A de alta qualidade, este colar com pingente pesa 18,41 gramas e mede 38,3 * 21,6 * 11 mm (pendant178).<\/li>\n<li>\n<strong>Tipo de Jade:<\/strong> O jade usado neste colar com pingente \u00e9 um jade\u00edta tipo A aut\u00eantico e raro de Mianmar.<\/li>\n<\/ul>\n<p>Este colar de estilo casual pode ser usado por homens e mulheres em qualquer ocasi\u00e3o, seja formal ou informal.<\/p>\n<ul>\n<li>\n<strong>Feito para durar:<\/strong>Este produto n\u00e3o vem com nenhum tipo de garantia, pois foi criado para durar muito tempo sem defeitos ou danos.<\/li>\n<\/ul>\n<p>Adicione um pouco de eleg\u00e2ncia \u00e0 sua cole\u00e7\u00e3o de joias hoje mesmo com este colar com pingente de jade\u00edta natural tipo A verde claro da Pixiu!<\/p>\n<p><\/p>\n<p>Yi Pin Qian \u2013 Um negociante de pedras preciosas e metais preciosos em Cingapura \u2013 N\u00famero de licen\u00e7a PS20190000031<\/p>\n<p><\/p>\n<p>*Todos os Jadeites comprados de Yi Pin Qian em Cingapura, os clientes podem reservar hor\u00e1rios para polimento ou pequenos reparos por manuseio incorreto - taxas se aplicam e somente para clientes de Yi Pin Qian em Cingapura*<\/p>\n<p><\/p>\n<p><strong>**Tipos de Certificados**<\/strong><\/p>\n<p><\/p>\n<p><strong>NGI (Nan Yang Gemol\u00f3gico)<\/strong><\/p>\n<p>ou <strong>Certificados no exterior <\/strong>(Yi Pin Qian usa apenas certificados aut\u00eanticos de laborat\u00f3rios estrangeiros e tamb\u00e9m controla a qualidade de cada um dos nossos produtos antes de coloc\u00e1-los \u00e0 venda em Cingapura)<\/p>\n<p><\/p>\n<p>Cada produto no TikTok ter\u00e1 o tipo de certificado fornecido indicado na descri\u00e7\u00e3o. Para qualquer cliente que deseje enviar seu pedido para a NGI Singapore, haver\u00e1 um tempo de espera para entrega do pedido estimado em torno de 4 semanas para receber seu pedido. <strong>As solicita\u00e7\u00f5es de relat\u00f3rios da NGI Gemstone precisam ser feitas por mensagem para a loja Yi Pin Qian TikTok.<\/strong> Obrigado, <strong><u>taxas extras se aplicam<\/u><\/strong>.<\/p>\n<p><\/p>\n<p><strong>A jade\u00edta natural n\u00e3o \u00e9 perfeita, apenas um lembrete gentil, nossa jade\u00edta natural, como todas as coisas bonitas da natureza, vem com suas caracter\u00edsticas e varia\u00e7\u00f5es \u00fanicas. Convidamos nossos valiosos clientes a abra\u00e7ar essas varia\u00e7\u00f5es naturais. Boas compras!<\/strong><\/p>\n<p><\/p>\n<p><strong><u>Nenhuma das fotos e filmagens de v\u00eddeo foram filtradas. Incentivamos nossos clientes a tamb\u00e9m assistirem aos v\u00eddeos que os acompanham para uma vis\u00e3o mais abrangente de nossos produtos<\/u><\/strong><\/p>","protected":false},"excerpt":{"rendered":"<p>This Pixiu Light Green Natural Type A Jadeite Jade Pendant Necklace is the perfect accessory for daily wear. Crafted with precision, it is an exquisite piece of jewelry that will enhance your look. Certificate numbers: ZS24031003173 Authenticity: This necklace comes with a certificate of authenticity, ensuring that you are getting the real deal. Quality: Made [&hellip;]<\/p>","protected":false},"featured_media":3187,"comment_status":"open","ping_status":"closed","template":"","meta":[],"product_brand":[],"product_cat":[48],"product_tag":[],"class_list":{"0":"post-1324","1":"product","2":"type-product","3":"status-publish","4":"has-post-thumbnail","6":"product_cat-pendants","8":"first","9":"instock","10":"sale","11":"shipping-taxable","12":"purchasable","13":"product-type-simple"},"_links":{"self":[{"href":"https:\/\/shop.yipinqian.com\/pt\/wp-json\/wp\/v2\/product\/1324","targetHints":{"allow":["GET"]}}],"collection":[{"href":"https:\/\/shop.yipinqian.com\/pt\/wp-json\/wp\/v2\/product"}],"about":[{"href":"https:\/\/shop.yipinqian.com\/pt\/wp-json\/wp\/v2\/types\/product"}],"replies":[{"embeddable":true,"href":"https:\/\/shop.yipinqian.com\/pt\/wp-json\/wp\/v2\/comments?post=1324"}],"version-history":[{"count":0,"href":"https:\/\/shop.yipinqian.com\/pt\/wp-json\/wp\/v2\/product\/1324\/revisions"}],"wp:featuredmedia":[{"embeddable":true,"href":"https:\/\/shop.yipinqian.com\/pt\/wp-json\/wp\/v2\/media\/3187"}],"wp:attachment":[{"href":"https:\/\/shop.yipinqian.com\/pt\/wp-json\/wp\/v2\/media?parent=1324"}],"wp:term":[{"taxonomy":"product_brand","embeddable":true,"href":"https:\/\/shop.yipinqian.com\/pt\/wp-json\/wp\/v2\/product_brand?post=1324"},{"taxonomy":"product_cat","embeddable":true,"href":"https:\/\/shop.yipinqian.com\/pt\/wp-json\/wp\/v2\/product_cat?post=1324"},{"taxonomy":"product_tag","embeddable":true,"href":"https:\/\/shop.yipinqian.com\/pt\/wp-json\/wp\/v2\/product_tag?post=1324"}],"curies":[{"name":"wp","href":"https:\/\/api.w.org\/{rel}","templated":true}]}}