{"id":1321,"date":"2024-10-24T23:18:23","date_gmt":"2024-10-24T15:18:23","guid":{"rendered":"https:\/\/shop.yipinqian.com\/product\/crafted-as-milo-buddha-on-high-quality-icy-translucent-natural-type-a-jadeite-jade-set-on-18k-gold-as-pendant-certificate-weighs-3-85-grams-measurement-21-8-19-9-8-2-grams-18kp65\/"},"modified":"2025-02-24T01:17:33","modified_gmt":"2025-02-23T17:17:33","slug":"crafted-as-milo-buddha-on-high-quality-icy-translucent-natural-type-a-jadeite-jade-set-on-18k-gold-as-pendant-certificate-weighs-3-85-grams-measurement-21-8-19-9-8-2-grams-18kp65","status":"publish","type":"product","link":"https:\/\/shop.yipinqian.com\/pt\/produto\/crafted-as-milo-buddha-on-high-quality-icy-translucent-natural-type-a-jadeite-jade-set-on-18k-gold-as-pendant-certificate-weighs-3-85-grams-measurement-21-8-19-9-8-2-grams-18kp65\/","title":{"rendered":"Feito como Buda Milo em jade\u00edte-jade natural transl\u00facida gelada de alta qualidade, tipo A, em ouro 18k como pingente, o certificado pesa 3,85 gramas, medindo 21,8 * 19,9 * 8,2 gramas (18kp65)"},"content":{"rendered":"<p>Este pingente requintado apresenta um design de Buda de Milo feito em jade\u00edte natural transl\u00facida de alta qualidade, tipo A, elegantemente cravejado em ouro 18k.<\/p>\n<p><img fetchpriority=\"high\" decoding=\"async\" src=\"https:\/\/shop.yipinqian.com\/wp-content\/uploads\/2024\/10\/3a187796ee704287bcf75d584a78a940tplv-aphluv4xwc-origin-jpeg.jpeg?from=476444299\" width=\"1080\" height=\"1080\"><img decoding=\"async\" src=\"https:\/\/shop.yipinqian.com\/wp-content\/uploads\/2024\/10\/8f91ecdffba54a3aa1077c24e1611af8tplv-aphluv4xwc-origin-jpeg.jpeg?from=476444299\" width=\"1080\" height=\"1080\"><br \/><img decoding=\"async\" src=\"https:\/\/shop.yipinqian.com\/wp-content\/uploads\/2024\/10\/4cf027bc068c4c72a89288e2f4a9cfbbtplv-aphluv4xwc-origin-jpeg.jpeg?from=476444299\" width=\"1080\" height=\"1080\"><\/p>\n<p>N\u00fameros de certificado: GD2205H004652<\/p>\n<p>Ouro 18k: 1,45 gramas<\/p>\n<p>Medidas da jade\u00edta: 15,7 * 19,9 * 6,2 mm<\/p>\n<p>Com medi\u00e7\u00e3o de configura\u00e7\u00e3o: 21,8 * 19,9 * 8,2 mm<\/p>\n<ul>\n<li>\n<strong>Material:<\/strong> PT\/Ouro Quilate<\/li>\n<li>\n<strong>Tipo de Jade:<\/strong> Jade\u00edta<\/li>\n<li>\n<strong>Certificado:<\/strong> Sim<\/li>\n<li>\n<strong>Pa\u00eds de origem:<\/strong> Mianmar<\/li>\n<li><strong>Peso do pingente: 3,85 gramas<\/strong><\/li>\n<\/ul>\n<p><strong>O pingente \u00e9 meticulosamente projetado com detalhes intrincados, exibindo a beleza da pedra jade. Ele exala uma sensa\u00e7\u00e3o de eleg\u00e2ncia e sofistica\u00e7\u00e3o.<\/strong><\/p>\n<p><strong>O estilo do colar \u00e9 casual, tornando-o adequado para uso di\u00e1rio ou ocasi\u00f5es especiais. Adicione um toque de charme \u00fanico ao seu conjunto com esta pe\u00e7a hipnotizante.<\/strong><\/p>\n<p><\/p>\n<p>Yi Pin Qian \u2013 Um negociante de pedras preciosas e metais preciosos em Cingapura \u2013 N\u00famero de licen\u00e7a PS20190000031<\/p>\n<p><\/p>\n<p>*Todos os Jadeites comprados de Yi Pin Qian em Cingapura, os clientes podem reservar hor\u00e1rios para polimento ou pequenos reparos por manuseio incorreto - taxas se aplicam e somente para clientes de Yi Pin Qian em Cingapura*<\/p>\n<p><\/p>\n<p><strong>**Tipos de Certificados**<\/strong><\/p>\n<p><\/p>\n<p><strong>NGI (Nan Yang Gemol\u00f3gico)<\/strong><\/p>\n<p>ou <strong>Certificados no exterior <\/strong>(Yi Pin Qian usa apenas certificados aut\u00eanticos de laborat\u00f3rios estrangeiros e tamb\u00e9m controla a qualidade de cada um dos nossos produtos antes de coloc\u00e1-los \u00e0 venda em Cingapura)<\/p>\n<p><\/p>\n<p>Cada produto no TikTok ter\u00e1 o tipo de certificado fornecido indicado na descri\u00e7\u00e3o. Para qualquer cliente que deseje enviar seu pedido para a NGI Singapore, haver\u00e1 um tempo de espera para entrega do pedido estimado em torno de 4 semanas para receber seu pedido. <strong>As solicita\u00e7\u00f5es de relat\u00f3rios de pedras preciosas da NGI precisam ser feitas por mensagem.<\/strong> Obrigado, <strong><u>taxas extras se aplicam<\/u><\/strong>.<\/p>\n<p><\/p>\n<p><strong>A jade\u00edta natural n\u00e3o \u00e9 perfeita, apenas um lembrete gentil, nossa jade\u00edta natural, como todas as coisas bonitas da natureza, vem com suas caracter\u00edsticas e varia\u00e7\u00f5es \u00fanicas. Convidamos nossos valiosos clientes a abra\u00e7ar essas varia\u00e7\u00f5es naturais. Boas compras!<\/strong><\/p>\n<p><\/p>\n<p><strong><u>Nenhuma das fotos e filmagens de v\u00eddeo foram filtradas. Incentivamos nossos clientes a tamb\u00e9m assistirem aos v\u00eddeos que os acompanham para uma vis\u00e3o mais abrangente de nossos produtos<\/u><\/strong><\/p>\n<p><\/p>\n<ul>\n<li>Diferentes plataformas s\u00f3 podem visualizar v\u00eddeos por meio do Desktop<\/li>\n<\/ul>","protected":false},"excerpt":{"rendered":"<p>This exquisite pendant features a Milo Buddha design crafted on high-quality icy translucent natural Type-A Jadeite-Jade, elegantly set on 18k gold. Certificate numbers: GD2205H004652 18k Gold: 1.45 grams Jadeite measurement: 15.7 * 19.9 * 6.2 mm With Setting measurement: 21.8 * 19.9 * 8.2 mm Material: PT\/Carat Gold Jade Type: Jadeite Certificate: Yes Country of [&hellip;]<\/p>","protected":false},"featured_media":3105,"comment_status":"open","ping_status":"closed","template":"","meta":[],"product_brand":[],"product_cat":[195],"product_tag":[50,51,52,53,54,55,56,57,58,73,59,60,61,62],"class_list":{"0":"post-1321","1":"product","2":"type-product","3":"status-publish","4":"has-post-thumbnail","6":"product_cat-heirloom-grade","7":"product_tag-18k-gold","8":"product_tag-buddha","9":"product_tag-certified","10":"product_tag-fine-quality","11":"product_tag-icy","12":"product_tag-jadeite","13":"product_tag-limited-editions","14":"product_tag-milo-buddha","15":"product_tag-new-arrivals","16":"product_tag-pendant","17":"product_tag-translucent","18":"product_tag-type-a-jadeite","19":"product_tag-unisex","20":"product_tag-yi-pin-qian-exclusive","22":"first","23":"instock","24":"sale","25":"shipping-taxable","26":"purchasable","27":"product-type-simple"},"_links":{"self":[{"href":"https:\/\/shop.yipinqian.com\/pt\/wp-json\/wp\/v2\/product\/1321","targetHints":{"allow":["GET"]}}],"collection":[{"href":"https:\/\/shop.yipinqian.com\/pt\/wp-json\/wp\/v2\/product"}],"about":[{"href":"https:\/\/shop.yipinqian.com\/pt\/wp-json\/wp\/v2\/types\/product"}],"replies":[{"embeddable":true,"href":"https:\/\/shop.yipinqian.com\/pt\/wp-json\/wp\/v2\/comments?post=1321"}],"version-history":[{"count":0,"href":"https:\/\/shop.yipinqian.com\/pt\/wp-json\/wp\/v2\/product\/1321\/revisions"}],"wp:featuredmedia":[{"embeddable":true,"href":"https:\/\/shop.yipinqian.com\/pt\/wp-json\/wp\/v2\/media\/3105"}],"wp:attachment":[{"href":"https:\/\/shop.yipinqian.com\/pt\/wp-json\/wp\/v2\/media?parent=1321"}],"wp:term":[{"taxonomy":"product_brand","embeddable":true,"href":"https:\/\/shop.yipinqian.com\/pt\/wp-json\/wp\/v2\/product_brand?post=1321"},{"taxonomy":"product_cat","embeddable":true,"href":"https:\/\/shop.yipinqian.com\/pt\/wp-json\/wp\/v2\/product_cat?post=1321"},{"taxonomy":"product_tag","embeddable":true,"href":"https:\/\/shop.yipinqian.com\/pt\/wp-json\/wp\/v2\/product_tag?post=1321"}],"curies":[{"name":"wp","href":"https:\/\/api.w.org\/{rel}","templated":true}]}}