{"id":1319,"date":"2024-10-24T23:18:22","date_gmt":"2024-10-24T15:18:22","guid":{"rendered":"https:\/\/shop.yipinqian.com\/product\/crafted-as-cicada-using-natural-type-a-jadeite-jade-as-a-pendant-necklace-with-certificate-weigh-9-25-grams-measurement-40-3-23-2-9-5-mm-pendant185\/"},"modified":"2025-02-24T00:49:58","modified_gmt":"2025-02-23T16:49:58","slug":"crafted-as-cicada-using-natural-type-a-jadeite-jade-as-a-pendant-necklace-with-certificate-weigh-9-25-grams-measurement-40-3-23-2-9-5-mm-pendant185","status":"publish","type":"product","link":"https:\/\/shop.yipinqian.com\/pt\/produto\/crafted-as-cicada-using-natural-type-a-jadeite-jade-as-a-pendant-necklace-with-certificate-weigh-9-25-grams-measurement-40-3-23-2-9-5-mm-pendant185\/","title":{"rendered":"Feito como cigarra usando Jade\u00edta Natural Tipo A como um Pingente Colar com certificado pesa 9,25 gramas, medindo 40,3 * 23,2 * 9,5 mm (pendant185)"},"content":{"rendered":"<p>Eleve seu estilo com este requintado colar com pingente de cigarra, feito de jade\u00edta natural tipo A 100%.<\/p>\n<p><\/p>\n<p><strong>N\u00fameros de certificado: SZ21244538<\/strong><\/p>\n<ul>\n<li>Pesando 9,25 gramas, este colar com pingente \u00e9 leve e confort\u00e1vel de usar.<\/li>\n<li>Medindo 40,3 * 23,2 * 9,5 mm (pingente 185), \u00e9 o tamanho perfeito para fazer uma declara\u00e7\u00e3o sem ser muito chamativo.<\/li>\n<li>Cada colar vem com um certificado de autenticidade que garante a qualidade e autenticidade do jade usado na confec\u00e7\u00e3o do pingente de cigarra<\/li>\n<\/ul>\n<p>Os detalhes intrincados no design da cigarra fazem dela uma pe\u00e7a \u00fanica que certamente se destacar\u00e1 entre sua cole\u00e7\u00e3o de joias. Acredita-se tamb\u00e9m que usar jade traz boa sorte e prosperidade, tornando este colar n\u00e3o apenas estiloso, mas tamb\u00e9m significativo. Combine-o com sua roupa favorita para um visual chique sem esfor\u00e7o ou d\u00ea-o de presente para algu\u00e9m especial que aprecia belos artesanatos e simbolismos.<\/p>\n<p><\/p>\n<p>Yi Pin Qian \u2013 Um negociante de pedras preciosas e metais preciosos em Cingapura \u2013 N\u00famero de licen\u00e7a PS20190000031<\/p>\n<p><\/p>\n<p>*Todos os Jadeites comprados de Yi Pin Qian em Cingapura, os clientes podem reservar hor\u00e1rios para polimento ou pequenos reparos por manuseio incorreto - taxas se aplicam e somente para clientes de Yi Pin Qian em Cingapura*<\/p>\n<p><\/p>\n<p><strong>**Tipos de Certificados**<\/strong><\/p>\n<p><\/p>\n<p><strong>NGI (Nan Yang Gemol\u00f3gico)<\/strong><\/p>\n<p>ou <strong>Certificados no exterior <\/strong>(Yi Pin Qian usa apenas certificados aut\u00eanticos de laborat\u00f3rios estrangeiros e tamb\u00e9m controla a qualidade de cada um dos nossos produtos antes de coloc\u00e1-los \u00e0 venda em Cingapura)<\/p>\n<p><\/p>\n<p>Cada produto no TikTok ter\u00e1 o tipo de certificado fornecido indicado na descri\u00e7\u00e3o. Para qualquer cliente que deseje enviar seu pedido para a NGI Singapore, haver\u00e1 um tempo de espera para entrega do pedido estimado em torno de 4 semanas para receber seu pedido. <strong>As solicita\u00e7\u00f5es de relat\u00f3rios da NGI Gemstone precisam ser feitas por mensagem para a loja Yi Pin Qian TikTok.<\/strong> Obrigado, <strong><u>taxas extras se aplicam<\/u><\/strong>.<\/p>\n<p><\/p>\n<p><strong>A jade\u00edta natural n\u00e3o \u00e9 perfeita, apenas um lembrete gentil, nossa jade\u00edta natural, como todas as coisas bonitas da natureza, vem com suas caracter\u00edsticas e varia\u00e7\u00f5es \u00fanicas. Convidamos nossos valiosos clientes a abra\u00e7ar essas varia\u00e7\u00f5es naturais. Boas compras!<\/strong><\/p>\n<p><\/p>\n<p><strong><u>Nenhuma das fotos e filmagens de v\u00eddeo foram filtradas. Incentivamos nossos clientes a tamb\u00e9m assistirem aos v\u00eddeos que os acompanham para uma vis\u00e3o mais abrangente de nossos produtos<\/u><\/strong><\/p>","protected":false},"excerpt":{"rendered":"<p>Elevate your style with this exquisite cicada pendant necklace, crafted from 100% natural Type A Jadeite Jade. Certificate numbers: SZ21244538 Weighing at 9.25 grams, this pendant necklace is lightweight and comfortable to wear. Measuring at 40.3 * 23.2 * 9.5 mm (pendant185), it is the perfect size to make a statement without being too flashy. [&hellip;]<\/p>","protected":false},"featured_media":3042,"comment_status":"open","ping_status":"closed","template":"","meta":[],"product_brand":[],"product_cat":[194],"product_tag":[],"class_list":{"0":"post-1319","1":"product","2":"type-product","3":"status-publish","4":"has-post-thumbnail","6":"product_cat-value-picks","8":"first","9":"instock","10":"sale","11":"shipping-taxable","12":"purchasable","13":"product-type-simple"},"_links":{"self":[{"href":"https:\/\/shop.yipinqian.com\/pt\/wp-json\/wp\/v2\/product\/1319","targetHints":{"allow":["GET"]}}],"collection":[{"href":"https:\/\/shop.yipinqian.com\/pt\/wp-json\/wp\/v2\/product"}],"about":[{"href":"https:\/\/shop.yipinqian.com\/pt\/wp-json\/wp\/v2\/types\/product"}],"replies":[{"embeddable":true,"href":"https:\/\/shop.yipinqian.com\/pt\/wp-json\/wp\/v2\/comments?post=1319"}],"version-history":[{"count":0,"href":"https:\/\/shop.yipinqian.com\/pt\/wp-json\/wp\/v2\/product\/1319\/revisions"}],"wp:featuredmedia":[{"embeddable":true,"href":"https:\/\/shop.yipinqian.com\/pt\/wp-json\/wp\/v2\/media\/3042"}],"wp:attachment":[{"href":"https:\/\/shop.yipinqian.com\/pt\/wp-json\/wp\/v2\/media?parent=1319"}],"wp:term":[{"taxonomy":"product_brand","embeddable":true,"href":"https:\/\/shop.yipinqian.com\/pt\/wp-json\/wp\/v2\/product_brand?post=1319"},{"taxonomy":"product_cat","embeddable":true,"href":"https:\/\/shop.yipinqian.com\/pt\/wp-json\/wp\/v2\/product_cat?post=1319"},{"taxonomy":"product_tag","embeddable":true,"href":"https:\/\/shop.yipinqian.com\/pt\/wp-json\/wp\/v2\/product_tag?post=1319"}],"curies":[{"name":"wp","href":"https:\/\/api.w.org\/{rel}","templated":true}]}}