{"id":1314,"date":"2024-10-24T23:18:20","date_gmt":"2024-10-24T15:18:20","guid":{"rendered":"https:\/\/shop.yipinqian.com\/product\/crafted-as-5-3-4-2-2-4-mm-icy-translucent-cabochon-with-high-quality-natural-type-a-jadeite-jade-set-with-s925-as-ring-certificate-weighs-1-76-grams-s925ring17\/"},"modified":"2025-01-10T06:30:03","modified_gmt":"2025-01-09T22:30:03","slug":"crafted-as-5-3-4-2-2-4-mm-icy-translucent-cabochon-with-high-quality-natural-type-a-jadeite-jade-set-with-s925-as-ring-certificate-weighs-1-76-grams-s925ring17","status":"publish","type":"product","link":"https:\/\/shop.yipinqian.com\/pt\/produto\/crafted-as-5-3-4-2-2-4-mm-icy-translucent-cabochon-with-high-quality-natural-type-a-jadeite-jade-set-with-s925-as-ring-certificate-weighs-1-76-grams-s925ring17\/","title":{"rendered":"Feito como caboch\u00e3o transl\u00facido gelado de 5,3 * 4,2 * 2,4 mm com jade\u00edte-jade natural tipo A de alta qualidade com S925 como anel, o certificado pesa 1,76 gramas (s925ring17)"},"content":{"rendered":"<p>Melhore sua cole\u00e7\u00e3o de joias com este requintado anel de alta qualidade de 5,3 * 4,2 * 2,4 mm de caboch\u00e3o transl\u00facido gelado, tipo A natural, jade\u00edte-jade. (Tamanho livre ajust\u00e1vel)<\/p>\n<p><\/p>\n<p>N\u00fameros de certificado: YJC2308343066<\/p>\n<p><img fetchpriority=\"high\" decoding=\"async\" src=\"https:\/\/shop.yipinqian.com\/wp-content\/uploads\/2024\/10\/2b1e14dca1b64cb7b469cd13de60dca3tplv-aphluv4xwc-origin-jpeg.jpeg?from=476444299\" width=\"1080\" height=\"1080\"><\/p>\n<ul>\n<li>\n<strong>Qualidade Premium:<\/strong> Feito com jade\u00edta natural tipo A, este anel exala eleg\u00e2ncia e sofistica\u00e7\u00e3o.<\/li>\n<li>\n<strong>Design exclusivo:<\/strong> O caboch\u00e3o transl\u00facido e gelado acrescenta um toque de exclusividade ao seu conjunto.<\/li>\n<li>\n<strong>Configura\u00e7\u00e3o S925:<\/strong> Feito em material S925, garantindo durabilidade e brilho duradouro.<\/li>\n<\/ul>\n<p>Este anel deslumbrante pesa 1,76 gramas e vem com um certificado de autenticidade, o que o torna uma adi\u00e7\u00e3o valiosa \u00e0 sua cole\u00e7\u00e3o de acess\u00f3rios.<\/p>\n<p><\/p>\n<ul>\n<li>\n<strong>Certificado inclu\u00eddo:<\/strong> Sim<\/li>\n<li>Feito em Mianmar,<\/li>\n<\/ul>\n<p>Ideal para uso di\u00e1rio, esta pe\u00e7a \u00e9 perfeita para qualquer ocasi\u00e3o e \u00e9 uma excelente op\u00e7\u00e3o de presente para a mulher moderna que aprecia o artesanato fino.<\/p>\n<ul>\n<li>Garantia de joias: N\u00e3o<\/li>\n<li>G\u00eanero: Feminino<\/li>\n<\/ul>\n<p data-pm-slice=\"1 1 []\"><strong>A jade\u00edta natural n\u00e3o \u00e9 perfeita, apenas um lembrete gentil, nossa jade\u00edta natural, como todas as coisas bonitas da natureza, vem com suas caracter\u00edsticas e varia\u00e7\u00f5es \u00fanicas. Convidamos nossos valiosos clientes a abra\u00e7ar essas varia\u00e7\u00f5es naturais. Boas compras!<\/strong><\/p>\n<p>\u00a0<\/p>\n<p><strong><u>Nenhuma das fotos e filmagens de v\u00eddeo foram filtradas. Incentivamos nossos clientes a tamb\u00e9m assistirem aos v\u00eddeos que os acompanham para uma vis\u00e3o mais abrangente de nossos produtos<\/u><\/strong><\/p>\n<p>\u00a0<\/p>\n<ul>\n<li>Diferentes plataformas s\u00f3 podem visualizar v\u00eddeos por meio do Desktop<\/li>\n<\/ul>\n<p>\u00a0<\/p>","protected":false},"excerpt":{"rendered":"<p>Melhore sua cole\u00e7\u00e3o de joias com este requintado anel de alta qualidade de 5,3 * 4,2 * 2,4 mm de caboch\u00e3o transl\u00facido gelado natural tipo A Jade\u00edte-Jade. (Tamanho livre ajust\u00e1vel) N\u00fameros de certificado: YJC2308343066 Qualidade Premium: Feito com Jade\u00edte-Jade natural tipo A, este anel exala eleg\u00e2ncia e sofistica\u00e7\u00e3o. Design exclusivo: O caboch\u00e3o transl\u00facido gelado adiciona um toque de exclusividade ao seu conjunto. S925 [\u2026]<\/p>","protected":false},"featured_media":2922,"comment_status":"open","ping_status":"closed","template":"","meta":[],"product_brand":[],"product_cat":[80,126,149,125],"product_tag":[64,52,72,65,54,66,55,56,58,71,67,59,60,62],"class_list":{"0":"post-1314","1":"product","2":"type-product","3":"status-publish","4":"has-post-thumbnail","6":"product_cat-jade-rings","7":"product_cat-new-arrivals","8":"product_cat-s925-rings","9":"product_cat-s925-settings-jadeites","10":"product_tag-cabochon","11":"product_tag-certified","12":"product_tag-female","13":"product_tag-high-quality","14":"product_tag-icy","15":"product_tag-jade-ring","16":"product_tag-jadeite","17":"product_tag-limited-editions","18":"product_tag-new-arrivals","19":"product_tag-ring","20":"product_tag-s925","21":"product_tag-translucent","22":"product_tag-type-a-jadeite","23":"product_tag-yi-pin-qian-exclusive","25":"first","26":"instock","27":"sale","28":"shipping-taxable","29":"purchasable","30":"product-type-simple"},"_links":{"self":[{"href":"https:\/\/shop.yipinqian.com\/pt\/wp-json\/wp\/v2\/product\/1314","targetHints":{"allow":["GET"]}}],"collection":[{"href":"https:\/\/shop.yipinqian.com\/pt\/wp-json\/wp\/v2\/product"}],"about":[{"href":"https:\/\/shop.yipinqian.com\/pt\/wp-json\/wp\/v2\/types\/product"}],"replies":[{"embeddable":true,"href":"https:\/\/shop.yipinqian.com\/pt\/wp-json\/wp\/v2\/comments?post=1314"}],"version-history":[{"count":0,"href":"https:\/\/shop.yipinqian.com\/pt\/wp-json\/wp\/v2\/product\/1314\/revisions"}],"wp:featuredmedia":[{"embeddable":true,"href":"https:\/\/shop.yipinqian.com\/pt\/wp-json\/wp\/v2\/media\/2922"}],"wp:attachment":[{"href":"https:\/\/shop.yipinqian.com\/pt\/wp-json\/wp\/v2\/media?parent=1314"}],"wp:term":[{"taxonomy":"product_brand","embeddable":true,"href":"https:\/\/shop.yipinqian.com\/pt\/wp-json\/wp\/v2\/product_brand?post=1314"},{"taxonomy":"product_cat","embeddable":true,"href":"https:\/\/shop.yipinqian.com\/pt\/wp-json\/wp\/v2\/product_cat?post=1314"},{"taxonomy":"product_tag","embeddable":true,"href":"https:\/\/shop.yipinqian.com\/pt\/wp-json\/wp\/v2\/product_tag?post=1314"}],"curies":[{"name":"wp","href":"https:\/\/api.w.org\/{rel}","templated":true}]}}