{"id":1312,"date":"2024-10-24T23:18:19","date_gmt":"2024-10-24T15:18:19","guid":{"rendered":"https:\/\/shop.yipinqian.com\/product\/collectible-yellow-with-light-green-natural-type-a-jadeite-jade-pendant-necklace-crafted-as-milo-buddha-certificate-included-weigh-38-28-grams-measurement-48-7-42-8-11-mm-pendant184\/"},"modified":"2025-02-24T01:17:33","modified_gmt":"2025-02-23T17:17:33","slug":"collectible-yellow-with-light-green-natural-type-a-jadeite-jade-pendant-necklace-crafted-as-milo-buddha-certificate-included-weigh-38-28-grams-measurement-48-7-42-8-11-mm-pendant184","status":"publish","type":"product","link":"https:\/\/shop.yipinqian.com\/pt\/produto\/collectible-yellow-with-light-green-natural-type-a-jadeite-jade-pendant-necklace-crafted-as-milo-buddha-certificate-included-weigh-38-28-grams-measurement-48-7-42-8-11-mm-pendant184\/","title":{"rendered":"Colar com pingente de jade\u00edte natural tipo A amarelo colecion\u00e1vel com verde claro, feito como Buda Milo, certificado incluso, pesa 38,28 gramas, medidas 48,7 * 42,8 * 11 mm (pendant184)"},"content":{"rendered":"<p>Eleve sua cole\u00e7\u00e3o de joias com este deslumbrante colar com pingente de jade\u00edte natural amarelo colecion\u00e1vel tipo A. O colar \u00e9 feito com um design de Buda Milo, dando a ele um toque \u00fanico e espiritual.<\/p>\n<p><\/p>\n<p><strong>N\u00fameros de certificado: 920660034123<\/strong><\/p>\n<ul>\n<li>\n<strong>Material:<\/strong> Feito de jade\u00edta Tipo A de alta qualidade, este colar \u00e9 dur\u00e1vel e elegante.<\/li>\n<li>\n<strong>Certificado inclu\u00eddo:<\/strong> Este colar vem com um certificado de autenticidade, garantindo sua qualidade e valor.<\/li>\n<li>\n<strong>Medi\u00e7\u00e3o:<\/strong> O pingente mede 48,7 * 42,8 * 11 mm (pendant184), tornando-o o tamanho perfeito para uso di\u00e1rio ou ocasi\u00f5es especiais.<\/li>\n<\/ul>\n<p>Esta elegante pe\u00e7a estilo colar pesa 38,28 gramas, o que a torna leve e confort\u00e1vel para usar o dia todo.<\/p>\n<ul>\n<li><strong>Tipo de Jade:<\/strong><\/li>\n<li><strong>A jade\u00edta \u00e9 conhecida por sua impressionante variedade de cores e altos n\u00edveis de translucidez que criam um brilho atraente.<\/strong><\/li>\n<li><strong>A ocasi\u00e3o: Esta pe\u00e7a se encaixa perfeitamente como um acess\u00f3rio para seu visual di\u00e1rio, adicionando eleg\u00e2ncia ao seu look.<\/strong><\/li>\n<li><strong>O g\u00eanero: Este pingente unissex \u00e9 uma op\u00e7\u00e3o de presente vers\u00e1til para quem deseja adicionar algo especial \u00e0 sua cole\u00e7\u00e3o de joias.<\/strong><\/li>\n<\/ul>\n<p><strong>Adicione este colar com pingente de jade\u00edta natural amarela tipo A colecion\u00e1vel, feito com o design do Buda Milo de Mianmar, \u00e0 sua cole\u00e7\u00e3o hoje mesmo!<\/strong><\/p>\n<p><\/p>\n<p>Yi Pin Qian \u2013 Um negociante de pedras preciosas e metais preciosos em Cingapura \u2013 N\u00famero de licen\u00e7a PS20190000031<\/p>\n<p><\/p>\n<p>*Todos os Jadeites comprados de Yi Pin Qian em Cingapura, os clientes podem reservar hor\u00e1rios para polimento ou pequenos reparos por manuseio incorreto - taxas se aplicam e somente para clientes de Yi Pin Qian em Cingapura*<\/p>\n<p><\/p>\n<p><strong>**Tipos de Certificados**<\/strong><\/p>\n<p><\/p>\n<p><strong>NGI (Nan Yang Gemol\u00f3gico)<\/strong><\/p>\n<p>ou <strong>Certificados no exterior <\/strong>(Yi Pin Qian usa apenas certificados aut\u00eanticos de laborat\u00f3rios estrangeiros e tamb\u00e9m controla a qualidade de cada um dos nossos produtos antes de coloc\u00e1-los \u00e0 venda em Cingapura)<\/p>\n<p><\/p>\n<p>Cada produto no TikTok ter\u00e1 o tipo de certificado fornecido indicado na descri\u00e7\u00e3o. Para qualquer cliente que deseje enviar seu pedido para a NGI Singapore, haver\u00e1 um tempo de espera para entrega do pedido estimado em torno de 4 semanas para receber seu pedido. <strong>As solicita\u00e7\u00f5es de relat\u00f3rios da NGI Gemstone precisam ser feitas por mensagem para a loja Yi Pin Qian TikTok.<\/strong> Obrigado, <strong><u>taxas extras se aplicam<\/u><\/strong>.<\/p>\n<p><\/p>\n<p><strong>A jade\u00edta natural n\u00e3o \u00e9 perfeita, apenas um lembrete gentil, nossa jade\u00edta natural, como todas as coisas bonitas da natureza, vem com suas caracter\u00edsticas e varia\u00e7\u00f5es \u00fanicas. Convidamos nossos valiosos clientes a abra\u00e7ar essas varia\u00e7\u00f5es naturais. Boas compras!<\/strong><\/p>\n<p><\/p>\n<p><strong><u>Nenhuma das fotos e filmagens de v\u00eddeo foram filtradas. Incentivamos nossos clientes a tamb\u00e9m assistirem aos v\u00eddeos que os acompanham para uma vis\u00e3o mais abrangente de nossos produtos<\/u><\/strong><\/p>","protected":false},"excerpt":{"rendered":"<p>Elevate your jewelry collection with this stunning Collectible Yellow Natural Type A Jadeite Jade Pendant Necklace. The necklace is crafted with a Milo Buddha design, giving it a unique and spiritual touch. Certificate numbers: 920660034123 Material: Made from high-quality Type A jadeite jade, this necklace is both durable and elegant. Certificate Included: This necklace comes [&hellip;]<\/p>","protected":false},"featured_media":2912,"comment_status":"open","ping_status":"closed","template":"","meta":[],"product_brand":[],"product_cat":[195],"product_tag":[],"class_list":{"0":"post-1312","1":"product","2":"type-product","3":"status-publish","4":"has-post-thumbnail","6":"product_cat-heirloom-grade","8":"first","9":"instock","10":"sale","11":"shipping-taxable","12":"purchasable","13":"product-type-simple"},"_links":{"self":[{"href":"https:\/\/shop.yipinqian.com\/pt\/wp-json\/wp\/v2\/product\/1312","targetHints":{"allow":["GET"]}}],"collection":[{"href":"https:\/\/shop.yipinqian.com\/pt\/wp-json\/wp\/v2\/product"}],"about":[{"href":"https:\/\/shop.yipinqian.com\/pt\/wp-json\/wp\/v2\/types\/product"}],"replies":[{"embeddable":true,"href":"https:\/\/shop.yipinqian.com\/pt\/wp-json\/wp\/v2\/comments?post=1312"}],"version-history":[{"count":0,"href":"https:\/\/shop.yipinqian.com\/pt\/wp-json\/wp\/v2\/product\/1312\/revisions"}],"wp:featuredmedia":[{"embeddable":true,"href":"https:\/\/shop.yipinqian.com\/pt\/wp-json\/wp\/v2\/media\/2912"}],"wp:attachment":[{"href":"https:\/\/shop.yipinqian.com\/pt\/wp-json\/wp\/v2\/media?parent=1312"}],"wp:term":[{"taxonomy":"product_brand","embeddable":true,"href":"https:\/\/shop.yipinqian.com\/pt\/wp-json\/wp\/v2\/product_brand?post=1312"},{"taxonomy":"product_cat","embeddable":true,"href":"https:\/\/shop.yipinqian.com\/pt\/wp-json\/wp\/v2\/product_cat?post=1312"},{"taxonomy":"product_tag","embeddable":true,"href":"https:\/\/shop.yipinqian.com\/pt\/wp-json\/wp\/v2\/product_tag?post=1312"}],"curies":[{"name":"wp","href":"https:\/\/api.w.org\/{rel}","templated":true}]}}