{"id":1310,"date":"2024-10-24T23:18:19","date_gmt":"2024-10-24T15:18:19","guid":{"rendered":"https:\/\/shop.yipinqian.com\/product\/collectible-authentic-type-a-jadeite-jade-crafted-as-53mm-green-with-brown-and-redish-patches-chaise-oval-bracelet-bangle-certificate-weighs-44-36-width-13-9mm-thickness-6-8mm-bangle13\/"},"modified":"2025-01-10T06:31:07","modified_gmt":"2025-01-09T22:31:07","slug":"collectible-authentic-type-a-jadeite-jade-crafted-as-53mm-green-with-brown-and-redish-patches-chaise-oval-bracelet-bangle-certificate-weighs-44-36-width-13-9mm-thickness-6-8mm-bangle13","status":"publish","type":"product","link":"https:\/\/shop.yipinqian.com\/pt\/produto\/collectible-authentic-type-a-jadeite-jade-crafted-as-53mm-green-with-brown-and-redish-patches-chaise-oval-bracelet-bangle-certificate-weighs-44-36-width-13-9mm-thickness-6-8mm-bangle13\/","title":{"rendered":"Jade\u00edte-jade natural aut\u00eantico colecion\u00e1vel tipo A, trabalhada como pulseira oval Chaise verde com manchas marrons e avermelhadas de 53 mm, certificado pesa 44,36, largura: 13,9 mm, espessura: 6,8 mm (bangle13)"},"content":{"rendered":"<p>This exquisite Collectible Authentic Type-A Jadeite-Jade bracelet features a stunning 53mm <strong>Green with Brown and Reddish Patches<\/strong> Chaise Oval design, making it a unique and eye-catching accessory.<\/p>\n<p><\/p>\n<p>Certificate numbers: GD2110H008709<\/p>\n<p><img fetchpriority=\"high\" decoding=\"async\" src=\"https:\/\/shop.yipinqian.com\/wp-content\/uploads\/2024\/10\/3ab35205be264fe38e7fc8386e798ae0tplv-aphluv4xwc-origin-jpeg.jpeg?dr=15568&amp;nonce=79105&amp;refresh_token=703913d290eb033435b0ae3680d10d62&amp;from=476444299&amp;idc=my&amp;ps=933b5bde&amp;shcp=9b759fb9&amp;shp=1c65f68b&amp;t=555f072d\" width=\"526\" height=\"362\"><\/p>\n<p>Note: Oval Shape Chaise Bangle size <strong>53mm<\/strong> is suitable for <strong>50 ~ 52mm (only suitable for smaller hand)<\/strong><\/p>\n<ul>\n<li>\n<strong>Material:<\/strong> Crafted from high-quality Type-A Jadeite-Jade<\/li>\n<li>\n<strong>Dimens\u00f5es:<\/strong> <strong>Largura:<\/strong> 13.9mm <strong>Grossura:<\/strong> 6.8mm<\/li>\n<\/ul>\n<p>The bracelet comes with a Certificate weighing 44.36, ensuring its authenticity and quality.<\/p>\n<ul>\n<li>\n<strong>Certificado inclu\u00eddo: <\/strong>Sim<\/li>\n<li>\n<strong>Feito em: <\/strong>Mandalay, Myanmar<\/li>\n<\/ul>\n<p>This bangle is perfect for daily wear, adding an elegant touch to any outfit with its classic yet distinctive style.<\/p>\n<ul>\n<li><strong>Ocasi\u00e3o: Uso di\u00e1rio<\/strong><\/li>\n<li><strong>An ideal choice for the modern woman, this bangle bracelet is designed to showcase the beauty of Jadeite while offering a comfortable fit for everyday use.<\/strong><\/li>\n<\/ul>\n<p><img decoding=\"async\" src=\"https:\/\/shop.yipinqian.com\/wp-content\/uploads\/2024\/10\/98c491d3b15e484e80766b2b367d70a2tplv-aphluv4xwc-origin-jpeg.jpeg?from=476444299\" width=\"1080\" height=\"1080\"><img decoding=\"async\" src=\"https:\/\/shop.yipinqian.com\/wp-content\/uploads\/2024\/10\/7c815bb052f84dca8e6258d19ac71141tplv-aphluv4xwc-origin-jpeg.jpeg?from=476444299\" width=\"1080\" height=\"1080\"><\/p>\n<p>Yi Pin Qian \u2013 Um negociante de pedras preciosas e metais preciosos em Cingapura \u2013 N\u00famero de licen\u00e7a PS20190000031<\/p>\n<p><\/p>\n<p>*Todos os Jadeites comprados de Yi Pin Qian em Cingapura, os clientes podem reservar hor\u00e1rios para polimento ou pequenos reparos por manuseio incorreto - taxas se aplicam e somente para clientes de Yi Pin Qian em Cingapura*<\/p>\n<p><\/p>\n<p><strong>**Tipos de Certificados**<\/strong><\/p>\n<p><\/p>\n<p><strong>NGI (Nan Yang Gemol\u00f3gico)<\/strong><\/p>\n<p>ou <strong>Certificados no exterior <\/strong>(Yi Pin Qian usa apenas certificados aut\u00eanticos de laborat\u00f3rios estrangeiros e tamb\u00e9m controla a qualidade de cada um dos nossos produtos antes de coloc\u00e1-los \u00e0 venda em Cingapura)<\/p>\n<p><\/p>\n<p>Cada produto no TikTok ter\u00e1 o tipo de certificado fornecido indicado na descri\u00e7\u00e3o. Para qualquer cliente que deseje enviar seu pedido para a NGI Singapore, haver\u00e1 um tempo de espera para entrega do pedido estimado em torno de 4 semanas para receber seu pedido. <strong>As solicita\u00e7\u00f5es de relat\u00f3rios de pedras preciosas da NGI precisam ser feitas por mensagem.<\/strong> Obrigado, <strong><u>taxas extras se aplicam<\/u><\/strong>.<\/p>\n<p><\/p>\n<p><strong>A jade\u00edta natural n\u00e3o \u00e9 perfeita, apenas um lembrete gentil, nossa jade\u00edta natural, como todas as coisas bonitas da natureza, vem com suas caracter\u00edsticas e varia\u00e7\u00f5es \u00fanicas. Convidamos nossos valiosos clientes a abra\u00e7ar essas varia\u00e7\u00f5es naturais. Boas compras!<\/strong><\/p>\n<p><\/p>\n<p><strong><u>Nenhuma das fotos e filmagens de v\u00eddeo foram filtradas. Incentivamos nossos clientes a tamb\u00e9m assistirem aos v\u00eddeos que os acompanham para uma vis\u00e3o mais abrangente de nossos produtos<\/u><\/strong><\/p>\n<p><\/p>\n<ul>\n<li>Diferentes plataformas s\u00f3 podem visualizar v\u00eddeos por meio do Desktop<\/li>\n<\/ul>","protected":false},"excerpt":{"rendered":"<p>Esta requintada pulseira colecion\u00e1vel aut\u00eantica de jade\u00edte-jade tipo A apresenta um impressionante design oval Chaise verde com manchas marrons e avermelhadas de 53 mm, tornando-a um acess\u00f3rio \u00fanico e atraente. N\u00fameros de certificado: GD2110H008709 Observa\u00e7\u00e3o: o tamanho oval da pulseira Chaise de 53 mm \u00e9 adequado para 50 ~ 52 mm (adequado apenas para m\u00e3os menores) Material: Feito de jade\u00edte-jade tipo A de alta qualidade Dimens\u00f5es: [\u2026]<\/p>","protected":false},"featured_media":2871,"comment_status":"open","ping_status":"closed","template":"","meta":[],"product_brand":[],"product_cat":[121,87,126],"product_tag":[86,52,90,72,70,65,55,56,58,91,75,60,68,62],"class_list":{"0":"post-1310","1":"product","2":"type-product","3":"status-publish","4":"has-post-thumbnail","6":"product_cat-bracelets-bangles","7":"product_cat-jade-bracelets-anklets","8":"product_cat-new-arrivals","9":"product_tag-bangle","10":"product_tag-certified","11":"product_tag-chaise-oval-bracelet","12":"product_tag-female","13":"product_tag-green","14":"product_tag-high-quality","15":"product_tag-jadeite","16":"product_tag-limited-editions","17":"product_tag-new-arrivals","18":"product_tag-red-patches","19":"product_tag-traditional","20":"product_tag-type-a-jadeite","21":"product_tag-yellow","22":"product_tag-yi-pin-qian-exclusive","24":"first","25":"instock","26":"sale","27":"shipping-taxable","28":"purchasable","29":"product-type-simple"},"_links":{"self":[{"href":"https:\/\/shop.yipinqian.com\/pt\/wp-json\/wp\/v2\/product\/1310","targetHints":{"allow":["GET"]}}],"collection":[{"href":"https:\/\/shop.yipinqian.com\/pt\/wp-json\/wp\/v2\/product"}],"about":[{"href":"https:\/\/shop.yipinqian.com\/pt\/wp-json\/wp\/v2\/types\/product"}],"replies":[{"embeddable":true,"href":"https:\/\/shop.yipinqian.com\/pt\/wp-json\/wp\/v2\/comments?post=1310"}],"version-history":[{"count":0,"href":"https:\/\/shop.yipinqian.com\/pt\/wp-json\/wp\/v2\/product\/1310\/revisions"}],"wp:featuredmedia":[{"embeddable":true,"href":"https:\/\/shop.yipinqian.com\/pt\/wp-json\/wp\/v2\/media\/2871"}],"wp:attachment":[{"href":"https:\/\/shop.yipinqian.com\/pt\/wp-json\/wp\/v2\/media?parent=1310"}],"wp:term":[{"taxonomy":"product_brand","embeddable":true,"href":"https:\/\/shop.yipinqian.com\/pt\/wp-json\/wp\/v2\/product_brand?post=1310"},{"taxonomy":"product_cat","embeddable":true,"href":"https:\/\/shop.yipinqian.com\/pt\/wp-json\/wp\/v2\/product_cat?post=1310"},{"taxonomy":"product_tag","embeddable":true,"href":"https:\/\/shop.yipinqian.com\/pt\/wp-json\/wp\/v2\/product_tag?post=1310"}],"curies":[{"name":"wp","href":"https:\/\/api.w.org\/{rel}","templated":true}]}}