{"id":1301,"date":"2024-10-24T23:18:18","date_gmt":"2024-10-24T15:18:18","guid":{"rendered":"https:\/\/shop.yipinqian.com\/product\/casual-daily-wear-natural-type-a-jadeite-jade-crafted-as-standing-buddha-to-use-as-a-pendant-no-certitficate-with-s990-clasp-choose-1-to-8\/"},"modified":"2025-02-17T00:01:51","modified_gmt":"2025-02-16T16:01:51","slug":"casual-daily-wear-natural-type-a-jadeite-jade-crafted-as-standing-buddha-to-use-as-a-pendant-no-certitficate-with-s990-clasp-choose-1-to-8","status":"publish","type":"product","link":"https:\/\/shop.yipinqian.com\/pt\/produto\/casual-daily-wear-natural-type-a-jadeite-jade-crafted-as-standing-buddha-to-use-as-a-pendant-no-certitficate-with-s990-clasp-choose-1-to-8\/","title":{"rendered":"Casual Daily Wear \u2013 Jade\u00edte natural tipo A \u2013 trabalhada como Buda em p\u00e9 para usar como pingente \u2013 Sem certificado \u2013 com fecho S990 (escolha #1 a #8)"},"content":{"rendered":"<p>Este pingente de Buda em p\u00e9 de jade\u00edte natural tipo A casual para uso di\u00e1rio \u00e9 um acess\u00f3rio perfeito para uso di\u00e1rio. Feito em Mianmar, este pingente unissex vem com fecho de prata S990 (escolha #1 a #8) para fornecer um ajuste elegante e confort\u00e1vel.<\/p>\n<p><strong>O pre\u00e7o \u00e9 para apenas uma jade\u00edta. O cliente pode escolher entre #1 e #8, obrigado.<\/strong><\/p>\n<p><strong>A jade\u00edta natural n\u00e3o \u00e9 perfeita, apenas um lembrete gentil, nossa jade\u00edta natural, como todas as coisas bonitas da natureza, vem com suas caracter\u00edsticas e varia\u00e7\u00f5es \u00fanicas. Convidamos nossos valiosos clientes a abra\u00e7ar essas varia\u00e7\u00f5es naturais. Boas compras!<\/strong><\/p>\n<p>*Observa\u00e7\u00e3o: o cliente receber\u00e1 a jade\u00edta exatamente igual \u00e0 da foto com fechos de prata S990, <strong>pode usar sua pr\u00f3pria corrente para uso di\u00e1rio. <\/strong><\/p>\n<p>Caixa de presente = Sim<\/p>\n<p>Tamanho, veja a imagem de varia\u00e7\u00f5es anexada.<\/p>\n<ul>\n<li>\n<strong>Jade\u00edta Natural Tipo A:<\/strong> Este pingente para uso di\u00e1rio casual \u00e9 feito de jade\u00edta natural tipo A, que significa pureza e serenidade.<\/li>\n<li>\n<strong>Design de Buda em p\u00e9:<\/strong> O design do Buda em p\u00e9 deste pingente real\u00e7a a beleza geral do produto.<\/li>\n<li>\n<strong>Sem certificado:<\/strong> Este produto n\u00e3o vem com nenhum certificado como prova de sua autenticidade<\/li>\n<li>\n<strong>Fecho de prata S990: <\/strong>O fecho S990 Silver acrescenta eleg\u00e2ncia e durabilidade a este colar casual<\/li>\n<\/ul>\n<p>Este deslumbrante colar casual \u00e9 ideal para uso di\u00e1rio. O design simples, mas elegante, o torna perfeito para qualquer ocasi\u00e3o. Compre o seu hoje!<\/p>\n<p><strong>A jade\u00edta natural n\u00e3o \u00e9 perfeita, apenas um lembrete gentil, nossa jade\u00edta natural, como todas as coisas bonitas da natureza, vem com suas caracter\u00edsticas e varia\u00e7\u00f5es \u00fanicas. Convidamos nossos valiosos clientes a abra\u00e7ar essas varia\u00e7\u00f5es naturais. Boas compras!<\/strong><\/p>\n<p><strong><u>Nenhuma das fotos e filmagens de v\u00eddeo foram filtradas. Incentivamos nossos clientes a tamb\u00e9m assistirem aos v\u00eddeos que os acompanham para uma vis\u00e3o mais abrangente de nossos produtos<\/u><\/strong><\/p>","protected":false},"excerpt":{"rendered":"<p>This Casual Daily Wear natural Type A Jadeite Jade Standing Buddha Pendant is a perfect accessory for daily use. Crafted in Myanmar, this unisex pendant comes with S990 Silver clasp (Choose #1 to #8) to provide a fashionable and comfortable fit. Price is for one jadeite only, customer can choose from #1 to #8 , [&hellip;]<\/p>","protected":false},"featured_media":2816,"comment_status":"open","ping_status":"closed","template":"","meta":[],"product_brand":[],"product_cat":[48],"product_tag":[],"class_list":{"0":"post-1301","1":"product","2":"type-product","3":"status-publish","4":"has-post-thumbnail","6":"product_cat-pendants","8":"first","9":"instock","10":"sale","11":"shipping-taxable","12":"purchasable","13":"product-type-variable"},"_links":{"self":[{"href":"https:\/\/shop.yipinqian.com\/pt\/wp-json\/wp\/v2\/product\/1301","targetHints":{"allow":["GET"]}}],"collection":[{"href":"https:\/\/shop.yipinqian.com\/pt\/wp-json\/wp\/v2\/product"}],"about":[{"href":"https:\/\/shop.yipinqian.com\/pt\/wp-json\/wp\/v2\/types\/product"}],"replies":[{"embeddable":true,"href":"https:\/\/shop.yipinqian.com\/pt\/wp-json\/wp\/v2\/comments?post=1301"}],"version-history":[{"count":0,"href":"https:\/\/shop.yipinqian.com\/pt\/wp-json\/wp\/v2\/product\/1301\/revisions"}],"wp:featuredmedia":[{"embeddable":true,"href":"https:\/\/shop.yipinqian.com\/pt\/wp-json\/wp\/v2\/media\/2816"}],"wp:attachment":[{"href":"https:\/\/shop.yipinqian.com\/pt\/wp-json\/wp\/v2\/media?parent=1301"}],"wp:term":[{"taxonomy":"product_brand","embeddable":true,"href":"https:\/\/shop.yipinqian.com\/pt\/wp-json\/wp\/v2\/product_brand?post=1301"},{"taxonomy":"product_cat","embeddable":true,"href":"https:\/\/shop.yipinqian.com\/pt\/wp-json\/wp\/v2\/product_cat?post=1301"},{"taxonomy":"product_tag","embeddable":true,"href":"https:\/\/shop.yipinqian.com\/pt\/wp-json\/wp\/v2\/product_tag?post=1301"}],"curies":[{"name":"wp","href":"https:\/\/api.w.org\/{rel}","templated":true}]}}