{"id":1287,"date":"2024-10-24T23:18:12","date_gmt":"2024-10-24T15:18:12","guid":{"rendered":"https:\/\/shop.yipinqian.com\/product\/black-wuji-natural-type-a-jadeite-jade-crafted-with-16-13mm-beads-as-a-bracelet-with-qic-labs-approved-certificate-weigh-60-39-grams-bracelet19\/"},"modified":"2025-02-17T00:01:33","modified_gmt":"2025-02-16T16:01:33","slug":"black-wuji-natural-type-a-jadeite-jade-crafted-with-16-13mm-beads-as-a-bracelet-with-qic-labs-approved-certificate-weigh-60-39-grams-bracelet19","status":"publish","type":"product","link":"https:\/\/shop.yipinqian.com\/pt\/produto\/black-wuji-natural-type-a-jadeite-jade-crafted-with-16-13mm-beads-as-a-bracelet-with-qic-labs-approved-certificate-weigh-60-39-grams-bracelet19\/","title":{"rendered":"Jade\u00edta Natural Tipo A Preto Wuji Jade trabalhada com contas de 16 * 13 mm como uma pulseira com certificado aprovado pelos laborat\u00f3rios QIC pesando 60,39 gramas (bracelet19)"},"content":{"rendered":"<p>Esta pulseira de jade\u00edte natural tipo A preta Wuji \u00e9 um acess\u00f3rio deslumbrante para uso di\u00e1rio. Feita com contas de 16 * 13 mm e pesando 60,39 gramas, esta pulseira exala luxo e sofistica\u00e7\u00e3o. Principais caracter\u00edsticas:<\/p>\n<p>\u00a0<\/p>\n<p>N\u00fameros de certificado: 5824011602362<\/p>\n<ul>\n<li>Feito com jade natural tipo A Jade\u00edte<\/li>\n<li>Certificado de autenticidade aprovado pelos laborat\u00f3rios QIC<\/li>\n<li>Pesa 60,39 gramas<\/li>\n<li>Design elegante e preto Wuji<\/li>\n<\/ul>\n<p>Esta pulseira \u00e9 o complemento perfeito para qualquer cole\u00e7\u00e3o de joias, ostentando um design exclusivo que a diferencia das demais. O padr\u00e3o Wuji preto adiciona um elemento de intriga \u00e0s luxuosas contas de jade. Quer voc\u00ea esteja se vestindo formal ou informalmente, esta pulseira \u00e9 vers\u00e1til o suficiente para qualquer ocasi\u00e3o. Al\u00e9m disso, ela vem com um certificado de autenticidade dos laborat\u00f3rios QIC para que voc\u00ea possa ter confian\u00e7a em sua compra. No geral, esta pulseira de jade\u00edte natural tipo A Wuji preta \u00e9 um acess\u00f3rio requintado que exala sofistica\u00e7\u00e3o e classe - tornando-a a escolha perfeita para uso di\u00e1rio ou ocasi\u00f5es especiais!<\/p>\n<p>\u00a0<\/p>\n<p><strong>A jade\u00edta natural n\u00e3o \u00e9 perfeita, apenas um lembrete gentil, nossa jade\u00edta natural, como todas as coisas bonitas da natureza, vem com suas caracter\u00edsticas e varia\u00e7\u00f5es \u00fanicas. Convidamos nossos valiosos clientes a abra\u00e7ar essas varia\u00e7\u00f5es naturais. Boas compras!<\/strong><\/p>\n<p>\u00a0<\/p>\n<p><strong><u>Nenhuma das fotos e filmagens de v\u00eddeo foram filtradas. Incentivamos nossos clientes a tamb\u00e9m assistirem aos v\u00eddeos que os acompanham para uma vis\u00e3o mais abrangente de nossos produtos<\/u><\/strong><\/p>","protected":false},"excerpt":{"rendered":"<p>Esta pulseira de jade\u00edte tipo A natural preta Wuji \u00e9 um acess\u00f3rio deslumbrante para uso di\u00e1rio. Feita com contas de 16 * 13 mm e pesando 60,39 gramas, esta pulseira exala luxo e sofistica\u00e7\u00e3o. Principais caracter\u00edsticas: N\u00fameros de certificado: 5824011602362 Feita com jade\u00edte tipo A natural Certificado de autenticidade aprovado pelos laborat\u00f3rios QIC Pesa 60,39 [\u2026]<\/p>","protected":false},"featured_media":2647,"comment_status":"open","ping_status":"closed","template":"","meta":[],"product_brand":[],"product_cat":[121,84],"product_tag":[],"class_list":{"0":"post-1287","1":"product","2":"type-product","3":"status-publish","4":"has-post-thumbnail","6":"product_cat-bracelets-bangles","7":"product_cat-charms-and-charm-bracelet","9":"first","10":"instock","11":"sale","12":"shipping-taxable","13":"purchasable","14":"product-type-simple"},"_links":{"self":[{"href":"https:\/\/shop.yipinqian.com\/pt\/wp-json\/wp\/v2\/product\/1287","targetHints":{"allow":["GET"]}}],"collection":[{"href":"https:\/\/shop.yipinqian.com\/pt\/wp-json\/wp\/v2\/product"}],"about":[{"href":"https:\/\/shop.yipinqian.com\/pt\/wp-json\/wp\/v2\/types\/product"}],"replies":[{"embeddable":true,"href":"https:\/\/shop.yipinqian.com\/pt\/wp-json\/wp\/v2\/comments?post=1287"}],"version-history":[{"count":0,"href":"https:\/\/shop.yipinqian.com\/pt\/wp-json\/wp\/v2\/product\/1287\/revisions"}],"wp:featuredmedia":[{"embeddable":true,"href":"https:\/\/shop.yipinqian.com\/pt\/wp-json\/wp\/v2\/media\/2647"}],"wp:attachment":[{"href":"https:\/\/shop.yipinqian.com\/pt\/wp-json\/wp\/v2\/media?parent=1287"}],"wp:term":[{"taxonomy":"product_brand","embeddable":true,"href":"https:\/\/shop.yipinqian.com\/pt\/wp-json\/wp\/v2\/product_brand?post=1287"},{"taxonomy":"product_cat","embeddable":true,"href":"https:\/\/shop.yipinqian.com\/pt\/wp-json\/wp\/v2\/product_cat?post=1287"},{"taxonomy":"product_tag","embeddable":true,"href":"https:\/\/shop.yipinqian.com\/pt\/wp-json\/wp\/v2\/product_tag?post=1287"}],"curies":[{"name":"wp","href":"https:\/\/api.w.org\/{rel}","templated":true}]}}