{"id":1285,"date":"2024-10-24T23:18:11","date_gmt":"2024-10-24T15:18:11","guid":{"rendered":"https:\/\/shop.yipinqian.com\/product\/big-jadeite-jade-green-with-brown-natural-type-a-crafted-with-sceneries-as-pendant-good-for-fengshui-certificate-weighs-76-47-grams-measurement-67-6-50-10-8-mm-pendant305\/"},"modified":"2025-02-24T01:17:33","modified_gmt":"2025-02-23T17:17:33","slug":"big-jadeite-jade-green-with-brown-natural-type-a-crafted-with-sceneries-as-pendant-good-for-fengshui-certificate-weighs-76-47-grams-measurement-67-6-50-10-8-mm-pendant305","status":"publish","type":"product","link":"https:\/\/shop.yipinqian.com\/pt\/produto\/big-jadeite-jade-green-with-brown-natural-type-a-crafted-with-sceneries-as-pendant-good-for-fengshui-certificate-weighs-76-47-grams-measurement-67-6-50-10-8-mm-pendant305\/","title":{"rendered":"Jade\u00edta-Jade grande, verde com marrom natural tipo A, trabalhada com paisagens como pingente, boa para Fengshui, certificado pesa 76,47 gramas, medida 67,6 * 50 * 10,8 mm (pendant305)"},"content":{"rendered":"<p>Este grande pingente de jade\u00edta-jade apresenta um deslumbrante jade natural tipo A verde com marrom, meticulosamente trabalhado com cen\u00e1rios intrincados, tornando-o um acess\u00f3rio perfeito para quem busca um bom Fengshui.<\/p>\n<p><\/p>\n<p>N\u00fameros de certificado: GD2110H004315<\/p>\n<p><img fetchpriority=\"high\" decoding=\"async\" src=\"https:\/\/shop.yipinqian.com\/wp-content\/uploads\/2024\/10\/1b68788861614c1b8ca86a7a38374a69tplv-aphluv4xwc-origin-jpeg.jpeg?dr=15568&amp;nonce=78975&amp;refresh_token=4b2171d6d286cf562a94eb8f37a25231&amp;from=476444299&amp;idc=my&amp;ps=933b5bde&amp;shcp=9b759fb9&amp;shp=1c65f68b&amp;t=555f072d\" width=\"1080\" height=\"1080\"><\/p>\n<ul>\n<li><strong>Peso e Medidas:<\/strong><\/li>\n<li>Pesando 76,47 gramas, este pingente mede 67,6 * 50 * 10,8 mm (pendant305), o que o torna uma pe\u00e7a substancial e atraente.<\/li>\n<\/ul>\n<p><img decoding=\"async\" src=\"https:\/\/shop.yipinqian.com\/wp-content\/uploads\/2024\/10\/cf8b13f1b5d14ed8895a13317bad40a0tplv-aphluv4xwc-origin-jpeg.jpeg?dr=15568&amp;nonce=17810&amp;refresh_token=092d1f3ac0bcd48842122adc221a2187&amp;from=476444299&amp;idc=my&amp;ps=933b5bde&amp;shcp=9b759fb9&amp;shp=1c65f68b&amp;t=555f072d\" width=\"1080\" height=\"1080\"><\/p>\n<p>Aumente sua energia e estilo com esta pe\u00e7a auspiciosa que vem com um certificado de autenticidade, garantindo sua qualidade.<\/p>\n<ul>\n<li><strong>Atributos do produto:<\/strong><\/li>\n<li>\n<strong>Certificado:<\/strong> Sim<\/li>\n<li>\n<strong>Pa\u00eds de origem:<\/strong> Mianmar<\/li>\n<li><strong>Ocasi\u00e3o: Auspicioso<\/strong><\/li>\n<li><strong>Tipo de garantia: N\u00c3O<\/strong><\/li>\n<li><strong>G\u00caNERO: UNISSEX<\/strong><\/li>\n<li><strong>TIPO DE JADE: JADE\u00cdTA<\/strong><\/li>\n<li><strong>ESTILO NCKLACE: CASUAL<\/strong><\/li>\n<\/ul>\n<p><strong>Este colar unissex \u00e9 feito de jade jade\u00edta de alta qualidade, acrescentando eleg\u00e2ncia e energia positiva a qualquer roupa casual ou ocasi\u00e3o.<\/strong><\/p>\n<p><\/p>\n<p>Yi Pin Qian \u2013 Um negociante de pedras preciosas e metais preciosos em Cingapura \u2013 N\u00famero de licen\u00e7a PS20190000031<\/p>\n<p><\/p>\n<p>*Todos os Jadeites comprados de Yi Pin Qian em Cingapura, os clientes podem reservar hor\u00e1rios para polimento ou pequenos reparos por manuseio incorreto - taxas se aplicam e somente para clientes de Yi Pin Qian em Cingapura*<\/p>\n<p><\/p>\n<p><strong>**Tipos de Certificados**<\/strong><\/p>\n<p><\/p>\n<p><strong>NGI (Nan Yang Gemol\u00f3gico)<\/strong><\/p>\n<p>ou <strong>Certificados no exterior <\/strong>(Yi Pin Qian usa apenas certificados aut\u00eanticos de laborat\u00f3rios estrangeiros e tamb\u00e9m controla a qualidade de cada um dos nossos produtos antes de coloc\u00e1-los \u00e0 venda em Cingapura)<\/p>\n<p><\/p>\n<p>Cada produto no TikTok ter\u00e1 o tipo de certificado fornecido indicado na descri\u00e7\u00e3o. Para qualquer cliente que deseje enviar seu pedido para a NGI Singapore, haver\u00e1 um tempo de espera para entrega do pedido estimado em torno de 4 semanas para receber seu pedido. <strong>As solicita\u00e7\u00f5es de relat\u00f3rios de pedras preciosas da NGI precisam ser feitas por mensagem.<\/strong> Obrigado, <strong><u>taxas extras se aplicam<\/u><\/strong>.<\/p>\n<p><\/p>\n<p><strong>A jade\u00edta natural n\u00e3o \u00e9 perfeita, apenas um lembrete gentil, nossa jade\u00edta natural, como todas as coisas bonitas da natureza, vem com suas caracter\u00edsticas e varia\u00e7\u00f5es \u00fanicas. Convidamos nossos valiosos clientes a abra\u00e7ar essas varia\u00e7\u00f5es naturais. Boas compras!<\/strong><\/p>\n<p><\/p>\n<p><strong><u>Nenhuma das fotos e filmagens de v\u00eddeo foram filtradas. Incentivamos nossos clientes a tamb\u00e9m assistirem aos v\u00eddeos que os acompanham para uma vis\u00e3o mais abrangente de nossos produtos<\/u><\/strong><\/p>\n<p><\/p>\n<ul>\n<li>Diferentes plataformas s\u00f3 podem visualizar v\u00eddeos por meio do Desktop<\/li>\n<\/ul>","protected":false},"excerpt":{"rendered":"<p>This Big Jadeite-Jade pendant features a stunning Green with Brown Natural Type A jade, meticulously crafted with intricate sceneries, making it a perfect accessory for those seeking good Fengshui. Certificate numbers: GD2110H004315 Weight and Measurement: Weighing 76.47 grams, these pendant measures 67.6 * 50 * 10.8 mm (pendant305), making it a substantial and eye-catching piece. [&hellip;]<\/p>","protected":false},"featured_media":2581,"comment_status":"open","ping_status":"closed","template":"","meta":[],"product_brand":[],"product_cat":[195],"product_tag":[52,89,70,79,65,55,56,58,73,75,60,61,68,62],"class_list":{"0":"post-1285","1":"product","2":"type-product","3":"status-publish","4":"has-post-thumbnail","6":"product_cat-heirloom-grade","7":"product_tag-certified","8":"product_tag-fengshui","9":"product_tag-green","10":"product_tag-green-hue","11":"product_tag-high-quality","12":"product_tag-jadeite","13":"product_tag-limited-editions","14":"product_tag-new-arrivals","15":"product_tag-pendant","16":"product_tag-traditional","17":"product_tag-type-a-jadeite","18":"product_tag-unisex","19":"product_tag-yellow","20":"product_tag-yi-pin-qian-exclusive","22":"first","23":"instock","24":"sale","25":"shipping-taxable","26":"purchasable","27":"product-type-simple"},"_links":{"self":[{"href":"https:\/\/shop.yipinqian.com\/pt\/wp-json\/wp\/v2\/product\/1285","targetHints":{"allow":["GET"]}}],"collection":[{"href":"https:\/\/shop.yipinqian.com\/pt\/wp-json\/wp\/v2\/product"}],"about":[{"href":"https:\/\/shop.yipinqian.com\/pt\/wp-json\/wp\/v2\/types\/product"}],"replies":[{"embeddable":true,"href":"https:\/\/shop.yipinqian.com\/pt\/wp-json\/wp\/v2\/comments?post=1285"}],"version-history":[{"count":0,"href":"https:\/\/shop.yipinqian.com\/pt\/wp-json\/wp\/v2\/product\/1285\/revisions"}],"wp:featuredmedia":[{"embeddable":true,"href":"https:\/\/shop.yipinqian.com\/pt\/wp-json\/wp\/v2\/media\/2581"}],"wp:attachment":[{"href":"https:\/\/shop.yipinqian.com\/pt\/wp-json\/wp\/v2\/media?parent=1285"}],"wp:term":[{"taxonomy":"product_brand","embeddable":true,"href":"https:\/\/shop.yipinqian.com\/pt\/wp-json\/wp\/v2\/product_brand?post=1285"},{"taxonomy":"product_cat","embeddable":true,"href":"https:\/\/shop.yipinqian.com\/pt\/wp-json\/wp\/v2\/product_cat?post=1285"},{"taxonomy":"product_tag","embeddable":true,"href":"https:\/\/shop.yipinqian.com\/pt\/wp-json\/wp\/v2\/product_tag?post=1285"}],"curies":[{"name":"wp","href":"https:\/\/api.w.org\/{rel}","templated":true}]}}