{"id":1276,"date":"2024-10-24T23:18:09","date_gmt":"2024-10-24T15:18:09","guid":{"rendered":"https:\/\/shop.yipinqian.com\/product\/beautifully-crafted-with-sceneries-on-yellow-natural-type-a-jadeite-jade-as-a-pendant-necklace-with-certificate-weigh-27-75-grams-measurement-52-1-25-7-12-7-mm-pendant206\/"},"modified":"2025-02-24T00:49:58","modified_gmt":"2025-02-23T16:49:58","slug":"beautifully-crafted-with-sceneries-on-yellow-natural-type-a-jadeite-jade-as-a-pendant-necklace-with-certificate-weigh-27-75-grams-measurement-52-1-25-7-12-7-mm-pendant206","status":"publish","type":"product","link":"https:\/\/shop.yipinqian.com\/pt\/produto\/beautifully-crafted-with-sceneries-on-yellow-natural-type-a-jadeite-jade-as-a-pendant-necklace-with-certificate-weigh-27-75-grams-measurement-52-1-25-7-12-7-mm-pendant206\/","title":{"rendered":"Lindamente trabalhado com paisagens em Jade\u00edta Natural Amarelo Tipo A como um Colar Pingente com certificado pesa 27,75 gramas, medindo 52,1 * 25,7 * 12,7 mm (pendant206)"},"content":{"rendered":"<p>This Beautifully crafted Yellow Natural Type A Jadeite Pendant Necklace showcases scenic beauty in great detail. It weighs 27.75 grams and measures 52.1 * 25.7 * 12.7 mm (pendant206).<\/p>\n<p><\/p>\n<p>Certificate numbers: GD2207H000316<\/p>\n<ul>\n<li>\n<strong>Artesanato requintado:<\/strong> The intricate details of the beautiful sceneries are artistically crafted on the Yellow Natural Type A Jadeite, making it a stunning piece to add to your jewelry collection.<\/li>\n<li>\n<strong>Qualidade Certificada:<\/strong> The pendant necklace comes with a certificate of authenticity, ensuring that it is made from high-quality natural jadeite sourced from Myanmar.<\/li>\n<li>\n<strong>Estilo vers\u00e1til:<\/strong> This unisex pendant necklace is perfect for daily wear and can complement any casual outfit effortlessly.<\/li>\n<\/ul>\n<p>Elevate your jewelry game with this beautifully crafted Yellow Natural Type A Jadeite Pendant Necklace that showcases scenic beauty in great detail!<\/p>\n<p><\/p>\n<p>Yi Pin Qian \u2013 Um negociante de pedras preciosas e metais preciosos em Cingapura \u2013 N\u00famero de licen\u00e7a PS20190000031<\/p>\n<p><\/p>\n<p>*Todos os Jadeites comprados de Yi Pin Qian em Cingapura, os clientes podem reservar hor\u00e1rios para polimento ou pequenos reparos por manuseio incorreto - taxas se aplicam e somente para clientes de Yi Pin Qian em Cingapura*<\/p>\n<p><\/p>\n<p><strong>**Tipos de Certificados**<\/strong><\/p>\n<p><\/p>\n<p><strong>NGI (Nan Yang Gemol\u00f3gico)<\/strong><\/p>\n<p>ou <strong>Certificados no exterior <\/strong>(Yi Pin Qian usa apenas certificados aut\u00eanticos de laborat\u00f3rios estrangeiros e tamb\u00e9m controla a qualidade de cada um dos nossos produtos antes de coloc\u00e1-los \u00e0 venda em Cingapura)<\/p>\n<p><\/p>\n<p>Cada produto no TikTok ter\u00e1 o tipo de certificado fornecido indicado na descri\u00e7\u00e3o. Para qualquer cliente que deseje enviar seu pedido para a NGI Singapore, haver\u00e1 um tempo de espera para entrega do pedido estimado em torno de 4 semanas para receber seu pedido. <strong>As solicita\u00e7\u00f5es de relat\u00f3rios da NGI Gemstone precisam ser feitas por mensagem para a loja Yi Pin Qian TikTok.<\/strong> Obrigado, <strong><u>taxas extras se aplicam<\/u><\/strong>.<\/p>\n<p><\/p>\n<p><strong>A jade\u00edta natural n\u00e3o \u00e9 perfeita, apenas um lembrete gentil, nossa jade\u00edta natural, como todas as coisas bonitas da natureza, vem com suas caracter\u00edsticas e varia\u00e7\u00f5es \u00fanicas. Convidamos nossos valiosos clientes a abra\u00e7ar essas varia\u00e7\u00f5es naturais. Boas compras!<\/strong><\/p>\n<p><\/p>\n<p><strong><u>Nenhuma das fotos e filmagens de v\u00eddeo foram filtradas. Incentivamos nossos clientes a tamb\u00e9m assistirem aos v\u00eddeos que os acompanham para uma vis\u00e3o mais abrangente de nossos produtos<\/u><\/strong><\/p>","protected":false},"excerpt":{"rendered":"<p>This Beautifully crafted Yellow Natural Type A Jadeite Pendant Necklace showcases scenic beauty in great detail. It weighs 27.75 grams and measures 52.1 * 25.7 * 12.7 mm (pendant206). Certificate numbers: GD2207H000316 Exquisite Craftsmanship: The intricate details of the beautiful sceneries are artistically crafted on the Yellow Natural Type A Jadeite, making it a stunning [&hellip;]<\/p>","protected":false},"featured_media":2367,"comment_status":"open","ping_status":"closed","template":"","meta":[],"product_brand":[],"product_cat":[194],"product_tag":[],"class_list":{"0":"post-1276","1":"product","2":"type-product","3":"status-publish","4":"has-post-thumbnail","6":"product_cat-value-picks","8":"first","9":"instock","10":"sale","11":"shipping-taxable","12":"purchasable","13":"product-type-simple"},"_links":{"self":[{"href":"https:\/\/shop.yipinqian.com\/pt\/wp-json\/wp\/v2\/product\/1276","targetHints":{"allow":["GET"]}}],"collection":[{"href":"https:\/\/shop.yipinqian.com\/pt\/wp-json\/wp\/v2\/product"}],"about":[{"href":"https:\/\/shop.yipinqian.com\/pt\/wp-json\/wp\/v2\/types\/product"}],"replies":[{"embeddable":true,"href":"https:\/\/shop.yipinqian.com\/pt\/wp-json\/wp\/v2\/comments?post=1276"}],"version-history":[{"count":0,"href":"https:\/\/shop.yipinqian.com\/pt\/wp-json\/wp\/v2\/product\/1276\/revisions"}],"wp:featuredmedia":[{"embeddable":true,"href":"https:\/\/shop.yipinqian.com\/pt\/wp-json\/wp\/v2\/media\/2367"}],"wp:attachment":[{"href":"https:\/\/shop.yipinqian.com\/pt\/wp-json\/wp\/v2\/media?parent=1276"}],"wp:term":[{"taxonomy":"product_brand","embeddable":true,"href":"https:\/\/shop.yipinqian.com\/pt\/wp-json\/wp\/v2\/product_brand?post=1276"},{"taxonomy":"product_cat","embeddable":true,"href":"https:\/\/shop.yipinqian.com\/pt\/wp-json\/wp\/v2\/product_cat?post=1276"},{"taxonomy":"product_tag","embeddable":true,"href":"https:\/\/shop.yipinqian.com\/pt\/wp-json\/wp\/v2\/product_tag?post=1276"}],"curies":[{"name":"wp","href":"https:\/\/api.w.org\/{rel}","templated":true}]}}