{"id":1275,"date":"2024-10-24T23:18:08","date_gmt":"2024-10-24T15:18:08","guid":{"rendered":"https:\/\/shop.yipinqian.com\/product\/beautifully-crafted-with-birds-and-flower-light-green-natural-type-a-jadeite-jade-as-pendant-certificate-weighs-18-63-grams-measurement-38-3-25-9-9-6-pendant247\/"},"modified":"2025-02-24T00:49:58","modified_gmt":"2025-02-23T16:49:58","slug":"beautifully-crafted-with-birds-and-flower-light-green-natural-type-a-jadeite-jade-as-pendant-certificate-weighs-18-63-grams-measurement-38-3-25-9-9-6-pendant247","status":"publish","type":"product","link":"https:\/\/shop.yipinqian.com\/pt\/produto\/beautifully-crafted-with-birds-and-flower-light-green-natural-type-a-jadeite-jade-as-pendant-certificate-weighs-18-63-grams-measurement-38-3-25-9-9-6-pendant247\/","title":{"rendered":"Lindamente trabalhado com p\u00e1ssaros e flores verde claro Jade\u00edta Natural Tipo A como Pingente, certificado pesa 18,63 gramas, medida 38,3 * 25,9 * 9,6 (pendant247)"},"content":{"rendered":"<p>Este pingente lindamente trabalhado apresenta p\u00e1ssaros e flores, feito de Jade\u00edte Natural Tipo A verde claro. O pingente pesa 18,63 gramas e tem dimens\u00f5es de 38,3 * 25,9 * 9,6.<\/p>\n<p><\/p>\n<p>N\u00fameros de certificado: GD2110H012001<\/p>\n<ul>\n<li>\n<strong>Com Certificado:<\/strong> Sim<\/li>\n<li>\n<strong>Pa\u00eds de origem:<\/strong> Mianmar<\/li>\n<li>\n<strong>Ocasi\u00e3o:<\/strong> Di\u00e1rio<\/li>\n<li>\n<strong>Tipo de garantia:<\/strong>N\u00e3o<\/li>\n<li>G\u00eanero: Unissex<\/li>\n<li>Tipo de Jade: Jade\u00edta<\/li>\n<li>Esta pe\u00e7a requintada \u00e9 perfeita para uso di\u00e1rio, adicionando um toque de eleg\u00e2ncia a qualquer look.<\/li>\n<\/ul>\n<p><\/p>\n<ul>\n<li>O design unissex e o estilo casual do colar o tornam vers\u00e1til para homens e mulheres usarem em qualquer ocasi\u00e3o.<\/li>\n<\/ul>\n<p><strong>A jade\u00edta natural n\u00e3o \u00e9 perfeita, apenas um lembrete gentil, nossa jade\u00edta natural, como todas as coisas bonitas da natureza, vem com suas caracter\u00edsticas e varia\u00e7\u00f5es \u00fanicas. Convidamos nossos valiosos clientes a abra\u00e7ar essas varia\u00e7\u00f5es naturais. Boas compras!<\/strong><\/p>\n<p><\/p>\n<p><strong><u>Nenhuma das fotos e filmagens de v\u00eddeo foram filtradas. Incentivamos nossos clientes a tamb\u00e9m assistirem aos v\u00eddeos que os acompanham para uma vis\u00e3o mais abrangente de nossos produtos<\/u><\/strong><\/p>","protected":false},"excerpt":{"rendered":"<p>This beautifully crafted pendant features birds and flowers, made from light green Natural Type A Jadeite Jade. The pendant weighs 18.63 grams and has dimensions of 38.3 * 25.9 * 9.6. Certificate numbers: GD2110H012001 With Certificate: Yes Country of Origin: Myanmar Occasion: Daily Warranty Type:No Gender: Unisex Jade Type: Jadeite This exquisite piece is perfect [&hellip;]<\/p>","protected":false},"featured_media":2290,"comment_status":"open","ping_status":"closed","template":"","meta":[],"product_brand":[],"product_cat":[194],"product_tag":[],"class_list":{"0":"post-1275","1":"product","2":"type-product","3":"status-publish","4":"has-post-thumbnail","6":"product_cat-value-picks","8":"first","9":"instock","10":"sale","11":"shipping-taxable","12":"purchasable","13":"product-type-simple"},"_links":{"self":[{"href":"https:\/\/shop.yipinqian.com\/pt\/wp-json\/wp\/v2\/product\/1275","targetHints":{"allow":["GET"]}}],"collection":[{"href":"https:\/\/shop.yipinqian.com\/pt\/wp-json\/wp\/v2\/product"}],"about":[{"href":"https:\/\/shop.yipinqian.com\/pt\/wp-json\/wp\/v2\/types\/product"}],"replies":[{"embeddable":true,"href":"https:\/\/shop.yipinqian.com\/pt\/wp-json\/wp\/v2\/comments?post=1275"}],"version-history":[{"count":0,"href":"https:\/\/shop.yipinqian.com\/pt\/wp-json\/wp\/v2\/product\/1275\/revisions"}],"wp:featuredmedia":[{"embeddable":true,"href":"https:\/\/shop.yipinqian.com\/pt\/wp-json\/wp\/v2\/media\/2290"}],"wp:attachment":[{"href":"https:\/\/shop.yipinqian.com\/pt\/wp-json\/wp\/v2\/media?parent=1275"}],"wp:term":[{"taxonomy":"product_brand","embeddable":true,"href":"https:\/\/shop.yipinqian.com\/pt\/wp-json\/wp\/v2\/product_brand?post=1275"},{"taxonomy":"product_cat","embeddable":true,"href":"https:\/\/shop.yipinqian.com\/pt\/wp-json\/wp\/v2\/product_cat?post=1275"},{"taxonomy":"product_tag","embeddable":true,"href":"https:\/\/shop.yipinqian.com\/pt\/wp-json\/wp\/v2\/product_tag?post=1275"}],"curies":[{"name":"wp","href":"https:\/\/api.w.org\/{rel}","templated":true}]}}