{"id":1270,"date":"2024-10-24T23:18:07","date_gmt":"2024-10-24T15:18:07","guid":{"rendered":"https:\/\/shop.yipinqian.com\/product\/authentic-high-quality-light-green-and-brown-natural-type-a-jadeite-jade-crafted-as-pixiu-for-pendant-certificate-weighs-54-18-grams-measurement-56-25-2-26-2-mm-pendant303\/"},"modified":"2025-01-10T06:45:49","modified_gmt":"2025-01-09T22:45:49","slug":"authentic-high-quality-light-green-and-brown-natural-type-a-jadeite-jade-crafted-as-pixiu-for-pendant-certificate-weighs-54-18-grams-measurement-56-25-2-26-2-mm-pendant303","status":"publish","type":"product","link":"https:\/\/shop.yipinqian.com\/pt\/produto\/authentic-high-quality-light-green-and-brown-natural-type-a-jadeite-jade-crafted-as-pixiu-for-pendant-certificate-weighs-54-18-grams-measurement-56-25-2-26-2-mm-pendant303\/","title":{"rendered":"Jade\u00edte-Jade natural tipo A aut\u00eantico de alta qualidade verde claro e marrom, trabalhada como Pixiu para pingente, certificado pesa 54,18 gramas, medida 56 * 25,2 * 26,2 mm (pendant303)"},"content":{"rendered":"<p>Este aut\u00eantico pingente de jade\u00edte-jade natural tipo A verde-claro e marrom de alta qualidade \u00e9 uma pe\u00e7a deslumbrante criada no formato de um Pixiu, simbolizando riqueza e prote\u00e7\u00e3o.<\/p>\n<p><\/p>\n<p>N\u00fameros de certificado: SW22082200777<\/p>\n<p><img fetchpriority=\"high\" decoding=\"async\" src=\"https:\/\/shop.yipinqian.com\/wp-content\/uploads\/2024\/10\/d230c764015a41188db229e381bf1c7dtplv-aphluv4xwc-origin-jpeg.jpeg?from=476444299\" width=\"1080\" height=\"1080\"><\/p>\n<ul>\n<li>Material: Jade\u00edte-Jade Natural Tipo A<\/li>\n<li>Peso: 54,18 gramas<\/li>\n<li>Medidas: 56 * 25,2 *26,2 mm (pendente303)<\/li>\n<\/ul>\n<p><img decoding=\"async\" src=\"https:\/\/shop.yipinqian.com\/wp-content\/uploads\/2024\/10\/d66aaf69d56e474d88597d9e93675ab8tplv-aphluv4xwc-origin-jpeg.jpeg?dr=15568&amp;nonce=23504&amp;refresh_token=0e625e4385d9376b3d794d0c896b259b&amp;from=476444299&amp;idc=my&amp;ps=933b5bde&amp;shcp=9b759fb9&amp;shp=1c65f68b&amp;t=555f072d\" width=\"1080\" height=\"1080\"><img decoding=\"async\" src=\"https:\/\/shop.yipinqian.com\/wp-content\/uploads\/2024\/10\/ec4e9d88f9894eedbbb52a74a964b979tplv-aphluv4xwc-origin-jpeg.jpeg?from=476444299\" width=\"1080\" height=\"1080\"><\/p>\n<p>O jade usado neste pingente \u00e9 de qualidade premium, com uma linda combina\u00e7\u00e3o de tons de verde claro e marrom que real\u00e7am sua eleg\u00e2ncia.<\/p>\n<ul>\n<li>Certificado inclu\u00eddo: Sim<\/li>\n<li>Pa\u00eds de origem: Mianmar<\/li>\n<li>O design unissex o torna adequado para qualquer pessoa que queira adicionar um toque auspicioso \u00e0 sua cole\u00e7\u00e3o de acess\u00f3rios.<\/li>\n<\/ul>\n<p>Este pingente Pixiu serve tanto como um adorno elegante quanto como um s\u00edmbolo de boa sorte, tornando-o perfeito para uso casual em qualquer ocasi\u00e3o.<\/p>\n<p><\/p>\n<p>Yi Pin Qian \u2013 Um negociante de pedras preciosas e metais preciosos em Cingapura \u2013 N\u00famero de licen\u00e7a PS20190000031<\/p>\n<p><\/p>\n<p>*Todos os Jadeites comprados de Yi Pin Qian em Cingapura, os clientes podem reservar hor\u00e1rios para polimento ou pequenos reparos por manuseio incorreto - taxas se aplicam e somente para clientes de Yi Pin Qian em Cingapura*<\/p>\n<p><\/p>\n<p><strong>**Tipos de Certificados**<\/strong><\/p>\n<p><\/p>\n<p><strong>NGI (Nan Yang Gemol\u00f3gico)<\/strong><\/p>\n<p>ou <strong>Certificados no exterior <\/strong>(Yi Pin Qian usa apenas certificados aut\u00eanticos de laborat\u00f3rios estrangeiros e tamb\u00e9m controla a qualidade de cada um dos nossos produtos antes de coloc\u00e1-los \u00e0 venda em Cingapura)<\/p>\n<p><\/p>\n<p>Cada produto no TikTok ter\u00e1 o tipo de certificado fornecido indicado na descri\u00e7\u00e3o. Para qualquer cliente que deseje enviar seu pedido para a NGI Singapore, haver\u00e1 um tempo de espera para entrega do pedido estimado em torno de 4 semanas para receber seu pedido. <strong>As solicita\u00e7\u00f5es de relat\u00f3rios de pedras preciosas da NGI precisam ser feitas por mensagem.<\/strong> Obrigado, <strong><u>taxas extras se aplicam<\/u><\/strong>.<\/p>\n<p><\/p>\n<p><strong>A jade\u00edta natural n\u00e3o \u00e9 perfeita, apenas um lembrete gentil, nossa jade\u00edta natural, como todas as coisas bonitas da natureza, vem com suas caracter\u00edsticas e varia\u00e7\u00f5es \u00fanicas. Convidamos nossos valiosos clientes a abra\u00e7ar essas varia\u00e7\u00f5es naturais. Boas compras!<\/strong><\/p>\n<p><\/p>\n<p><strong><u>Nenhuma das fotos e filmagens de v\u00eddeo foram filtradas. Incentivamos nossos clientes a tamb\u00e9m assistirem aos v\u00eddeos que os acompanham para uma vis\u00e3o mais abrangente de nossos produtos<\/u><\/strong><\/p>\n<p><\/p>\n<ul>\n<li>Diferentes plataformas s\u00f3 podem visualizar v\u00eddeos por meio do Desktop<\/li>\n<\/ul>","protected":false},"excerpt":{"rendered":"<p>This Authentic High-Quality Light Green and Brown Natural Type-A Jadeite-Jade pendant is a stunning piece crafted in the shape of a Pixiu, symbolizing wealth and protection. Certificate numbers: SW22082200777 Material: Natural Type-A Jadeite-Jade Weight: 54.18 grams Measurements: 56 * 25.2 *26.2 mm (pendant303) The jade used in this pendant is of premium quality, with a [&hellip;]<\/p>","protected":false},"featured_media":2208,"comment_status":"open","ping_status":"closed","template":"","meta":[],"product_brand":[],"product_cat":[83,126,48],"product_tag":[52,65,55,56,58,73,85,60,61,68,62],"class_list":{"0":"post-1270","1":"product","2":"type-product","3":"status-publish","4":"has-post-thumbnail","6":"product_cat-jade-necklaces-pendants","7":"product_cat-new-arrivals","8":"product_cat-pendants","9":"product_tag-certified","10":"product_tag-high-quality","11":"product_tag-jadeite","12":"product_tag-limited-editions","13":"product_tag-new-arrivals","14":"product_tag-pendant","15":"product_tag-pixiu","16":"product_tag-type-a-jadeite","17":"product_tag-unisex","18":"product_tag-yellow","19":"product_tag-yi-pin-qian-exclusive","21":"first","22":"instock","23":"sale","24":"shipping-taxable","25":"purchasable","26":"product-type-simple"},"_links":{"self":[{"href":"https:\/\/shop.yipinqian.com\/pt\/wp-json\/wp\/v2\/product\/1270","targetHints":{"allow":["GET"]}}],"collection":[{"href":"https:\/\/shop.yipinqian.com\/pt\/wp-json\/wp\/v2\/product"}],"about":[{"href":"https:\/\/shop.yipinqian.com\/pt\/wp-json\/wp\/v2\/types\/product"}],"replies":[{"embeddable":true,"href":"https:\/\/shop.yipinqian.com\/pt\/wp-json\/wp\/v2\/comments?post=1270"}],"version-history":[{"count":0,"href":"https:\/\/shop.yipinqian.com\/pt\/wp-json\/wp\/v2\/product\/1270\/revisions"}],"wp:featuredmedia":[{"embeddable":true,"href":"https:\/\/shop.yipinqian.com\/pt\/wp-json\/wp\/v2\/media\/2208"}],"wp:attachment":[{"href":"https:\/\/shop.yipinqian.com\/pt\/wp-json\/wp\/v2\/media?parent=1270"}],"wp:term":[{"taxonomy":"product_brand","embeddable":true,"href":"https:\/\/shop.yipinqian.com\/pt\/wp-json\/wp\/v2\/product_brand?post=1270"},{"taxonomy":"product_cat","embeddable":true,"href":"https:\/\/shop.yipinqian.com\/pt\/wp-json\/wp\/v2\/product_cat?post=1270"},{"taxonomy":"product_tag","embeddable":true,"href":"https:\/\/shop.yipinqian.com\/pt\/wp-json\/wp\/v2\/product_tag?post=1270"}],"curies":[{"name":"wp","href":"https:\/\/api.w.org\/{rel}","templated":true}]}}