{"id":1267,"date":"2024-10-24T23:18:06","date_gmt":"2024-10-24T15:18:06","guid":{"rendered":"https:\/\/shop.yipinqian.com\/product\/apple-green-natural-jadeite-jade-cabochon-13-9-14-2-6-2-mm-set-on-s925-as-a-ring-for-men-with-qic-labs-approved-certificate-weigh-7-03-grams-s925ring5\/"},"modified":"2025-02-24T00:49:58","modified_gmt":"2025-02-23T16:49:58","slug":"apple-green-natural-jadeite-jade-cabochon-13-9-14-2-6-2-mm-set-on-s925-as-a-ring-for-men-with-qic-labs-approved-certificate-weigh-7-03-grams-s925ring5","status":"publish","type":"product","link":"https:\/\/shop.yipinqian.com\/pt\/produto\/apple-green-natural-jadeite-jade-cabochon-13-9-14-2-6-2-mm-set-on-s925-as-a-ring-for-men-with-qic-labs-approved-certificate-weigh-7-03-grams-s925ring5\/","title":{"rendered":"Caboch\u00e3o de jade\u00edte natural verde-ma\u00e7\u00e3 13,9 * 14,2 * 6,2 mm definido em S925 como um anel para homens com certificado aprovado pelos laborat\u00f3rios QIC pesando 7,03 gramas (s925ring5)"},"content":{"rendered":"<p>Este anel caboch\u00e3o de jade\u00edte natural verde-ma\u00e7\u00e3 \u00e9 um acess\u00f3rio deslumbrante para homens, perfeito para uso di\u00e1rio. A pedra de jade, proveniente de Mianmar, tem 13,9 * 14,2 * 6,2 mm de tamanho e pesa 7,03 gramas. O tamanho do dedo \u00e9 ajust\u00e1vel<\/p>\n<p><\/p>\n<p>N\u00fameros de certificado: <strong>Y-BICR714141<\/strong><\/p>\n<ul>\n<li>\n<strong>Material de alta qualidade:<\/strong> O caboch\u00e3o \u00e9 feito de prata S925, o que garante durabilidade e longevidade.<\/li>\n<li>\n<strong>Certificado como aut\u00eantico:<\/strong> Este anel vem com um certificado aprovado pelos laborat\u00f3rios QIC que confirma a autenticidade da pedra jade.<\/li>\n<li>\n<strong>Design Masculino:<\/strong> Com seu design elegante e apelo masculino, este anel \u00e9 um \u00f3timo complemento para a cole\u00e7\u00e3o de joias de qualquer homem.<\/li>\n<\/ul>\n<p>Este anel caboch\u00e3o de jade\u00edta natural verde-ma\u00e7\u00e3 vem com todas as caracter\u00edsticas que o tornam uma joia irresist\u00edvel para ter e exibir!<\/p>\n<p><\/p>\n<p>Yi Pin Qian \u2013 Um negociante de pedras preciosas e metais preciosos em Cingapura \u2013 N\u00famero de licen\u00e7a PS20190000031<\/p>\n<p><\/p>\n<p>*Todos os Jadeites comprados de Yi Pin Qian em Cingapura, os clientes podem reservar hor\u00e1rios para polimento ou pequenos reparos por manuseio incorreto - taxas se aplicam e somente para clientes de Yi Pin Qian em Cingapura*<\/p>\n<p><\/p>\n<p><strong>**Tipos de Certificados**<\/strong><\/p>\n<p><\/p>\n<p><strong>NGI (Nan Yang Gemol\u00f3gico)<\/strong><\/p>\n<p>ou <strong>Certificados no exterior <\/strong>(Yi Pin Qian usa apenas certificados aut\u00eanticos de laborat\u00f3rios estrangeiros e tamb\u00e9m controla a qualidade de cada um dos nossos produtos antes de coloc\u00e1-los \u00e0 venda em Cingapura)<\/p>\n<p><\/p>\n<p>Cada produto no TikTok ter\u00e1 o tipo de certificado fornecido indicado na descri\u00e7\u00e3o. Para qualquer cliente que deseje enviar seu pedido para a NGI Singapore, haver\u00e1 um tempo de espera para entrega do pedido estimado em torno de 4 semanas para receber seu pedido. <strong>As solicita\u00e7\u00f5es de relat\u00f3rios da NGI Gemstone precisam ser feitas por mensagem para a loja Yi Pin Qian TikTok.<\/strong> Obrigado, <strong><u>taxas extras se aplicam<\/u><\/strong>.<\/p>\n<p><\/p>\n<p><strong>A jade\u00edta natural n\u00e3o \u00e9 perfeita, apenas um lembrete gentil, nossa jade\u00edta natural, como todas as coisas bonitas da natureza, vem com suas caracter\u00edsticas e varia\u00e7\u00f5es \u00fanicas. Convidamos nossos valiosos clientes a abra\u00e7ar essas varia\u00e7\u00f5es naturais. Boas compras!<\/strong><\/p>\n<p><\/p>\n<p><strong><u>Nenhuma das fotos e filmagens de v\u00eddeo foram filtradas. Incentivamos nossos clientes a tamb\u00e9m assistirem aos v\u00eddeos que os acompanham para uma vis\u00e3o mais abrangente de nossos produtos<\/u><\/strong><\/p>","protected":false},"excerpt":{"rendered":"<p>Este anel caboch\u00e3o de jade\u00edte natural verde-ma\u00e7\u00e3 \u00e9 um acess\u00f3rio deslumbrante para homens, perfeito para uso di\u00e1rio. A pedra de jade, proveniente de Mianmar, tem 13,9 * 14,2 * 6,2 mm de tamanho e pesa 7,03 gramas. O tamanho do dedo \u00e9 ajust\u00e1vel N\u00fameros do certificado: Y-BICR714141 Material de alta qualidade: O caboch\u00e3o \u00e9 fixado em material de prata S925 que [\u2026]<\/p>","protected":false},"featured_media":2174,"comment_status":"open","ping_status":"closed","template":"","meta":[],"product_brand":[],"product_cat":[194],"product_tag":[],"class_list":{"0":"post-1267","1":"product","2":"type-product","3":"status-publish","4":"has-post-thumbnail","6":"product_cat-value-picks","8":"first","9":"instock","10":"sale","11":"shipping-taxable","12":"purchasable","13":"product-type-simple"},"_links":{"self":[{"href":"https:\/\/shop.yipinqian.com\/pt\/wp-json\/wp\/v2\/product\/1267","targetHints":{"allow":["GET"]}}],"collection":[{"href":"https:\/\/shop.yipinqian.com\/pt\/wp-json\/wp\/v2\/product"}],"about":[{"href":"https:\/\/shop.yipinqian.com\/pt\/wp-json\/wp\/v2\/types\/product"}],"replies":[{"embeddable":true,"href":"https:\/\/shop.yipinqian.com\/pt\/wp-json\/wp\/v2\/comments?post=1267"}],"version-history":[{"count":0,"href":"https:\/\/shop.yipinqian.com\/pt\/wp-json\/wp\/v2\/product\/1267\/revisions"}],"wp:featuredmedia":[{"embeddable":true,"href":"https:\/\/shop.yipinqian.com\/pt\/wp-json\/wp\/v2\/media\/2174"}],"wp:attachment":[{"href":"https:\/\/shop.yipinqian.com\/pt\/wp-json\/wp\/v2\/media?parent=1267"}],"wp:term":[{"taxonomy":"product_brand","embeddable":true,"href":"https:\/\/shop.yipinqian.com\/pt\/wp-json\/wp\/v2\/product_brand?post=1267"},{"taxonomy":"product_cat","embeddable":true,"href":"https:\/\/shop.yipinqian.com\/pt\/wp-json\/wp\/v2\/product_cat?post=1267"},{"taxonomy":"product_tag","embeddable":true,"href":"https:\/\/shop.yipinqian.com\/pt\/wp-json\/wp\/v2\/product_tag?post=1267"}],"curies":[{"name":"wp","href":"https:\/\/api.w.org\/{rel}","templated":true}]}}