{"id":1262,"date":"2024-10-24T23:18:05","date_gmt":"2024-10-24T15:18:05","guid":{"rendered":"https:\/\/shop.yipinqian.com\/product\/an-old-collection-not-to-be-missed-semi-icy-natural-type-a-jadeite-jade-pendant-necklace-crafted-as-leaf-with-certificate-included-weigh-10-85-grams-43-3-26-1-5-9-mm-pendant172\/"},"modified":"2025-02-24T00:49:58","modified_gmt":"2025-02-23T16:49:58","slug":"an-old-collection-not-to-be-missed-semi-icy-natural-type-a-jadeite-jade-pendant-necklace-crafted-as-leaf-with-certificate-included-weigh-10-85-grams-43-3-26-1-5-9-mm-pendant172","status":"publish","type":"product","link":"https:\/\/shop.yipinqian.com\/pt\/produto\/an-old-collection-not-to-be-missed-semi-icy-natural-type-a-jadeite-jade-pendant-necklace-crafted-as-leaf-with-certificate-included-weigh-10-85-grams-43-3-26-1-5-9-mm-pendant172\/","title":{"rendered":"Uma cole\u00e7\u00e3o antiga que n\u00e3o deve ser perdida! Colar com pingente de jade\u00edte natural semi-gelado tipo A feito em forma de folha com certificado incluso pesa 10,85 gramas, 43,3 * 26,1 * 5,9 mm (pendant172)"},"content":{"rendered":"<p>Este colar com pingente de jade\u00edte natural semi-gelado tipo A feito como folha faz parte de uma cole\u00e7\u00e3o antiga que voc\u00ea n\u00e3o vai querer perder! O colar vem com um certificado para garantir a autenticidade do jade. Pesando 10,85 gramas e medindo 43,3 * 26,1 * 5,9 mm (pendant172), este colar \u00e9 uma adi\u00e7\u00e3o elegante \u00e0 sua cole\u00e7\u00e3o de joias.<\/p>\n<p><\/p>\n<p><strong>N\u00fameros de certificado: 920350023595<\/strong><\/p>\n<ul>\n<li>\n<strong>Jade\u00edta natural semi gelada tipo A:<\/strong> Este colar com pingente apresenta uma linda jade\u00edta natural semi-gelo tipo A, que acrescenta um toque de eleg\u00e2ncia e sofistica\u00e7\u00e3o.<\/li>\n<li>\n<strong>Com Certificado:<\/strong> Esta pe\u00e7a vem com um certificado, ent\u00e3o voc\u00ea pode ter certeza de que se trata de jade genu\u00edno.<\/li>\n<li>\n<strong>Estilo de colar elegante:<\/strong> O design elegante acrescenta sofistica\u00e7\u00e3o ao mesmo tempo em que mant\u00e9m o visual simples e atemporal para uso di\u00e1rio.<\/li>\n<\/ul>\n<p>Este colar com pingente unissex seria uma excelente joia para uso di\u00e1rio ou um presente para algu\u00e9m especial em qualquer ocasi\u00e3o!<\/p>\n<ul>\n<li>\n<strong>Feito em Mianmar:<\/strong> O pa\u00eds de origem deste produto \u00e9 Mianmar, onde o artesanato complexo encontra a beleza natural em cada pe\u00e7a de jade criada.<\/li>\n<\/ul>\n<p>Observe que este produto n\u00e3o vem com nenhum tipo de garantia oferecida pelo fabricante, mas nossa equipe garante que voc\u00ea receba apenas pe\u00e7as aut\u00eanticas todas as vezes!<\/p>\n<p><\/p>\n<p>Yi Pin Qian \u2013 Um negociante de pedras preciosas e metais preciosos em Cingapura \u2013 N\u00famero de licen\u00e7a PS20190000031<\/p>\n<p><\/p>\n<p>*Todos os Jadeites comprados de Yi Pin Qian em Cingapura, os clientes podem reservar hor\u00e1rios para polimento ou pequenos reparos por manuseio incorreto - taxas se aplicam e somente para clientes de Yi Pin Qian em Cingapura*<\/p>\n<p><\/p>\n<p><strong>**Tipos de Certificados**<\/strong><\/p>\n<p><\/p>\n<p><strong>NGI (Nan Yang Gemol\u00f3gico)<\/strong><\/p>\n<p>ou <strong>Certificados no exterior <\/strong>(Yi Pin Qian usa apenas certificados aut\u00eanticos de laborat\u00f3rios estrangeiros e tamb\u00e9m controla a qualidade de cada um dos nossos produtos antes de coloc\u00e1-los \u00e0 venda em Cingapura)<\/p>\n<p><\/p>\n<p>Cada produto no TikTok ter\u00e1 o tipo de certificado fornecido indicado na descri\u00e7\u00e3o. Para qualquer cliente que deseje enviar seu pedido para a NGI Singapore, haver\u00e1 um tempo de espera para entrega do pedido estimado em torno de 4 semanas para receber seu pedido. <strong>As solicita\u00e7\u00f5es de relat\u00f3rios da NGI Gemstone precisam ser feitas por mensagem para a loja Yi Pin Qian TikTok.<\/strong> Obrigado, <strong><u>taxas extras se aplicam<\/u><\/strong>.<\/p>\n<p><\/p>\n<p><strong>A jade\u00edta natural n\u00e3o \u00e9 perfeita, apenas um lembrete gentil, nossa jade\u00edta natural, como todas as coisas bonitas da natureza, vem com suas caracter\u00edsticas e varia\u00e7\u00f5es \u00fanicas. Convidamos nossos valiosos clientes a abra\u00e7ar essas varia\u00e7\u00f5es naturais. Boas compras!<\/strong><\/p>\n<p><\/p>\n<p><strong><u>Nenhuma das fotos e filmagens de v\u00eddeo foram filtradas. Incentivamos nossos clientes a tamb\u00e9m assistirem aos v\u00eddeos que os acompanham para uma vis\u00e3o mais abrangente de nossos produtos<\/u><\/strong><\/p>","protected":false},"excerpt":{"rendered":"<p>This Semi Icy Natural Type A Jadeite Jade Pendant Necklace crafted as Leaf is a part of an Old Collection that you won&#8217;t want to miss! The necklace comes with a certificate to ensure the authenticity of the jade. Weighing at 10.85 grams and measuring at 43.3 * 26.1 * 5.9 mm (pendant172), this necklace [&hellip;]<\/p>","protected":false},"featured_media":2106,"comment_status":"open","ping_status":"closed","template":"","meta":[],"product_brand":[],"product_cat":[194],"product_tag":[],"class_list":{"0":"post-1262","1":"product","2":"type-product","3":"status-publish","4":"has-post-thumbnail","6":"product_cat-value-picks","8":"first","9":"instock","10":"sale","11":"shipping-taxable","12":"purchasable","13":"product-type-simple"},"_links":{"self":[{"href":"https:\/\/shop.yipinqian.com\/pt\/wp-json\/wp\/v2\/product\/1262","targetHints":{"allow":["GET"]}}],"collection":[{"href":"https:\/\/shop.yipinqian.com\/pt\/wp-json\/wp\/v2\/product"}],"about":[{"href":"https:\/\/shop.yipinqian.com\/pt\/wp-json\/wp\/v2\/types\/product"}],"replies":[{"embeddable":true,"href":"https:\/\/shop.yipinqian.com\/pt\/wp-json\/wp\/v2\/comments?post=1262"}],"version-history":[{"count":0,"href":"https:\/\/shop.yipinqian.com\/pt\/wp-json\/wp\/v2\/product\/1262\/revisions"}],"wp:featuredmedia":[{"embeddable":true,"href":"https:\/\/shop.yipinqian.com\/pt\/wp-json\/wp\/v2\/media\/2106"}],"wp:attachment":[{"href":"https:\/\/shop.yipinqian.com\/pt\/wp-json\/wp\/v2\/media?parent=1262"}],"wp:term":[{"taxonomy":"product_brand","embeddable":true,"href":"https:\/\/shop.yipinqian.com\/pt\/wp-json\/wp\/v2\/product_brand?post=1262"},{"taxonomy":"product_cat","embeddable":true,"href":"https:\/\/shop.yipinqian.com\/pt\/wp-json\/wp\/v2\/product_cat?post=1262"},{"taxonomy":"product_tag","embeddable":true,"href":"https:\/\/shop.yipinqian.com\/pt\/wp-json\/wp\/v2\/product_tag?post=1262"}],"curies":[{"name":"wp","href":"https:\/\/api.w.org\/{rel}","templated":true}]}}