{"id":1261,"date":"2024-10-24T23:18:05","date_gmt":"2024-10-24T15:18:05","guid":{"rendered":"https:\/\/shop.yipinqian.com\/product\/an-excellent-piece-of-green-natural-type-a-jadeite-pendant-necklace-or-stamp-crafted-with-pixiu-boosting-incoming-money-and-power-with-certificate-weigh-13-16-grams-41-2-13-6-8-7-mm-pendant137\/"},"modified":"2025-02-24T00:49:58","modified_gmt":"2025-02-23T16:49:58","slug":"an-excellent-piece-of-green-natural-type-a-jadeite-pendant-necklace-or-stamp-crafted-with-pixiu-boosting-incoming-money-and-power-with-certificate-weigh-13-16-grams-41-2-13-6-8-7-mm-pendant137","status":"publish","type":"product","link":"https:\/\/shop.yipinqian.com\/pt\/produto\/an-excellent-piece-of-green-natural-type-a-jadeite-pendant-necklace-or-stamp-crafted-with-pixiu-boosting-incoming-money-and-power-with-certificate-weigh-13-16-grams-41-2-13-6-8-7-mm-pendant137\/","title":{"rendered":"Um excelente peda\u00e7o de colar ou selo de jade\u00edta verde natural tipo A feito com Pixiu que aumenta o dinheiro e o poder recebidos com certificado pesando 13,16 gramas, 41,2 * 13,6 * 8,7 mm, (pendant137)"},"content":{"rendered":"<p>Elevate your style and attract wealth and power with this exquisite green natural Type A jadeite pendant necklace or stamp, perfect for daily wear. Crafted with pixiu, a powerful mythical creature known for boosting incoming money, this pendant is a must-have accessory.<\/p>\n<ul>\n<li>\n<strong>Certifica\u00e7\u00e3o Aut\u00eantica:<\/strong> Rest assured of its quality as it comes with a certificate of authenticity.<\/li>\n<\/ul>\n<p><strong>Certificate numbers: GD3220H013555<\/strong><\/p>\n<ul>\n<li>\n<strong>Qualidade Premium:<\/strong> Made from the finest Type A jadeite from Myanmar, this pendant is durable and long-lasting.<\/li>\n<li>\n<strong>Design elegante:<\/strong> With dimensions of 41.2 * 13.6 * 8.7 mm and weighing 13.16 grams, this necklace has an excellent piece of green natural type A jadeite that will surely catch everyone&#8217;s attention.<\/li>\n<\/ul>\n<p>This unisex piece comes in casual style that suits any attire you choose to wear it with without compromising your fashion statement or level up to any occasion you attend in the future<\/p>\n<p>A perfect choice for personal use or as a gift to someone special who values exquisite jewelry accessories like yours!<\/p>\n<p><\/p>\n<p>Yi Pin Qian \u2013 Um negociante de pedras preciosas e metais preciosos em Cingapura \u2013 N\u00famero de licen\u00e7a PS20190000031<\/p>\n<p><\/p>\n<p>*Todos os Jadeites comprados de Yi Pin Qian em Cingapura, os clientes podem reservar hor\u00e1rios para polimento ou pequenos reparos por manuseio incorreto - taxas se aplicam e somente para clientes de Yi Pin Qian em Cingapura*<\/p>\n<p><\/p>\n<p><strong>**Tipos de Certificados**<\/strong><\/p>\n<p><\/p>\n<p><strong>NGI (Nan Yang Gemol\u00f3gico)<\/strong><\/p>\n<p>ou <strong>Certificados no exterior <\/strong>(Yi Pin Qian usa apenas certificados aut\u00eanticos de laborat\u00f3rios estrangeiros e tamb\u00e9m controla a qualidade de cada um dos nossos produtos antes de coloc\u00e1-los \u00e0 venda em Cingapura)<\/p>\n<p><\/p>\n<p>Cada produto no TikTok ter\u00e1 o tipo de certificado fornecido indicado na descri\u00e7\u00e3o. Para qualquer cliente que deseje enviar seu pedido para a NGI Singapore, haver\u00e1 um tempo de espera para entrega do pedido estimado em torno de 4 semanas para receber seu pedido. <strong>As solicita\u00e7\u00f5es de relat\u00f3rios da NGI Gemstone precisam ser feitas por mensagem para a loja Yi Pin Qian TikTok.<\/strong> Obrigado, <strong><u>taxas extras se aplicam<\/u><\/strong>.<\/p>\n<p><\/p>\n<p><strong>A jade\u00edta natural n\u00e3o \u00e9 perfeita, apenas um lembrete gentil, nossa jade\u00edta natural, como todas as coisas bonitas da natureza, vem com suas caracter\u00edsticas e varia\u00e7\u00f5es \u00fanicas. Convidamos nossos valiosos clientes a abra\u00e7ar essas varia\u00e7\u00f5es naturais. Boas compras!<\/strong><\/p>\n<p><\/p>\n<p><strong><u>Nenhuma das fotos e filmagens de v\u00eddeo foram filtradas. Incentivamos nossos clientes a tamb\u00e9m assistirem aos v\u00eddeos que os acompanham para uma vis\u00e3o mais abrangente de nossos produtos<\/u><\/strong><\/p>","protected":false},"excerpt":{"rendered":"<p>Elevate your style and attract wealth and power with this exquisite green natural Type A jadeite pendant necklace or stamp, perfect for daily wear. Crafted with pixiu, a powerful mythical creature known for boosting incoming money, this pendant is a must-have accessory. Authentic Certification: Rest assured of its quality as it comes with a certificate [&hellip;]<\/p>","protected":false},"featured_media":2098,"comment_status":"open","ping_status":"closed","template":"","meta":[],"product_brand":[],"product_cat":[194],"product_tag":[],"class_list":{"0":"post-1261","1":"product","2":"type-product","3":"status-publish","4":"has-post-thumbnail","6":"product_cat-value-picks","8":"first","9":"instock","10":"sale","11":"shipping-taxable","12":"purchasable","13":"product-type-simple"},"_links":{"self":[{"href":"https:\/\/shop.yipinqian.com\/pt\/wp-json\/wp\/v2\/product\/1261","targetHints":{"allow":["GET"]}}],"collection":[{"href":"https:\/\/shop.yipinqian.com\/pt\/wp-json\/wp\/v2\/product"}],"about":[{"href":"https:\/\/shop.yipinqian.com\/pt\/wp-json\/wp\/v2\/types\/product"}],"replies":[{"embeddable":true,"href":"https:\/\/shop.yipinqian.com\/pt\/wp-json\/wp\/v2\/comments?post=1261"}],"version-history":[{"count":0,"href":"https:\/\/shop.yipinqian.com\/pt\/wp-json\/wp\/v2\/product\/1261\/revisions"}],"wp:featuredmedia":[{"embeddable":true,"href":"https:\/\/shop.yipinqian.com\/pt\/wp-json\/wp\/v2\/media\/2098"}],"wp:attachment":[{"href":"https:\/\/shop.yipinqian.com\/pt\/wp-json\/wp\/v2\/media?parent=1261"}],"wp:term":[{"taxonomy":"product_brand","embeddable":true,"href":"https:\/\/shop.yipinqian.com\/pt\/wp-json\/wp\/v2\/product_brand?post=1261"},{"taxonomy":"product_cat","embeddable":true,"href":"https:\/\/shop.yipinqian.com\/pt\/wp-json\/wp\/v2\/product_cat?post=1261"},{"taxonomy":"product_tag","embeddable":true,"href":"https:\/\/shop.yipinqian.com\/pt\/wp-json\/wp\/v2\/product_tag?post=1261"}],"curies":[{"name":"wp","href":"https:\/\/api.w.org\/{rel}","templated":true}]}}