{"id":1259,"date":"2024-10-24T23:18:04","date_gmt":"2024-10-24T15:18:04","guid":{"rendered":"https:\/\/shop.yipinqian.com\/product\/a-stunning-daily-wear-now-with-mid-year-offer-27-spicy-green-beads-measurement-at-6-7-mm-natural-type-a-jadeite-bracelet-come-with-gic-approved-labs-certificate-weigh-13-75-grams-suitable-for-your-dai\/"},"modified":"2025-02-17T00:01:32","modified_gmt":"2025-02-16T16:01:32","slug":"a-stunning-daily-wear-now-with-mid-year-offer-27-spicy-green-beads-measurement-at-6-7-mm-natural-type-a-jadeite-bracelet-come-with-gic-approved-labs-certificate-weigh-13-75-grams-suitable-for-your-dai","status":"publish","type":"product","link":"https:\/\/shop.yipinqian.com\/pt\/produto\/a-stunning-daily-wear-now-with-mid-year-offer-27-spicy-green-beads-measurement-at-6-7-mm-natural-type-a-jadeite-bracelet-come-with-gic-approved-labs-certificate-weigh-13-75-grams-suitable-for-your-dai\/","title":{"rendered":"Um deslumbrante uso di\u00e1rio, agora com oferta de meio de ano, 27 contas verdes picantes medindo 6,7 mm Pulseira de jade\u00edta natural tipo A vem com certificado de laborat\u00f3rio aprovado pela QIC pesa 13,75 gramas, adequada para seu uso di\u00e1rio ou cole\u00e7\u00f5es (pulseira 2)"},"content":{"rendered":"<p>Adicione um toque de eleg\u00e2ncia ao seu uso di\u00e1rio ou cole\u00e7\u00e3o com esta deslumbrante Pulseira Spicy Green Jadeite. A pulseira consiste em 27 contas, cada uma medindo 6,7 mm e pesando um total de 13,75 gramas.<\/p>\n<ul>\n<li><strong>Jade\u00edta natural tipo A:<\/strong> A pulseira \u00e9 feita com jade\u00edta natural Tipo A de Mianmar, conhecida por sua alta qualidade e durabilidade.<\/li>\n<li><strong>Certificado de laborat\u00f3rios aprovados pela QIC:<\/strong> A pulseira vem com um certificado de laborat\u00f3rio aprovado pela QIC, garantindo a autenticidade e a qualidade da jade\u00edta.<\/li>\n<\/ul>\n<p><strong>N\u00fameros de certificado: SD23120513528<\/strong><\/p>\n<p><img fetchpriority=\"high\" decoding=\"async\" src=\"https:\/\/shop.yipinqian.com\/wp-content\/uploads\/2024\/10\/f4c19ca7addaffcfd4f3ccb2d4391bac.jpg?from=476444299\" width=\"1080\" height=\"1080\" \/><\/p>\n<ul>\n<li><strong>Design unissex:<\/strong> Esta pulseira \u00e9 perfeita para homens e mulheres que buscam adicionar um pouco de sofistica\u00e7\u00e3o ao seu guarda-roupa.<\/li>\n<\/ul>\n<p>Esta pe\u00e7a deslumbrante \u00e9 adequada para uso di\u00e1rio ou pode ser adicionada \u00e0 sua cole\u00e7\u00e3o como um investimento em beleza atemporal. N\u00e3o perca nossa oferta de meio de ano \u2013 pe\u00e7a agora!<\/p>\n<ul>\n<li><strong>Certificado inclu\u00eddo:<\/strong> Sim<\/li>\n<li><strong>Pa\u00eds de origem: <\/strong>Myanmar<\/li>\n<li><strong>Ocasi\u00e3o: <\/strong>Desgaste di\u00e1rio<\/li>\n<\/ul>\n<p>Observe que este produto n\u00e3o vem com nenhuma garantia, mas tenha certeza de que voc\u00ea est\u00e1 adquirindo uma pe\u00e7a de alta qualidade que durar\u00e1 muitos anos!<\/p>\n<p>\u00a0<\/p>\n<p>Yi Pin Qian \u2013 Um negociante de pedras preciosas e metais preciosos em Cingapura \u2013 N\u00famero de licen\u00e7a PS20190000031<\/p>\n<p>\u00a0<\/p>\n<p>*Todos os Jadeites comprados de Yi Pin Qian em Cingapura, os clientes podem reservar hor\u00e1rios para polimento ou pequenos reparos por manuseio incorreto - taxas se aplicam e somente para clientes de Yi Pin Qian em Cingapura*<\/p>\n<p>\u00a0<\/p>\n<p><strong>**Tipos de Certificados**<\/strong><\/p>\n<p>\u00a0<\/p>\n<p><strong>NGI (Nan Yang Gemol\u00f3gico)<\/strong><\/p>\n<p>ou <strong>Certificados no exterior <\/strong>(Yi Pin Qian usa apenas certificados aut\u00eanticos de laborat\u00f3rios estrangeiros e tamb\u00e9m controla a qualidade de cada um dos nossos produtos antes de coloc\u00e1-los \u00e0 venda em Cingapura)<\/p>\n<p>\u00a0<\/p>\n<p>Cada produto no TikTok ter\u00e1 o tipo de certificado fornecido indicado na descri\u00e7\u00e3o. Para qualquer cliente que deseje enviar seu pedido para a NGI Singapore, haver\u00e1 um tempo de espera para entrega do pedido estimado em torno de 4 semanas para receber seu pedido. <strong>As solicita\u00e7\u00f5es de relat\u00f3rios da NGI Gemstone precisam ser feitas por mensagem para a loja Yi Pin Qian TikTok.<\/strong> Obrigado, <strong><u>taxas extras se aplicam<\/u><\/strong>.<\/p>\n<p>\u00a0<\/p>\n<p><strong>A jade\u00edta natural n\u00e3o \u00e9 perfeita, apenas um lembrete gentil, nossa jade\u00edta natural, como todas as coisas bonitas da natureza, vem com suas caracter\u00edsticas e varia\u00e7\u00f5es \u00fanicas. Convidamos nossos valiosos clientes a abra\u00e7ar essas varia\u00e7\u00f5es naturais. Boas compras!<\/strong><\/p>\n<p>\u00a0<\/p>\n<p><strong><u>Nenhuma das fotos e filmagens de v\u00eddeo foram filtradas. Incentivamos nossos clientes a tamb\u00e9m assistirem aos v\u00eddeos que os acompanham para uma vis\u00e3o mais abrangente de nossos produtos<\/u><\/strong><\/p>","protected":false},"excerpt":{"rendered":"<p>Adicione um toque de eleg\u00e2ncia ao seu uso di\u00e1rio ou cole\u00e7\u00e3o com esta deslumbrante Pulseira Spicy Green Jadeite. A pulseira consiste em 27 contas, cada uma medindo 6,7 mm e pesando um total de 13,75 gramas. Jade\u00edta Natural Tipo A: A pulseira \u00e9 feita com jade\u00edta natural Tipo A de Mianmar, conhecida por sua alta qualidade [\u2026]<\/p>","protected":false},"featured_media":2070,"comment_status":"open","ping_status":"closed","template":"","meta":[],"product_brand":[],"product_cat":[121,84,126],"product_tag":[],"class_list":{"0":"post-1259","1":"product","2":"type-product","3":"status-publish","4":"has-post-thumbnail","6":"product_cat-bracelets-bangles","7":"product_cat-charms-and-charm-bracelet","8":"product_cat-new-arrivals","10":"first","11":"instock","12":"sale","13":"shipping-taxable","14":"purchasable","15":"product-type-simple"},"_links":{"self":[{"href":"https:\/\/shop.yipinqian.com\/pt\/wp-json\/wp\/v2\/product\/1259","targetHints":{"allow":["GET"]}}],"collection":[{"href":"https:\/\/shop.yipinqian.com\/pt\/wp-json\/wp\/v2\/product"}],"about":[{"href":"https:\/\/shop.yipinqian.com\/pt\/wp-json\/wp\/v2\/types\/product"}],"replies":[{"embeddable":true,"href":"https:\/\/shop.yipinqian.com\/pt\/wp-json\/wp\/v2\/comments?post=1259"}],"version-history":[{"count":0,"href":"https:\/\/shop.yipinqian.com\/pt\/wp-json\/wp\/v2\/product\/1259\/revisions"}],"wp:featuredmedia":[{"embeddable":true,"href":"https:\/\/shop.yipinqian.com\/pt\/wp-json\/wp\/v2\/media\/2070"}],"wp:attachment":[{"href":"https:\/\/shop.yipinqian.com\/pt\/wp-json\/wp\/v2\/media?parent=1259"}],"wp:term":[{"taxonomy":"product_brand","embeddable":true,"href":"https:\/\/shop.yipinqian.com\/pt\/wp-json\/wp\/v2\/product_brand?post=1259"},{"taxonomy":"product_cat","embeddable":true,"href":"https:\/\/shop.yipinqian.com\/pt\/wp-json\/wp\/v2\/product_cat?post=1259"},{"taxonomy":"product_tag","embeddable":true,"href":"https:\/\/shop.yipinqian.com\/pt\/wp-json\/wp\/v2\/product_tag?post=1259"}],"curies":[{"name":"wp","href":"https:\/\/api.w.org\/{rel}","templated":true}]}}