{"id":1254,"date":"2024-10-24T23:18:03","date_gmt":"2024-10-24T15:18:03","guid":{"rendered":"https:\/\/shop.yipinqian.com\/product\/a-type-natural-jadeite-jade-light-green-with-green-crafted-as-fish-pendant-collection-certificate-weighs-8-69-grams-measurement-59-23-6-4-6-mm-pendant299\/"},"modified":"2025-03-31T06:53:02","modified_gmt":"2025-03-30T22:53:02","slug":"a-type-natural-jadeite-jade-light-green-with-green-crafted-as-fish-pendant-collection-certificate-weighs-8-69-grams-measurement-59-23-6-4-6-mm-pendant299","status":"publish","type":"product","link":"https:\/\/shop.yipinqian.com\/pt\/produto\/a-type-natural-jadeite-jade-light-green-with-green-crafted-as-fish-pendant-collection-certificate-weighs-8-69-grams-measurement-59-23-6-4-6-mm-pendant299\/","title":{"rendered":"Um (Tipo) Jade\u00edta Natural Jade Verde Claro com Verde trabalhado como pingente de Peixe [Cole\u00e7\u00e3o], certificado pesa 8,69 gramas, medida 59 * 23,6 * 4,6 mm (pendant299)"},"content":{"rendered":"<p>This Natural Jadeite Jade pendant features a light green hue with green accents, expertly crafted in the shape of a fish. A stunning addition to any jewelry collection.<\/p>\n<p>&nbsp;<\/p>\n<p><strong>This pendant can be worn as it is, however, we highly recommend buyer to look for reputable experience&#8217;s gold smith for 18k gold setting in Singapore, a jewel that collector does not want to miss. <\/strong><\/p>\n<p>&nbsp;<\/p>\n<p><strong>Certificate numbers: 920770039695<\/strong><\/p>\n<p><img fetchpriority=\"high\" decoding=\"async\" src=\"https:\/\/shop.yipinqian.com\/wp-content\/uploads\/2024\/10\/023324626f0a4d1f9068afc6f0cd715btplv-aphluv4xwc-origin-jpeg.jpeg?from=476444299\" width=\"1080\" height=\"1080\" \/><\/p>\n<ul>\n<li><strong>Material:<\/strong> Natural Jadeite Jade<\/li>\n<li><strong>Peso:<\/strong> 8.69 grams<\/li>\n<li><strong>Medidas:<\/strong> 59 x 23.6 x 4.6 mm<\/li>\n<li><strong>Certificado:<\/strong> Sim (inclu\u00eddo)<\/li>\n<li>Jade Type: Natural Type A Jadeite<\/li>\n<\/ul>\n<p>This unique pendant is sourced from Myanmar, known for its high-quality jade production, making it a special piece for collectors or as a thoughtful gift for any occasion.<\/p>\n<ul>\n<li>This fish-shaped pendant offers versatility in style, suitable for both men and women with its casual necklace design.<\/li>\n<\/ul>\n<p>Yi Pin Qian \u2013 Um negociante de pedras preciosas e metais preciosos em Cingapura \u2013 N\u00famero de licen\u00e7a PS20190000031<\/p>\n<p>&nbsp;<\/p>\n<p>*Todos os Jadeites comprados de Yi Pin Qian em Cingapura, os clientes podem reservar hor\u00e1rios para polimento ou pequenos reparos por manuseio incorreto - taxas se aplicam e somente para clientes de Yi Pin Qian em Cingapura*<\/p>\n<p>&nbsp;<\/p>\n<p><strong>**Tipos de Certificados**<\/strong><\/p>\n<p>&nbsp;<\/p>\n<p><strong>NGI (Nan Yang Gemol\u00f3gico)<\/strong><\/p>\n<p>ou <strong>Certificados no exterior <\/strong>(Yi Pin Qian usa apenas certificados aut\u00eanticos de laborat\u00f3rios estrangeiros e tamb\u00e9m controla a qualidade de cada um dos nossos produtos antes de coloc\u00e1-los \u00e0 venda em Cingapura)<\/p>\n<p>&nbsp;<\/p>\n<p>Cada produto no TikTok ter\u00e1 o tipo de certificado fornecido indicado na descri\u00e7\u00e3o. Para qualquer cliente que deseje enviar seu pedido para a NGI Singapore, haver\u00e1 um tempo de espera para entrega do pedido estimado em torno de 4 semanas para receber seu pedido. <strong>As solicita\u00e7\u00f5es de relat\u00f3rios da NGI Gemstone precisam ser feitas por mensagem para a loja Yi Pin Qian TikTok.<\/strong> Obrigado, <strong><u>taxas extras se aplicam<\/u><\/strong>.<\/p>\n<p>&nbsp;<\/p>\n<p><strong>A jade\u00edta natural n\u00e3o \u00e9 perfeita, apenas um lembrete gentil, nossa jade\u00edta natural, como todas as coisas bonitas da natureza, vem com suas caracter\u00edsticas e varia\u00e7\u00f5es \u00fanicas. Convidamos nossos valiosos clientes a abra\u00e7ar essas varia\u00e7\u00f5es naturais. Boas compras!<\/strong><\/p>\n<p>&nbsp;<\/p>\n<p><strong><u>Nenhuma das fotos e filmagens de v\u00eddeo foram filtradas. Incentivamos nossos clientes a tamb\u00e9m assistirem aos v\u00eddeos que os acompanham para uma vis\u00e3o mais abrangente de nossos produtos<\/u><\/strong><\/p>\n<p>&nbsp;<\/p>","protected":false},"excerpt":{"rendered":"<p>This Natural Jadeite Jade pendant features a light green hue with green accents, expertly crafted in the shape of a fish. A stunning addition to any jewelry collection. &nbsp; This pendant can be worn as it is, however, we highly recommend buyer to look for reputable experience&#8217;s gold smith for 18k gold setting in Singapore, [&hellip;]<\/p>","protected":false},"featured_media":2009,"comment_status":"open","ping_status":"closed","template":"","meta":[],"product_brand":[],"product_cat":[83,126,48],"product_tag":[52,81,70,65,55,82,56,58,73,75,60,61,62],"class_list":{"0":"post-1254","1":"product","2":"type-product","3":"status-publish","4":"has-post-thumbnail","6":"product_cat-jade-necklaces-pendants","7":"product_cat-new-arrivals","8":"product_cat-pendants","9":"product_tag-certified","10":"product_tag-fish","11":"product_tag-green","12":"product_tag-high-quality","13":"product_tag-jadeite","14":"product_tag-light-green","15":"product_tag-limited-editions","16":"product_tag-new-arrivals","17":"product_tag-pendant","18":"product_tag-traditional","19":"product_tag-type-a-jadeite","20":"product_tag-unisex","21":"product_tag-yi-pin-qian-exclusive","23":"first","24":"instock","25":"sale","26":"shipping-taxable","27":"purchasable","28":"product-type-simple"},"_links":{"self":[{"href":"https:\/\/shop.yipinqian.com\/pt\/wp-json\/wp\/v2\/product\/1254","targetHints":{"allow":["GET"]}}],"collection":[{"href":"https:\/\/shop.yipinqian.com\/pt\/wp-json\/wp\/v2\/product"}],"about":[{"href":"https:\/\/shop.yipinqian.com\/pt\/wp-json\/wp\/v2\/types\/product"}],"replies":[{"embeddable":true,"href":"https:\/\/shop.yipinqian.com\/pt\/wp-json\/wp\/v2\/comments?post=1254"}],"version-history":[{"count":0,"href":"https:\/\/shop.yipinqian.com\/pt\/wp-json\/wp\/v2\/product\/1254\/revisions"}],"wp:featuredmedia":[{"embeddable":true,"href":"https:\/\/shop.yipinqian.com\/pt\/wp-json\/wp\/v2\/media\/2009"}],"wp:attachment":[{"href":"https:\/\/shop.yipinqian.com\/pt\/wp-json\/wp\/v2\/media?parent=1254"}],"wp:term":[{"taxonomy":"product_brand","embeddable":true,"href":"https:\/\/shop.yipinqian.com\/pt\/wp-json\/wp\/v2\/product_brand?post=1254"},{"taxonomy":"product_cat","embeddable":true,"href":"https:\/\/shop.yipinqian.com\/pt\/wp-json\/wp\/v2\/product_cat?post=1254"},{"taxonomy":"product_tag","embeddable":true,"href":"https:\/\/shop.yipinqian.com\/pt\/wp-json\/wp\/v2\/product_tag?post=1254"}],"curies":[{"name":"wp","href":"https:\/\/api.w.org\/{rel}","templated":true}]}}