{"id":1232,"date":"2024-10-24T23:17:58","date_gmt":"2024-10-24T15:17:58","guid":{"rendered":"https:\/\/shop.yipinqian.com\/product\/18k-gold-clasp-added-to-this-icy-translucent-natural-type-a-jadeite-pendant-leaf-symbols-of-health-longevity-and-prosperity-with-certificate-included-for-this-jadeite-weigh-5-22-grams-34-8-19-7-4-3-mm\/"},"modified":"2025-02-24T01:17:33","modified_gmt":"2025-02-23T17:17:33","slug":"18k-gold-clasp-added-to-this-icy-translucent-natural-type-a-jadeite-pendant-leaf-symbols-of-health-longevity-and-prosperity-with-certificate-included-for-this-jadeite-weigh-5-22-grams-34-8-19-7-4-3-mm","status":"publish","type":"product","link":"https:\/\/shop.yipinqian.com\/pt\/produto\/18k-gold-clasp-added-to-this-icy-translucent-natural-type-a-jadeite-pendant-leaf-symbols-of-health-longevity-and-prosperity-with-certificate-included-for-this-jadeite-weigh-5-22-grams-34-8-19-7-4-3-mm\/","title":{"rendered":"Fecho de ouro 18k adicionado a este pingente de jade\u00edta natural transl\u00facido gelado tipo A, s\u00edmbolos de folhas de sa\u00fade, longevidade e prosperidade, com certificado inclu\u00eddo para esta jade\u00edta pesa 5,22 gramas, 34,8 * 19,7 * 4,3 mm, adequado para uso di\u00e1rio (18kp2)"},"content":{"rendered":"<p>Este pingente de jade\u00edta natural transl\u00facida gelada tipo A \u00e9 uma joia deslumbrante que representa sa\u00fade, longevidade e prosperidade com seus belos s\u00edmbolos de folhas. Perfeito para uso di\u00e1rio, este pingente vem com um fecho de ouro 18k e um certificado de autenticidade.<\/p>\n<ul>\n<li>\n<strong>Tipo de Jade:<\/strong> Jade\u00edta<\/li>\n<li>\n<strong>Material de configura\u00e7\u00e3o:<\/strong> PT\/Ouro Quilate<\/li>\n<li>\n<strong>Pa\u00eds de origem:<\/strong> Mianmar<\/li>\n<li>\n<strong>Ocasi\u00f5es:<\/strong> Desgaste di\u00e1rio<\/li>\n<li>Peso e dimens\u00f5es do jade: Esta jade\u00edta pesa 5,22 gramas e mede 34,8 * 19,7 * 4,3 mm.<\/li>\n<\/ul>\n<p><strong>(Observa\u00e7\u00e3o: o peso total de 5,22 gramas \u00e9 apenas para jade\u00edta, pois o fecho de ouro 18k foi adicionado quando chegou a Cingapura)<\/strong><\/p>\n<p>\u00a0<\/p>\n<p><strong>N\u00fameros de certificado: GD2203H017672<\/strong><\/p>\n<p><img fetchpriority=\"high\" decoding=\"async\" width=\"1080\" src=\"https:\/\/shop.yipinqian.com\/wp-content\/uploads\/2024\/10\/d66af0238559e0de6e787e8823bfa6da.jpg?from=476444299\" height=\"1080\"><img decoding=\"async\" width=\"1080\" src=\"https:\/\/shop.yipinqian.com\/wp-content\/uploads\/2024\/10\/b253437ec9c4fb5267050df73bd0525c.jpg?from=476444299\" height=\"1080\"><\/p>\n<p>Elegantemente projetado para combinar com homens e mulheres, este pingente \u00e9 perfeito para adicionar um toque de sofistica\u00e7\u00e3o a qualquer roupa.<\/p>\n<p>Adicione esta pe\u00e7a elegante \u00e0 sua cole\u00e7\u00e3o de joias hoje mesmo!<\/p>\n<p>\u00a0<\/p>\n<p>Yi Pin Qian \u2013 Um negociante de pedras preciosas e metais preciosos em Cingapura \u2013 N\u00famero de licen\u00e7a PS20190000031<\/p>\n<p>\u00a0<\/p>\n<p>*Todos os Jadeites comprados de Yi Pin Qian em Cingapura, os clientes podem reservar hor\u00e1rios para polimento ou pequenos reparos por manuseio incorreto - taxas se aplicam e somente para clientes de Yi Pin Qian em Cingapura*<\/p>\n<p>\u00a0<\/p>\n<p><strong>**Tipos de Certificados**<\/strong><\/p>\n<p>\u00a0<\/p>\n<p><strong>NGI (Nan Yang Gemol\u00f3gico)<\/strong><\/p>\n<p>ou <strong>Certificados no exterior <\/strong>(Yi Pin Qian usa apenas certificados aut\u00eanticos de laborat\u00f3rios estrangeiros e tamb\u00e9m controla a qualidade de cada um dos nossos produtos antes de coloc\u00e1-los \u00e0 venda em Cingapura)<\/p>\n<p>\u00a0<\/p>\n<p>Cada produto no TikTok ter\u00e1 o tipo de certificado fornecido indicado na descri\u00e7\u00e3o. Para qualquer cliente que deseje enviar seu pedido para a NGI Singapore, haver\u00e1 um tempo de espera para entrega do pedido estimado em torno de 4 semanas para receber seu pedido. <strong>As solicita\u00e7\u00f5es de relat\u00f3rios da NGI Gemstone precisam ser feitas por mensagem para a loja Yi Pin Qian TikTok.<\/strong> Obrigado, <strong><u>taxas extras se aplicam<\/u><\/strong>.<\/p>\n<p>\u00a0<\/p>\n<p><strong>A jade\u00edta natural n\u00e3o \u00e9 perfeita, apenas um lembrete gentil, nossa jade\u00edta natural, como todas as coisas bonitas da natureza, vem com suas caracter\u00edsticas e varia\u00e7\u00f5es \u00fanicas. Convidamos nossos valiosos clientes a abra\u00e7ar essas varia\u00e7\u00f5es naturais. Boas compras!<\/strong><\/p>\n<p>\u00a0<\/p>\n<p><strong><u>Nenhuma das fotos e filmagens de v\u00eddeo foram filtradas. Incentivamos nossos clientes a tamb\u00e9m assistirem aos v\u00eddeos que os acompanham para uma vis\u00e3o mais abrangente de nossos produtos<\/u><\/strong><\/p>","protected":false},"excerpt":{"rendered":"<p>Este pingente de jade\u00edta natural transl\u00facido gelado tipo A \u00e9 uma joia deslumbrante que representa sa\u00fade, longevidade e prosperidade com seus belos s\u00edmbolos de folhas. Perfeito para uso di\u00e1rio, este pingente vem com um fecho de ouro 18k e um certificado de autenticidade. Tipo de jade: jade\u00edta Material de configura\u00e7\u00e3o: ouro PT\/quilate Pa\u00eds de origem: Mianmar Ocasi\u00f5es: uso di\u00e1rio [\u2026]<\/p>","protected":false},"featured_media":1669,"comment_status":"open","ping_status":"closed","template":"","meta":[],"product_brand":[],"product_cat":[195],"product_tag":[50,52,69,53,54,55,56,59,60,62],"class_list":{"0":"post-1232","1":"product","2":"type-product","3":"status-publish","4":"has-post-thumbnail","6":"product_cat-heirloom-grade","7":"product_tag-18k-gold","8":"product_tag-certified","9":"product_tag-clasp","10":"product_tag-fine-quality","11":"product_tag-icy","12":"product_tag-jadeite","13":"product_tag-limited-editions","14":"product_tag-translucent","15":"product_tag-type-a-jadeite","16":"product_tag-yi-pin-qian-exclusive","18":"first","19":"instock","20":"sale","21":"shipping-taxable","22":"purchasable","23":"product-type-simple"},"_links":{"self":[{"href":"https:\/\/shop.yipinqian.com\/pt\/wp-json\/wp\/v2\/product\/1232","targetHints":{"allow":["GET"]}}],"collection":[{"href":"https:\/\/shop.yipinqian.com\/pt\/wp-json\/wp\/v2\/product"}],"about":[{"href":"https:\/\/shop.yipinqian.com\/pt\/wp-json\/wp\/v2\/types\/product"}],"replies":[{"embeddable":true,"href":"https:\/\/shop.yipinqian.com\/pt\/wp-json\/wp\/v2\/comments?post=1232"}],"version-history":[{"count":0,"href":"https:\/\/shop.yipinqian.com\/pt\/wp-json\/wp\/v2\/product\/1232\/revisions"}],"wp:featuredmedia":[{"embeddable":true,"href":"https:\/\/shop.yipinqian.com\/pt\/wp-json\/wp\/v2\/media\/1669"}],"wp:attachment":[{"href":"https:\/\/shop.yipinqian.com\/pt\/wp-json\/wp\/v2\/media?parent=1232"}],"wp:term":[{"taxonomy":"product_brand","embeddable":true,"href":"https:\/\/shop.yipinqian.com\/pt\/wp-json\/wp\/v2\/product_brand?post=1232"},{"taxonomy":"product_cat","embeddable":true,"href":"https:\/\/shop.yipinqian.com\/pt\/wp-json\/wp\/v2\/product_cat?post=1232"},{"taxonomy":"product_tag","embeddable":true,"href":"https:\/\/shop.yipinqian.com\/pt\/wp-json\/wp\/v2\/product_tag?post=1232"}],"curies":[{"name":"wp","href":"https:\/\/api.w.org\/{rel}","templated":true}]}}