{"id":1228,"date":"2024-10-24T23:17:57","date_gmt":"2024-10-24T15:17:57","guid":{"rendered":"https:\/\/shop.yipinqian.com\/product\/yellow-cabochon-natural-type-a-jadeite-ring-set-with-s925-silver-qic-approved-labs-certificate-s925ring3\/"},"modified":"2025-01-26T00:00:47","modified_gmt":"2025-01-25T16:00:47","slug":"yellow-cabochon-natural-type-a-jadeite-ring-set-with-s925-silver-qic-approved-labs-certificate-s925ring3","status":"publish","type":"product","link":"https:\/\/shop.yipinqian.com\/pt\/produto\/yellow-cabochon-natural-type-a-jadeite-ring-set-with-s925-silver-qic-approved-labs-certificate-s925ring3\/","title":{"rendered":"#Sold \u2013 Anel de Jade\u00edte Natural Tipo A Caboch\u00e3o Amarelo com prata S925, certificado de laborat\u00f3rio aprovado pela QIC (s925ring3)"},"content":{"rendered":"<p>This Yellow Cabochon Natural Type A Jadeite Ring is a stunning piece of jewelry that will elevate your style to the next level. The ring is set with S925 silver and has an adjustable ring size, making it a perfect fit for anyone.<\/p>\n<p>\u2022 Natural Type A Jadeite: The stunning yellow cabochon natural type A jadeite is the highlight of this beautiful ring. <br \/>\u2022 Certificate Included: With the purchase of this jadeite ring, you will receive a certificate to authenticate its quality.<\/p>\n<p>Certificate numbers: Y-BICL822028<\/p>\n<p>\u2022 Adjustable Ring Size: This feature makes it easy for you to find your perfect fit and ensure maximum comfort throughout the day.<\/p>\n<p>The Yellow Cabochon Natural Type A Jadeite Ring weighs 5.55 grams and measures 12.80 * 11.00 * 5.60 mm, making it an ideal size for everyday wear or special occasions.<\/p>\n<p>\u2022 Suitable For All Occasions: This beautiful piece of jewelry can add style and elegance to any outfit, whether you&#8217;re dressing up or down.<\/p>\n<p>The silver setting complements the jade stone perfectly while adding durability and longevity so that you can enjoy wearing this exquisite piece for years to come.<\/p>\n<p>\u2022 Made in Myanmar:This stunning jewelry accessory has been crafted with care in Myanmar- renowned worldwide as one of the best sources for high-quality natural type-A jadeites <br \/>\u2022 .<br \/>This Yellow Cabochon Natural Type A Jadeite Ring would make an ideal gift option or as part of your personal collection- perfect as an investment grade asset!<br \/>.<br \/>Yi Pin Qian \u2013 Um negociante de pedras preciosas e metais preciosos em Cingapura \u2013 N\u00famero de licen\u00e7a PS20190000031<br \/>*Todos os Jadeites comprados de Yi Pin Qian em Cingapura, os clientes podem reservar hor\u00e1rios para polimento ou pequenos reparos por manuseio incorreto - taxas se aplicam e somente para clientes de Yi Pin Qian em Cingapura*<\/p>\n<p>**Tipos de Certificados**<br \/>NGI (Nan Yang Gemol\u00f3gico)<br \/>ou certificados estrangeiros (Yi Pin Qian usa apenas certificados aut\u00eanticos de laborat\u00f3rios estrangeiros e tamb\u00e9m controla a qualidade de cada um dos nossos produtos antes de coloc\u00e1-los \u00e0 venda em Cingapura)<\/p>\n<p>Cada produto no TikTok ter\u00e1 o tipo de certificado fornecido indicado na descri\u00e7\u00e3o. Para qualquer cliente que deseje enviar seu pedido para a NGI Singapore, haver\u00e1 um tempo de espera para entrega do pedido estimado em cerca de 4 semanas para receber seu pedido. As solicita\u00e7\u00f5es de relat\u00f3rio da NGI Gemstone precisam ser feitas por mensagem para a loja Yi Pin Qian TikTok. Obrigado, taxas extras s\u00e3o aplic\u00e1veis.<\/p>\n<p>Natural jadeite is not flawless, just a gentle reminder, our natural jadeite, like all beautiful things in nature, comes with its unique characteristics and variations. <\/p>\n<p>We invite our valued customers to embrace these natural variations. Happy shopping!<br \/>Nenhuma das fotos e filmagens de v\u00eddeo foram filtradas. Incentivamos nossos clientes a tamb\u00e9m assistirem aos v\u00eddeos que os acompanham para uma vis\u00e3o mais abrangente de nossos produtos<\/p>","protected":false},"excerpt":{"rendered":"<p>This Yellow Cabochon Natural Type A Jadeite Ring is a stunning piece of jewelry that will elevate your style to the next level. The ring is set with S925 silver and has an adjustable ring size, making it a perfect fit for anyone. \u2022 Natural Type A Jadeite: The stunning yellow cabochon natural type A [&hellip;]<\/p>","protected":false},"featured_media":1599,"comment_status":"open","ping_status":"closed","template":"","meta":[],"product_brand":[],"product_cat":[126,49,149,125],"product_tag":[64,52,65,66,55,56,58,67,60,68,62],"class_list":{"0":"post-1228","1":"product","2":"type-product","3":"status-publish","4":"has-post-thumbnail","6":"product_cat-new-arrivals","7":"product_cat-rings","8":"product_cat-s925-rings","9":"product_cat-s925-settings-jadeites","10":"product_tag-cabochon","11":"product_tag-certified","12":"product_tag-high-quality","13":"product_tag-jade-ring","14":"product_tag-jadeite","15":"product_tag-limited-editions","16":"product_tag-new-arrivals","17":"product_tag-s925","18":"product_tag-type-a-jadeite","19":"product_tag-yellow","20":"product_tag-yi-pin-qian-exclusive","22":"first","23":"outofstock","24":"sale","25":"shipping-taxable","26":"purchasable","27":"product-type-simple"},"_links":{"self":[{"href":"https:\/\/shop.yipinqian.com\/pt\/wp-json\/wp\/v2\/product\/1228","targetHints":{"allow":["GET"]}}],"collection":[{"href":"https:\/\/shop.yipinqian.com\/pt\/wp-json\/wp\/v2\/product"}],"about":[{"href":"https:\/\/shop.yipinqian.com\/pt\/wp-json\/wp\/v2\/types\/product"}],"replies":[{"embeddable":true,"href":"https:\/\/shop.yipinqian.com\/pt\/wp-json\/wp\/v2\/comments?post=1228"}],"version-history":[{"count":0,"href":"https:\/\/shop.yipinqian.com\/pt\/wp-json\/wp\/v2\/product\/1228\/revisions"}],"wp:featuredmedia":[{"embeddable":true,"href":"https:\/\/shop.yipinqian.com\/pt\/wp-json\/wp\/v2\/media\/1599"}],"wp:attachment":[{"href":"https:\/\/shop.yipinqian.com\/pt\/wp-json\/wp\/v2\/media?parent=1228"}],"wp:term":[{"taxonomy":"product_brand","embeddable":true,"href":"https:\/\/shop.yipinqian.com\/pt\/wp-json\/wp\/v2\/product_brand?post=1228"},{"taxonomy":"product_cat","embeddable":true,"href":"https:\/\/shop.yipinqian.com\/pt\/wp-json\/wp\/v2\/product_cat?post=1228"},{"taxonomy":"product_tag","embeddable":true,"href":"https:\/\/shop.yipinqian.com\/pt\/wp-json\/wp\/v2\/product_tag?post=1228"}],"curies":[{"name":"wp","href":"https:\/\/api.w.org\/{rel}","templated":true}]}}