{"id":1227,"date":"2024-10-24T23:17:56","date_gmt":"2024-10-24T15:17:56","guid":{"rendered":"https:\/\/shop.yipinqian.com\/product\/premium-quality-natural-type-a-jadeite-crafted-as-milo-buddha-as-pendant-set-with-18k-gold-clasp-certificate18kp29\/"},"modified":"2025-01-26T00:00:47","modified_gmt":"2025-01-25T16:00:47","slug":"premium-quality-natural-type-a-jadeite-crafted-as-milo-buddha-as-pendant-set-with-18k-gold-clasp-certificate18kp29","status":"publish","type":"product","link":"https:\/\/shop.yipinqian.com\/pt\/produto\/premium-quality-natural-type-a-jadeite-crafted-as-milo-buddha-as-pendant-set-with-18k-gold-clasp-certificate18kp29\/","title":{"rendered":"#Sold \u2013 Jade\u00edta natural tipo A de qualidade premium trabalhada como Buda Milo como pingente com fecho de ouro 18k, certificado (18kp29)"},"content":{"rendered":"<p>Este pingente \u00e9 uma obra-prima trabalhada com Jade\u00edte Natural Tipo A de Qualidade Premium, origin\u00e1ria de Mianmar. O design do Buda Milo \u00e9 lindamente esculpido e cravejado com um Fecho de Ouro 18k, criando um acess\u00f3rio requintado.<\/p>\n<p>N\u00fameros de certificado: GD2112H000255<br \/>Fecho de ouro 18k pesa: 0,29 gramas<br \/>2 * 0,003 quilates de diamantes<\/p>\n<p>\u2022 Esta \u00e9 uma pe\u00e7a de jade\u00edte premium de alt\u00edssima qualidade, embora seja pequena, mas muito adequada para uso di\u00e1rio <br \/>\u2022 Jade\u00edta natural tipo A: O principal material usado para criar este pingente \u00e9 da mais alta qualidade e autenticidade. <br \/>\u2022 Fecho de ouro 18k: O fecho \u00e9 feito de ouro de qualidade premium, o que acrescenta um toque luxuoso a este acess\u00f3rio. <br \/>\u2022 Certificado: Este pingente vem com um certificado para maior garantia de sua autenticidade e valor.<\/p>\n<p>O design do Buda Milo acrescenta um toque espiritual \u00e0 pe\u00e7a, tornando-a perfeita para ocasi\u00f5es auspiciosas. Ele tamb\u00e9m tem um estilo de colar casual que o torna vers\u00e1til o suficiente para uso di\u00e1rio ou ocasi\u00f5es especiais.<\/p>\n<p>\u2022 Material secund\u00e1rio de diamante: O material secund\u00e1rio usado nesta pe\u00e7a s\u00e3o diamantes que adicionam brilho e brilho, real\u00e7ando sua beleza geral! Tipo de jade: Este tipo de jade \u00e9 chamado de jade\u00edta, que foi classificado como grau A devido aos seus minerais naturais que lhe conferem cores \u00fanicas. Nenhum tipo de garantia: Observe que n\u00e3o h\u00e1 nenhum tipo de garantia oferecido neste produto porque nos orgulhamos de usar apenas materiais de alta qualidade, garantindo longevidade.<\/p>\n<p>Yi Pin Qian \u2013 Um negociante de pedras preciosas e metais preciosos em Cingapura \u2013 N\u00famero de licen\u00e7a PS20190000031<br \/>*Todos os Jadeites comprados de Yi Pin Qian em Cingapura, os clientes podem reservar hor\u00e1rios para polimento ou pequenos reparos por manuseio incorreto - taxas se aplicam e somente para clientes de Yi Pin Qian em Cingapura*<\/p>\n<p>**Tipos de Certificados**<br \/>NGI (Nan Yang Gemol\u00f3gico)<br \/>ou certificados estrangeiros (Yi Pin Qian usa apenas certificados aut\u00eanticos de laborat\u00f3rios estrangeiros e tamb\u00e9m controla a qualidade de cada um dos nossos produtos antes de coloc\u00e1-los \u00e0 venda em Cingapura)<\/p>\n<p>Cada produto no TikTok ter\u00e1 o tipo de certificado fornecido indicado na descri\u00e7\u00e3o. Para qualquer cliente que deseje enviar seu pedido para a NGI Singapore, haver\u00e1 um tempo de espera para entrega do pedido estimado em cerca de 4 semanas para receber seu pedido. As solicita\u00e7\u00f5es de relat\u00f3rio da NGI Gemstone precisam ser feitas por mensagem para a loja Yi Pin Qian TikTok. Obrigado, taxas extras s\u00e3o aplic\u00e1veis.<\/p>\n<p>A jade\u00edta natural n\u00e3o \u00e9 perfeita, apenas um lembrete gentil, nossa jade\u00edta natural, como todas as coisas bonitas da natureza, vem com suas caracter\u00edsticas e varia\u00e7\u00f5es \u00fanicas. Convidamos nossos valiosos clientes a abra\u00e7ar essas varia\u00e7\u00f5es naturais. Boas compras!<\/p>\n<p>Nenhuma das fotos e filmagens de v\u00eddeo foram filtradas. Incentivamos nossos clientes a tamb\u00e9m assistirem aos v\u00eddeos que os acompanham para uma vis\u00e3o mais abrangente de nossos produtos<\/p>\n<p>.<\/p>","protected":false},"excerpt":{"rendered":"<p>This pendant is a masterpiece crafted with Premium Quality Natural Type A Jadeite Jade, originating from Myanmar. The Milo Buddha design is beautifully carved and set with an 18k Gold Clasp, creating an exquisite accessory. Certificate numbers: GD2112H00025518k gold clasp weigh: 0.29 grams2 * 0.003carats diamonds \u2022 This is a very high-quality piece of premium [&hellip;]<\/p>","protected":false},"featured_media":1569,"comment_status":"open","ping_status":"closed","template":"","meta":[],"product_brand":[],"product_cat":[120,63,126],"product_tag":[50,51,52,53,54,55,56,57,58,59,60,61,62],"class_list":{"0":"post-1227","1":"product","2":"type-product","3":"status-publish","4":"has-post-thumbnail","6":"product_cat-18k-gold-setting-pendants","7":"product_cat-charms-pendants-ornaments","8":"product_cat-new-arrivals","9":"product_tag-18k-gold","10":"product_tag-buddha","11":"product_tag-certified","12":"product_tag-fine-quality","13":"product_tag-icy","14":"product_tag-jadeite","15":"product_tag-limited-editions","16":"product_tag-milo-buddha","17":"product_tag-new-arrivals","18":"product_tag-translucent","19":"product_tag-type-a-jadeite","20":"product_tag-unisex","21":"product_tag-yi-pin-qian-exclusive","23":"first","24":"outofstock","25":"sale","26":"shipping-taxable","27":"purchasable","28":"product-type-simple"},"_links":{"self":[{"href":"https:\/\/shop.yipinqian.com\/pt\/wp-json\/wp\/v2\/product\/1227","targetHints":{"allow":["GET"]}}],"collection":[{"href":"https:\/\/shop.yipinqian.com\/pt\/wp-json\/wp\/v2\/product"}],"about":[{"href":"https:\/\/shop.yipinqian.com\/pt\/wp-json\/wp\/v2\/types\/product"}],"replies":[{"embeddable":true,"href":"https:\/\/shop.yipinqian.com\/pt\/wp-json\/wp\/v2\/comments?post=1227"}],"version-history":[{"count":0,"href":"https:\/\/shop.yipinqian.com\/pt\/wp-json\/wp\/v2\/product\/1227\/revisions"}],"wp:featuredmedia":[{"embeddable":true,"href":"https:\/\/shop.yipinqian.com\/pt\/wp-json\/wp\/v2\/media\/1569"}],"wp:attachment":[{"href":"https:\/\/shop.yipinqian.com\/pt\/wp-json\/wp\/v2\/media?parent=1227"}],"wp:term":[{"taxonomy":"product_brand","embeddable":true,"href":"https:\/\/shop.yipinqian.com\/pt\/wp-json\/wp\/v2\/product_brand?post=1227"},{"taxonomy":"product_cat","embeddable":true,"href":"https:\/\/shop.yipinqian.com\/pt\/wp-json\/wp\/v2\/product_cat?post=1227"},{"taxonomy":"product_tag","embeddable":true,"href":"https:\/\/shop.yipinqian.com\/pt\/wp-json\/wp\/v2\/product_tag?post=1227"}],"curies":[{"name":"wp","href":"https:\/\/api.w.org\/{rel}","templated":true}]}}