{"id":11592,"date":"2024-11-15T07:50:39","date_gmt":"2024-11-14T23:50:39","guid":{"rendered":"https:\/\/shop.yipinqian.com\/new-arrival-in-singapore-premium-high-quality-natural-type-a-jadeite-jade-18k-gold-pendant-crafted-as-ruyi-certificate-weighs-5-51-grams-measurement-27-1-24-6-7-3-mm-18kp74\/"},"modified":"2025-02-24T01:17:24","modified_gmt":"2025-02-23T17:17:24","slug":"new-arrival-in-singapore-premium-high-quality-natural-type-a-jadeite-jade-18k-gold-pendant-crafted-as-ruyi-certificate-weighs-5-51-grams-measurement-27-1-24-6-7-3-mm-18kp74","status":"publish","type":"product","link":"https:\/\/shop.yipinqian.com\/pt\/produto\/new-arrival-in-singapore-premium-high-quality-natural-type-a-jadeite-jade-18k-gold-pendant-crafted-as-ruyi-certificate-weighs-5-51-grams-measurement-27-1-24-6-7-3-mm-18kp74\/","title":{"rendered":"Nova chegada em Cingapura Premium Alta Qualidade Natural Tipo A Jade\u00edta Jade 18k Pingente de ouro trabalhado como Ruyi, certificado pesa 5,51 gramas medindo 27,1 * 24,6 * 7,3 mm (18kp74)"},"content":{"rendered":"<p>Esta Nova Chegada em Cingapura \u00e9 um Pingente de Jade\u00edte Natural Tipo A de Alta Qualidade Premium 18k Gold Jade criado como Ruyi. Ele vem com um certificado e pesa 5,51 gramas com medidas de 27,1 * 24,6 * 7,3 mm (18kp74).<\/p>\n<p><\/p>\n<p>N\u00fameros de certificado: GD2109H014858<\/p>\n<p>Ouro 18k: 2 gramas<\/p>\n<p>Diamantes: 91 * 0,003 = 0,273 quilates<\/p>\n<p>Tamanho da Jade\u00edta: 15,9 * 22,5 * 4 mm<\/p>\n<p>Com tamanho de configura\u00e7\u00e3o: 27,1 * 24,6 * 7,3 mm<\/p>\n<p><img fetchpriority=\"high\" decoding=\"async\" src=\"https:\/\/shop.yipinqian.com\/wp-content\/uploads\/2024\/11\/5daf890306254c2abca3048f24b00255tplv-aphluv4xwc-origin-jpeg.jpeg?dr=15568&amp;nonce=84109&amp;refresh_token=b831d4a2c0665ccac7cd454de5de2429&amp;from=476444299&amp;idc=my2&amp;ps=933b5bde&amp;shcp=9b759fb9&amp;shp=1c65f68b&amp;t=555f072d\" width=\"1536\" height=\"2048\"><\/p>\n<ul>\n<li>\n<strong>Com Certificado:<\/strong> Sim<\/li>\n<li>\n<strong>Material secund\u00e1rio:<\/strong> Diamante<\/li>\n<li>\n<strong>Material de configura\u00e7\u00e3o:<\/strong> PT\/Ouro Quilate<\/li>\n<li>\n<strong>Tipo de Jade:<\/strong> Jade\u00edta<\/li>\n<\/ul>\n<p><strong>Conjunto com um caboch\u00e3o verde-ma\u00e7\u00e3, a jade\u00edta \u00e9 uma pedra transl\u00facida de alta qualidade premium com manchas verdes<\/strong><\/p>\n<ul>\n<li>A Regi\u00e3o de Origem:&gt; A Ocasi\u00e3o: Di\u00e1rio o G\u00eanero: Unissex Estilo do Colar: Casual Este pingente requintado \u00e9 perfeito para uso di\u00e1rio e combina com homens e mulheres com seu design unissex. Eleve sua cole\u00e7\u00e3o de joias com esta pe\u00e7a deslumbrante que mostra a beleza do jade natural Tipo A combinado com o luxuoso artesanato em ouro.<\/li>\n<\/ul>\n<p><img decoding=\"async\" src=\"https:\/\/shop.yipinqian.com\/wp-content\/uploads\/2024\/11\/19ccc6eb7a774870961eaf52a1b874aetplv-aphluv4xwc-origin-jpeg.jpeg?dr=15568&amp;nonce=16046&amp;refresh_token=6e8491b61aaf78153a33c8afd181c847&amp;from=476444299&amp;idc=my2&amp;ps=933b5bde&amp;shcp=9b759fb9&amp;shp=1c65f68b&amp;t=555f072d\" width=\"1536\" height=\"2048\"><\/p>\n<p>Yi Pin Qian \u2013 Um negociante de pedras preciosas e metais preciosos em Cingapura \u2013 N\u00famero de licen\u00e7a PS20190000031<\/p>\n<p><\/p>\n<p>*Todos os Jadeites comprados de Yi Pin Qian em Cingapura, os clientes podem reservar hor\u00e1rios para polimento ou pequenos reparos por manuseio incorreto - taxas se aplicam e somente para clientes de Yi Pin Qian em Cingapura*<\/p>\n<p><\/p>\n<p><strong>**Tipos de Certificados**<\/strong><\/p>\n<p><\/p>\n<p><strong>NGI (Nan Yang Gemol\u00f3gico)<\/strong><\/p>\n<p>ou <strong>Certificados no exterior <\/strong>(Yi Pin Qian usa apenas certificados aut\u00eanticos de laborat\u00f3rios estrangeiros e tamb\u00e9m controla a qualidade de cada um dos nossos produtos antes de coloc\u00e1-los \u00e0 venda em Cingapura)<\/p>\n<p><\/p>\n<p>Cada produto no TikTok ter\u00e1 o tipo de certificado fornecido indicado na descri\u00e7\u00e3o. Para qualquer cliente que deseje enviar seu pedido para a NGI Singapore, haver\u00e1 um tempo de espera para entrega do pedido estimado em torno de 4 semanas para receber seu pedido. <strong>As solicita\u00e7\u00f5es de relat\u00f3rios de pedras preciosas da NGI precisam ser feitas por mensagem.<\/strong> Obrigado, <strong><u>taxas extras se aplicam<\/u><\/strong>.<\/p>\n<p><\/p>\n<p><strong>A jade\u00edta natural n\u00e3o \u00e9 perfeita, apenas um lembrete gentil, nossa jade\u00edta natural, como todas as coisas bonitas da natureza, vem com suas caracter\u00edsticas e varia\u00e7\u00f5es \u00fanicas. Convidamos nossos valiosos clientes a abra\u00e7ar essas varia\u00e7\u00f5es naturais. Boas compras!<\/strong><\/p>\n<p><\/p>\n<p><strong><u>Nenhuma das fotos e filmagens de v\u00eddeo foram filtradas. Incentivamos nossos clientes a tamb\u00e9m assistirem aos v\u00eddeos que os acompanham para uma vis\u00e3o mais abrangente de nossos produtos<\/u><\/strong><\/p>\n<p><\/p>\n<ul>\n<li>Diferentes plataformas s\u00f3 podem visualizar v\u00eddeos por meio do Desktop<\/li>\n<\/ul>","protected":false},"excerpt":{"rendered":"<p>This New Arrival in Singapore is a Premium High Quality Natural Type A Jadeite Jade 18k Gold Pendant crafted as Ruyi. It comes with a certificate and weighs 5.51 grams with measurements of 27.1 * 24.6 * 7.3 mm (18kp74). Certificate numbers: GD2109H014858 18k Gold: 2 grams Diamonds: 91 * 0.003 = 0.273 Carats Jadeite [&hellip;]<\/p>","protected":false},"featured_media":11634,"comment_status":"open","ping_status":"closed","template":"","meta":[],"product_brand":[],"product_cat":[195],"product_tag":[50,64,52,88,53,79,96,54,55,82,56,58,73,59,60,61,62],"class_list":{"0":"post-11592","1":"product","2":"type-product","3":"status-publish","4":"has-post-thumbnail","6":"product_cat-heirloom-grade","7":"product_tag-18k-gold","8":"product_tag-cabochon","9":"product_tag-certified","10":"product_tag-diamonds","11":"product_tag-fine-quality","12":"product_tag-green-hue","13":"product_tag-green-patches","14":"product_tag-icy","15":"product_tag-jadeite","16":"product_tag-light-green","17":"product_tag-limited-editions","18":"product_tag-new-arrivals","19":"product_tag-pendant","20":"product_tag-translucent","21":"product_tag-type-a-jadeite","22":"product_tag-unisex","23":"product_tag-yi-pin-qian-exclusive","25":"first","26":"instock","27":"sale","28":"shipping-taxable","29":"purchasable","30":"product-type-simple"},"_links":{"self":[{"href":"https:\/\/shop.yipinqian.com\/pt\/wp-json\/wp\/v2\/product\/11592","targetHints":{"allow":["GET"]}}],"collection":[{"href":"https:\/\/shop.yipinqian.com\/pt\/wp-json\/wp\/v2\/product"}],"about":[{"href":"https:\/\/shop.yipinqian.com\/pt\/wp-json\/wp\/v2\/types\/product"}],"replies":[{"embeddable":true,"href":"https:\/\/shop.yipinqian.com\/pt\/wp-json\/wp\/v2\/comments?post=11592"}],"version-history":[{"count":0,"href":"https:\/\/shop.yipinqian.com\/pt\/wp-json\/wp\/v2\/product\/11592\/revisions"}],"wp:featuredmedia":[{"embeddable":true,"href":"https:\/\/shop.yipinqian.com\/pt\/wp-json\/wp\/v2\/media\/11634"}],"wp:attachment":[{"href":"https:\/\/shop.yipinqian.com\/pt\/wp-json\/wp\/v2\/media?parent=11592"}],"wp:term":[{"taxonomy":"product_brand","embeddable":true,"href":"https:\/\/shop.yipinqian.com\/pt\/wp-json\/wp\/v2\/product_brand?post=11592"},{"taxonomy":"product_cat","embeddable":true,"href":"https:\/\/shop.yipinqian.com\/pt\/wp-json\/wp\/v2\/product_cat?post=11592"},{"taxonomy":"product_tag","embeddable":true,"href":"https:\/\/shop.yipinqian.com\/pt\/wp-json\/wp\/v2\/product_tag?post=11592"}],"curies":[{"name":"wp","href":"https:\/\/api.w.org\/{rel}","templated":true}]}}