{"id":11589,"date":"2024-11-15T07:09:41","date_gmt":"2024-11-14T23:09:41","guid":{"rendered":"https:\/\/shop.yipinqian.com\/new-arrival-diy-gf14k-wrapping-on-this-natural-type-a-jadeite-jade-pendant-crafted-as-nothing-sg-ready-stock-with-certificate-weighs-16-26-grams-measurement-66-9-29-5-pendant329\/"},"modified":"2025-01-09T01:22:57","modified_gmt":"2025-01-08T17:22:57","slug":"new-arrival-diy-gf14k-wrapping-on-this-natural-type-a-jadeite-jade-pendant-crafted-as-nothing-sg-ready-stock-with-certificate-weighs-16-26-grams-measurement-66-9-29-5-pendant329","status":"publish","type":"product","link":"https:\/\/shop.yipinqian.com\/pt\/produto\/new-arrival-diy-gf14k-wrapping-on-this-natural-type-a-jadeite-jade-pendant-crafted-as-nothing-sg-ready-stock-with-certificate-weighs-16-26-grams-measurement-66-9-29-5-pendant329\/","title":{"rendered":"Nova chegada \u2013 Envolvimento DIY GF14k neste pingente de jade\u00edte natural tipo A feito como Nothing, estoque pronto SG com certificado pesa 16,26 gramas, medida 66,9 * 29 * 5 (pendant329)"},"content":{"rendered":"<p>Discover our New Arrival &#8211; a stunning Natural Type A Jadeite Jade Pendant wrapped in DIY GF14k, crafted with precision and care. This SG ready stock piece comes with a certificate, ensuring its authenticity.<\/p>\n<p><\/p>\n<p><strong>If you like Local DIY, this is something you do not want to miss as the wrapping is 100% handmade and took so many hours to complete &#8211; please note that GF14k is not gold, it is just added with minimal percentage of 14k onto the material.<\/strong><\/p>\n<p><\/p>\n<p><strong>Certificate numbers: GD2110H013567<\/strong><\/p>\n<p><img fetchpriority=\"high\" decoding=\"async\" src=\"https:\/\/shop.yipinqian.com\/wp-content\/uploads\/2024\/11\/58c39ba5cfd646298cda49397dcd5271tplv-aphluv4xwc-origin-jpeg.jpeg?dr=15568&amp;nonce=70160&amp;refresh_token=5c351564c883369d5a4f4151a8a4350f&amp;from=476444299&amp;idc=my2&amp;ps=933b5bde&amp;shcp=9b759fb9&amp;shp=1c65f68b&amp;t=555f072d\" width=\"1536\" height=\"2048\"><\/p>\n<ul>\n<li>\n<strong>Peso:<\/strong> 16.26 grams<\/li>\n<li>\n<strong>Medi\u00e7\u00e3o:<\/strong> <strong>66.9 * 29 * 5 mm <\/strong>(pendant329)<\/li>\n<li><strong>Jadeite Original Size: 48.9 * 25 * 5 mm<\/strong><\/li>\n<\/ul>\n<p><img decoding=\"async\" src=\"https:\/\/shop.yipinqian.com\/wp-content\/uploads\/2024\/11\/75bcb93c6b2d4916b64a686b47c19f2atplv-aphluv4xwc-origin-jpeg.jpeg?dr=15568&amp;nonce=68273&amp;refresh_token=37cc583edbc5755e44a344b1adc58c77&amp;from=476444299&amp;idc=my2&amp;ps=933b5bde&amp;shcp=9b759fb9&amp;shp=1c65f68b&amp;t=555f072d\" width=\"1536\" height=\"2048\"><\/p>\n<p>This exquisite pendant is a versatile accessory suitable for daily wear, making it perfect for any occasion. Its unisex design appeals to all genders and the casual necklace style adds a touch of elegance to any outfit.<\/p>\n<ul>\n<li>\n<strong>Certificado:<\/strong> Sim<\/li>\n<li>\n<strong>Regi\u00e3o de origem:<\/strong> Mianmar<\/li>\n<li>Occasionality<\/li>\n<li>The Warranty Type: No<\/li>\n<li>The Gender: The Jade Type: The Necklace Styling Casual Add this unique jade pendant to your jewelry collection and showcase its beauty effortlessly<\/li>\n<\/ul>\n<p><strong>A jade\u00edta natural n\u00e3o \u00e9 perfeita, apenas um lembrete gentil, nossa jade\u00edta natural, como todas as coisas bonitas da natureza, vem com suas caracter\u00edsticas e varia\u00e7\u00f5es \u00fanicas. Convidamos nossos valiosos clientes a abra\u00e7ar essas varia\u00e7\u00f5es naturais. Boas compras!<\/strong><\/p>\n<p><\/p>\n<p><strong><u>Nenhuma das fotos e filmagens de v\u00eddeo foram filtradas. Incentivamos nossos clientes a tamb\u00e9m assistirem aos v\u00eddeos que os acompanham para uma vis\u00e3o mais abrangente de nossos produtos<\/u><\/strong><\/p>\n<p><\/p>\n<ul>\n<li>Diferentes plataformas s\u00f3 podem visualizar v\u00eddeos por meio do Desktop<\/li>\n<\/ul>","protected":false},"excerpt":{"rendered":"<p>Descubra nossa Nova Chegada \u2013 um deslumbrante Pingente de Jade\u00edte Natural Tipo A envolto em GF14k DIY, trabalhado com precis\u00e3o e cuidado. Esta pe\u00e7a pronta para estoque SG vem com um certificado, garantindo sua autenticidade. Se voc\u00ea gosta de DIY Local, isso \u00e9 algo que voc\u00ea n\u00e3o quer perder, pois a embalagem \u00e9 100% feita \u00e0 m\u00e3o e [\u2026]<\/p>","protected":false},"featured_media":11659,"comment_status":"open","ping_status":"closed","template":"","meta":[],"product_brand":[],"product_cat":[83,126,48],"product_tag":[52,138,55,58,73,75,60,61,62],"class_list":{"0":"post-11589","1":"product","2":"type-product","3":"status-publish","4":"has-post-thumbnail","6":"product_cat-jade-necklaces-pendants","7":"product_cat-new-arrivals","8":"product_cat-pendants","9":"product_tag-certified","10":"product_tag-diy","11":"product_tag-jadeite","12":"product_tag-new-arrivals","13":"product_tag-pendant","14":"product_tag-traditional","15":"product_tag-type-a-jadeite","16":"product_tag-unisex","17":"product_tag-yi-pin-qian-exclusive","19":"first","20":"instock","21":"sale","22":"shipping-taxable","23":"purchasable","24":"product-type-simple"},"_links":{"self":[{"href":"https:\/\/shop.yipinqian.com\/pt\/wp-json\/wp\/v2\/product\/11589","targetHints":{"allow":["GET"]}}],"collection":[{"href":"https:\/\/shop.yipinqian.com\/pt\/wp-json\/wp\/v2\/product"}],"about":[{"href":"https:\/\/shop.yipinqian.com\/pt\/wp-json\/wp\/v2\/types\/product"}],"replies":[{"embeddable":true,"href":"https:\/\/shop.yipinqian.com\/pt\/wp-json\/wp\/v2\/comments?post=11589"}],"version-history":[{"count":0,"href":"https:\/\/shop.yipinqian.com\/pt\/wp-json\/wp\/v2\/product\/11589\/revisions"}],"wp:featuredmedia":[{"embeddable":true,"href":"https:\/\/shop.yipinqian.com\/pt\/wp-json\/wp\/v2\/media\/11659"}],"wp:attachment":[{"href":"https:\/\/shop.yipinqian.com\/pt\/wp-json\/wp\/v2\/media?parent=11589"}],"wp:term":[{"taxonomy":"product_brand","embeddable":true,"href":"https:\/\/shop.yipinqian.com\/pt\/wp-json\/wp\/v2\/product_brand?post=11589"},{"taxonomy":"product_cat","embeddable":true,"href":"https:\/\/shop.yipinqian.com\/pt\/wp-json\/wp\/v2\/product_cat?post=11589"},{"taxonomy":"product_tag","embeddable":true,"href":"https:\/\/shop.yipinqian.com\/pt\/wp-json\/wp\/v2\/product_tag?post=11589"}],"curies":[{"name":"wp","href":"https:\/\/api.w.org\/{rel}","templated":true}]}}