{"id":11574,"date":"2024-11-17T05:41:46","date_gmt":"2024-11-16T21:41:46","guid":{"rendered":"https:\/\/shop.yipinqian.com\/latest-added-sg-seller-crafted-as-scenery-on-natural-type-a-jadeite-jade-white-with-light-green-hue-as-pendant-certificate-weighs-11-07-grams-measurement-48-3-27-9-4-8-mm-pendant331\/"},"modified":"2025-02-24T00:49:48","modified_gmt":"2025-02-23T16:49:48","slug":"latest-added-sg-seller-crafted-as-scenery-on-natural-type-a-jadeite-jade-white-with-light-green-hue-as-pendant-certificate-weighs-11-07-grams-measurement-48-3-27-9-4-8-mm-pendant331","status":"publish","type":"product","link":"https:\/\/shop.yipinqian.com\/pt\/produto\/latest-added-sg-seller-crafted-as-scenery-on-natural-type-a-jadeite-jade-white-with-light-green-hue-as-pendant-certificate-weighs-11-07-grams-measurement-48-3-27-9-4-8-mm-pendant331\/","title":{"rendered":"\u00daltimo vendedor SG adicionado - Feito como cen\u00e1rio em jade natural tipo A, branco com tonalidade verde claro como pingente, certificado pesa 11,07 gramas, medida 48,3 * 27,9 * 4,8 mm (pendant331)"},"content":{"rendered":"<p>Este pingente deslumbrante \u00e9 uma verdadeira obra de arte, feito em Jade\u00edta Tipo A natural com um tom branco e verde claro. O design de cen\u00e1rio intrincado adiciona um toque de eleg\u00e2ncia a qualquer roupa.<\/p>\n<p><\/p>\n<p>N\u00fameros de certificado: GD2202H006839<\/p>\n<p><img fetchpriority=\"high\" decoding=\"async\" src=\"https:\/\/shop.yipinqian.com\/wp-content\/uploads\/2024\/11\/038821b4892440ffac37425f949477a6tplv-aphluv4xwc-origin-jpeg.jpeg?dr=15568&amp;nonce=80496&amp;refresh_token=f8abf9eec30166291c2999c3b87cfba2&amp;from=476444299&amp;idc=my&amp;ps=933b5bde&amp;shcp=9b759fb9&amp;shp=1c65f68b&amp;t=555f072d\" width=\"1080\" height=\"1080\"><\/p>\n<ul>\n<li>\n<strong>Peso:<\/strong> 11,07 gramas<\/li>\n<li>\n<strong>Medi\u00e7\u00e3o:<\/strong> 48,3 * 27,9 * 4,8 mil\u00edmetros<\/li>\n<li>\n<strong>Certificado:<\/strong> Sim<\/li>\n<li>\n<strong>Tipo de Jade:<\/strong> Jade\u00edta<\/li>\n<li>Estilo Neklace:Casual Vindo de Mianmar, este pingente exala sofistica\u00e7\u00e3o e charme, tornando-o perfeito para uso di\u00e1rio por homens e mulheres. Adicione esta pe\u00e7a requintada \u00e0 sua cole\u00e7\u00e3o ou presenteie algu\u00e9m especial que aprecia a beleza de joias finas de jade.<\/li>\n<\/ul>\n<p><img decoding=\"async\" src=\"https:\/\/shop.yipinqian.com\/wp-content\/uploads\/2024\/11\/04aaf75e79cf4c0681fdff8e4af82deetplv-aphluv4xwc-origin-jpeg.jpeg?dr=15568&amp;nonce=18596&amp;refresh_token=770882c93400f62c2d11150784562251&amp;from=476444299&amp;idc=my&amp;ps=933b5bde&amp;shcp=9b759fb9&amp;shp=1c65f68b&amp;t=555f072d\" width=\"1080\" height=\"1080\"><\/p>\n<p><strong>A jade\u00edta natural n\u00e3o \u00e9 perfeita, apenas um lembrete gentil, nossa jade\u00edta natural, como todas as coisas bonitas da natureza, vem com suas caracter\u00edsticas e varia\u00e7\u00f5es \u00fanicas. Convidamos nossos valiosos clientes a abra\u00e7ar essas varia\u00e7\u00f5es naturais. Boas compras!<\/strong><\/p>\n<p><\/p>\n<p><strong><u>Nenhuma das fotos e filmagens de v\u00eddeo foram filtradas. Incentivamos nossos clientes a tamb\u00e9m assistirem aos v\u00eddeos que os acompanham para uma vis\u00e3o mais abrangente de nossos produtos<\/u><\/strong><\/p>\n<p><\/p>\n<ul>\n<li>Diferentes plataformas s\u00f3 podem visualizar v\u00eddeos por meio do Desktop<\/li>\n<\/ul>","protected":false},"excerpt":{"rendered":"<p>This stunning pendant is a true work of art, crafted on natural Type A Jadeite Jade with a white and light green hue. The intricate scenery design adds a touch of elegance to any outfit. Certificate numbers: GD2202H006839 Weight: 11.07 grams Measurement: 48.3 * 27.9 * 4.8 mm Certificate: Yes Jade Type: Jadeite Neklace Style:Casual [&hellip;]<\/p>","protected":false},"featured_media":11667,"comment_status":"open","ping_status":"closed","template":"","meta":[],"product_brand":[],"product_cat":[194],"product_tag":[52,89,82,98,58,73,75,60,61,62],"class_list":{"0":"post-11574","1":"product","2":"type-product","3":"status-publish","4":"has-post-thumbnail","6":"product_cat-value-picks","7":"product_tag-certified","8":"product_tag-fengshui","9":"product_tag-light-green","10":"product_tag-necklace","11":"product_tag-new-arrivals","12":"product_tag-pendant","13":"product_tag-traditional","14":"product_tag-type-a-jadeite","15":"product_tag-unisex","16":"product_tag-yi-pin-qian-exclusive","18":"first","19":"instock","20":"sale","21":"shipping-taxable","22":"purchasable","23":"product-type-simple"},"_links":{"self":[{"href":"https:\/\/shop.yipinqian.com\/pt\/wp-json\/wp\/v2\/product\/11574","targetHints":{"allow":["GET"]}}],"collection":[{"href":"https:\/\/shop.yipinqian.com\/pt\/wp-json\/wp\/v2\/product"}],"about":[{"href":"https:\/\/shop.yipinqian.com\/pt\/wp-json\/wp\/v2\/types\/product"}],"replies":[{"embeddable":true,"href":"https:\/\/shop.yipinqian.com\/pt\/wp-json\/wp\/v2\/comments?post=11574"}],"version-history":[{"count":0,"href":"https:\/\/shop.yipinqian.com\/pt\/wp-json\/wp\/v2\/product\/11574\/revisions"}],"wp:featuredmedia":[{"embeddable":true,"href":"https:\/\/shop.yipinqian.com\/pt\/wp-json\/wp\/v2\/media\/11667"}],"wp:attachment":[{"href":"https:\/\/shop.yipinqian.com\/pt\/wp-json\/wp\/v2\/media?parent=11574"}],"wp:term":[{"taxonomy":"product_brand","embeddable":true,"href":"https:\/\/shop.yipinqian.com\/pt\/wp-json\/wp\/v2\/product_brand?post=11574"},{"taxonomy":"product_cat","embeddable":true,"href":"https:\/\/shop.yipinqian.com\/pt\/wp-json\/wp\/v2\/product_cat?post=11574"},{"taxonomy":"product_tag","embeddable":true,"href":"https:\/\/shop.yipinqian.com\/pt\/wp-json\/wp\/v2\/product_tag?post=11574"}],"curies":[{"name":"wp","href":"https:\/\/api.w.org\/{rel}","templated":true}]}}