{"id":11118,"date":"2024-11-13T13:56:51","date_gmt":"2024-11-13T05:56:51","guid":{"rendered":"https:\/\/shop.yipinqian.com\/singapore-new-arrival-light-green-light-lavender-natural-type-a-jadeite-jade-crafted-with-shape-of-dounut-as-pendant-certificate-weighs-15-63-grams-measurement-35-9-6-mm-pendant324\/"},"modified":"2025-01-09T01:24:11","modified_gmt":"2025-01-08T17:24:11","slug":"singapore-new-arrival-light-green-light-lavender-natural-type-a-jadeite-jade-crafted-with-shape-of-dounut-as-pendant-certificate-weighs-15-63-grams-measurement-35-9-6-mm-pendant324","status":"publish","type":"product","link":"https:\/\/shop.yipinqian.com\/pt\/produto\/singapore-new-arrival-light-green-light-lavender-natural-type-a-jadeite-jade-crafted-with-shape-of-dounut-as-pendant-certificate-weighs-15-63-grams-measurement-35-9-6-mm-pendant324\/","title":{"rendered":"Nova chegada em Cingapura, verde claro, lil\u00e1s claro, jade\u00edte natural tipo A, trabalhada com formato de donut, pois o certificado do pingente pesa 15,63 gramas, medindo 35,9 * 6 mm (pendant324)"},"content":{"rendered":"<p>This Singapore New Arrival pendant features a stunning combination of Light Green and Light Lavender Natural Type A Jadeite Jade, crafted in the shape of a donut. The pendant, weighing 15.63 grams and measuring 35.9 * 6 mm, exudes elegance and style.<\/p>\n<p><\/p>\n<p>Certificate numbers: GD2111H005239<\/p>\n<p><img fetchpriority=\"high\" decoding=\"async\" src=\"https:\/\/shop.yipinqian.com\/wp-content\/uploads\/2024\/11\/175c3dd45a374c419ebc94d16a3fa59etplv-aphluv4xwc-origin-jpeg.jpeg?dr=15568&#038;nonce=86391&#038;refresh_token=239c4c06ce83884e973f1a530efd132a&#038;from=476444299&#038;idc=my&#038;ps=933b5bde&#038;shcp=9b759fb9&#038;shp=1c65f68b&#038;t=555f072d\" width=\"1080\" height=\"1080\"><\/p>\n<ul>\n<li>\n<strong>Material:<\/strong> Jade\u00edta Natural Tipo A Jade<\/li>\n<li>\n<strong>Shape:<\/strong> Donut Pendant<\/li>\n<li>\n<strong>Certificado:<\/strong> Sim<\/li>\n<li>\n<strong>Tipo de Jade:<\/strong> Jade\u00edta<\/li>\n<li>\n<strong>Natural Weight:<\/strong> 15.63 grams<\/li>\n<li>\n<strong>Feito em:<\/strong>Singapore (Country of Origin: Myanmar)<\/li>\n<li>Ooccasion: Daily (Necklace Style: Casual) This exquisite pendant is perfect for daily wear or special occasions, adding a touch of sophistication to any outfit..<\/li>\n<\/ul>\n<p><img decoding=\"async\" src=\"https:\/\/shop.yipinqian.com\/wp-content\/uploads\/2024\/11\/e02daad6e34343fe98ec1e41ed2a80eatplv-aphluv4xwc-origin-jpeg.jpeg?dr=15568&#038;nonce=41120&#038;refresh_token=f0ea7a62f70de1df8cb434d209e29b7a&#038;from=476444299&#038;idc=my&#038;ps=933b5bde&#038;shcp=9b759fb9&#038;shp=1c65f68b&#038;t=555f072d\" width=\"1080\" height=\"1080\"><\/p>\n<p><strong>A jade\u00edta natural n\u00e3o \u00e9 perfeita, apenas um lembrete gentil, nossa jade\u00edta natural, como todas as coisas bonitas da natureza, vem com suas caracter\u00edsticas e varia\u00e7\u00f5es \u00fanicas. Convidamos nossos valiosos clientes a abra\u00e7ar essas varia\u00e7\u00f5es naturais. Boas compras!<\/strong><\/p>\n<p><\/p>\n<p><strong><u>Nenhuma das fotos e filmagens de v\u00eddeo foram filtradas. Incentivamos nossos clientes a tamb\u00e9m assistirem aos v\u00eddeos que os acompanham para uma vis\u00e3o mais abrangente de nossos produtos<\/u><\/strong><\/p>\n<p><\/p>\n<ul>\n<li>Diferentes plataformas s\u00f3 podem visualizar v\u00eddeos por meio do Desktop<\/li>\n<\/ul>","protected":false},"excerpt":{"rendered":"<p>This Singapore New Arrival pendant features a stunning combination of Light Green and Light Lavender Natural Type A Jadeite Jade, crafted in the shape of a donut. The pendant, weighing 15.63 grams and measuring 35.9 * 6 mm, exudes elegance and style. Certificate numbers: GD2111H005239 Material: Natural Type A Jadeite Jade Shape: Donut Pendant Certificate: [&hellip;]<\/p>","protected":false},"featured_media":11213,"comment_status":"open","ping_status":"closed","template":"","meta":[],"product_brand":[],"product_cat":[83,126,48],"product_tag":[52,55,82,108,58,73,75,60,61,62],"class_list":{"0":"post-11118","1":"product","2":"type-product","3":"status-publish","4":"has-post-thumbnail","6":"product_cat-jade-necklaces-pendants","7":"product_cat-new-arrivals","8":"product_cat-pendants","9":"product_tag-certified","10":"product_tag-jadeite","11":"product_tag-light-green","12":"product_tag-light-lavender","13":"product_tag-new-arrivals","14":"product_tag-pendant","15":"product_tag-traditional","16":"product_tag-type-a-jadeite","17":"product_tag-unisex","18":"product_tag-yi-pin-qian-exclusive","20":"first","21":"instock","22":"sale","23":"shipping-taxable","24":"purchasable","25":"product-type-simple"},"_links":{"self":[{"href":"https:\/\/shop.yipinqian.com\/pt\/wp-json\/wp\/v2\/product\/11118","targetHints":{"allow":["GET"]}}],"collection":[{"href":"https:\/\/shop.yipinqian.com\/pt\/wp-json\/wp\/v2\/product"}],"about":[{"href":"https:\/\/shop.yipinqian.com\/pt\/wp-json\/wp\/v2\/types\/product"}],"replies":[{"embeddable":true,"href":"https:\/\/shop.yipinqian.com\/pt\/wp-json\/wp\/v2\/comments?post=11118"}],"version-history":[{"count":0,"href":"https:\/\/shop.yipinqian.com\/pt\/wp-json\/wp\/v2\/product\/11118\/revisions"}],"wp:featuredmedia":[{"embeddable":true,"href":"https:\/\/shop.yipinqian.com\/pt\/wp-json\/wp\/v2\/media\/11213"}],"wp:attachment":[{"href":"https:\/\/shop.yipinqian.com\/pt\/wp-json\/wp\/v2\/media?parent=11118"}],"wp:term":[{"taxonomy":"product_brand","embeddable":true,"href":"https:\/\/shop.yipinqian.com\/pt\/wp-json\/wp\/v2\/product_brand?post=11118"},{"taxonomy":"product_cat","embeddable":true,"href":"https:\/\/shop.yipinqian.com\/pt\/wp-json\/wp\/v2\/product_cat?post=11118"},{"taxonomy":"product_tag","embeddable":true,"href":"https:\/\/shop.yipinqian.com\/pt\/wp-json\/wp\/v2\/product_tag?post=11118"}],"curies":[{"name":"wp","href":"https:\/\/api.w.org\/{rel}","templated":true}]}}