{"id":11110,"date":"2024-11-13T13:56:41","date_gmt":"2024-11-13T05:56:41","guid":{"rendered":"https:\/\/shop.yipinqian.com\/sg-new-arrival-big-and-thick-natural-type-a-brownish-yellow-jadeite-jade-set-on-s925-adjustable-ring-certificate-weighs-3-5-grams-measurement-13-8-12-6-5-6-mm-s925ring20\/"},"modified":"2025-01-09T01:24:52","modified_gmt":"2025-01-08T17:24:52","slug":"sg-new-arrival-big-and-thick-natural-type-a-brownish-yellow-jadeite-jade-set-on-s925-adjustable-ring-certificate-weighs-3-5-grams-measurement-13-8-12-6-5-6-mm-s925ring20","status":"publish","type":"product","link":"https:\/\/shop.yipinqian.com\/pt\/produto\/sg-new-arrival-big-and-thick-natural-type-a-brownish-yellow-jadeite-jade-set-on-s925-adjustable-ring-certificate-weighs-3-5-grams-measurement-13-8-12-6-5-6-mm-s925ring20\/","title":{"rendered":"SG Nova Chegada Grande e Grosso Natural Tipo A Jade\u00edta Amarelo Acastanhado Jade definido em Anel ajust\u00e1vel S925 certificado pesa 3,5 gramas, medida 13,8 * 12,6 * 5,6 mm (s925ring20)"},"content":{"rendered":"<p>Este novo conjunto de jade\u00edte amarelo-amarronzada natural tipo A, grande e grosso, da SG, em um anel ajust\u00e1vel S925 \u00e9 uma adi\u00e7\u00e3o impressionante \u00e0 sua cole\u00e7\u00e3o de joias.<\/p>\n<p><\/p>\n<p>N\u00fameros de certificado: GD2111H017519<\/p>\n<p><img fetchpriority=\"high\" decoding=\"async\" src=\"https:\/\/shop.yipinqian.com\/wp-content\/uploads\/2024\/11\/fb0dcc11baca486dbee1d2a362e8cd6atplv-aphluv4xwc-origin-jpeg.jpeg?dr=15568&#038;nonce=7121&#038;refresh_token=6be8b773125f6915f2a09277496151de&#038;from=476444299&#038;idc=my&#038;ps=933b5bde&#038;shcp=9b759fb9&#038;shp=1c65f68b&#038;t=555f072d\" width=\"1080\" height=\"1080\"><\/p>\n<ul>\n<li>\n<strong>Material:<\/strong> Configura\u00e7\u00e3o S925<\/li>\n<li>\n<strong>Tipo de Jade:<\/strong> Jade\u00edta<\/li>\n<li>\n<strong>Certificado:<\/strong> Sim<\/li>\n<li>\n<strong>Pa\u00eds de origem:<\/strong> Mianmar<\/li>\n<li><strong>Ocasi\u00e3o: Diariamente<\/strong><\/li>\n<li><strong>Pesando 3,5 gramas e medindo 13,8 * 12,6 * 5,6 mm, este anel requintado exala eleg\u00e2ncia e charme, tornando-o perfeito para uso di\u00e1rio. Nenhuma garantia \u00e9 oferecida com este produto.<\/strong><\/li>\n<\/ul>\n<p><img decoding=\"async\" src=\"https:\/\/shop.yipinqian.com\/wp-content\/uploads\/2024\/11\/3bb1b161bc3e4703aa04f80142bf56a7tplv-aphluv4xwc-origin-jpeg.jpeg?dr=15568&#038;nonce=15564&#038;refresh_token=60c8560b9f5316100c2ed7995ee5f5e8&#038;from=476444299&#038;idc=my&#038;ps=933b5bde&#038;shcp=9b759fb9&#038;shp=1c65f68b&#038;t=555f072d\" width=\"1080\" height=\"1080\"><\/p>","protected":false},"excerpt":{"rendered":"<p>Este SG New Arrival Grande e Grosso Natural Tipo A Amarelo Acastanhado Jade\u00edte Jade definido em S925 Anel ajust\u00e1vel \u00e9 uma adi\u00e7\u00e3o impressionante para sua cole\u00e7\u00e3o de joias. N\u00fameros de certificado: GD2111H017519 Material: S925 Tipo de configura\u00e7\u00e3o Jade: Jade\u00edte Certificado: Sim Pa\u00eds de origem: Myanmar Ocasi\u00e3o: Diariamente Pesando 3,5 gramas e medindo 13,8 * 12,6 * 5,6 mm, [\u2026]<\/p>","protected":false},"featured_media":11157,"comment_status":"open","ping_status":"closed","template":"","meta":[],"product_brand":[],"product_cat":[80,126,125],"product_tag":[101,139,64,52,92,65,55,58,71,67,60,68,62],"class_list":{"0":"post-11110","1":"product","2":"type-product","3":"status-publish","4":"has-post-thumbnail","6":"product_cat-jade-rings","7":"product_cat-new-arrivals","8":"product_cat-s925-settings-jadeites","9":"product_tag-adjustable","10":"product_tag-brown","11":"product_tag-cabochon","12":"product_tag-certified","13":"product_tag-free-size","14":"product_tag-high-quality","15":"product_tag-jadeite","16":"product_tag-new-arrivals","17":"product_tag-ring","18":"product_tag-s925","19":"product_tag-type-a-jadeite","20":"product_tag-yellow","21":"product_tag-yi-pin-qian-exclusive","23":"first","24":"instock","25":"sale","26":"shipping-taxable","27":"purchasable","28":"product-type-simple"},"_links":{"self":[{"href":"https:\/\/shop.yipinqian.com\/pt\/wp-json\/wp\/v2\/product\/11110","targetHints":{"allow":["GET"]}}],"collection":[{"href":"https:\/\/shop.yipinqian.com\/pt\/wp-json\/wp\/v2\/product"}],"about":[{"href":"https:\/\/shop.yipinqian.com\/pt\/wp-json\/wp\/v2\/types\/product"}],"replies":[{"embeddable":true,"href":"https:\/\/shop.yipinqian.com\/pt\/wp-json\/wp\/v2\/comments?post=11110"}],"version-history":[{"count":0,"href":"https:\/\/shop.yipinqian.com\/pt\/wp-json\/wp\/v2\/product\/11110\/revisions"}],"wp:featuredmedia":[{"embeddable":true,"href":"https:\/\/shop.yipinqian.com\/pt\/wp-json\/wp\/v2\/media\/11157"}],"wp:attachment":[{"href":"https:\/\/shop.yipinqian.com\/pt\/wp-json\/wp\/v2\/media?parent=11110"}],"wp:term":[{"taxonomy":"product_brand","embeddable":true,"href":"https:\/\/shop.yipinqian.com\/pt\/wp-json\/wp\/v2\/product_brand?post=11110"},{"taxonomy":"product_cat","embeddable":true,"href":"https:\/\/shop.yipinqian.com\/pt\/wp-json\/wp\/v2\/product_cat?post=11110"},{"taxonomy":"product_tag","embeddable":true,"href":"https:\/\/shop.yipinqian.com\/pt\/wp-json\/wp\/v2\/product_tag?post=11110"}],"curies":[{"name":"wp","href":"https:\/\/api.w.org\/{rel}","templated":true}]}}