{"id":11062,"date":"2024-11-13T13:55:51","date_gmt":"2024-11-13T05:55:51","guid":{"rendered":"https:\/\/shop.yipinqian.com\/new-arrival-singapore-high-quality-green-with-yellow-crafted-as-milo-buddha-on-natural-type-a-jadeite-jade-as-pendant-with-certificate-weighs-41-79-grams-measurement-63-2-39-9-10-7-mm-pendant323\/"},"modified":"2025-02-24T01:17:24","modified_gmt":"2025-02-23T17:17:24","slug":"new-arrival-singapore-high-quality-green-with-yellow-crafted-as-milo-buddha-on-natural-type-a-jadeite-jade-as-pendant-with-certificate-weighs-41-79-grams-measurement-63-2-39-9-10-7-mm-pendant323","status":"publish","type":"product","link":"https:\/\/shop.yipinqian.com\/pt\/produto\/new-arrival-singapore-high-quality-green-with-yellow-crafted-as-milo-buddha-on-natural-type-a-jadeite-jade-as-pendant-with-certificate-weighs-41-79-grams-measurement-63-2-39-9-10-7-mm-pendant323\/","title":{"rendered":"Nova chegada em Cingapura \u2013 Verde de alta qualidade com amarelo, criado como Buda Milo em jade\u00edte natural tipo A, como pingente com certificado pesa 41,79 gramas, medindo 63,2 * 39,9 * 10,7 mm (pendant323)"},"content":{"rendered":"<p>Apresentando o novo pingente Singapore com um design de Buda Milo feito em verde com amarelo de alta qualidade em jade\u00edta natural tipo A. Este pingente requintado vem com um certificado de autenticidade, pesando 41,79 gramas e medindo 63,2 * 39,9 * 10,7 mm.<\/p>\n<p><\/p>\n<p>N\u00fameros de certificado: 920660034121<\/p>\n<p><img fetchpriority=\"high\" decoding=\"async\" src=\"https:\/\/shop.yipinqian.com\/wp-content\/uploads\/2024\/11\/7c4ea7b9ab84465b8623c68a2073e75ftplv-aphluv4xwc-origin-jpeg.jpeg?dr=15568&#038;nonce=83712&#038;refresh_token=a323e3c7c871048035e13949ea9891c3&#038;from=476444299&#038;idc=my&#038;ps=933b5bde&#038;shcp=9b759fb9&#038;shp=1c65f68b&#038;t=555f072d\" width=\"1080\" height=\"1080\"><\/p>\n<ul>\n<li><strong>Principais caracter\u00edsticas:<\/strong><\/li>\n<li>Artesanato de alta qualidade<\/li>\n<li>Jade\u00edta Natural Tipo A Jade<\/li>\n<li>Design de Buda Milo<\/li>\n<li>Pesa 41,79 gramas<\/li>\n<li>Vem com Certificado de Autenticidade<\/li>\n<\/ul>\n<p><img decoding=\"async\" src=\"https:\/\/shop.yipinqian.com\/wp-content\/uploads\/2024\/11\/fe047e362f5f4cacbf4c2523c4cafec3tplv-aphluv4xwc-origin-jpeg.jpeg?dr=15568&#038;nonce=81041&#038;refresh_token=68caadfa6ac334918a5dcd2ada22beb9&#038;from=476444299&#038;idc=my&#038;ps=933b5bde&#038;shcp=9b759fb9&#038;shp=1c65f68b&#038;t=555f072d\" width=\"1080\" height=\"1080\"><img decoding=\"async\" src=\"https:\/\/shop.yipinqian.com\/wp-content\/uploads\/2024\/11\/d6605ff4aea94e6892150673d3330b73tplv-aphluv4xwc-origin-jpeg.jpeg?dr=15568&#038;nonce=28071&#038;refresh_token=2d5cb474817ebe8ddb3189714eb33c8d&#038;from=476444299&#038;idc=my&#038;ps=933b5bde&#038;shcp=9b759fb9&#038;shp=1c65f68b&#038;t=555f072d\" width=\"1080\" height=\"1080\"><\/p>\n<p>Este pingente deslumbrante \u00e9 origin\u00e1rio de Myanmar, conhecido por produzir pe\u00e7as de joalheria de jade de alta qualidade, perfeitas para ocasi\u00f5es auspiciosas. O design unissex o torna adequado para qualquer um que queira adicionar um toque de eleg\u00e2ncia ao seu estilo.<\/p>\n<ul>\n<li><strong>Detalhes do produto:<\/strong><\/li>\n<\/ul>\n<ul>\n<li>Certificado: Sim, Pa\u00eds de origem: Mianmar Ocasi\u00e3o: Auspicioso Tipo de garantia: N\u00e3o G\u00eanero: Unissex Tipo de jade: Jade\u00edta Estilo de colar Casual<\/li>\n<\/ul>\n<p>Yi Pin Qian \u2013 Um negociante de pedras preciosas e metais preciosos em Cingapura \u2013 N\u00famero de licen\u00e7a PS20190000031<\/p>\n<p><\/p>\n<p>*Todos os Jadeites comprados de Yi Pin Qian em Cingapura, os clientes podem reservar hor\u00e1rios para polimento ou pequenos reparos por manuseio incorreto - taxas se aplicam e somente para clientes de Yi Pin Qian em Cingapura*<\/p>\n<p><\/p>\n<p><strong>**Tipos de Certificados**<\/strong><\/p>\n<p><\/p>\n<p><strong>NGI (Nan Yang Gemol\u00f3gico)<\/strong><\/p>\n<p>ou <strong>Certificados no exterior <\/strong>(Yi Pin Qian usa apenas certificados aut\u00eanticos de laborat\u00f3rios estrangeiros e tamb\u00e9m controla a qualidade de cada um dos nossos produtos antes de coloc\u00e1-los \u00e0 venda em Cingapura)<\/p>\n<p><\/p>\n<p>Cada produto no TikTok ter\u00e1 o tipo de certificado fornecido indicado na descri\u00e7\u00e3o. Para qualquer cliente que deseje enviar seu pedido para a NGI Singapore, haver\u00e1 um tempo de espera para entrega do pedido estimado em torno de 4 semanas para receber seu pedido. <strong>As solicita\u00e7\u00f5es de relat\u00f3rios de pedras preciosas da NGI precisam ser feitas por mensagem.<\/strong> Obrigado, <strong><u>taxas extras se aplicam<\/u><\/strong>.<\/p>\n<p><\/p>\n<p><strong>A jade\u00edta natural n\u00e3o \u00e9 perfeita, apenas um lembrete gentil, nossa jade\u00edta natural, como todas as coisas bonitas da natureza, vem com suas caracter\u00edsticas e varia\u00e7\u00f5es \u00fanicas. Convidamos nossos valiosos clientes a abra\u00e7ar essas varia\u00e7\u00f5es naturais. Boas compras!<\/strong><\/p>\n<p><\/p>\n<p><strong><u>Nenhuma das fotos e filmagens de v\u00eddeo foram filtradas. Incentivamos nossos clientes a tamb\u00e9m assistirem aos v\u00eddeos que os acompanham para uma vis\u00e3o mais abrangente de nossos produtos<\/u><\/strong><\/p>\n<p><\/p>\n<ul>\n<li>Diferentes plataformas s\u00f3 podem visualizar v\u00eddeos por meio do Desktop<\/li>\n<\/ul>","protected":false},"excerpt":{"rendered":"<p>Introducing the New Arrival Singapore pendant featuring a High Quality Green with Yellow Crafted Milo Buddha design on Natural Type A Jadeite Jade. This exquisite pendant comes with a certificate of authenticity, weighing 41.79 grams and measuring 63.2 * 39.9 * 10.7 mm. Certificate numbers: 920660034121 Key Features: High Quality Craftsmanship Natural Type A Jadeite [&hellip;]<\/p>","protected":false},"featured_media":11088,"comment_status":"open","ping_status":"closed","template":"","meta":[],"product_brand":[],"product_cat":[195],"product_tag":[51,52,70,65,55,57,58,73,59,60,61,68,62],"class_list":{"0":"post-11062","1":"product","2":"type-product","3":"status-publish","4":"has-post-thumbnail","6":"product_cat-heirloom-grade","7":"product_tag-buddha","8":"product_tag-certified","9":"product_tag-green","10":"product_tag-high-quality","11":"product_tag-jadeite","12":"product_tag-milo-buddha","13":"product_tag-new-arrivals","14":"product_tag-pendant","15":"product_tag-translucent","16":"product_tag-type-a-jadeite","17":"product_tag-unisex","18":"product_tag-yellow","19":"product_tag-yi-pin-qian-exclusive","21":"first","22":"instock","23":"sale","24":"shipping-taxable","25":"purchasable","26":"product-type-simple"},"_links":{"self":[{"href":"https:\/\/shop.yipinqian.com\/pt\/wp-json\/wp\/v2\/product\/11062","targetHints":{"allow":["GET"]}}],"collection":[{"href":"https:\/\/shop.yipinqian.com\/pt\/wp-json\/wp\/v2\/product"}],"about":[{"href":"https:\/\/shop.yipinqian.com\/pt\/wp-json\/wp\/v2\/types\/product"}],"replies":[{"embeddable":true,"href":"https:\/\/shop.yipinqian.com\/pt\/wp-json\/wp\/v2\/comments?post=11062"}],"version-history":[{"count":0,"href":"https:\/\/shop.yipinqian.com\/pt\/wp-json\/wp\/v2\/product\/11062\/revisions"}],"wp:featuredmedia":[{"embeddable":true,"href":"https:\/\/shop.yipinqian.com\/pt\/wp-json\/wp\/v2\/media\/11088"}],"wp:attachment":[{"href":"https:\/\/shop.yipinqian.com\/pt\/wp-json\/wp\/v2\/media?parent=11062"}],"wp:term":[{"taxonomy":"product_brand","embeddable":true,"href":"https:\/\/shop.yipinqian.com\/pt\/wp-json\/wp\/v2\/product_brand?post=11062"},{"taxonomy":"product_cat","embeddable":true,"href":"https:\/\/shop.yipinqian.com\/pt\/wp-json\/wp\/v2\/product_cat?post=11062"},{"taxonomy":"product_tag","embeddable":true,"href":"https:\/\/shop.yipinqian.com\/pt\/wp-json\/wp\/v2\/product_tag?post=11062"}],"curies":[{"name":"wp","href":"https:\/\/api.w.org\/{rel}","templated":true}]}}