{"id":9017,"date":"2024-10-28T20:04:42","date_gmt":"2024-10-28T12:04:42","guid":{"rendered":"https:\/\/shop.yipinqian.com\/product\/high-quality-light-green-hue-with-yellow-patches-natural-type-a-jadeite-jade-crafted-as-the-flying-pixiu-as-pendant-certificate-weighs-85-45-grams-measurement-54-54-6-14-6-mm-pendant312\/"},"modified":"2025-02-24T00:49:49","modified_gmt":"2025-02-23T16:49:49","slug":"high-quality-light-green-hue-with-yellow-patches-natural-type-a-jadeite-jade-crafted-as-the-flying-pixiu-as-pendant-certificate-weighs-85-45-grams-measurement-54-54-6-14-6-mm-pendant312","status":"publish","type":"product","link":"https:\/\/shop.yipinqian.com\/fr\/produit\/high-quality-light-green-hue-with-yellow-patches-natural-type-a-jadeite-jade-crafted-as-the-flying-pixiu-as-pendant-certificate-weighs-85-45-grams-measurement-54-54-6-14-6-mm-pendant312\/","title":{"rendered":"Jade jad\u00e9ite naturel de type A de haute qualit\u00e9, teinte vert clair avec taches jaunes, fabriqu\u00e9 comme le pixiu volant comme pendentif, certificat p\u00e8se 85,45 grammes, mesure 54 * 54,6 * 14,6 mm (pendentif312)"},"content":{"rendered":"<p>Rehaussez votre style avec ce superbe pendentif en jade jad\u00e9ite naturel de type A de haute qualit\u00e9, de teinte vert clair avec des taches jaunes, fabriqu\u00e9 sous la forme d&#039;un pixiu volant.<\/p>\n<p><\/p>\n<p>Num\u00e9ros de certificat : 911289030030<\/p>\n<p><img fetchpriority=\"high\" decoding=\"async\" src=\"https:\/\/shop.yipinqian.com\/wp-content\/uploads\/2024\/10\/c484a818873e4589a42ffac1ee8ff068tplv-aphluv4xwc-origin-jpeg.jpeg?dr=15568&amp;nonce=50425&amp;refresh_token=5980ba91b6bd6dc99824636eb3321fed&amp;from=476444299&amp;idc=my&amp;ps=933b5bde&amp;shcp=9b759fb9&amp;shp=1c65f68b&amp;t=555f072d\" width=\"1080\" height=\"1080\"><\/p>\n<ul>\n<li>\n<strong>Mat\u00e9riel:<\/strong> Jade jad\u00e9ite naturelle de type A<\/li>\n<li>\n<strong>Couleur:<\/strong> Vert clair avec des taches jaunes<\/li>\n<li>\n<strong>P\u00e8se :<\/strong> 85,45 grammes<\/li>\n<li>\n<strong>Certificat:<\/strong> Oui<\/li>\n<li>\n<strong>Pays d&#039;origine certifi\u00e9 :<\/strong> Birmanie<\/li>\n<li>\n<strong>Occasion:<\/strong>Propice<\/li>\n<li>Le pendentif mesure 54 * 54,6 * 14,6 mm, ce qui en fait une pi\u00e8ce remarquable \u00e0 la fois \u00e9l\u00e9gante et unique.<\/li>\n<li>Cette pi\u00e8ce pr\u00e9sente un design unisexe, adapt\u00e9 aussi bien aux hommes qu&#039;aux femmes. Le style du collier est d\u00e9contract\u00e9, parfait pour un usage quotidien ou pour des occasions sp\u00e9ciales. Ajoutez une touche de myst\u00e8re et de tradition \u00e0 votre collection de bijoux avec ce superbe pendentif en jade.<\/li>\n<\/ul>\n<p><img decoding=\"async\" src=\"https:\/\/shop.yipinqian.com\/wp-content\/uploads\/2024\/10\/157711a86d524723b3aea762bd106a89tplv-aphluv4xwc-origin-jpeg.jpeg?dr=15568&amp;nonce=90723&amp;refresh_token=6b975ff5da69dee0ff807d506214685a&amp;from=476444299&amp;idc=my&amp;ps=933b5bde&amp;shcp=9b759fb9&amp;shp=1c65f68b&amp;t=555f072d\" width=\"1080\" height=\"1080\"><\/p>\n<p><strong>La jad\u00e9ite naturelle n&#039;est pas parfaite, juste un petit rappel : notre jad\u00e9ite naturelle, comme toutes les belles choses de la nature, poss\u00e8de ses caract\u00e9ristiques et ses variations uniques. Nous invitons nos pr\u00e9cieux clients \u00e0 adopter ces variations naturelles. Bon shopping !<\/strong><\/p>\n<p><\/p>\n<p><strong><u>Aucune des photos et des s\u00e9quences vid\u00e9o n&#039;a \u00e9t\u00e9 filtr\u00e9e. Nous encourageons nos clients \u00e0 regarder \u00e9galement les vid\u00e9os d&#039;accompagnement pour une vue plus compl\u00e8te de nos produits<\/u><\/strong><\/p>\n<p><\/p>\n<ul>\n<li>Diff\u00e9rentes plates-formes ne peuvent visionner des vid\u00e9os que via le bureau<\/li>\n<\/ul>","protected":false},"excerpt":{"rendered":"<p>Enhance your style with this exquisite High Quality Light Green Hue with Yellow Patches Natural Type A Jadeite Jade pendant, crafted in the shape of a flying pixiu. Certificate numbers: 911289030030 Material: Natural Type A Jadeite Jade Color: Light Green with Yellow Patches Weighs: 85.45 grams Certificate: Yes Certified Country of Origin: Myanmar Ocassion:Auspicious The [&hellip;]<\/p>","protected":false},"featured_media":9155,"comment_status":"open","ping_status":"closed","template":"","meta":[],"product_brand":[],"product_cat":[194],"product_tag":[79,65,55,56,58,73,85,60,61,68,62],"class_list":{"0":"post-9017","1":"product","2":"type-product","3":"status-publish","4":"has-post-thumbnail","6":"product_cat-value-picks","7":"product_tag-green-hue","8":"product_tag-high-quality","9":"product_tag-jadeite","10":"product_tag-limited-editions","11":"product_tag-new-arrivals","12":"product_tag-pendant","13":"product_tag-pixiu","14":"product_tag-type-a-jadeite","15":"product_tag-unisex","16":"product_tag-yellow","17":"product_tag-yi-pin-qian-exclusive","19":"first","20":"instock","21":"sale","22":"shipping-taxable","23":"purchasable","24":"product-type-simple"},"_links":{"self":[{"href":"https:\/\/shop.yipinqian.com\/fr\/wp-json\/wp\/v2\/product\/9017","targetHints":{"allow":["GET"]}}],"collection":[{"href":"https:\/\/shop.yipinqian.com\/fr\/wp-json\/wp\/v2\/product"}],"about":[{"href":"https:\/\/shop.yipinqian.com\/fr\/wp-json\/wp\/v2\/types\/product"}],"replies":[{"embeddable":true,"href":"https:\/\/shop.yipinqian.com\/fr\/wp-json\/wp\/v2\/comments?post=9017"}],"version-history":[{"count":0,"href":"https:\/\/shop.yipinqian.com\/fr\/wp-json\/wp\/v2\/product\/9017\/revisions"}],"wp:featuredmedia":[{"embeddable":true,"href":"https:\/\/shop.yipinqian.com\/fr\/wp-json\/wp\/v2\/media\/9155"}],"wp:attachment":[{"href":"https:\/\/shop.yipinqian.com\/fr\/wp-json\/wp\/v2\/media?parent=9017"}],"wp:term":[{"taxonomy":"product_brand","embeddable":true,"href":"https:\/\/shop.yipinqian.com\/fr\/wp-json\/wp\/v2\/product_brand?post=9017"},{"taxonomy":"product_cat","embeddable":true,"href":"https:\/\/shop.yipinqian.com\/fr\/wp-json\/wp\/v2\/product_cat?post=9017"},{"taxonomy":"product_tag","embeddable":true,"href":"https:\/\/shop.yipinqian.com\/fr\/wp-json\/wp\/v2\/product_tag?post=9017"}],"curies":[{"name":"wp","href":"https:\/\/api.w.org\/{rel}","templated":true}]}}