{"id":9014,"date":"2024-10-28T20:04:40","date_gmt":"2024-10-28T12:04:40","guid":{"rendered":"https:\/\/shop.yipinqian.com\/product\/high-quality-good-translucent-light-green-hue-natural-type-a-jadeite-jade-crafted-as-bean-set-on-18k-gold-as-pendant-necklace-certificate-weighs-6-88-grams-18kp68\/"},"modified":"2025-02-24T01:17:24","modified_gmt":"2025-02-23T17:17:24","slug":"high-quality-good-translucent-light-green-hue-natural-type-a-jadeite-jade-crafted-as-bean-set-on-18k-gold-as-pendant-necklace-certificate-weighs-6-88-grams-18kp68","status":"publish","type":"product","link":"https:\/\/shop.yipinqian.com\/fr\/produit\/high-quality-good-translucent-light-green-hue-natural-type-a-jadeite-jade-crafted-as-bean-set-on-18k-gold-as-pendant-necklace-certificate-weighs-6-88-grams-18kp68\/","title":{"rendered":"Jade jad\u00e9ite naturelle de type A de bonne qualit\u00e9, translucide, de bonne teinte verte, fabriqu\u00e9 sous forme de haricot, serti sur or 18 carats, comme certificat de collier pendentif, p\u00e8se 6,88 grammes (18kp68)"},"content":{"rendered":"<p>This High-Quality Natural Type A Jadeite Jade Pendant Necklace features a Good Translucent Light Green Hue, crafted in the shape of a Bean and set on 18k gold.<\/p>\n<p><\/p>\n<p>Certificate numbers: GD2204H011213<\/p>\n<p><\/p>\n<p>Measurement: 46.7 * 14.8 * 7.8 (with 18k Gold)<\/p>\n<p>Jadeite measurement: 35.7 * 13.2 * 6.5 mm<\/p>\n<p>18k Gold: 2.35 grams<\/p>\n<p>Diamonds: 19 * 0.003 = 0.057 carats<\/p>\n<p><img fetchpriority=\"high\" decoding=\"async\" src=\"https:\/\/shop.yipinqian.com\/wp-content\/uploads\/2024\/10\/481451cd830f4fe2b54c430f306c8750tplv-aphluv4xwc-origin-jpeg.jpeg?dr=15568&amp;nonce=64725&amp;refresh_token=0c672d3746f2ccd61deb1573b78d2228&amp;from=476444299&amp;idc=my&amp;ps=933b5bde&amp;shcp=9b759fb9&amp;shp=1c65f68b&amp;t=555f072d\" width=\"1080\" height=\"1080\"><\/p>\n<ul>\n<li>\n<strong>Mat\u00e9riel:<\/strong> Natural Type A Jadeite Jade, 18k gold<\/li>\n<li>\n<strong>Poids:<\/strong> 6.88 grams<\/li>\n<li>\n<strong>Certificat:<\/strong> Yes (18kp68)<\/li>\n<li>\n<strong>Type de jade :<\/strong> Jad\u00e9ite<\/li>\n<\/ul>\n<p><img decoding=\"async\" src=\"https:\/\/shop.yipinqian.com\/wp-content\/uploads\/2024\/10\/ac2cf4f9c964498e8d5eac1a2b60137btplv-aphluv4xwc-origin-jpeg.jpeg?dr=15568&amp;nonce=60472&amp;refresh_token=203de6c7aebf0ff2c517ad8665b5ff54&amp;from=476444299&amp;idc=my&amp;ps=933b5bde&amp;shcp=9b759fb9&amp;shp=1c65f68b&amp;t=555f072d\" width=\"1080\" height=\"1080\"><\/p>\n<p>The design of this pendant necklace exudes elegance and sophistication, making it suitable for daily wear for both men and women.<\/p>\n<ul>\n<li>This piece is accompanied by a certificate of authenticity ensuring the quality of the jade. The subtle green hue adds a touch of natural beauty to any casual outfit.<\/li>\n<\/ul>\n<p data-pm-slice=\"1 1 []\">Yi Pin Qian \u2013 N\u00e9gociant en pierres pr\u00e9cieuses et m\u00e9taux pr\u00e9cieux \u00e0 Singapour \u2013 Num\u00e9ro de licence PS20190000031<\/p>\n<p>\u00a0<\/p>\n<p>*Toutes les jad\u00e9ites achet\u00e9es chez Yi Pin Qian \u00e0 Singapour, les clients peuvent r\u00e9server des cr\u00e9neaux pour le polissage ou une r\u00e9paration mineure en cas de mauvaise manipulation - des frais s&#039;appliquent et uniquement pour les clients de Yi Pin Qian \u00e0 Singapour*<\/p>\n<p>\u00a0<\/p>\n<p><strong>**Types de certificats**<\/strong><\/p>\n<p>\u00a0<\/p>\n<p><strong>NGI (Nan Yang Gemmologie)<\/strong><\/p>\n<p>ou <strong>Certificats \u00e9trangers <\/strong>(Yi Pin Qian utilise uniquement des certificats authentiques provenant de laboratoires \u00e9trangers et contr\u00f4le \u00e9galement la qualit\u00e9 de chacun de nos produits avant de les mettre en vente \u00e0 Singapour)<\/p>\n<p>\u00a0<\/p>\n<p>Chaque produit sur TikTok aura le type de certificat fourni indiqu\u00e9 dans la description. Pour tout client souhaitant envoyer sa commande \u00e0 NGI Singapore, il y aura un d\u00e9lai d&#039;attente pour la livraison de la commande estim\u00e9 \u00e0 environ 4 semaines pour recevoir votre commande. <strong>Les demandes de rapport NGI Gemstone doivent \u00eatre effectu\u00e9es en nous envoyant un message.<\/strong> Merci, <strong><u>des frais suppl\u00e9mentaires s&#039;appliquent<\/u><\/strong>.<\/p>\n<p>\u00a0<\/p>\n<p><strong>La jad\u00e9ite naturelle n&#039;est pas parfaite, juste un petit rappel : notre jad\u00e9ite naturelle, comme toutes les belles choses de la nature, poss\u00e8de ses caract\u00e9ristiques et ses variations uniques. Nous invitons nos pr\u00e9cieux clients \u00e0 adopter ces variations naturelles. Bon shopping !<\/strong><\/p>\n<p>\u00a0<\/p>\n<p><strong><u>Aucune des photos et des s\u00e9quences vid\u00e9o n&#039;a \u00e9t\u00e9 filtr\u00e9e. Nous encourageons nos clients \u00e0 regarder \u00e9galement les vid\u00e9os d&#039;accompagnement pour une vue plus compl\u00e8te de nos produits<\/u><\/strong><\/p>\n<p>\u00a0<\/p>\n<ul>\n<li>Diff\u00e9rentes plates-formes ne peuvent visionner des vid\u00e9os que via le bureau<\/li>\n<\/ul>\n<p>\u00a0<\/p>","protected":false},"excerpt":{"rendered":"<p>This High-Quality Natural Type A Jadeite Jade Pendant Necklace features a Good Translucent Light Green Hue, crafted in the shape of a Bean and set on 18k gold. Certificate numbers: GD2204H011213 Measurement: 46.7 * 14.8 * 7.8 (with 18k Gold) Jadeite measurement: 35.7 * 13.2 * 6.5 mm 18k Gold: 2.35 grams Diamonds: 19 * [&hellip;]<\/p>","protected":false},"featured_media":9129,"comment_status":"open","ping_status":"closed","template":"","meta":[],"product_brand":[],"product_cat":[195],"product_tag":[50,52,88,53,79,65,82,56,58,73,59,60,61,62],"class_list":{"0":"post-9014","1":"product","2":"type-product","3":"status-publish","4":"has-post-thumbnail","6":"product_cat-heirloom-grade","7":"product_tag-18k-gold","8":"product_tag-certified","9":"product_tag-diamonds","10":"product_tag-fine-quality","11":"product_tag-green-hue","12":"product_tag-high-quality","13":"product_tag-light-green","14":"product_tag-limited-editions","15":"product_tag-new-arrivals","16":"product_tag-pendant","17":"product_tag-translucent","18":"product_tag-type-a-jadeite","19":"product_tag-unisex","20":"product_tag-yi-pin-qian-exclusive","22":"first","23":"instock","24":"sale","25":"shipping-taxable","26":"purchasable","27":"product-type-simple"},"_links":{"self":[{"href":"https:\/\/shop.yipinqian.com\/fr\/wp-json\/wp\/v2\/product\/9014","targetHints":{"allow":["GET"]}}],"collection":[{"href":"https:\/\/shop.yipinqian.com\/fr\/wp-json\/wp\/v2\/product"}],"about":[{"href":"https:\/\/shop.yipinqian.com\/fr\/wp-json\/wp\/v2\/types\/product"}],"replies":[{"embeddable":true,"href":"https:\/\/shop.yipinqian.com\/fr\/wp-json\/wp\/v2\/comments?post=9014"}],"version-history":[{"count":0,"href":"https:\/\/shop.yipinqian.com\/fr\/wp-json\/wp\/v2\/product\/9014\/revisions"}],"wp:featuredmedia":[{"embeddable":true,"href":"https:\/\/shop.yipinqian.com\/fr\/wp-json\/wp\/v2\/media\/9129"}],"wp:attachment":[{"href":"https:\/\/shop.yipinqian.com\/fr\/wp-json\/wp\/v2\/media?parent=9014"}],"wp:term":[{"taxonomy":"product_brand","embeddable":true,"href":"https:\/\/shop.yipinqian.com\/fr\/wp-json\/wp\/v2\/product_brand?post=9014"},{"taxonomy":"product_cat","embeddable":true,"href":"https:\/\/shop.yipinqian.com\/fr\/wp-json\/wp\/v2\/product_cat?post=9014"},{"taxonomy":"product_tag","embeddable":true,"href":"https:\/\/shop.yipinqian.com\/fr\/wp-json\/wp\/v2\/product_tag?post=9014"}],"curies":[{"name":"wp","href":"https:\/\/api.w.org\/{rel}","templated":true}]}}