{"id":9011,"date":"2024-10-28T20:04:36","date_gmt":"2024-10-28T12:04:36","guid":{"rendered":"https:\/\/shop.yipinqian.com\/product\/diy-crafting-with-enlightenment-hand-wrap-gf14k-as-pendant-on-natural-type-a-jadeite-jade-with-certificate-weighs-19-33-grams-made-in-singapore-pendant311\/"},"modified":"2025-01-26T00:00:48","modified_gmt":"2025-01-25T16:00:48","slug":"diy-crafting-with-enlightenment-hand-wrap-gf14k-as-pendant-on-natural-type-a-jadeite-jade-with-certificate-weighs-19-33-grams-made-in-singapore-pendant311","status":"publish","type":"product","link":"https:\/\/shop.yipinqian.com\/fr\/produit\/diy-crafting-with-enlightenment-hand-wrap-gf14k-as-pendant-on-natural-type-a-jadeite-jade-with-certificate-weighs-19-33-grams-made-in-singapore-pendant311\/","title":{"rendered":"# Vendu \u2013 Fabrication artisanale avec illumination, envelopp\u00e9 \u00e0 la main en GF14k comme pendentif sur du jade jad\u00e9ite naturel de type A avec certificat, p\u00e8se 19,33 grammes ~ Fabriqu\u00e9 \u00e0 Singapour (pendentif311)"},"content":{"rendered":"<p>Ce pendentif DIY Crafting with Enlightenment pr\u00e9sente un design GF14k envelopp\u00e9 \u00e0 la main sur un superbe jade jad\u00e9ite naturel de type A, pesant 19,33 grammes. Fabriqu\u00e9 \u00e0 Singapour, ce pendentif unique (pendentif311) est accompagn\u00e9 d&#039;un certificat d&#039;authenticit\u00e9.<\/p>\n<p>&nbsp;<\/p>\n<p><strong>Remarque : ce pendentif a \u00e9t\u00e9 con\u00e7u avec un design tr\u00e8s simple <u>ne convient pas aux collectionneurs haut de gamme exigeants <\/u>le poids sera diff\u00e9rent du certificat car il a \u00e9t\u00e9 refait \u00e0 neuf pour Enlightenment \u00e0 Singapour, achetez seulement si vous voulez obtenir quelque chose de diff\u00e9rent. GF14k n&#039;est pas 14k, c&#039;est un m\u00e9lange avec un tr\u00e8s faible pourcentage de 14k sur le m\u00e9tal pour un emballage DIY. Ce pendentif est pass\u00e9 par un processus de fabrication simple, de pon\u00e7age, de polissage et d&#039;emballage \u00e0 la main pour le laisser partir \u00e0 un prix sp\u00e9cial ~ nous le faisions juste pour le plaisir auparavant. Mais nous devenons de plus en plus occup\u00e9s avec de multiples t\u00e2ches pour l&#039;entreprise. (Veuillez r\u00e9fl\u00e9chir avant d&#039;acheter, car il s&#039;agit simplement d&#039;un pendentif de base de qualit\u00e9 normale)<\/strong><\/p>\n<p>&nbsp;<\/p>\n<p>Num\u00e9ros de certificat : ZS240319048<\/p>\n<p>Mesure: 65,5 *<em> 26.2 <\/em>* 7 mm (avec mesure d&#039;emballage)<\/p>\n<p><img fetchpriority=\"high\" decoding=\"async\" class=\"alignnone\" src=\"https:\/\/shop.yipinqian.com\/wp-content\/uploads\/2024\/10\/0cffdcd81f344ecc9628816f0a2fc1d0tplv-aphluv4xwc-origin-jpeg.jpeg?dr=15568&amp;nonce=57740&amp;refresh_token=700f48bf415eb2e05b510eb9ddb15c81&amp;from=476444299&amp;idc=my&amp;ps=933b5bde&amp;shcp=9b759fb9&amp;shp=1c65f68b&amp;t=555f072d\" alt=\"DIY Crafting with Enlightenment\" width=\"617\" height=\"576\" \/><img decoding=\"async\" src=\"https:\/\/shop.yipinqian.com\/wp-content\/uploads\/2024\/10\/e39ea073162b4c3fbf46deb8b774615atplv-aphluv4xwc-origin-jpeg.jpeg?dr=15568&amp;nonce=12251&amp;refresh_token=038368610a17194c74e5d63b44dc1e64&amp;from=476444299&amp;idc=my&amp;ps=933b5bde&amp;shcp=9b759fb9&amp;shp=1c65f68b&amp;t=555f072d\" width=\"624\" height=\"588\" \/><\/p>\n<ul>\n<li><strong>Avec certificat :<\/strong> Oui<\/li>\n<li><strong>Mat\u00e9riel secondaire :<\/strong> Aucun<\/li>\n<li><strong>Mat\u00e9riau de r\u00e9glage :<\/strong> GF14k<\/li>\n<li><strong>Type de jade :<\/strong> Jad\u00e9ite<\/li>\n<li>Pays d&#039;origine : Myanmar Id\u00e9al pour les hommes et les femmes, cet accessoire de collier d\u00e9contract\u00e9 respire l&#039;\u00e9l\u00e9gance et la sophistication. Une pi\u00e8ce parfaite \u00e0 ajouter \u00e0 votre collection de bijoux. Ce pendentif DIY est parfait pour ceux qui appr\u00e9cient les bijoux uniques. Id\u00e9al pour un usage quotidien ou pour des occasions sp\u00e9ciales, ajoutant une touche de beaut\u00e9 naturelle \u00e0 votre tenue.<\/li>\n<\/ul>\n<p><img decoding=\"async\" src=\"https:\/\/shop.yipinqian.com\/wp-content\/uploads\/2024\/10\/04ad208c33f04a48bc1830e717a65111tplv-aphluv4xwc-origin-jpeg.jpeg?dr=15568&amp;nonce=31813&amp;refresh_token=9a05ad1072d51c3fbd1dbb917925b703&amp;from=476444299&amp;idc=my&amp;ps=933b5bde&amp;shcp=9b759fb9&amp;shp=1c65f68b&amp;t=555f072d\" width=\"1080\" height=\"1080\" \/><img loading=\"lazy\" decoding=\"async\" src=\"https:\/\/shop.yipinqian.com\/wp-content\/uploads\/2024\/10\/565cc29a696948afad783e7f9ea29317tplv-aphluv4xwc-origin-jpeg.jpeg?dr=15568&amp;nonce=33215&amp;refresh_token=f5f38359cc53e2055b49da53fe9d0035&amp;from=476444299&amp;idc=my&amp;ps=933b5bde&amp;shcp=9b759fb9&amp;shp=1c65f68b&amp;t=555f072d\" width=\"1080\" height=\"1080\" \/><img loading=\"lazy\" decoding=\"async\" src=\"https:\/\/shop.yipinqian.com\/wp-content\/uploads\/2024\/10\/4767fa1377fd4f4585178444b266998dtplv-aphluv4xwc-origin-jpeg.jpeg?dr=15568&amp;nonce=57302&amp;refresh_token=081753c23368497fe82133f1c97ebacb&amp;from=476444299&amp;idc=my&amp;ps=933b5bde&amp;shcp=9b759fb9&amp;shp=1c65f68b&amp;t=555f072d\" width=\"1080\" height=\"1080\" \/><img loading=\"lazy\" decoding=\"async\" src=\"https:\/\/shop.yipinqian.com\/wp-content\/uploads\/2024\/10\/014178ea848049518371686ce178bdadtplv-aphluv4xwc-origin-jpeg.jpeg?dr=15568&amp;nonce=39394&amp;refresh_token=c87d038dca9a4d9a5143b60724048845&amp;from=476444299&amp;idc=my&amp;ps=933b5bde&amp;shcp=9b759fb9&amp;shp=1c65f68b&amp;t=555f072d\" width=\"609\" height=\"575\" \/><img loading=\"lazy\" decoding=\"async\" src=\"https:\/\/shop.yipinqian.com\/wp-content\/uploads\/2024\/10\/8baaf00a57064ce78c3216267fac9e1btplv-aphluv4xwc-origin-jpeg.jpeg?dr=15568&amp;nonce=23698&amp;refresh_token=3705db56535ecf7d6ca804a5f9137554&amp;from=476444299&amp;idc=my&amp;ps=933b5bde&amp;shcp=9b759fb9&amp;shp=1c65f68b&amp;t=555f072d\" width=\"623\" height=\"589\" \/><\/p>\n<p><strong>La jad\u00e9ite naturelle n&#039;est pas parfaite, juste un petit rappel : notre jad\u00e9ite naturelle, comme toutes les belles choses de la nature, poss\u00e8de ses caract\u00e9ristiques et ses variations uniques. Nous invitons nos pr\u00e9cieux clients \u00e0 adopter ces variations naturelles. Bon shopping !<\/strong><\/p>\n<p>&nbsp;<\/p>\n<p><strong><u>Aucune des photos et des s\u00e9quences vid\u00e9o n&#039;a \u00e9t\u00e9 filtr\u00e9e. Nous encourageons nos clients \u00e0 regarder \u00e9galement les vid\u00e9os d&#039;accompagnement pour une vue plus compl\u00e8te de nos produits<\/u><\/strong><\/p>\n<p>&nbsp;<\/p>\n<ul>\n<li>Diff\u00e9rentes plates-formes ne peuvent visionner des vid\u00e9os que via le bureau<\/li>\n<\/ul>","protected":false},"excerpt":{"rendered":"<p>DIY Crafting with Enlightenment &#8211; Sold<\/p>","protected":false},"featured_media":9115,"comment_status":"open","ping_status":"closed","template":"","meta":[],"product_brand":[],"product_cat":[83,126,48],"product_tag":[52,138,55,98,58,73,60,61,62],"class_list":{"0":"post-9011","1":"product","2":"type-product","3":"status-publish","4":"has-post-thumbnail","6":"product_cat-jade-necklaces-pendants","7":"product_cat-new-arrivals","8":"product_cat-pendants","9":"product_tag-certified","10":"product_tag-diy","11":"product_tag-jadeite","12":"product_tag-necklace","13":"product_tag-new-arrivals","14":"product_tag-pendant","15":"product_tag-type-a-jadeite","16":"product_tag-unisex","17":"product_tag-yi-pin-qian-exclusive","19":"first","20":"outofstock","21":"sale","22":"shipping-taxable","23":"purchasable","24":"product-type-simple"},"_links":{"self":[{"href":"https:\/\/shop.yipinqian.com\/fr\/wp-json\/wp\/v2\/product\/9011","targetHints":{"allow":["GET"]}}],"collection":[{"href":"https:\/\/shop.yipinqian.com\/fr\/wp-json\/wp\/v2\/product"}],"about":[{"href":"https:\/\/shop.yipinqian.com\/fr\/wp-json\/wp\/v2\/types\/product"}],"replies":[{"embeddable":true,"href":"https:\/\/shop.yipinqian.com\/fr\/wp-json\/wp\/v2\/comments?post=9011"}],"version-history":[{"count":0,"href":"https:\/\/shop.yipinqian.com\/fr\/wp-json\/wp\/v2\/product\/9011\/revisions"}],"wp:featuredmedia":[{"embeddable":true,"href":"https:\/\/shop.yipinqian.com\/fr\/wp-json\/wp\/v2\/media\/9115"}],"wp:attachment":[{"href":"https:\/\/shop.yipinqian.com\/fr\/wp-json\/wp\/v2\/media?parent=9011"}],"wp:term":[{"taxonomy":"product_brand","embeddable":true,"href":"https:\/\/shop.yipinqian.com\/fr\/wp-json\/wp\/v2\/product_brand?post=9011"},{"taxonomy":"product_cat","embeddable":true,"href":"https:\/\/shop.yipinqian.com\/fr\/wp-json\/wp\/v2\/product_cat?post=9011"},{"taxonomy":"product_tag","embeddable":true,"href":"https:\/\/shop.yipinqian.com\/fr\/wp-json\/wp\/v2\/product_tag?post=9011"}],"curies":[{"name":"wp","href":"https:\/\/api.w.org\/{rel}","templated":true}]}}