{"id":9010,"date":"2024-10-28T20:04:35","date_gmt":"2024-10-28T12:04:35","guid":{"rendered":"https:\/\/shop.yipinqian.com\/product\/crafted-with-pixiu-on-fuku-melon-burmese-natural-type-a-jadeite-jade-as-pendant-qic-labs-approved-certificate-weighs-34-54-grams-measurement-47-3-22-2-16-5-mm-pendant315\/"},"modified":"2025-01-09T01:30:18","modified_gmt":"2025-01-08T17:30:18","slug":"crafted-with-pixiu-on-fuku-melon-burmese-natural-type-a-jadeite-jade-as-pendant-qic-labs-approved-certificate-weighs-34-54-grams-measurement-47-3-22-2-16-5-mm-pendant315","status":"publish","type":"product","link":"https:\/\/shop.yipinqian.com\/fr\/produit\/crafted-with-pixiu-on-fuku-melon-burmese-natural-type-a-jadeite-jade-as-pendant-qic-labs-approved-certificate-weighs-34-54-grams-measurement-47-3-22-2-16-5-mm-pendant315\/","title":{"rendered":"Fabriqu\u00e9 avec du jade jad\u00e9ite naturel de type A Pixiu On Fuku Melon de Birmanie comme pendentif, certificat approuv\u00e9 par les laboratoires QIC, p\u00e8se 34,54 grammes, mesure 47,3 * 22,2 * 16,5 mm (pendentif315)"},"content":{"rendered":"<p>Ce pendentif exquis pr\u00e9sente un motif Pixiu sur melon Fuku, fabriqu\u00e9 \u00e0 partir de jade jad\u00e9ite birman naturel de type A.<\/p>\n<p><\/p>\n<p>Num\u00e9ros de certificat : LD24010300874<\/p>\n<p><img fetchpriority=\"high\" decoding=\"async\" src=\"https:\/\/shop.yipinqian.com\/wp-content\/uploads\/2024\/10\/17a589a8d8f94efcbd1bdb8fb305b938tplv-aphluv4xwc-origin-jpeg.jpeg?dr=15568&#038;nonce=64801&#038;refresh_token=2a7ff7a5ee081105b8e5abced1e6c937&#038;from=476444299&#038;idc=my&#038;ps=933b5bde&#038;shcp=9b759fb9&#038;shp=1c65f68b&#038;t=555f072d\" width=\"1080\" height=\"1080\"><\/p>\n<ul>\n<li>\n<strong>Approuv\u00e9 par QIC Labs :<\/strong> Ce pendentif est livr\u00e9 avec un certificat approuv\u00e9 par les laboratoires QIC, garantissant son authenticit\u00e9.<\/li>\n<li>\n<strong>P\u00e8se :<\/strong> 34,54 grammes<\/li>\n<li>\n<strong>Mesures:<\/strong> 47,3 * 22,2 * 16,5 mm<\/li>\n<\/ul>\n<p><img decoding=\"async\" src=\"https:\/\/shop.yipinqian.com\/wp-content\/uploads\/2024\/10\/e4c5a70f65084949ace46cc11cbaf592tplv-aphluv4xwc-origin-jpeg.jpeg?dr=15568&#038;nonce=46149&#038;refresh_token=f4af30ea4bf0baeca48ecaeac6de9629&#038;from=476444299&#038;idc=my&#038;ps=933b5bde&#038;shcp=9b759fb9&#038;shp=1c65f68b&#038;t=555f072d\" width=\"1080\" height=\"1080\"><\/p>\n<p>Ajoutez une touche d&#039;\u00e9l\u00e9gance \u00e0 votre tenue avec cette pi\u00e8ce unique qui respire le charme et la sophistication.<\/p>\n<ul>\n<li>Le certificat de ce produit est Oui<\/li>\n<li>Le pays d&#039;origine de ce produit est le Myanmar<\/li>\n<li>Le type de jade de ce produit est la jad\u00e9ite<\/li>\n<li>Le style de collier de ce produit est d\u00e9contract\u00e9<\/li>\n<\/ul>\n<p><strong>La jad\u00e9ite naturelle n&#039;est pas parfaite, juste un petit rappel : notre jad\u00e9ite naturelle, comme toutes les belles choses de la nature, poss\u00e8de ses caract\u00e9ristiques et ses variations uniques. Nous invitons nos pr\u00e9cieux clients \u00e0 adopter ces variations naturelles. Bon shopping !<\/strong><\/p>\n<p><\/p>\n<p><strong><u>Aucune des photos et des s\u00e9quences vid\u00e9o n&#039;a \u00e9t\u00e9 filtr\u00e9e. Nous encourageons nos clients \u00e0 regarder \u00e9galement les vid\u00e9os d&#039;accompagnement pour une vue plus compl\u00e8te de nos produits<\/u><\/strong><\/p>\n<p><\/p>\n<ul>\n<li>Diff\u00e9rentes plates-formes ne peuvent visionner des vid\u00e9os que via le bureau<\/li>\n<\/ul>","protected":false},"excerpt":{"rendered":"<p>Ce pendentif exquis pr\u00e9sente un motif Pixiu sur melon Fuku, fabriqu\u00e9 \u00e0 partir de jade jad\u00e9ite birman naturel de type A. Num\u00e9ros de certificat : LD24010300874 Approuv\u00e9 par les laboratoires QIC : ce pendentif est livr\u00e9 avec un certificat approuv\u00e9 par les laboratoires QIC, garantissant son authenticit\u00e9. P\u00e8se : 34,54 grammes Dimensions : 47,3 * 22,2 * 16,5 mm Ajoutez une touche d&#039;\u00e9l\u00e9gance \u00e0 votre tenue avec [\u2026]<\/p>","protected":false},"featured_media":9092,"comment_status":"open","ping_status":"closed","template":"","meta":[],"product_brand":[],"product_cat":[83,126,48],"product_tag":[52,55,58,73,85,74,60,61],"class_list":{"0":"post-9010","1":"product","2":"type-product","3":"status-publish","4":"has-post-thumbnail","6":"product_cat-jade-necklaces-pendants","7":"product_cat-new-arrivals","8":"product_cat-pendants","9":"product_tag-certified","10":"product_tag-jadeite","11":"product_tag-new-arrivals","12":"product_tag-pendant","13":"product_tag-pixiu","14":"product_tag-qic-approved-certificate","15":"product_tag-type-a-jadeite","16":"product_tag-unisex","18":"first","19":"instock","20":"sale","21":"shipping-taxable","22":"purchasable","23":"product-type-simple"},"_links":{"self":[{"href":"https:\/\/shop.yipinqian.com\/fr\/wp-json\/wp\/v2\/product\/9010","targetHints":{"allow":["GET"]}}],"collection":[{"href":"https:\/\/shop.yipinqian.com\/fr\/wp-json\/wp\/v2\/product"}],"about":[{"href":"https:\/\/shop.yipinqian.com\/fr\/wp-json\/wp\/v2\/types\/product"}],"replies":[{"embeddable":true,"href":"https:\/\/shop.yipinqian.com\/fr\/wp-json\/wp\/v2\/comments?post=9010"}],"version-history":[{"count":0,"href":"https:\/\/shop.yipinqian.com\/fr\/wp-json\/wp\/v2\/product\/9010\/revisions"}],"wp:featuredmedia":[{"embeddable":true,"href":"https:\/\/shop.yipinqian.com\/fr\/wp-json\/wp\/v2\/media\/9092"}],"wp:attachment":[{"href":"https:\/\/shop.yipinqian.com\/fr\/wp-json\/wp\/v2\/media?parent=9010"}],"wp:term":[{"taxonomy":"product_brand","embeddable":true,"href":"https:\/\/shop.yipinqian.com\/fr\/wp-json\/wp\/v2\/product_brand?post=9010"},{"taxonomy":"product_cat","embeddable":true,"href":"https:\/\/shop.yipinqian.com\/fr\/wp-json\/wp\/v2\/product_cat?post=9010"},{"taxonomy":"product_tag","embeddable":true,"href":"https:\/\/shop.yipinqian.com\/fr\/wp-json\/wp\/v2\/product_tag?post=9010"}],"curies":[{"name":"wp","href":"https:\/\/api.w.org\/{rel}","templated":true}]}}