{"id":9006,"date":"2024-10-28T20:04:33","date_gmt":"2024-10-28T12:04:33","guid":{"rendered":"https:\/\/shop.yipinqian.com\/product\/crafted-as-small-cow-with-semi-icy-translucent-quality-natural-type-a-jadeite-jade-as-pendant-necklace-qic-labs-approved-certificate-weighs-7-15-grams-measurement-22-5-13-2-12-mm-pendant308\/"},"modified":"2025-01-09T01:31:07","modified_gmt":"2025-01-08T17:31:07","slug":"crafted-as-small-cow-with-semi-icy-translucent-quality-natural-type-a-jadeite-jade-as-pendant-necklace-qic-labs-approved-certificate-weighs-7-15-grams-measurement-22-5-13-2-12-mm-pendant308","status":"publish","type":"product","link":"https:\/\/shop.yipinqian.com\/fr\/produit\/crafted-as-small-cow-with-semi-icy-translucent-quality-natural-type-a-jadeite-jade-as-pendant-necklace-qic-labs-approved-certificate-weighs-7-15-grams-measurement-22-5-13-2-12-mm-pendant308\/","title":{"rendered":"Fabriqu\u00e9 en tant que petite vache avec du jade jad\u00e9ite de type A naturel de qualit\u00e9 semi-glac\u00e9e translucide comme collier pendentif, certificat approuv\u00e9 par QIC Labs p\u00e8se 7,15 grammes, mesure 22,5 * 13,2 * 12 mm (pendentif308)"},"content":{"rendered":"<p>Ce collier pendentif petite vache est une superbe pi\u00e8ce fabriqu\u00e9e avec du jade jad\u00e9ite naturel de type A de qualit\u00e9 semi-glaciale translucide.<\/p>\n<p><\/p>\n<p><strong>PS : La vache est petite, mais la qualit\u00e9 est bonne et tr\u00e8s adapt\u00e9e au port, le cou ne ressentira pas de douleur.<\/strong><\/p>\n<p><\/p>\n<p>SD24040318940<\/p>\n<p><img fetchpriority=\"high\" decoding=\"async\" src=\"https:\/\/shop.yipinqian.com\/wp-content\/uploads\/2024\/10\/71ceba72bfd3486a8a5153d7059ffdd0tplv-aphluv4xwc-origin-jpeg.jpeg?dr=15568&#038;nonce=25724&#038;refresh_token=b30bf825a35672d7857181f603e5c4f5&#038;from=476444299&#038;idc=my&#038;ps=933b5bde&#038;shcp=9b759fb9&#038;shp=1c65f68b&#038;t=555f072d\" width=\"1080\" height=\"1080\"><\/p>\n<ul>\n<li>\n<strong>Poids et mesures :<\/strong> Pesant 7,15 grammes, le pendentif mesure 22,5 * 13,2 * 12 mm.<\/li>\n<li>\n<strong>Certificat:<\/strong> Le certificat approuv\u00e9 par QIC Labs garantit l&#039;authenticit\u00e9 du jade.<\/li>\n<\/ul>\n<p><img decoding=\"async\" src=\"https:\/\/shop.yipinqian.com\/wp-content\/uploads\/2024\/10\/28b300d8df384d24a59cc0be48a32912tplv-aphluv4xwc-origin-jpeg.jpeg?dr=15568&#038;nonce=83694&#038;refresh_token=7b994af5a1138c312ea61cdec1b1afaa&#038;from=476444299&#038;idc=my&#038;ps=933b5bde&#038;shcp=9b759fb9&#038;shp=1c65f68b&#038;t=555f072d\" width=\"1080\" height=\"1080\"><\/p>\n<p>Ce collier unique est parfait pour un usage quotidien, adapt\u00e9 aussi bien aux hommes qu&#039;aux femmes gr\u00e2ce \u00e0 son design unisexe. Le jade utilis\u00e9 dans cette pi\u00e8ce provient du Myanmar, connu pour sa jad\u00e9ite de haute qualit\u00e9.<\/p>\n<ul>\n<li>\n<strong>Type de jade :<\/strong> Ce pendentif est compos\u00e9 de jade jad\u00e9ite naturel de type A, appr\u00e9ci\u00e9 pour sa beaut\u00e9 et sa durabilit\u00e9.<\/li>\n<li>\n<strong>Style de collier :<\/strong> Le style d\u00e9contract\u00e9 de ce collier le rend polyvalent pour diverses occasions et tenues.<\/li>\n<\/ul>","protected":false},"excerpt":{"rendered":"<p>Ce collier pendentif petite vache est une pi\u00e8ce \u00e9tonnante fabriqu\u00e9e avec du jade jad\u00e9ite de type A naturel de qualit\u00e9 semi-glac\u00e9e et translucide. PS : La vache est petite, mais la qualit\u00e9 est bonne et tr\u00e8s adapt\u00e9e au port, le cou ne ressentira pas de douleur. SD24040318940 Poids et mesures : Pesant 7,15 grammes, le pendentif mesure 22,5 * 13,2 * 12 mm. Certificat : QIC [\u2026]<\/p>","protected":false},"featured_media":9066,"comment_status":"open","ping_status":"closed","template":"","meta":[],"product_brand":[],"product_cat":[83,126,48],"product_tag":[52,141,65,55,58,73,60,61,62],"class_list":{"0":"post-9006","1":"product","2":"type-product","3":"status-publish","4":"has-post-thumbnail","6":"product_cat-jade-necklaces-pendants","7":"product_cat-new-arrivals","8":"product_cat-pendants","9":"product_tag-certified","10":"product_tag-cow","11":"product_tag-high-quality","12":"product_tag-jadeite","13":"product_tag-new-arrivals","14":"product_tag-pendant","15":"product_tag-type-a-jadeite","16":"product_tag-unisex","17":"product_tag-yi-pin-qian-exclusive","19":"first","20":"instock","21":"sale","22":"shipping-taxable","23":"purchasable","24":"product-type-simple"},"_links":{"self":[{"href":"https:\/\/shop.yipinqian.com\/fr\/wp-json\/wp\/v2\/product\/9006","targetHints":{"allow":["GET"]}}],"collection":[{"href":"https:\/\/shop.yipinqian.com\/fr\/wp-json\/wp\/v2\/product"}],"about":[{"href":"https:\/\/shop.yipinqian.com\/fr\/wp-json\/wp\/v2\/types\/product"}],"replies":[{"embeddable":true,"href":"https:\/\/shop.yipinqian.com\/fr\/wp-json\/wp\/v2\/comments?post=9006"}],"version-history":[{"count":0,"href":"https:\/\/shop.yipinqian.com\/fr\/wp-json\/wp\/v2\/product\/9006\/revisions"}],"wp:featuredmedia":[{"embeddable":true,"href":"https:\/\/shop.yipinqian.com\/fr\/wp-json\/wp\/v2\/media\/9066"}],"wp:attachment":[{"href":"https:\/\/shop.yipinqian.com\/fr\/wp-json\/wp\/v2\/media?parent=9006"}],"wp:term":[{"taxonomy":"product_brand","embeddable":true,"href":"https:\/\/shop.yipinqian.com\/fr\/wp-json\/wp\/v2\/product_brand?post=9006"},{"taxonomy":"product_cat","embeddable":true,"href":"https:\/\/shop.yipinqian.com\/fr\/wp-json\/wp\/v2\/product_cat?post=9006"},{"taxonomy":"product_tag","embeddable":true,"href":"https:\/\/shop.yipinqian.com\/fr\/wp-json\/wp\/v2\/product_tag?post=9006"}],"curies":[{"name":"wp","href":"https:\/\/api.w.org\/{rel}","templated":true}]}}